{"id":1659,"date":"2025-11-18T05:04:03","date_gmt":"2025-11-18T04:04:03","guid":{"rendered":"https:\/\/novavape.de\/?page_id=1659"},"modified":"2025-11-18T05:04:04","modified_gmt":"2025-11-18T04:04:04","slug":"versand-und-lieferung","status":"publish","type":"page","link":"https:\/\/novavape.de\/sv\/versand-und-lieferung\/","title":{"rendered":"Frakt och leverans"},"content":{"rendered":"<h1 class=\"wp-block-heading\">Frakt och leverans<\/h1>\n\n\n\n<h2 class=\"wp-block-heading\">Orderhantering och utskick<\/h2>\n\n\n\n<p>Din best\u00e4llning kommer att behandlas och skickas inom 1-5 arbetsdagar. Den vanliga leveranstiden \u00e4r 10-15 arbetsdagar. Observera att inga leveranser sker p\u00e5 helger och officiella helgdagar.<\/p>\n\n\n\n<h2 class=\"wp-block-heading\">Sp\u00e5rning av paket<\/h2>\n\n\n\n<p>N\u00e4r din best\u00e4llning har skickats skickar vi dig ett e-postmeddelande med sp\u00e5rningsnumret. Du kan se den aktuella avs\u00e4ndningsstatusen f\u00f6r ditt paket p\u00e5 f\u00f6ljande webbplats:<\/p>\n\n\n\n<p>Observera att det kan ta 3-7 dagar efter avs\u00e4ndandet innan sp\u00e5rningsinformationen p\u00e5 webbplatsen har uppdaterats.<\/p>\n\n\n\n<h2 class=\"wp-block-heading\">Order\u00e4ndringar och avbokningar<\/h2>\n\n\n\n<p>Du kan avbest\u00e4lla din best\u00e4llning eller \u00e4ndra leveransadress n\u00e4r som helst f\u00f6re avs\u00e4ndandet. N\u00e4r din best\u00e4llning har skickats \u00e4r det tyv\u00e4rr inte l\u00e4ngre m\u00f6jligt att behandla \u00e5terbetalningar eller adress\u00e4ndringar.<\/p>\n\n\n\n<h2 class=\"wp-block-heading\">Tullklarering och tullavgifter<\/h2>\n\n\n\n<p>Vi erbjuder DDP-frakt (Delivered Duty Paid) f\u00f6r f\u00f6ljande l\u00e4nder och regioner. Med DDP-f\u00f6rs\u00e4ndelser beh\u00f6ver du inte betala tullklarering eller tullavgifter. (Denna best\u00e4mmelse g\u00e4ller inte f\u00f6r alla l\u00e4nder - observera de faktiska villkoren)<\/p>\n\n\n\n<p><strong>DDP fraktalternativ per region:<\/strong><\/p>\n\n\n\n<ul class=\"wp-block-list\">\n<li><strong>USA:<\/strong> Frakt via UPS (utom Alaska och Hawaii)<\/li>\n\n\n\n<li><strong>Australien:<\/strong> Frakt via Australia Post<\/li>\n\n\n\n<li><strong>F\u00f6renade kungariket:<\/strong> Frakt via DPD Express (lokalt)<\/li>\n\n\n\n<li><strong>Europa:<\/strong> Frakt via DHL Express \/ DPD Express<\/li>\n<\/ul>\n\n\n\n<p><strong>Viktig anm\u00e4rkning:<\/strong> DDP \u00e4r inte tillg\u00e4ngligt i vissa l\u00e4nder med s\u00e4rskilt strikta tullbest\u00e4mmelser, t.ex: Danmark, Australien, Norge, Schweiz<\/p>\n\n\n\n<h2 class=\"wp-block-heading\">Ytterligare viktiga anm\u00e4rkningar<\/h2>\n\n\n\n<p>Ytterligare kostnader och l\u00e4ngre leveranstider kan tillkomma f\u00f6r vissa avl\u00e4gsna regioner. Vi kommer att g\u00f6ra v\u00e5rt yttersta f\u00f6r att se till att din best\u00e4llning kommer fram i tid.<\/p>\n\n\n\n<h2 class=\"wp-block-heading\">Kundservice<\/h2>\n\n\n\n<p>Om du har n\u00e5gra fr\u00e5gor eller speciella \u00f6nskem\u00e5l finns v\u00e5rt team alltid tillg\u00e4ngligt p\u00e5 erol.esila.emir@gmail.com. Vi str\u00e4var efter att erbjuda dig en f\u00f6rstklassig service.<\/p>","protected":false},"excerpt":{"rendered":"<p>Expediering och leverans Orderhantering och expediering Din order kommer att behandlas och expedieras inom 1-5 arbetsdagar. Den vanliga<\/p>","protected":false},"author":1,"featured_media":0,"parent":0,"menu_order":0,"comment_status":"closed","ping_status":"closed","template":"","meta":{"footnotes":""},"class_list":["post-1659","page","type-page","status-publish","hentry"],"_links":{"self":[{"href":"https:\/\/novavape.de\/sv\/wp-json\/wp\/v2\/pages\/1659","targetHints":{"allow":["GET"]}}],"collection":[{"href":"https:\/\/novavape.de\/sv\/wp-json\/wp\/v2\/pages"}],"about":[{"href":"https:\/\/novavape.de\/sv\/wp-json\/wp\/v2\/types\/page"}],"author":[{"embeddable":true,"href":"https:\/\/novavape.de\/sv\/wp-json\/wp\/v2\/users\/1"}],"replies":[{"embeddable":true,"href":"https:\/\/novavape.de\/sv\/wp-json\/wp\/v2\/comments?post=1659"}],"version-history":[{"count":0,"href":"https:\/\/novavape.de\/sv\/wp-json\/wp\/v2\/pages\/1659\/revisions"}],"wp:attachment":[{"href":"https:\/\/novavape.de\/sv\/wp-json\/wp\/v2\/media?parent=1659"}],"curies":[{"name":"wp","href":"https:\/\/api.w.org\/{rel}","templated":true}]}}