{"id":1652,"date":"2025-11-18T04:47:58","date_gmt":"2025-11-18T03:47:58","guid":{"rendered":"https:\/\/novavape.de\/?page_id=1652"},"modified":"2025-11-18T04:48:00","modified_gmt":"2025-11-18T03:48:00","slug":"nutzungsbedingungen","status":"publish","type":"page","link":"https:\/\/novavape.de\/sv\/nutzungsbedingungen\/","title":{"rendered":"Villkor f\u00f6r anv\u00e4ndning"},"content":{"rendered":"<h1 class=\"wp-block-heading\">Villkor f\u00f6r anv\u00e4ndning<\/h1>\n\n\n\n<p>V\u00e4lkommen till novavape! V\u00e4nligen l\u00e4s f\u00f6ljande anv\u00e4ndarvillkor noggrant innan du anv\u00e4nder v\u00e5r webbplats (novavape.de). Genom att bes\u00f6ka och anv\u00e4nda v\u00e5r plattform accepterar du dessa best\u00e4mmelser och till\u00e4mpliga lagbest\u00e4mmelser. Om du inte samtycker till dessa villkor, v\u00e4nligen avst\u00e5 fr\u00e5n att anv\u00e4nda v\u00e5r webbplats.<\/p>\n\n\n\n<h2 class=\"wp-block-heading\">Registrering och kontohantering<\/h2>\n\n\n\n<p>Anv\u00e4ndare har m\u00f6jlighet att skapa ett anv\u00e4ndarkonto hos novavape. Du \u00e4r fullt ansvarig f\u00f6r alla transaktioner som utf\u00f6rs via ditt konto. Detta inkluderar s\u00e4ker lagring av dina \u00e5tkomstdata och alla \u00e5tg\u00e4rder som utf\u00f6rs via ditt konto.<\/p>\n\n\n\n<h2 class=\"wp-block-heading\">Skapande och uppladdning av inneh\u00e5ll<\/h2>\n\n\n\n<p>Anv\u00e4ndare kan skapa och\/eller publicera sitt eget inneh\u00e5ll p\u00e5 v\u00e5r plattform (t.ex. texter eller bilder). Du garanterar h\u00e4rmed att allt inneh\u00e5ll som laddas upp av dig inte g\u00f6r intr\u00e5ng i tredje parts r\u00e4ttigheter, s\u00e4rskilt upphovsr\u00e4tt eller andra immateriella r\u00e4ttigheter.<\/p>\n\n\n\n<h2 class=\"wp-block-heading\">Ink\u00f6p av produkter<\/h2>\n\n\n\n<p>Anv\u00e4ndare kan k\u00f6pa varor, artiklar eller tj\u00e4nster via v\u00e5r webbplats (eng\u00e5ngsbetalning). Vi kan ocks\u00e5 tillhandah\u00e5lla icke-bindande testversioner.<\/p>\n\n\n\n<h2 class=\"wp-block-heading\">\u00c4gander\u00e4tt och immateriella r\u00e4ttigheter<\/h2>\n\n\n\n<p>Allt inneh\u00e5ll p\u00e5 v\u00e5r webbplats (inklusive logotyper, grafisk design, varum\u00e4rken etc.) \u00e4r novavapes egendom. Det \u00e4r f\u00f6rbjudet att anv\u00e4nda, reproducera eller distribuera detta inneh\u00e5ll utan uttryckligt tillst\u00e5nd.<\/p>\n\n\n\n<h2 class=\"wp-block-heading\">Feedback fr\u00e5n anv\u00e4ndare<\/h2>\n\n\n\n<p>Feedback och f\u00f6rslag fr\u00e5n anv\u00e4ndare kan anv\u00e4ndas av oss utan ers\u00e4ttning. Vi f\u00f6rbeh\u00e5ller oss r\u00e4tten att implementera alla f\u00f6rslag eller feedback som vi f\u00e5r efter eget gottfinnande.<\/p>\n\n\n\n<h2 class=\"wp-block-heading\">Marknadsf\u00f6ringskampanjer, t\u00e4vlingar och utlottningar<\/h2>\n\n\n\n<p>Vi erbjuder ibland kampanjer, t\u00e4vlingar eller prisdragningar. De s\u00e4rskilda villkoren f\u00f6r deltagande anges p\u00e5 de relevanta kampanjsidorna.<\/p>\n\n\n\n<h2 class=\"wp-block-heading\">R\u00e4ttslig grund<\/h2>\n\n\n\n<p>Anv\u00e4ndningen av denna webbplats ska regleras av lagstiftningen i Hongkong, utan h\u00e4nsyn till dess best\u00e4mmelser om lagkonflikter. Alla r\u00e4ttsliga tvister som r\u00f6r denna webbplats ska h\u00e4nskjutas till beh\u00f6riga domstolar i Hongkong. Alla anspr\u00e5k som r\u00f6r denna plattform m\u00e5ste v\u00e4ckas inom tolv m\u00e5nader efter det att anspr\u00e5ket uppstod. Om novavape underl\u00e5ter att genomdriva enskilda best\u00e4mmelser ska detta inte utg\u00f6ra ett avst\u00e5ende fr\u00e5n r\u00e4ttigheter. novavape har r\u00e4tt att \u00f6verf\u00f6ra r\u00e4ttigheter och skyldigheter som f\u00f6ljer av detta avtal utan f\u00f6reg\u00e5ende meddelande.<\/p>\n\n\n\n<h2 class=\"wp-block-heading\">Befrielse fr\u00e5n skadest\u00e5ndsanspr\u00e5k<\/h2>\n\n\n\n<p>Du samtycker till att h\u00e5lla novavape och dess tj\u00e4nsteleverant\u00f6rer skadesl\u00f6sa f\u00f6r alla f\u00f6rluster, utgifter, skador och kostnader som uppst\u00e5r till f\u00f6ljd av brott mot dessa villkor eller fr\u00e5n aktiviteter i samband med ditt anv\u00e4ndarkonto.<\/p>\n\n\n\n<h2 class=\"wp-block-heading\">L\u00e4nkar till externa sidor<\/h2>\n\n\n\n<p>novavape kan tillhandah\u00e5lla l\u00e4nkar till tredje parts webbplatser f\u00f6r att g\u00f6ra det m\u00f6jligt f\u00f6r anv\u00e4ndare att f\u00e5 tillg\u00e5ng till ytterligare information. Vi har ingen kontroll \u00f6ver dessa externa plattformar och tar inget ansvar f\u00f6r deras inneh\u00e5ll eller beteende.<\/p>\n\n\n\n<h2 class=\"wp-block-heading\">Upph\u00f6rande av anv\u00e4ndning<\/h2>\n\n\n\n<p>Detta avtal g\u00e4ller fr\u00e5n och med den tidpunkt d\u00e5 du bes\u00f6ker webbplatsen eller slutf\u00f6r registrerings- eller k\u00f6pprocessen. novavape f\u00f6rbeh\u00e5ller sig r\u00e4tten att n\u00e4r som helst och utan angivande av sk\u00e4l s\u00e4ga upp dessa villkor eller delar d\u00e4rav utan f\u00f6reg\u00e5ende meddelande. Vissa best\u00e4mmelser (inklusive upphovsr\u00e4tt, varum\u00e4rkesr\u00e4ttigheter, ansvarsbegr\u00e4nsningar, skadest\u00e5ndsbest\u00e4mmelser och andra klausuler) ska forts\u00e4tta att g\u00e4lla \u00e4ven efter upps\u00e4gning.<\/p>\n\n\n\n<h2 class=\"wp-block-heading\">Efterlevnad av EU:s och USA:s regelverk<\/h2>\n\n\n\n<p>V\u00e4nligen bekr\u00e4fta att du inte befinner dig i ett land som \u00e4r f\u00f6rem\u00e5l f\u00f6r ett embargo fr\u00e5n EU eller USA och att du inte finns med p\u00e5 en lista med restriktioner fr\u00e5n USA:s regering. Vi tar inte n\u00e5got ansvar f\u00f6r dessa restriktioner efter avs\u00e4ndandet.<\/p>\n\n\n\n<h2 class=\"wp-block-heading\">Ansvarsfriskrivning f\u00f6r garanti<\/h2>\n\n\n\n<p>V\u00e5r webbplats och de material och produkter som g\u00f6rs tillg\u00e4ngliga tillhandah\u00e5lls utan garantier av n\u00e5got slag, vare sig uttryckliga eller underf\u00f6rst\u00e5dda. novavape l\u00e4mnar inga garantier, inklusive men inte begr\u00e4nsat till garantier f\u00f6r s\u00e4ljbarhet, l\u00e4mplighet f\u00f6r ett visst \u00e4ndam\u00e5l eller icke-intr\u00e5ng. novavape garanterar inte att driften av webbplatsen kommer att vara oavbruten eller felfri, att defekter kommer att korrigeras eller att plattformen \u00e4r fri fr\u00e5n skadliga komponenter. Vi tar inget ansvar f\u00f6r riktigheten, aktualiteten eller tillf\u00f6rlitligheten i den information som tillhandah\u00e5lls p\u00e5 webbplatsen.<\/p>\n\n\n\n<h2 class=\"wp-block-heading\">\u00d6vers\u00e4ttning och juridisk tolkning<\/h2>\n\n\n\n<p>Dessa villkor kan ha \u00f6versatts till olika spr\u00e5k. I h\u00e4ndelse av avvikelser \u00e4r den ursprungliga engelska versionen bindande.<\/p>\n\n\n\n<h2 class=\"wp-block-heading\">Justering av villkoren<\/h2>\n\n\n\n<p>Vi f\u00f6rbeh\u00e5ller oss r\u00e4tten att n\u00e4r som helst \u00e4ndra dessa anv\u00e4ndarvillkor. Uppdateringar kommer att publiceras p\u00e5 denna sida och g\u00e4ller fr\u00e5n och med publiceringsdatumet. Vi rekommenderar att du bes\u00f6ker denna sida regelbundet f\u00f6r att h\u00e5lla dig informerad om de aktuella anv\u00e4ndarvillkoren.<\/p>\n\n\n\n<h2 class=\"wp-block-heading\">\u00c5ldersgr\u00e4ns f\u00f6r k\u00f6p av e-cigaretter<\/h2>\n\n\n\n<p>Det \u00e4r str\u00e4ngt f\u00f6rbjudet att k\u00f6pa eller konsumera e-cigaretter f\u00f6r personer under 21 \u00e5r. F\u00f6r att skydda ungdomars h\u00e4lsa genomf\u00f6r vi en strikt \u00e5ldersverifiering f\u00f6r att s\u00e4kerst\u00e4lla att e-cigaretter endast kan k\u00f6pas av personer som \u00e4r myndiga.<\/p>","protected":false},"excerpt":{"rendered":"<p>Anv\u00e4ndarvillkor V\u00e4lkommen till novavape! V\u00e4nligen l\u00e4s f\u00f6ljande anv\u00e4ndarvillkor noggrant innan du anv\u00e4nder v\u00e5r webbplats (novavape.de). Med<\/p>","protected":false},"author":1,"featured_media":0,"parent":0,"menu_order":0,"comment_status":"closed","ping_status":"closed","template":"","meta":{"footnotes":""},"class_list":["post-1652","page","type-page","status-publish","hentry"],"_links":{"self":[{"href":"https:\/\/novavape.de\/sv\/wp-json\/wp\/v2\/pages\/1652","targetHints":{"allow":["GET"]}}],"collection":[{"href":"https:\/\/novavape.de\/sv\/wp-json\/wp\/v2\/pages"}],"about":[{"href":"https:\/\/novavape.de\/sv\/wp-json\/wp\/v2\/types\/page"}],"author":[{"embeddable":true,"href":"https:\/\/novavape.de\/sv\/wp-json\/wp\/v2\/users\/1"}],"replies":[{"embeddable":true,"href":"https:\/\/novavape.de\/sv\/wp-json\/wp\/v2\/comments?post=1652"}],"version-history":[{"count":0,"href":"https:\/\/novavape.de\/sv\/wp-json\/wp\/v2\/pages\/1652\/revisions"}],"wp:attachment":[{"href":"https:\/\/novavape.de\/sv\/wp-json\/wp\/v2\/media?parent=1652"}],"curies":[{"name":"wp","href":"https:\/\/api.w.org\/{rel}","templated":true}]}}