{"id":1639,"date":"2025-11-18T04:37:46","date_gmt":"2025-11-18T03:37:46","guid":{"rendered":"https:\/\/novavape.de\/?page_id=1639"},"modified":"2025-11-18T04:37:50","modified_gmt":"2025-11-18T03:37:50","slug":"ueber-uns","status":"publish","type":"page","link":"https:\/\/novavape.de\/sv\/ueber-uns\/","title":{"rendered":"om oss"},"content":{"rendered":"<h1 class=\"wp-block-heading\">Om oss<\/h1>\n\n\n\n<p>V\u00e4lkommen till novavape - din p\u00e5litliga partner f\u00f6r f\u00f6rstklassiga eng\u00e5ngsvapor. Som varum\u00e4rke st\u00e5r vi f\u00f6r premiumkvalitet, innovativ utveckling och en exceptionell vapingupplevelse. P\u00e5 novavape str\u00e4var vi efter att kombinera intensiv smak med toppmodern teknik och h\u00f6gkvalitativt utf\u00f6rande.<\/p>\n\n\n\n<h2 class=\"wp-block-heading\">V\u00e5r produktportf\u00f6lj<\/h2>\n\n\n\n<p>I v\u00e5rt sortiment ing\u00e5r en m\u00e4ngd popul\u00e4ra e-cigarettm\u00e4rken, bland annat<\/p>\n\n\n\n<ul class=\"wp-block-list\">\n<li>Fumot Vape<\/li>\n\n\n\n<li>JNR Vape<\/li>\n\n\n\n<li>BANG Vape<\/li>\n\n\n\n<li>Vapme Vape<\/li>\n\n\n\n<li>Elf Box Vape<\/li>\n\n\n\n<li>Uzy Vape<\/li>\n\n\n\n<li>Fizzy Vape<\/li>\n\n\n\n<li>Waspe Vape<\/li>\n\n\n\n<li>Vozol Vape<\/li>\n<\/ul>\n\n\n\n<p>Du drar nytta av attraktiva grossistvillkor som s\u00e4kert kommer att imponera. Alla artiklar i v\u00e5r butik \u00e4r \u00e4kta originalprodukter, vilket garanterar dig h\u00f6gsta kvalitetsstandard och en bekymmersfri shoppingupplevelse. Oavsett om du \u00e4r \u00e5terf\u00f6rs\u00e4ljare eller grossist - novavape \u00e4r den r\u00e4tta partnern vid din sida.<\/p>\n\n\n\n<h2 class=\"wp-block-heading\">V\u00e5r filosofi<\/h2>\n\n\n\n<p>Nyckeln till v\u00e5r framg\u00e5ng ligger i v\u00e5r omfattande f\u00f6rst\u00e5else f\u00f6r kundernas behov och v\u00e5r st\u00e4ndiga vilja att f\u00f6rnya oss. V\u00e5ra utvecklingsteam arbetar m\u00e5lmedvetet f\u00f6r att skapa produkter som uppfyller de str\u00e4ngaste s\u00e4kerhets- och kvalitetskraven. \u00c5terkoppling fr\u00e5n v\u00e5ra kunder \u00e4r mycket viktigt f\u00f6r oss - det g\u00f6r det m\u00f6jligt f\u00f6r oss att st\u00e4ndigt optimera v\u00e5ra produkter och h\u00e5lla j\u00e4mna steg med dynamiska marknadskrav.<\/p>\n\n\n\n<h2 class=\"wp-block-heading\">Mer \u00e4n bara en vape<\/h2>\n\n\n\n<p>novavape \u00e4r mycket mer \u00e4n bara en annan \u00e5ngapparat - vi skapar en holistisk vapingupplevelse. V\u00e5rt sortiment av e-cigaretter f\u00f6r eng\u00e5ngsbruk har noggrant utformats f\u00f6r att ge dig en distinkt smakupplevelse. Fr\u00e5n uppfriskande fruktsmaker till klassiska tobaksnyanser och kreativa smakkompositioner - hos novavape hittar du den perfekta e-cigaretten som inte bara uppfyller dina krav, utan \u00f6vertr\u00e4ffar dem.<\/p>\n\n\n\n<h2 class=\"wp-block-heading\">Kvalitet och h\u00e5llbarhet<\/h2>\n\n\n\n<p>V\u00e5rt kvalitetsl\u00f6fte tar sig uttryck i v\u00e5r moderna produktionsanl\u00e4ggning, d\u00e4r varje enskild novavape-produkt tillverkas med st\u00f6rsta precision och omsorg. H\u00e5llbarhet och ekologisk medvetenhet \u00e4r inte bara tomma ord f\u00f6r oss - det \u00e4r d\u00e4rf\u00f6r vi utvecklar v\u00e5ra eng\u00e5ngsvape p\u00e5 ett milj\u00f6v\u00e4nligt s\u00e4tt och i enlighet med g\u00e4llande milj\u00f6riktlinjer.<\/p>\n\n\n\n<h2 class=\"wp-block-heading\">Tack f\u00f6r ditt f\u00f6rtroende<\/h2>\n\n\n\n<p>Vi \u00e4r glada \u00f6ver att du har valt novavape och ser fram emot att f\u00f6lja med dig p\u00e5 din resa genom vapingv\u00e4rlden. F\u00f6rdjupa dig i novavape-universumet - d\u00e4r premiumkvalitet, banbrytande innovation och extraordin\u00e4ra smakupplevelser m\u00f6ts.<\/p>\n\n\n\n<hr class=\"wp-block-separator has-alpha-channel-opacity\"\/>\n\n\n\n<p><strong>Ditt novavape-team<\/strong><\/p>\n\n\n\n<p><strong>Kontakta oss:<\/strong> erol.esila.emir@gmail.com<\/p>","protected":false},"excerpt":{"rendered":"<p>Om oss V\u00e4lkommen till novavape - din p\u00e5litliga partner f\u00f6r f\u00f6rstklassiga eng\u00e5ngsvapor. Som varum\u00e4rke st\u00e5r vi f\u00f6r premiumkvalitet, innovativa<\/p>","protected":false},"author":1,"featured_media":0,"parent":0,"menu_order":0,"comment_status":"closed","ping_status":"closed","template":"","meta":{"footnotes":""},"class_list":["post-1639","page","type-page","status-publish","hentry"],"_links":{"self":[{"href":"https:\/\/novavape.de\/sv\/wp-json\/wp\/v2\/pages\/1639","targetHints":{"allow":["GET"]}}],"collection":[{"href":"https:\/\/novavape.de\/sv\/wp-json\/wp\/v2\/pages"}],"about":[{"href":"https:\/\/novavape.de\/sv\/wp-json\/wp\/v2\/types\/page"}],"author":[{"embeddable":true,"href":"https:\/\/novavape.de\/sv\/wp-json\/wp\/v2\/users\/1"}],"replies":[{"embeddable":true,"href":"https:\/\/novavape.de\/sv\/wp-json\/wp\/v2\/comments?post=1639"}],"version-history":[{"count":0,"href":"https:\/\/novavape.de\/sv\/wp-json\/wp\/v2\/pages\/1639\/revisions"}],"wp:attachment":[{"href":"https:\/\/novavape.de\/sv\/wp-json\/wp\/v2\/media?parent=1639"}],"curies":[{"name":"wp","href":"https:\/\/api.w.org\/{rel}","templated":true}]}}