{"id":2486,"date":"2025-12-02T13:53:08","date_gmt":"2025-12-02T12:53:08","guid":{"rendered":"https:\/\/novavape.de\/?post_type=product&#038;p=2486"},"modified":"2025-12-02T13:53:08","modified_gmt":"2025-12-02T12:53:08","slug":"vozol-rave-40000-mango-peach","status":"publish","type":"product","link":"https:\/\/novavape.de\/pl\/product\/vozol-rave-40000-mango-peach\/","title":{"rendered":"Vozol Rave 40000 Mango Peach"},"content":{"rendered":"<h1 class=\"font-claude-response-title mt-1 text-text-100\">Vozol Rave 40000 Mango Peach Jednorazowy vape<\/h1>\n<p class=\"font-claude-response-body whitespace-normal break-words\">Poczuj czyst\u0105 tropikaln\u0105 egzotyk\u0119 dzi\u0119ki Vozol Rave 40000 Mango Peach. Ten najwy\u017cszej klasy jednorazowy vape \u0142\u0105czy soczyste mango z aksamitn\u0105 brzoskwini\u0105, tworz\u0105c harmonijne doznania smakowe, a jednocze\u015bnie oferuje wyj\u0105tkow\u0105 pojemno\u015b\u0107 40 000 zaci\u0105gni\u0119\u0107. Wytrzyma\u0142a bateria 1000 mAh w po\u0142\u0105czeniu z pojemnym zbiornikiem na e-liquid o pojemno\u015bci 20 ml zapewnia d\u0142ugotrwa\u0142\u0105 jako\u015b\u0107 i niezawodno\u015b\u0107. Imponuj\u0105cy wy\u015bwietlacz Beat Sensing 270\u00b0 z tr\u00f3jwymiarowym zakrzywionym ekranem sprawia, \u017ce ka\u017cde wapowanie staje si\u0119 atrakcj\u0105 wizualn\u0105. Dzi\u0119ki dw\u00f3m r\u00f3\u017cnym trybom mocy mo\u017cna indywidualnie dostosowa\u0107 i zoptymalizowa\u0107 wra\u017cenia z wapowania.<\/p>\n<h2 class=\"font-claude-response-heading text-text-100 mt-1 -mb-0.5\">Cechy szczeg\u00f3lne Vozol Rave 40000 Mango Peach:<\/h2>\n<p class=\"font-claude-response-body whitespace-normal break-words\">Vozol Rave 40000 Mango Peach wyznacza nowe standardy dzi\u0119ki swoim niezwyk\u0142ym funkcjom. Pojemny zbiornik na p\u0142yn o pojemno\u015bci 20 ml w po\u0142\u0105czeniu z wydajn\u0105 bateri\u0105 wielokrotnego \u0142adowania o mocy 1000 mAh (w tym szybkie \u0142adowanie USB typu C) umo\u017cliwia oko\u0142o 40 000 zaci\u0105gni\u0119\u0107 w trybie standardowym lub 25 000 zaci\u0105gni\u0119\u0107 w trybie mocy \u2013 dzi\u0119ki temu jest to jeden z najwytrzymalszych jednorazowych vape'\u00f3w na rynku. Silna zawarto\u015b\u0107 nikotyny 5% (50 mg) zapewnia do\u015bwiadczonym u\u017cytkownikom intensywne i satysfakcjonuj\u0105ce doznania podczas wapowania.<\/p>\n<p class=\"font-claude-response-body whitespace-normal break-words\">Urz\u0105dzenie jest nap\u0119dzane najnowocze\u015bniejsz\u0105 technologi\u0105 S.i.L.C: dwa uk\u0142ady MCU wsp\u00f3\u0142pracuj\u0105 w idealnej synchronizacji z cewkami Premium Mesh, zapewniaj\u0105c r\u00f3wnomiern\u0105, intensywn\u0105 w smaku par\u0119 przy ka\u017cdym zaci\u0105gni\u0119ciu. Inteligentny system Dual Mode zapewnia maksymaln\u0105 elastyczno\u015b\u0107: tryb standardowy zapewnia \u0142agodne, zr\u00f3wnowa\u017cone zaci\u0105gni\u0119cia, a tryb Power zapewnia zwi\u0119kszon\u0105 moc i obfite wytwarzanie pary \u2013 mo\u017cna go dostosowa\u0107 do ka\u017cdej sytuacji i ka\u017cdego gustu.<\/p>\n<p class=\"font-claude-response-body whitespace-normal break-words\">Spektakularny wy\u015bwietlacz Beat Sensing o k\u0105cie widzenia 270\u00b0 stanowi prawdziw\u0105 innowacj\u0119 i reaguje na u\u017cytkowanie za pomoc\u0105 \u017cywych animacji \u015bwietlnych w czasie rzeczywistym, tworz\u0105c wci\u0105gaj\u0105ce i interaktywne wra\u017cenia podczas wapowania. Zintegrowany inteligentny wy\u015bwietlacz na bie\u017c\u0105co informuje o poziomie na\u0142adowania baterii i poziomie p\u0142ynu, dzi\u0119ki czemu zawsze masz pe\u0142n\u0105 kontrol\u0119 nad sytuacj\u0105. Ta zaawansowana technologia wy\u015bwietlania sprawia, \u017ce funkcjonalno\u015b\u0107 staje si\u0119 prawdziwym prze\u017cyciem.<\/p>\n<p class=\"font-claude-response-body whitespace-normal break-words\">Najwy\u017cszy poziom indywidualizacji osi\u0105ga si\u0119 dzi\u0119ki regulowanemu dop\u0142ywowi powietrza, kt\u00f3ry pozwala precyzyjnie dostosowa\u0107 op\u00f3r ci\u0105gu do w\u0142asnych preferencji \u2013 niezale\u017cnie od tego, czy preferujesz mocne, skoncentrowane zaci\u0105gni\u0119cia, czy lu\u017ane, obfite chmury pary. System \u0142adowania USB typu C zapewnia szybkie \u0142adowanie w razie potrzeby, a format o du\u017cej wydajno\u015bci stanowi idealne rozwi\u0105zanie zar\u00f3wno dla sprzedawc\u00f3w detalicznych, jak i u\u017cytkownik\u00f3w intensywnie korzystaj\u0105cych z urz\u0105dzenia.<\/p>\n<h2 class=\"font-claude-response-heading text-text-100 mt-1 -mb-0.5\">Dane produktu:<\/h2>\n<p class=\"font-claude-response-body whitespace-normal break-words\"><strong>Moc nikotyny:<\/strong> 5%<br \/>\n<strong>Pojemno\u015b\u0107 cieczy:<\/strong> 20 ml<br \/>\n<strong>Styl parowy:<\/strong> MTL (ustno-p\u0142ucny)<br \/>\n<strong>Akumulator:<\/strong> 1000 mAh, akumulator wielokrotnego \u0142adowania<br \/>\n<strong>Tryb:<\/strong> Tryb podw\u00f3jny<br \/>\n<strong>Typ cewki:<\/strong> Podw\u00f3jna cewka siatkowa<br \/>\n<strong>Cechy szczeg\u00f3lne:<\/strong> Konstrukcja 270\u00b0 Vibrant Glow<br \/>\n<strong>Przep\u0142yw powietrza:<\/strong> Regulowany przep\u0142yw powietrza<br \/>\n<strong>Wy\u015bwietlacz:<\/strong> Inteligentny wy\u015bwietlacz stanu baterii i poziomu e-liquidu<\/p>\n<h2 class=\"font-claude-response-heading text-text-100 mt-1 -mb-0.5\">Odkryj wi\u0119cej produkt\u00f3w VOZOL VAPE w novavape<\/h2>\n<p class=\"font-claude-response-body whitespace-normal break-words\">Odkryj inne produkty premium: odwied\u017a nasz\u0105 stron\u0119 <strong><a class=\"underline\" href=\"https:\/\/novavape.de\/pl\/\">Strona g\u0142\u00f3wna<\/a><\/strong> Aby zapozna\u0107 si\u0119 z nasz\u0105 pe\u0142n\u0105 ofert\u0105, przejrzyj <strong><a class=\"underline\" href=\"https:\/\/novavape.de\/pl\/product-category\/vozol-vape\/\">VOZOL VAPE Kategoria<\/a><\/strong> dla wszystkich modeli Vozol lub zapoznaj si\u0119 z <strong><a class=\"underline\" href=\"https:\/\/novavape.de\/pl\/product-category\/vozol-vape\/vozol-rave-40000\/\">Vozol Rave 40000 R\u00f3\u017cnorodno\u015b\u0107 smak\u00f3w<\/a><\/strong> dla uzyskania kolejnych wy\u015bmienitych aromat\u00f3w.<\/p>","protected":false},"excerpt":{"rendered":"<p class=\"font-claude-response-body whitespace-normal break-words\">Vozol Rave 40000 Mango Peach \u0142\u0105czy w sobie soczyste mango z aksamitn\u0105 brzoskwini\u0105 i oferuje 20 ml e-liquidu na nawet 40 000 zaci\u0105gni\u0119\u0107. Wy\u015bwietlacz 270\u00b0 Beat-Sensing, system Dual-Mode i technologia S.i.L.C z cewkami Dual-Mesh zapewniaj\u0105 intensywny smak. Dzi\u0119ki baterii 1000 mAh, \u0142adowaniu typu C, nikotynie 5% \u2013 tropikalna harmonia spotyka si\u0119 z innowacj\u0105.<\/p>","protected":false},"featured_media":2487,"comment_status":"open","ping_status":"closed","template":"","meta":[],"product_brand":[],"product_cat":[78],"product_tag":[],"class_list":{"0":"post-2486","1":"product","2":"type-product","3":"status-publish","4":"has-post-thumbnail","6":"product_cat-vozol-rave-40000","8":"first","9":"instock","10":"shipping-taxable","11":"purchasable","12":"product-type-variable"},"_links":{"self":[{"href":"https:\/\/novavape.de\/pl\/wp-json\/wp\/v2\/product\/2486","targetHints":{"allow":["GET"]}}],"collection":[{"href":"https:\/\/novavape.de\/pl\/wp-json\/wp\/v2\/product"}],"about":[{"href":"https:\/\/novavape.de\/pl\/wp-json\/wp\/v2\/types\/product"}],"replies":[{"embeddable":true,"href":"https:\/\/novavape.de\/pl\/wp-json\/wp\/v2\/comments?post=2486"}],"version-history":[{"count":0,"href":"https:\/\/novavape.de\/pl\/wp-json\/wp\/v2\/product\/2486\/revisions"}],"wp:featuredmedia":[{"embeddable":true,"href":"https:\/\/novavape.de\/pl\/wp-json\/wp\/v2\/media\/2487"}],"wp:attachment":[{"href":"https:\/\/novavape.de\/pl\/wp-json\/wp\/v2\/media?parent=2486"}],"wp:term":[{"taxonomy":"product_brand","embeddable":true,"href":"https:\/\/novavape.de\/pl\/wp-json\/wp\/v2\/product_brand?post=2486"},{"taxonomy":"product_cat","embeddable":true,"href":"https:\/\/novavape.de\/pl\/wp-json\/wp\/v2\/product_cat?post=2486"},{"taxonomy":"product_tag","embeddable":true,"href":"https:\/\/novavape.de\/pl\/wp-json\/wp\/v2\/product_tag?post=2486"}],"curies":[{"name":"wp","href":"https:\/\/api.w.org\/{rel}","templated":true}]}}