{"id":2480,"date":"2025-12-02T13:48:55","date_gmt":"2025-12-02T12:48:55","guid":{"rendered":"https:\/\/novavape.de\/?post_type=product&#038;p=2480"},"modified":"2026-04-07T09:56:15","modified_gmt":"2026-04-07T07:56:15","slug":"vozol-rave-40000-blueberry-watermelon","status":"publish","type":"product","link":"https:\/\/novavape.de\/pl\/product\/vozol-rave-40000-blueberry-watermelon\/","title":{"rendered":"Vozol Rave 40000 Jagoda Arbuz"},"content":{"rendered":"<h1 class=\"font-claude-response-title mt-1 text-text-100\">Vozol Rave 40000 Blueberry Watermelon Jednorazowy vape<\/h1>\n<p class=\"font-claude-response-body whitespace-normal break-words\">Ciesz si\u0119 idealnym po\u0142\u0105czeniem jag\u00f3d i arbuza dzi\u0119ki Vozol Rave 40000 Blueberry Watermelon. Ten innowacyjny jednorazowy vape \u0142\u0105czy w sobie owocow\u0105 s\u0142odycz z orze\u017awiaj\u0105c\u0105 soczysto\u015bci\u0105, zapewniaj\u0105c imponuj\u0105ce 40 000 zaci\u0105gni\u0119\u0107. Niezawodny akumulator 1000 mAh wraz z pojemnym zbiornikiem na e-liquid o pojemno\u015bci 20 ml gwarantuj\u0105 tygodnie nieprzerwanej przyjemno\u015bci z wapowania. Wyj\u0105tkowy wy\u015bwietlacz 270\u00b0 Beat-Sensing z technologi\u0105 ekranu 3D sprawia, \u017ce ka\u017cde u\u017cycie jest wizualnym spektaklem. Dwa inteligentne tryby ognia pozwalaj\u0105 dostosowa\u0107 osobiste wra\u017cenia z wapowania do w\u0142asnych upodoba\u0144.<\/p>\n<h2 class=\"font-claude-response-heading text-text-100 mt-1 -mb-0.5\">Zalety Vozol Rave 40000 Blueberry Watermelon:<\/h2>\n<p class=\"font-claude-response-body whitespace-normal break-words\">Vozol Rave 40000 Blueberry Watermelon przekracza oczekiwania dzi\u0119ki swojej wyj\u0105tkowej pojemno\u015bci. Du\u017cy zapas e-liquidu o pojemno\u015bci 20 ml w po\u0142\u0105czeniu z wydajn\u0105 bateri\u0105 1000 mAh z funkcj\u0105 \u0142adowania USB typu C pozwala na oko\u0142o 40 000 zaci\u0105gni\u0119\u0107 w trybie normalnym lub 25 000 zaci\u0105gni\u0119\u0107 w trybie Surge \u2013 jest to jeden z najbardziej imponuj\u0105cych czas\u00f3w pracy w\u015br\u00f3d jednorazowych vape'\u00f3w. Silne st\u0119\u017cenie nikotyny 5% (50 mg) zapewnia satysfakcjonuj\u0105ce doznania podczas ka\u017cdego zaci\u0105gni\u0119cia si\u0119.<\/p>\n<p class=\"font-claude-response-body whitespace-normal break-words\">Innowacyjna technologia S.i.L.C opiera si\u0119 na dw\u00f3ch zsynchronizowanych uk\u0142adach MCU, kt\u00f3re w po\u0142\u0105czeniu z najwy\u017cszej klasy parownikami siatkowymi zapewniaj\u0105 sta\u0142y aromat i g\u0119st\u0105 par\u0119. Przemy\u015blany system dw\u00f3ch tryb\u00f3w zapewnia kontrol\u0119: tryb regularny zapewnia \u0142agodne, zr\u00f3wnowa\u017cone inhalacje, a tryb surge zapewnia mocn\u0105 wydajno\u015b\u0107 i du\u017c\u0105 produkcj\u0119 pary \u2013 idealne rozwi\u0105zanie dla r\u00f3\u017cnych sytuacji i preferencji.<\/p>\n<p class=\"font-claude-response-body whitespace-normal break-words\">Absolutn\u0105 atrakcj\u0105 jest nowatorski wy\u015bwietlacz Beat Sensing o k\u0105cie widzenia 270\u00b0, kt\u00f3ry reaguje na ruchy u\u017cytkownika pulsuj\u0105cymi efektami \u015bwietlnymi, tworz\u0105c fascynuj\u0105ce, interaktywne wra\u017cenia podczas wapowania. Wbudowany ekran cyfrowy na bie\u017c\u0105co informuje o stanie baterii i pozosta\u0142ej ilo\u015bci p\u0142ynu, dzi\u0119ki czemu nigdy nie zostaniesz zaskoczony. Ta inteligentna wizualizacja zamienia proste informacje o stanie urz\u0105dzenia w atrakcyjn\u0105 funkcj\u0119.<\/p>\n<p class=\"font-claude-response-body whitespace-normal break-words\">Pe\u0142n\u0105 kontrol\u0119 nad wra\u017ceniami z vapowania zapewnia regulowany przep\u0142yw powietrza, kt\u00f3ry pozwala dostosowa\u0107 op\u00f3r zaci\u0105gni\u0119cia si\u0119 z milimetrow\u0105 dok\u0142adno\u015bci\u0105 \u2013 od mocnego i ograniczonego do szerokiego i przewiewnego, w zale\u017cno\u015bci od upodoba\u0144. Nowoczesny system \u0142adowania USB typu C zapewnia szybkie \u0142adowanie, a konstrukcja o du\u017cej pojemno\u015bci stanowi optymalny wyb\u00f3r zar\u00f3wno dla detalist\u00f3w, jak i wymagaj\u0105cych u\u017cytkownik\u00f3w.<\/p>\n<h2 class=\"font-claude-response-heading text-text-100 mt-1 -mb-0.5\">Specyfikacje techniczne:<\/h2>\n<p class=\"font-claude-response-body whitespace-normal break-words\"><strong>Zawarto\u015b\u0107 nikotyny:<\/strong> 5%<br \/>\n<strong>Pojemno\u015b\u0107 zbiornika:<\/strong> 20 ml<br \/>\n<strong>Technika ci\u0105gni\u0119cia:<\/strong> MTL (ustno-p\u0142ucny)<br \/>\n<strong>Bateria:<\/strong> 1000 mAh, akumulator wielokrotnego \u0142adowania<br \/>\n<strong>Tryby pracy:<\/strong> System dwufunkcyjny<br \/>\n<strong>Parownik:<\/strong> Podw\u00f3jna cewka siatkowa<br \/>\n<strong>Najwa\u017cniejsze wydarzenie:<\/strong> Konstrukcja 270\u00b0 Vibrant Glow<br \/>\n<strong>Dop\u0142yw powietrza:<\/strong> P\u0142ynna regulacja<br \/>\n<strong>Og\u0142oszenie:<\/strong> Inteligentne monitorowanie akumulatora i p\u0142ynu<\/p>\n<h2 class=\"font-claude-response-heading text-text-100 mt-1 -mb-0.5\">Odkryj wi\u0119cej produkt\u00f3w VOZOL VAPE w novavape<\/h2>\n<p class=\"font-claude-response-body whitespace-normal break-words\">Odkryj r\u00f3\u017cnorodno\u015b\u0107 naszych produkt\u00f3w: odwied\u017a nasz\u0105 stron\u0119 internetow\u0105. <strong><a class=\"underline\" href=\"https:\/\/novavape.de\/pl\/\">Strona g\u0142\u00f3wna<\/a><\/strong> dla ca\u0142ego asortymentu, zapoznaj si\u0119 z <strong><a class=\"underline\" href=\"https:\/\/novavape.de\/pl\/product-category\/vozol-vape\/\">VOZOL VAPE Kategoria<\/a><\/strong> dla wszystkich produkt\u00f3w Vozol lub zapoznaj si\u0119 z <strong><a class=\"underline\" href=\"https:\/\/novavape.de\/pl\/product-category\/vozol-vape\/vozol-rave-40000\/\">Vozol Rave 40000 \u015awiat aromat\u00f3w<\/a><\/strong> we wszystkich smakach.<\/p>","protected":false},"excerpt":{"rendered":"<p class=\"font-claude-response-body whitespace-normal break-words\">Vozol Rave 40000 Blueberry Watermelon \u0142\u0105czy owocow\u0105 jagod\u0119 z soczystym arbuzem i dostarcza 20 ml e-liquidu na nawet 40 000 zaci\u0105gni\u0119\u0107. Wy\u015bwietlacz 270\u00b0 Beat-Sensing, system Dual-Mode i technologia S.i.L.C z podw\u00f3jnymi cewkami siatkowymi gwarantuj\u0105 intensywn\u0105 przyjemno\u015b\u0107. Z bateri\u0105 1000 mAh, \u0142adowaniem typu C, nikotyn\u0105 5% \u2013 po\u0142\u0105czenie owoc\u00f3w i innowacji.<\/p>","protected":false},"featured_media":2481,"comment_status":"open","ping_status":"closed","template":"","meta":[],"product_brand":[],"product_cat":[78],"product_tag":[],"class_list":{"0":"post-2480","1":"product","2":"type-product","3":"status-publish","4":"has-post-thumbnail","6":"product_cat-vozol-rave-40000","8":"first","9":"instock","10":"shipping-taxable","11":"purchasable","12":"product-type-variable"},"_links":{"self":[{"href":"https:\/\/novavape.de\/pl\/wp-json\/wp\/v2\/product\/2480","targetHints":{"allow":["GET"]}}],"collection":[{"href":"https:\/\/novavape.de\/pl\/wp-json\/wp\/v2\/product"}],"about":[{"href":"https:\/\/novavape.de\/pl\/wp-json\/wp\/v2\/types\/product"}],"replies":[{"embeddable":true,"href":"https:\/\/novavape.de\/pl\/wp-json\/wp\/v2\/comments?post=2480"}],"version-history":[{"count":0,"href":"https:\/\/novavape.de\/pl\/wp-json\/wp\/v2\/product\/2480\/revisions"}],"wp:featuredmedia":[{"embeddable":true,"href":"https:\/\/novavape.de\/pl\/wp-json\/wp\/v2\/media\/2481"}],"wp:attachment":[{"href":"https:\/\/novavape.de\/pl\/wp-json\/wp\/v2\/media?parent=2480"}],"wp:term":[{"taxonomy":"product_brand","embeddable":true,"href":"https:\/\/novavape.de\/pl\/wp-json\/wp\/v2\/product_brand?post=2480"},{"taxonomy":"product_cat","embeddable":true,"href":"https:\/\/novavape.de\/pl\/wp-json\/wp\/v2\/product_cat?post=2480"},{"taxonomy":"product_tag","embeddable":true,"href":"https:\/\/novavape.de\/pl\/wp-json\/wp\/v2\/product_tag?post=2480"}],"curies":[{"name":"wp","href":"https:\/\/api.w.org\/{rel}","templated":true}]}}