{"id":2474,"date":"2025-12-02T13:44:13","date_gmt":"2025-12-02T12:44:13","guid":{"rendered":"https:\/\/novavape.de\/?post_type=product&#038;p=2474"},"modified":"2026-04-07T09:56:45","modified_gmt":"2026-04-07T07:56:45","slug":"vozol-rave-40000-blueberry-ice","status":"publish","type":"product","link":"https:\/\/novavape.de\/pl\/product\/vozol-rave-40000-blueberry-ice\/","title":{"rendered":"Vozol Rave 40000 Blueberry Ice"},"content":{"rendered":"<h1 class=\"font-claude-response-title mt-1 text-text-100\">Vozol Rave 40000 Blueberry Ice Jednorazowy vape<\/h1>\n<p class=\"font-claude-response-body whitespace-normal break-words\">Vozol Rave 40000 Blueberry Ice \u0142\u0105czy intensywn\u0105 s\u0142odycz jag\u00f3d z orze\u017awiaj\u0105c\u0105 ch\u0142odno\u015bci\u0105, zapewniaj\u0105c od\u015bwie\u017caj\u0105ce doznania podczas wapowania. To wydajne urz\u0105dzenie jednorazowego u\u017cytku imponuje pojemno\u015bci\u0105 do 40 000 zaci\u0105gni\u0119\u0107, co czyni je jednym z najwytrzymalszych vape'\u00f3w na rynku. Akumulator o pojemno\u015bci 1000 mAh wsp\u00f3\u0142pracuje z 20-mililitrowym zbiornikiem na e-liquid, zapewniaj\u0105c maksymaln\u0105 \u017cywotno\u015b\u0107. Futurystyczny wy\u015bwietlacz Beat-Sensing 270\u00b0 z zakrzywionym ekranem 3D zapewnia interaktywne i imponuj\u0105ce wizualnie wra\u017cenia podczas u\u017cytkowania. Dzi\u0119ki dw\u00f3m dost\u0119pnym trybom pracy mo\u017cna elastycznie dostosowa\u0107 urz\u0105dzenie do w\u0142asnych preferencji.<\/p>\n<h2 class=\"font-claude-response-heading text-text-100 mt-1 -mb-0.5\">Najwa\u017cniejsze cechy Vozol Rave 40000 Blueberry Ice:<\/h2>\n<p class=\"font-claude-response-body whitespace-normal break-words\">Vozol Rave 40000 Blueberry Ice zachwyca swoj\u0105 wyj\u0105tkow\u0105 wydajno\u015bci\u0105. Du\u017cy zbiornik na p\u0142yn o pojemno\u015bci 20 ml w po\u0142\u0105czeniu z akumulatorem o pojemno\u015bci 1000 mAh (szybkie \u0142adowanie USB typu C) zapewnia oko\u0142o 40 000 zaci\u0105gni\u0119\u0107 w trybie normalnym lub 25 000 zaci\u0105gni\u0119\u0107 w trybie Surge \u2013 dzi\u0119ki temu jest to jeden z najtrwalszych jednorazowych vape'\u00f3w na rynku. Dzi\u0119ki zawarto\u015bci nikotyny 5% (50 mg) zapewnia do\u015bwiadczonym u\u017cytkownikom satysfakcjonuj\u0105ce i mocne doznania.<\/p>\n<p class=\"font-claude-response-body whitespace-normal break-words\">Nap\u0119dzane zaawansowan\u0105 technologi\u0105 S.i.L.C podw\u00f3jne uk\u0142ady MCU wsp\u00f3\u0142pracuj\u0105 optymalnie z wysokiej jako\u015bci cewkami siatkowymi, zapewniaj\u0105c sta\u0142\u0105 produkcj\u0119 intensywnej w smaku pary. Zaawansowany system podw\u00f3jnego trybu pozwala wybiera\u0107 mi\u0119dzy trybem normalnym, zapewniaj\u0105cym zr\u00f3wnowa\u017cone, \u0142agodne zaci\u0105gni\u0119cia, a trybem Surge, zapewniaj\u0105cym zwi\u0119kszon\u0105 moc i g\u0119ste chmury pary \u2013 idealnie dostosowane do r\u00f3\u017cnych sytuacji i nastroj\u00f3w.<\/p>\n<p class=\"font-claude-response-body whitespace-normal break-words\">Innowacyjny wy\u015bwietlacz 270\u00b0 Beat-Sensing przyci\u0105ga wzrok i dynamicznie reaguje na u\u017cytkowanie, wy\u015bwietlaj\u0105c \u017cywe animacje \u015bwietlne w czasie rzeczywistym, dzi\u0119ki czemu ka\u017cda sesja staje si\u0119 wielozmys\u0142owym do\u015bwiadczeniem. Zintegrowany wy\u015bwietlacz cyfrowy niezawodnie informuje o pozosta\u0142ym poziomie na\u0142adowania baterii i ilo\u015bci p\u0142ynu, dzi\u0119ki czemu nie ma miejsca na nieprzyjemne niespodzianki. Ta inteligentna wizualizacja przenosi interakcj\u0119 u\u017cytkownika na nowy poziom.<\/p>\n<p class=\"font-claude-response-body whitespace-normal break-words\">Indywidualne dostosowanie jest mo\u017cliwe dzi\u0119ki regulowanemu przep\u0142ywowi powietrza, kt\u00f3ry pozwala precyzyjnie ustawi\u0107 si\u0142\u0119 zaci\u0105gni\u0119cia \u2013 niezale\u017cnie od tego, czy preferujesz ciasne, intensywne zaci\u0105gni\u0119cia, czy otwarte, przewiewne chmury pary. Funkcja \u0142adowania USB typu C umo\u017cliwia szybkie \u0142adowanie w razie potrzeby, a format o du\u017cej pojemno\u015bci jest idealny dla sprzedawc\u00f3w, kt\u00f3rzy chc\u0105 oferowa\u0107 produkty premium, oraz dla u\u017cytkownik\u00f3w intensywnie korzystaj\u0105cych z urz\u0105dzenia, kt\u00f3rzy ceni\u0105 sobie d\u0142ugi czas u\u017cytkowania.<\/p>\n<h2 class=\"font-claude-response-heading text-text-100 mt-1 -mb-0.5\">Specyfikacje produktu:<\/h2>\n<p class=\"font-claude-response-body whitespace-normal break-words\"><strong>Moc nikotyny:<\/strong> 5%<br \/>\n<strong>Pojemno\u015b\u0107 cieczy:<\/strong> 20 ml<br \/>\n<strong>Styl parowy:<\/strong> MTL (ustno-p\u0142ucny)<br \/>\n<strong>Akumulator:<\/strong> 1000 mAh, akumulator wielokrotnego \u0142adowania<br \/>\n<strong>Tryb:<\/strong> Tryb podw\u00f3jny<br \/>\n<strong>Typ cewki:<\/strong> Podw\u00f3jna cewka siatkowa<br \/>\n<strong>Cechy szczeg\u00f3lne:<\/strong> Konstrukcja 270\u00b0 Vibrant Glow<br \/>\n<strong>Przep\u0142yw powietrza:<\/strong> Regulowany przep\u0142yw powietrza<br \/>\n<strong>Wy\u015bwietlacz:<\/strong> Inteligentny wy\u015bwietlacz stanu baterii i poziomu e-liquidu<\/p>\n<h2 class=\"font-claude-response-heading text-text-100 mt-1 -mb-0.5\">Odkryj wi\u0119cej produkt\u00f3w VOZOL VAPE w novavape<\/h2>\n<p class=\"font-claude-response-body whitespace-normal break-words\">Zapoznaj si\u0119 z nasz\u0105 pe\u0142n\u0105 ofert\u0105: odwied\u017a nasz\u0105 stron\u0119 internetow\u0105. <strong><a class=\"underline\" href=\"https:\/\/novavape.de\/pl\/\">Strona g\u0142\u00f3wna<\/a><\/strong> dla wszystkich dost\u0119pnych produkt\u00f3w, przejrzyj <strong><a class=\"underline\" href=\"https:\/\/novavape.de\/pl\/product-category\/vozol-vape\/\">VOZOL VAPE Kategoria<\/a><\/strong> dla wszystkich urz\u0105dze\u0144 Vozol lub odkryj <strong><a class=\"underline\" href=\"https:\/\/novavape.de\/pl\/product-category\/vozol-vape\/vozol-rave-40000\/\">Vozol Rave 40000 Wyb\u00f3r smak\u00f3w<\/a><\/strong> ze wszystkimi dost\u0119pnymi smakami.<\/p>","protected":false},"excerpt":{"rendered":"<p class=\"font-claude-response-body whitespace-normal break-words\">Vozol Rave 40000 Blueberry Ice \u0142\u0105czy intensywn\u0105 s\u0142odycz jag\u00f3d z orze\u017awiaj\u0105c\u0105 ch\u0142odno\u015bci\u0105 i oferuje 20 ml e-liquidu wystarczaj\u0105cego na nawet 40 000 zaci\u0105gni\u0119\u0107. Wy\u015bwietlacz 270\u00b0 Beat-Sensing, system Dual-Mode i technologia S.i.L.C z cewkami Dual-Mesh zapewniaj\u0105 intensywny smak. Z akumulatorem 1000 mAh, \u0142adowaniem typu C, nikotyn\u0105 5% \u2013 aromat jag\u00f3d spotyka si\u0119 z zaawansowan\u0105 technologi\u0105.<\/p>","protected":false},"featured_media":2475,"comment_status":"open","ping_status":"closed","template":"","meta":[],"product_brand":[],"product_cat":[78],"product_tag":[],"class_list":{"0":"post-2474","1":"product","2":"type-product","3":"status-publish","4":"has-post-thumbnail","6":"product_cat-vozol-rave-40000","8":"first","9":"instock","10":"shipping-taxable","11":"purchasable","12":"product-type-variable"},"_links":{"self":[{"href":"https:\/\/novavape.de\/pl\/wp-json\/wp\/v2\/product\/2474","targetHints":{"allow":["GET"]}}],"collection":[{"href":"https:\/\/novavape.de\/pl\/wp-json\/wp\/v2\/product"}],"about":[{"href":"https:\/\/novavape.de\/pl\/wp-json\/wp\/v2\/types\/product"}],"replies":[{"embeddable":true,"href":"https:\/\/novavape.de\/pl\/wp-json\/wp\/v2\/comments?post=2474"}],"version-history":[{"count":0,"href":"https:\/\/novavape.de\/pl\/wp-json\/wp\/v2\/product\/2474\/revisions"}],"wp:featuredmedia":[{"embeddable":true,"href":"https:\/\/novavape.de\/pl\/wp-json\/wp\/v2\/media\/2475"}],"wp:attachment":[{"href":"https:\/\/novavape.de\/pl\/wp-json\/wp\/v2\/media?parent=2474"}],"wp:term":[{"taxonomy":"product_brand","embeddable":true,"href":"https:\/\/novavape.de\/pl\/wp-json\/wp\/v2\/product_brand?post=2474"},{"taxonomy":"product_cat","embeddable":true,"href":"https:\/\/novavape.de\/pl\/wp-json\/wp\/v2\/product_cat?post=2474"},{"taxonomy":"product_tag","embeddable":true,"href":"https:\/\/novavape.de\/pl\/wp-json\/wp\/v2\/product_tag?post=2474"}],"curies":[{"name":"wp","href":"https:\/\/api.w.org\/{rel}","templated":true}]}}