{"id":2462,"date":"2025-12-02T11:44:19","date_gmt":"2025-12-02T10:44:19","guid":{"rendered":"https:\/\/novavape.de\/?post_type=product&#038;p=2462"},"modified":"2025-12-02T11:44:19","modified_gmt":"2025-12-02T10:44:19","slug":"vozol-rave-40000-grape-ice","status":"publish","type":"product","link":"https:\/\/novavape.de\/pl\/product\/vozol-rave-40000-grape-ice\/","title":{"rendered":"Vozol Rave 40000 Grape Ice"},"content":{"rendered":"<h2 class=\"font-claude-response-heading text-text-100 mt-1 -mb-0.5\">Vozol Rave 40000 Grape Ice Jednorazowy e-papieros<\/h2>\n<p class=\"font-claude-response-body whitespace-normal break-words\">Jednorazowy e-papieros Vozol Rave 40000 Grape Ice oferuje imponuj\u0105c\u0105 pojemno\u015b\u0107 40 000 zaci\u0105gni\u0119\u0107 o intensywnym smaku winogronowym i ch\u0142odz\u0105cym finiszu. Akumulator o pojemno\u015bci 1000 mAh i 20 ml wst\u0119pnie nape\u0142nionego e-liquidu gwarantuj\u0105 d\u0142ug\u0105 \u017cywotno\u015b\u0107 i niezawodne dzia\u0142anie. Dzi\u0119ki wy\u015bwietlaczowi wibracyjnemu 270\u00b0 i zakrzywionemu ekranowi 3D urz\u0105dzenie zapewnia atrakcyjne wizualnie i interaktywne wra\u017cenia. U\u017cytkownicy mog\u0105 wybiera\u0107 mi\u0119dzy dwoma trybami funkcjonalnymi, aby spersonalizowa\u0107 swoje wra\u017cenia z vapowania.<\/p>\n<h3 class=\"font-claude-response-subheading text-text-100 mt-1 -mb-1.5\">Vozol Rave 40000 Grape Ice Najwa\u017cniejsze cechy<\/h3>\n<p class=\"font-claude-response-body whitespace-normal break-words\">Vozol Rave 40000 Grape Ice zachwyca swoj\u0105 wyj\u0105tkow\u0105 pojemno\u015bci\u0105 dzi\u0119ki pojemnikowi na e-liquid o pojemno\u015bci 20 ml i akumulatorowi 1000 mAh z portem \u0142adowania USB typu C. To wydajne urz\u0105dzenie zapewnia oko\u0142o 40 000 zaci\u0105gni\u0119\u0107 w trybie normalnym lub 25 000 zaci\u0105gni\u0119\u0107 w trybie Surge, co czyni je jednym z najwytrzymalszych jednorazowych e-papieros\u00f3w na rynku. Dzi\u0119ki silnej zawarto\u015bci nikotyny 5% (50 mg) zapewnia satysfakcjonuj\u0105ce doznania podczas wapowania do\u015bwiadczonym u\u017cytkownikom.<\/p>\n<p class=\"font-claude-response-body whitespace-normal break-words\">Najnowocze\u015bniejsza technologia S.i.L.C z podw\u00f3jnymi uk\u0142adami MCU idealnie wsp\u00f3\u0142gra z wysokiej jako\u015bci cewkami siatkowymi i zapewnia sta\u0142\u0105, aromatyczn\u0105 par\u0119 przy ka\u017cdym zaci\u0105gni\u0119ciu. Innowacyjny system dw\u00f3ch tryb\u00f3w pozwala prze\u0142\u0105cza\u0107 si\u0119 mi\u0119dzy trybem normalnym, zapewniaj\u0105cym \u0142agodne, harmonijne zaci\u0105gni\u0119cia, a trybem Surge, zapewniaj\u0105cym zwi\u0119kszon\u0105 moc i wytwarzanie pary \u2013 dostosowanym do r\u00f3\u017cnych preferencji i okazji.<\/p>\n<p class=\"font-claude-response-body whitespace-normal break-words\">Vozol Rave posiada zaawansowany wy\u015bwietlacz Beat Sensing 270\u00b0, kt\u00f3ry zapewnia dynamiczne informacje zwrotne w czasie rzeczywistym podczas u\u017cytkowania i tworzy interaktywne wra\u017cenia podczas wapowania. Wbudowany wy\u015bwietlacz cyfrowy niezawodnie informuje o stanie baterii i poziomie e-p\u0142ynu, dzi\u0119ki czemu zawsze masz pe\u0142n\u0105 kontrol\u0119. To po\u0142\u0105czenie technologii wizualnej sprawia, \u017ce praktyczne monitorowanie staje si\u0119 fascynuj\u0105c\u0105 funkcj\u0105.<\/p>\n<p class=\"font-claude-response-body whitespace-normal break-words\">Personalizacja jest sercem tego urz\u0105dzenia: regulowany przep\u0142yw powietrza pozwala dok\u0142adnie dostosowa\u0107 op\u00f3r ci\u0105gu do w\u0142asnych preferencji \u2013 niezale\u017cnie od tego, czy wolisz ciasne, ograniczone ci\u0105gi, czy te\u017c lu\u017ane, otwarte ci\u0105gi. System \u0142adowania USB typu C zapewnia szybkie zasilanie w razie potrzeby, a jednorazowy format o du\u017cej pojemno\u015bci stanowi doskona\u0142y wyb\u00f3r dla sprzedawc\u00f3w, kt\u00f3rzy chc\u0105 oferowa\u0107 urz\u0105dzenia o du\u017cej pojemno\u015bci, a tak\u017ce dla u\u017cytkownik\u00f3w intensywnie korzystaj\u0105cych z urz\u0105dzenia, kt\u00f3rzy chc\u0105 cieszy\u0107 si\u0119 d\u0142ugimi sesjami wapowania bez konieczno\u015bci cz\u0119stej wymiany.<\/p>\n<p class=\"font-claude-response-body whitespace-normal break-words\">Wariant Grape Ice \u0142\u0105czy w sobie szlachetn\u0105 s\u0142odycz winogron z orze\u017awiaj\u0105c\u0105 ch\u0142odno\u015bci\u0105, zapewniaj\u0105c zr\u00f3wnowa\u017cone i pobudzaj\u0105ce doznania smakowe.<\/p>\n<h3 class=\"font-claude-response-subheading text-text-100 mt-1 -mb-1.5\">Dane techniczne<\/h3>\n<p class=\"font-claude-response-body whitespace-normal break-words\"><strong>Moc nikotyny:<\/strong> 5% (50 mg)<br \/>\n<strong>Pojemno\u015b\u0107 cieczy:<\/strong> 20 ml<br \/>\n<strong>Styl parowy:<\/strong> MTL (ustno-p\u0142ucny)<br \/>\n<strong>Akumulator:<\/strong> 1000 mAh, akumulator wielokrotnego \u0142adowania<br \/>\n<strong>Tryby:<\/strong> Tryb podw\u00f3jny (normalny i przepi\u0119ciowy)<br \/>\n<strong>Typ cewki:<\/strong> Podw\u00f3jna cewka siatkowa<br \/>\n<strong>Cechy szczeg\u00f3lne:<\/strong> Konstrukcja 270\u00b0 Vibrant Glow<br \/>\n<strong>Przep\u0142yw powietrza:<\/strong> Regulowany<br \/>\n<strong>Wy\u015bwietlacz:<\/strong> Inteligentny wska\u017anik poziomu na\u0142adowania akumulatora i poziomu e-liquidu<\/p>\n<h3 class=\"font-claude-response-subheading text-text-100 mt-1 -mb-1.5\">Odkryj wi\u0119cej produkt\u00f3w VOZOL VAPE w novavape<\/h3>\n<p class=\"font-claude-response-body whitespace-normal break-words\">Odkryj inne produkty premium w naszym <strong><a class=\"underline\" href=\"https:\/\/novavape.de\/pl\/\">Sklep internetowy z e-papierosami<\/a><\/strong> lub przejrzyj nasz\u0105 kompletn\u0105 ofert\u0119 <strong><a class=\"underline\" href=\"https:\/\/novavape.de\/pl\/product-category\/vozol-vape\/\">Kolekcja VOZOL VAPE<\/a><\/strong>. Wszystkie dost\u0119pne smaki mo\u017cna znale\u017a\u0107 w <strong><a class=\"underline\" href=\"https:\/\/novavape.de\/pl\/product-category\/vozol-vape\/vozol-rave-40000\/\">Seria Vozol Rave 40000<\/a><\/strong>.<\/p>","protected":false},"excerpt":{"rendered":"<p class=\"font-claude-response-body whitespace-normal break-words\">Vozol Rave 40000 Grape Ice zapewnia 20 ml e-liquidu i do 40 000 zaci\u0105gni\u0119\u0107. Wy\u015bwietlacz 270\u00b0 Beat-Sensing, system Dual-Mode (Normal\/Surge) i technologia S.i.L.C z cewkami Dual-Mesh zapewniaj\u0105 intensywny smak. Dzi\u0119ki baterii 1000 mAh, \u0142adowaniu typu C, nikotynie 5% \u2013 szlachetny smak winogron \u0142\u0105czy si\u0119 z orze\u017awiaj\u0105c\u0105 \u015bwie\u017co\u015bci\u0105 i innowacyjno\u015bci\u0105.<\/p>","protected":false},"featured_media":2463,"comment_status":"open","ping_status":"closed","template":"","meta":[],"product_brand":[],"product_cat":[78],"product_tag":[],"class_list":{"0":"post-2462","1":"product","2":"type-product","3":"status-publish","4":"has-post-thumbnail","6":"product_cat-vozol-rave-40000","8":"first","9":"instock","10":"shipping-taxable","11":"purchasable","12":"product-type-variable"},"_links":{"self":[{"href":"https:\/\/novavape.de\/pl\/wp-json\/wp\/v2\/product\/2462","targetHints":{"allow":["GET"]}}],"collection":[{"href":"https:\/\/novavape.de\/pl\/wp-json\/wp\/v2\/product"}],"about":[{"href":"https:\/\/novavape.de\/pl\/wp-json\/wp\/v2\/types\/product"}],"replies":[{"embeddable":true,"href":"https:\/\/novavape.de\/pl\/wp-json\/wp\/v2\/comments?post=2462"}],"version-history":[{"count":0,"href":"https:\/\/novavape.de\/pl\/wp-json\/wp\/v2\/product\/2462\/revisions"}],"wp:featuredmedia":[{"embeddable":true,"href":"https:\/\/novavape.de\/pl\/wp-json\/wp\/v2\/media\/2463"}],"wp:attachment":[{"href":"https:\/\/novavape.de\/pl\/wp-json\/wp\/v2\/media?parent=2462"}],"wp:term":[{"taxonomy":"product_brand","embeddable":true,"href":"https:\/\/novavape.de\/pl\/wp-json\/wp\/v2\/product_brand?post=2462"},{"taxonomy":"product_cat","embeddable":true,"href":"https:\/\/novavape.de\/pl\/wp-json\/wp\/v2\/product_cat?post=2462"},{"taxonomy":"product_tag","embeddable":true,"href":"https:\/\/novavape.de\/pl\/wp-json\/wp\/v2\/product_tag?post=2462"}],"curies":[{"name":"wp","href":"https:\/\/api.w.org\/{rel}","templated":true}]}}