{"id":2456,"date":"2025-12-02T11:39:58","date_gmt":"2025-12-02T10:39:58","guid":{"rendered":"https:\/\/novavape.de\/?post_type=product&#038;p=2456"},"modified":"2025-12-02T11:39:58","modified_gmt":"2025-12-02T10:39:58","slug":"vozol-rave-40000-watermelon-ice","status":"publish","type":"product","link":"https:\/\/novavape.de\/pl\/product\/vozol-rave-40000-watermelon-ice\/","title":{"rendered":"Vozol Rave 40000 Arbuz z lodem"},"content":{"rendered":"<h2 class=\"font-claude-response-heading text-text-100 mt-1 -mb-0.5\">Vozol Rave 40000 Watermelon Ice Jednorazowy e-papieros<\/h2>\n<p class=\"font-claude-response-body whitespace-normal break-words\">Jednorazowy e-papieros Vozol Rave 40000 Watermelon Ice oferuje imponuj\u0105c\u0105 pojemno\u015b\u0107 40 000 zaci\u0105gni\u0119\u0107 o orze\u017awiaj\u0105cym smaku arbuza i ch\u0142odz\u0105cym efekcie. Akumulator o pojemno\u015bci 1000 mAh i 20 ml wst\u0119pnie nape\u0142nionego e-liquidu gwarantuj\u0105 d\u0142ug\u0105 \u017cywotno\u015b\u0107 i niezawodne dzia\u0142anie. Dzi\u0119ki wy\u015bwietlaczowi wibracyjnemu 270\u00b0 i zakrzywionemu ekranowi 3D urz\u0105dzenie zapewnia atrakcyjne wizualnie i interaktywne wra\u017cenia. U\u017cytkownicy mog\u0105 wybiera\u0107 mi\u0119dzy dwoma trybami funkcjonalnymi, aby spersonalizowa\u0107 swoje wra\u017cenia z vapowania.<\/p>\n<h3 class=\"font-claude-response-subheading text-text-100 mt-1 -mb-1.5\">Vozol Rave 40000 Watermelon Ice Najwa\u017cniejsze cechy<\/h3>\n<p class=\"font-claude-response-body whitespace-normal break-words\">Vozol Rave 40000 Watermelon Ice przekonuje swoj\u0105 wyj\u0105tkow\u0105 wydajno\u015bci\u0105: pojemny zbiornik na e-liquid o pojemno\u015bci 20 ml i akumulator o pojemno\u015bci 1000 mAh z portem \u0142adowania USB typu C sprawiaj\u0105, \u017ce urz\u0105dzenie to jest prawdziwym pot\u0119\u017cnym narz\u0119dziem. W trybie normalnym zapewnia oko\u0142o 40 000 zaci\u0105gni\u0119\u0107, a w trybie Surge oko\u0142o 25 000 zaci\u0105gni\u0119\u0107 \u2013 dzi\u0119ki temu jest jednym z najtrwalszych jednorazowych e-papieros\u00f3w na rynku. Dzi\u0119ki zawarto\u015bci nikotyny 5% (50 mg) zapewnia do\u015bwiadczonym u\u017cytkownikom satysfakcjonuj\u0105ce uczucie w gardle.<\/p>\n<p class=\"font-claude-response-body whitespace-normal break-words\">Zaawansowana technologia S.i.L.C wykorzystuje podw\u00f3jne uk\u0142ady MCU, kt\u00f3re w po\u0142\u0105czeniu z wysokiej jako\u015bci cewkami siatkowymi zapewniaj\u0105 sp\u00f3jn\u0105, smaczn\u0105 par\u0119 przy ka\u017cdym zaci\u0105gni\u0119ciu. Innowacyjny system Dual Mode umo\u017cliwia prze\u0142\u0105czanie mi\u0119dzy trybem normalnym, zapewniaj\u0105cym \u0142agodne, zr\u00f3wnowa\u017cone zaci\u0105gni\u0119cia, a trybem Surge, zapewniaj\u0105cym intensywniejsz\u0105 wydajno\u015b\u0107 i zwi\u0119kszon\u0105 produkcj\u0119 pary \u2013 dostosowan\u0105 do r\u00f3\u017cnych preferencji i sytuacji.<\/p>\n<p class=\"font-claude-response-body whitespace-normal break-words\">Vozol Rave posiada innowacyjny wy\u015bwietlacz Beat Sensing 270\u00b0, kt\u00f3ry zapewnia dynamiczne informacje zwrotne w czasie rzeczywistym podczas u\u017cytkowania i tworzy interaktywne wra\u017cenia podczas wapowania. Wbudowany wy\u015bwietlacz cyfrowy zapewnia sta\u0142y dost\u0119p do informacji, wyra\u017anie pokazuj\u0105c poziom na\u0142adowania baterii i poziom e-p\u0142ynu, dzi\u0119ki czemu nigdy nie spotka Ci\u0119 \u017cadna niespodzianka. To po\u0142\u0105czenie technologii wizualnej zmienia funkcjonalne monitorowanie w atrakcyjn\u0105 funkcj\u0119.<\/p>\n<p class=\"font-claude-response-body whitespace-normal break-words\">Indywidualizacja jest kluczow\u0105 cech\u0105 tego urz\u0105dzenia: regulowany przep\u0142yw powietrza pozwala precyzyjnie dostosowa\u0107 op\u00f3r zaci\u0105gni\u0119cia do w\u0142asnych preferencji \u2013 niezale\u017cnie od tego, czy wolisz mocne, restrykcyjne zaci\u0105gni\u0119cia, czy te\u017c lekkie, otwarte. System \u0142adowania USB typu C zapewnia szybkie \u0142adowanie w razie potrzeby, a jednorazowy format o du\u017cej pojemno\u015bci jest idealny zar\u00f3wno dla sprzedawc\u00f3w, kt\u00f3rzy chc\u0105 mie\u0107 w magazynie wydajne urz\u0105dzenia, jak i dla intensywnych u\u017cytkownik\u00f3w, kt\u00f3rzy szukaj\u0105 d\u0142ugich sesji wapowania bez konieczno\u015bci ci\u0105g\u0142ej wymiany.<\/p>\n<p class=\"font-claude-response-body whitespace-normal break-words\">Smak Watermelon Ice \u0142\u0105czy w sobie soczyst\u0105 s\u0142odycz arbuza z orze\u017awiaj\u0105cym efektem ch\u0142odzenia, zapewniaj\u0105c pobudzaj\u0105ce doznania podczas wapowania, kt\u00f3re s\u0105 szczeg\u00f3lnie przyjemne w ciep\u0142e dni.<\/p>\n<h3 class=\"font-claude-response-subheading text-text-100 mt-1 -mb-1.5\">Dane techniczne<\/h3>\n<p class=\"font-claude-response-body whitespace-normal break-words\"><strong>Moc nikotyny:<\/strong> 5% (50 mg)<br \/>\n<strong>Pojemno\u015b\u0107 cieczy:<\/strong> 20 ml<br \/>\n<strong>Styl parowy:<\/strong> MTL (ustno-p\u0142ucny)<br \/>\n<strong>Akumulator:<\/strong> 1000 mAh, akumulator wielokrotnego \u0142adowania<br \/>\n<strong>Tryby:<\/strong> Tryb podw\u00f3jny (normalny i przepi\u0119ciowy)<br \/>\n<strong>Typ cewki:<\/strong> Podw\u00f3jna cewka siatkowa<br \/>\n<strong>Cechy szczeg\u00f3lne:<\/strong> Konstrukcja 270\u00b0 Vibrant Glow<br \/>\n<strong>Przep\u0142yw powietrza:<\/strong> Regulowany<br \/>\n<strong>Wy\u015bwietlacz:<\/strong> Inteligentny wska\u017anik poziomu na\u0142adowania akumulatora i poziomu e-liquidu<\/p>\n<h3 class=\"font-claude-response-subheading text-text-100 mt-1 -mb-1.5\">Odkryj wi\u0119cej produkt\u00f3w VOZOL VAPE w novavape<\/h3>\n<p class=\"font-claude-response-body whitespace-normal break-words\">W przypadku <strong><a class=\"underline\" href=\"https:\/\/novavape.de\/pl\/\">novavape.de<\/a><\/strong> znajdziesz szeroki wyb\u00f3r wysokiej jako\u015bci e-papieros\u00f3w i produkt\u00f3w do wapowania. Odkryj r\u00f3wnie\u017c inne innowacyjne produkty z <strong><a class=\"underline\" href=\"https:\/\/novavape.de\/pl\/product-category\/vozol-vape\/\">VOZOL VAPE Kategoria<\/a><\/strong> i por\u00f3wnaj wszystkie warianty smakowe w <strong><a class=\"underline\" href=\"https:\/\/novavape.de\/pl\/product-category\/vozol-vape\/vozol-rave-40000\/\">Kolekcja Vozol Rave 40000<\/a><\/strong>.<\/p>","protected":false},"excerpt":{"rendered":"<p class=\"font-claude-response-body whitespace-normal break-words\">Vozol Rave 40000 Watermelon Ice zachwyca 20 ml e-liquidu i nawet 40 000 zaci\u0105gni\u0119\u0107. Wy\u015bwietlacz wibracyjny 270\u00b0, system Dual Mode (Normal\/Surge) oraz technologia S.i.L.C z cewkami Dual Mesh gwarantuj\u0105 intensywny smak. Dzi\u0119ki baterii 1000 mAh, \u0142adowaniu typu C, nikotynie 5% \u2013 innowacyjno\u015b\u0107 klasy premium spotyka si\u0119 z orze\u017awiaj\u0105cym arbuzem.<\/p>","protected":false},"featured_media":2457,"comment_status":"open","ping_status":"closed","template":"","meta":[],"product_brand":[],"product_cat":[78],"product_tag":[],"class_list":{"0":"post-2456","1":"product","2":"type-product","3":"status-publish","4":"has-post-thumbnail","6":"product_cat-vozol-rave-40000","8":"first","9":"instock","10":"shipping-taxable","11":"purchasable","12":"product-type-variable"},"_links":{"self":[{"href":"https:\/\/novavape.de\/pl\/wp-json\/wp\/v2\/product\/2456","targetHints":{"allow":["GET"]}}],"collection":[{"href":"https:\/\/novavape.de\/pl\/wp-json\/wp\/v2\/product"}],"about":[{"href":"https:\/\/novavape.de\/pl\/wp-json\/wp\/v2\/types\/product"}],"replies":[{"embeddable":true,"href":"https:\/\/novavape.de\/pl\/wp-json\/wp\/v2\/comments?post=2456"}],"version-history":[{"count":0,"href":"https:\/\/novavape.de\/pl\/wp-json\/wp\/v2\/product\/2456\/revisions"}],"wp:featuredmedia":[{"embeddable":true,"href":"https:\/\/novavape.de\/pl\/wp-json\/wp\/v2\/media\/2457"}],"wp:attachment":[{"href":"https:\/\/novavape.de\/pl\/wp-json\/wp\/v2\/media?parent=2456"}],"wp:term":[{"taxonomy":"product_brand","embeddable":true,"href":"https:\/\/novavape.de\/pl\/wp-json\/wp\/v2\/product_brand?post=2456"},{"taxonomy":"product_cat","embeddable":true,"href":"https:\/\/novavape.de\/pl\/wp-json\/wp\/v2\/product_cat?post=2456"},{"taxonomy":"product_tag","embeddable":true,"href":"https:\/\/novavape.de\/pl\/wp-json\/wp\/v2\/product_tag?post=2456"}],"curies":[{"name":"wp","href":"https:\/\/api.w.org\/{rel}","templated":true}]}}