{"id":27,"date":"2023-04-20T11:47:06","date_gmt":"2023-04-20T11:47:06","guid":{"rendered":"https:\/\/dummy.xtemos.com\/woodmart2\/furniture2-elementor\/?page_id=27"},"modified":"2023-04-20T11:47:06","modified_gmt":"2023-04-20T11:47:06","slug":"gift-cards","status":"publish","type":"page","link":"https:\/\/novavape.de\/pl\/gift-cards\/","title":{"rendered":"Karty podarunkowe"},"content":{"rendered":"<div data-elementor-type=\"wp-page\" data-elementor-id=\"27\" class=\"elementor elementor-27\" data-elementor-post-type=\"page\">\n\t\t\t\t<div class=\"wd-negative-gap elementor-element elementor-element-3221328 e-flex e-con-boxed e-con e-parent\" data-id=\"3221328\" data-element_type=\"container\" data-e-type=\"container\">\n\t\t\t\t\t<div class=\"e-con-inner\">\n\t\t<div class=\"elementor-element elementor-element-0b8aebb e-con-full e-flex e-con e-child\" data-id=\"0b8aebb\" data-element_type=\"container\" data-e-type=\"container\">\n\t\t\t\t<div class=\"elementor-element elementor-element-600794b elementor-widget elementor-widget-wd_banner\" data-id=\"600794b\" data-element_type=\"widget\" data-e-type=\"widget\" data-widget_type=\"wd_banner.default\">\n\t\t\t\t<div class=\"elementor-widget-container\">\n\t\t\t\t\t\t\t<div class=\"promo-banner-wrapper\">\n\t\t\t<div class=\"promo-banner banner-mask banner-hover-zoom color-scheme-light banner-btn-size-default banner-btn-style-default wd-with-link\">\n\t\t\t\t<div class=\"main-wrapp-img\">\n\t\t\t\t\t<div class=\"banner-image\">\n\t\t\t\t\t\t\t\t\t\t\t\t\t\t\t\t\t\t\t\t\t<img decoding=\"async\" width=\"660\" height=\"360\" src=\"https:\/\/spcdn.shortpixel.ai\/spio\/ret_img,q_cdnize,to_webp,s_webp\/novavape.de\/wp-content\/uploads\/2023\/04\/wd-furniture-e-gift-card-opt.jpg\" class=\"attachment-full size-full\" alt=\"\" \/>\t\t\t\t\t\t\t\t\t\t\t\t\t\t\t\t\t\t<\/div>\n\t\t\t\t<\/div>\n\n\t\t\t\t<div class=\"wrapper-content-banner wd-fill wd-items-middle wd-justify-center\">\n\t\t\t\t\t<div class=\"content-banner  text-center\">\n\t\t\t\t\t\t\t\t\t\t\t\t\t\n\t\t\t\t\t\t\t<div class=\"banner-subtitle subtitle-style-default subtitle-color-default wd-fontsize-m\" data-elementor-setting-key=\"subtitle\">\n\t\t\t\t\t\t\t\tWOODMART\t\t\t\t\t\t\t<\/div>\n\t\t\t\t\t\t\n\t\t\t\t\t\t\t\t\t\t\t\t\t<h4 class=\"banner-title wd-fontsize-xxl\" data-elementor-setting-key=\"title\">\n\t\t\t\t\t\t\t\tE-karta podarunkowa\t\t\t\t\t\t\t<\/h4>\n\t\t\t\t\t\t\n\t\t\t\t\t\t\n\t\t\t\t\t\t\n\t\t\t\t\t\t\t\t\t\t\t<\/div>\n\t\t\t\t<\/div>\n\n\t\t\t\t\t\t\t\t\t<a href=\"https:\/\/novavape.de\/pl\/product\/e-gift-card\/\" class=\"wd-promo-banner-link wd-fill\" aria-label=\"Banner link\"><\/a>\n\t\t\t\t\t\t\t<\/div>\n\t\t<\/div>\n\t\t\t\t\t\t<\/div>\n\t\t\t\t<\/div>\n\t\t\t\t<div class=\"elementor-element elementor-element-f3d9f53 elementor-widget elementor-widget-wd_text_block\" data-id=\"f3d9f53\" data-element_type=\"widget\" data-e-type=\"widget\" data-widget_type=\"wd_text_block.default\">\n\t\t\t\t<div class=\"elementor-widget-container\">\n\t\t\t\t\t\t\t<div class=\"wd-text-block reset-last-child text-center\">\n\t\t\t\n\t\t\t<p>Dokonaj zakupu online, a e-karta podarunkowa zostanie wys\u0142ana prosto do ich skrzynki odbiorczej!<\/p><p><span style=\"color: #333333\"><strong>Kup e-karty podarunkowe o warto\u015bci do 1 000 euro.<\/strong><\/span><\/p>\n\t\t\t\t\t<\/div>\n\t\t\t\t\t\t<\/div>\n\t\t\t\t<\/div>\n\t\t\t\t<div class=\"elementor-element elementor-element-b68bac4 elementor-widget elementor-widget-wd_button\" data-id=\"b68bac4\" data-element_type=\"widget\" data-e-type=\"widget\" data-widget_type=\"wd_button.default\">\n\t\t\t\t<div class=\"elementor-widget-container\">\n\t\t\t\t\t\t\t<div class=\"wd-button-wrapper text-center\" >\n\t\t\t<a class=\"btn btn-style-default btn-shape-round btn-size-default btn-color-primary btn-icon-pos-right\"  href=\"https:\/\/novavape.de\/pl\/product\/e-gift-card\/\">\n\t\t\t\t<span class=\"wd-btn-text\" data-elementor-setting-key=\"text\">\n\t\t\t\t\tKup teraz\t\t\t\t<\/span>\n\n\t\t\t\t\t\t\t\t\t<span class=\"wd-btn-icon\">\n\t\t\t\t\t\t<img decoding=\"async\"  src=\"https:\/\/spcdn.shortpixel.ai\/spio\/ret_img,q_cdnize,to_webp,s_webp\/novavape.de\/wp-content\/uploads\/2023\/04\/wd-furniture-long-arrow-white.svg\" title=\"wd-furniture-long-arrow-white\" loading=\"lazy\" width=\"16\" height=\"17\">\t\t\t\t\t<\/span>\n\t\t\t\t\t\t\t<\/a>\n\t\t<\/div>\n\t\t\t\t\t\t<\/div>\n\t\t\t\t<\/div>\n\t\t\t\t<\/div>\n\t\t<div class=\"elementor-element elementor-element-52d68a2 e-con-full e-flex e-con e-child\" data-id=\"52d68a2\" data-element_type=\"container\" data-e-type=\"container\">\n\t\t\t\t<div class=\"elementor-element elementor-element-7b49a73 elementor-widget elementor-widget-wd_banner\" data-id=\"7b49a73\" data-element_type=\"widget\" data-e-type=\"widget\" data-widget_type=\"wd_banner.default\">\n\t\t\t\t<div class=\"elementor-widget-container\">\n\t\t\t\t\t\t\t<div class=\"promo-banner-wrapper\">\n\t\t\t<div class=\"promo-banner banner-mask banner-hover-zoom color-scheme-light banner-btn-size-default banner-btn-style-default wd-with-link\">\n\t\t\t\t<div class=\"main-wrapp-img\">\n\t\t\t\t\t<div class=\"banner-image\">\n\t\t\t\t\t\t\t\t\t\t\t\t\t\t\t\t\t\t\t\t\t<img decoding=\"async\" width=\"660\" height=\"360\" src=\"https:\/\/spcdn.shortpixel.ai\/spio\/ret_img,q_cdnize,to_webp,s_webp\/novavape.de\/wp-content\/uploads\/2023\/04\/wd-furniture-gift-card-opt.jpg\" class=\"attachment-full size-full\" alt=\"\" \/>\t\t\t\t\t\t\t\t\t\t\t\t\t\t\t\t\t\t<\/div>\n\t\t\t\t<\/div>\n\n\t\t\t\t<div class=\"wrapper-content-banner wd-fill wd-items-middle wd-justify-center\">\n\t\t\t\t\t<div class=\"content-banner  text-center\">\n\t\t\t\t\t\t\t\t\t\t\t\t\t\n\t\t\t\t\t\t\t<div class=\"banner-subtitle subtitle-style-default subtitle-color-default wd-fontsize-m\" data-elementor-setting-key=\"subtitle\">\n\t\t\t\t\t\t\t\tWOODMART\t\t\t\t\t\t\t<\/div>\n\t\t\t\t\t\t\n\t\t\t\t\t\t\t\t\t\t\t\t\t<h4 class=\"banner-title wd-fontsize-xxl\" data-elementor-setting-key=\"title\">\n\t\t\t\t\t\t\t\tKarta podarunkowa\t\t\t\t\t\t\t<\/h4>\n\t\t\t\t\t\t\n\t\t\t\t\t\t\n\t\t\t\t\t\t\n\t\t\t\t\t\t\t\t\t\t\t<\/div>\n\t\t\t\t<\/div>\n\n\t\t\t\t\t\t\t\t\t<a href=\"https:\/\/novavape.de\/pl\/product\/gift-card\/\" class=\"wd-promo-banner-link wd-fill\" aria-label=\"Banner link\"><\/a>\n\t\t\t\t\t\t\t<\/div>\n\t\t<\/div>\n\t\t\t\t\t\t<\/div>\n\t\t\t\t<\/div>\n\t\t\t\t<div class=\"elementor-element elementor-element-ef9b7f8 elementor-widget elementor-widget-wd_text_block\" data-id=\"ef9b7f8\" data-element_type=\"widget\" data-e-type=\"widget\" data-widget_type=\"wd_text_block.default\">\n\t\t\t\t<div class=\"elementor-widget-container\">\n\t\t\t\t\t\t\t<div class=\"wd-text-block reset-last-child text-center\">\n\t\t\t\n\t\t\t<p>Zakup w sklepie i gotowe do podarowania! Wystarczy wybra\u0107 warto\u015b\u0107 karty.<\/p><p><span style=\"color: #333333\"><strong>Kup karty podarunkowe o warto\u015bci do 500 euro.<\/strong><\/span><\/p>\n\t\t\t\t\t<\/div>\n\t\t\t\t\t\t<\/div>\n\t\t\t\t<\/div>\n\t\t\t\t<div class=\"elementor-element elementor-element-9b74b01 elementor-widget elementor-widget-wd_button\" data-id=\"9b74b01\" data-element_type=\"widget\" data-e-type=\"widget\" data-widget_type=\"wd_button.default\">\n\t\t\t\t<div class=\"elementor-widget-container\">\n\t\t\t\t\t\t\t<div class=\"wd-button-wrapper text-center\" >\n\t\t\t<a class=\"btn btn-style-default btn-shape-round btn-size-default btn-color-primary btn-icon-pos-right\"  href=\"https:\/\/novavape.de\/pl\/product\/gift-card\/\">\n\t\t\t\t<span class=\"wd-btn-text\" data-elementor-setting-key=\"text\">\n\t\t\t\t\tKup teraz\t\t\t\t<\/span>\n\n\t\t\t\t\t\t\t\t\t<span class=\"wd-btn-icon\">\n\t\t\t\t\t\t<img decoding=\"async\"  src=\"https:\/\/spcdn.shortpixel.ai\/spio\/ret_img,q_cdnize,to_webp,s_webp\/novavape.de\/wp-content\/uploads\/2023\/04\/wd-furniture-long-arrow-white.svg\" title=\"wd-furniture-long-arrow-white\" loading=\"lazy\" width=\"16\" height=\"17\">\t\t\t\t\t<\/span>\n\t\t\t\t\t\t\t<\/a>\n\t\t<\/div>\n\t\t\t\t\t\t<\/div>\n\t\t\t\t<\/div>\n\t\t\t\t<\/div>\n\t\t\t\t\t<\/div>\n\t\t\t\t<\/div>\n\t\t<div class=\"wd-negative-gap elementor-element elementor-element-819877e e-flex e-con-boxed e-con e-parent\" data-id=\"819877e\" data-element_type=\"container\" data-e-type=\"container\">\n\t\t\t\t\t<div class=\"e-con-inner\">\n\t\t\t\t<div class=\"elementor-element elementor-element-c78966d wd-width-100 elementor-widget elementor-widget-wd_title\" data-id=\"c78966d\" data-element_type=\"widget\" data-e-type=\"widget\" data-widget_type=\"wd_title.default\">\n\t\t\t\t<div class=\"elementor-widget-container\">\n\t\t\t\t\t\t\t<div class=\"title-wrapper wd-set-mb reset-last-child wd-title-color-default wd-title-style-default wd-title-size-default text-center\">\n\n\t\t\t\n\t\t\t<div class=\"liner-continer\">\n\t\t\t\t<h4 class=\"woodmart-title-container title wd-fontsize-l\">Je\u015bli nie mo\u017cesz zdecydowa\u0107 si\u0119 na idealny prezent, pozw\u00f3l im wybra\u0107 dzi\u0119ki karcie podarunkowej WoodMart.<\/h4> \n\t\t\t\t\t\t\t<\/div>\n\n\t\t\t\t\t\t\t<div class=\"title-after_title reset-last-child wd-fontsize-xs\">\n\t\t\t\t\t<p>Karta podarunkowa WoodMart to nic trudnego! Po prostu wybierz warto\u015b\u0107 karty, a Twoi przyjaciele lub rodzina mog\u0105 dosta\u0107 dok\u0142adnie to, czego chc\u0105! Jest to idealne rozwi\u0105zanie na zako\u0144czenie szko\u0142y, \u015bwi\u0119ta, powr\u00f3t na studia, baby shower, wesela i prezenty z okazji ocieplenia domu. Dost\u0119pne w przyrostach od 5 \u20ac do 1 000 \u20ac.<\/p>\t\t\t\t<\/div>\n\t\t\t\t\t<\/div>\n\t\t\t\t\t\t<\/div>\n\t\t\t\t<\/div>\n\t\t\t\t<div class=\"elementor-element elementor-element-53502b7 wd-width-100 elementor-widget elementor-widget-wd_title\" data-id=\"53502b7\" data-element_type=\"widget\" data-e-type=\"widget\" data-widget_type=\"wd_title.default\">\n\t\t\t\t<div class=\"elementor-widget-container\">\n\t\t\t\t\t\t\t<div class=\"title-wrapper wd-set-mb reset-last-child wd-title-color-default wd-title-style-default wd-title-size-large text-left\">\n\n\t\t\t\n\t\t\t<div class=\"liner-continer\">\n\t\t\t\t<h4 class=\"woodmart-title-container title wd-fontsize-xxl\">Cz\u0119sto zadawane pytania<\/h4> \n\t\t\t\t\t\t\t<\/div>\n\n\t\t\t\t\t<\/div>\n\t\t\t\t\t\t<\/div>\n\t\t\t\t<\/div>\n\t\t\t\t<div class=\"elementor-element elementor-element-a7650a6 elementor-widget elementor-widget-wd_accordion\" data-id=\"a7650a6\" data-element_type=\"widget\" data-e-type=\"widget\" data-widget_type=\"wd_accordion.default\">\n\t\t\t\t<div class=\"elementor-widget-container\">\n\t\t\t\t\t\n\t\t<div class=\"wd-accordion wd-style-default wd-titles-left wd-opener-pos-right wd-opener-style-arrow\" data-state=\"all_closed\">\n\t\t\t\t\t\t\t\n\t\t\t\t<div class=\"wd-accordion-item\">\n\t\t\t\t\t<div class=\"wd-accordion-title wd-role-btn\" data-accordion-index=\"0\" tabindex=\"0\">\n\t\t\t\t\t\t<div class=\"wd-accordion-title-text\">\n\t\t\t\t\t\t\t\t\t\t\t\t\t\t<span>\n\t\t\t\t\t\t\t\tJaka jest r\u00f3\u017cnica mi\u0119dzy e-Kart\u0105 Podarunkow\u0105 a fizyczn\u0105 Kart\u0105 Podarunkow\u0105?\t\t\t\t\t\t\t<\/span>\n\t\t\t\t\t\t<\/div>\n\t\t\t\t\t\t<span class=\"wd-accordion-opener\"><\/span>\n\t\t\t\t\t<\/div>\n\n\t\t\t\t\t<div class=\"wd-accordion-content wd-entry-content\" data-accordion-index=\"0\">\n\t\t\t\t\t\t\t\t\t\t\t\t\t\n\t\t\t\t\t\t\t<p>Pozornie elegancki projekt mo\u017ce szybko zacz\u0105\u0107 nadyma\u0107 si\u0119 nieoczekiwan\u0105 zawarto\u015bci\u0105 lub z\u0142ama\u0107 si\u0119 pod ci\u0119\u017carem rzeczywistej aktywno\u015bci. Fa\u0142szywe dane mog\u0105 zapewni\u0107 \u0142adnie wygl\u0105daj\u0105cy uk\u0142ad, ale nie odzwierciedlaj\u0105 tego, co musi znie\u015b\u0107 \u017cywa, oddychaj\u0105ca aplikacja. Prawdziwe dane to robi\u0105.<\/p>\n\t\t\t\t\t\t\t\t\t\t\t\t\t\t\t\t\t\t<\/div>\n\t\t\t\t<\/div>\n\t\t\t\t\t\t\t\n\t\t\t\t<div class=\"wd-accordion-item\">\n\t\t\t\t\t<div class=\"wd-accordion-title wd-role-btn\" data-accordion-index=\"1\" tabindex=\"0\">\n\t\t\t\t\t\t<div class=\"wd-accordion-title-text\">\n\t\t\t\t\t\t\t\t\t\t\t\t\t\t<span>\n\t\t\t\t\t\t\t\tCzy musz\u0119 u\u017cy\u0107 karty podarunkowej za jednym razem?\t\t\t\t\t\t\t<\/span>\n\t\t\t\t\t\t<\/div>\n\t\t\t\t\t\t<span class=\"wd-accordion-opener\"><\/span>\n\t\t\t\t\t<\/div>\n\n\t\t\t\t\t<div class=\"wd-accordion-content wd-entry-content\" data-accordion-index=\"1\">\n\t\t\t\t\t\t\t\t\t\t\t\t\t\n\t\t\t\t\t\t\t<p>Strony internetowe w profesjonalnych systemach szablon\u00f3w. Komercyjne platformy wydawnicze i systemy zarz\u0105dzania tre\u015bci\u0105 zapewniaj\u0105 mo\u017cliwo\u015b\u0107 wy\u015bwietlania r\u00f3\u017cnych tekst\u00f3w, r\u00f3\u017cnych danych przy u\u017cyciu tego samego szablonu. Gdy chodzi o kontrolowanie setek artyku\u0142\u00f3w, stron produktowych dla sklep\u00f3w internetowych.<\/p>\n\t\t\t\t\t\t\t\t\t\t\t\t\t\t\t\t\t\t<\/div>\n\t\t\t\t<\/div>\n\t\t\t\t\t\t\t\n\t\t\t\t<div class=\"wd-accordion-item\">\n\t\t\t\t\t<div class=\"wd-accordion-title wd-role-btn\" data-accordion-index=\"2\" tabindex=\"0\">\n\t\t\t\t\t\t<div class=\"wd-accordion-title-text\">\n\t\t\t\t\t\t\t\t\t\t\t\t\t\t<span>\n\t\t\t\t\t\t\t\tKiedy otrzymam elektroniczn\u0105 kart\u0119 podarunkow\u0105?\t\t\t\t\t\t\t<\/span>\n\t\t\t\t\t\t<\/div>\n\t\t\t\t\t\t<span class=\"wd-accordion-opener\"><\/span>\n\t\t\t\t\t<\/div>\n\n\t\t\t\t\t<div class=\"wd-accordion-content wd-entry-content\" data-accordion-index=\"2\">\n\t\t\t\t\t\t\t\t\t\t\t\t\t\n\t\t\t\t\t\t\t<p>Je\u015bli kopia staje si\u0119 rozpraszaj\u0105ca w projekcie, oznacza to, \u017ce robisz co\u015b \u017ale lub omawiasz zmiany w kopii. Mo\u017ce to by\u0107 nieco irytuj\u0105ce, ale mo\u017cesz im powiedzie\u0107, \u017ce ta dyskusja b\u0119dzie najlepsza na inny czas. W najgorszym przypadku dyskusja przynajmniej zmierza do ostatecznego celu witryny, podczas gdy pytania o lorem ipsum nie.<\/p>\n\t\t\t\t\t\t\t\t\t\t\t\t\t\t\t\t\t\t<\/div>\n\t\t\t\t<\/div>\n\t\t\t\t\t\t\t\n\t\t\t\t<div class=\"wd-accordion-item\">\n\t\t\t\t\t<div class=\"wd-accordion-title wd-role-btn\" data-accordion-index=\"3\" tabindex=\"0\">\n\t\t\t\t\t\t<div class=\"wd-accordion-title-text\">\n\t\t\t\t\t\t\t\t\t\t\t\t\t\t<span>\n\t\t\t\t\t\t\t\tCzy mog\u0119 r\u00f3wnie\u017c znale\u017a\u0107 te karty podarunkowe u sprzedawc\u00f3w detalicznych?\t\t\t\t\t\t\t<\/span>\n\t\t\t\t\t\t<\/div>\n\t\t\t\t\t\t<span class=\"wd-accordion-opener\"><\/span>\n\t\t\t\t\t<\/div>\n\n\t\t\t\t\t<div class=\"wd-accordion-content wd-entry-content\" data-accordion-index=\"3\">\n\t\t\t\t\t\t\t\t\t\t\t\t\t\n\t\t\t\t\t\t\t<p>Pozornie elegancki projekt mo\u017ce szybko zacz\u0105\u0107 nadyma\u0107 si\u0119 nieoczekiwan\u0105 zawarto\u015bci\u0105 lub z\u0142ama\u0107 si\u0119 pod ci\u0119\u017carem rzeczywistej aktywno\u015bci. Fa\u0142szywe dane mog\u0105 zapewni\u0107 \u0142adnie wygl\u0105daj\u0105cy uk\u0142ad, ale nie odzwierciedlaj\u0105 tego, co musi znie\u015b\u0107 \u017cywa, oddychaj\u0105ca aplikacja. Prawdziwe dane to robi\u0105.<\/p>\n\t\t\t\t\t\t\t\t\t\t\t\t\t\t\t\t\t\t<\/div>\n\t\t\t\t<\/div>\n\t\t\t\t\t\t\t\n\t\t\t\t<div class=\"wd-accordion-item\">\n\t\t\t\t\t<div class=\"wd-accordion-title wd-role-btn\" data-accordion-index=\"4\" tabindex=\"0\">\n\t\t\t\t\t\t<div class=\"wd-accordion-title-text\">\n\t\t\t\t\t\t\t\t\t\t\t\t\t\t<span>\n\t\t\t\t\t\t\t\tIle kart podarunkowych mog\u0119 kupi\u0107 jednocze\u015bnie?\t\t\t\t\t\t\t<\/span>\n\t\t\t\t\t\t<\/div>\n\t\t\t\t\t\t<span class=\"wd-accordion-opener\"><\/span>\n\t\t\t\t\t<\/div>\n\n\t\t\t\t\t<div class=\"wd-accordion-content wd-entry-content\" data-accordion-index=\"4\">\n\t\t\t\t\t\t\t\t\t\t\t\t\t\n\t\t\t\t\t\t\t<p>Strony internetowe w profesjonalnych systemach szablon\u00f3w. Komercyjne platformy wydawnicze i systemy zarz\u0105dzania tre\u015bci\u0105 zapewniaj\u0105 mo\u017cliwo\u015b\u0107 wy\u015bwietlania r\u00f3\u017cnych tekst\u00f3w, r\u00f3\u017cnych danych przy u\u017cyciu tego samego szablonu. Gdy chodzi o kontrolowanie setek artyku\u0142\u00f3w, stron produktowych dla sklep\u00f3w internetowych.<\/p>\n\t\t\t\t\t\t\t\t\t\t\t\t\t\t\t\t\t\t<\/div>\n\t\t\t\t<\/div>\n\t\t\t\t\t<\/div>\n\t\t\t\t\t\t<\/div>\n\t\t\t\t<\/div>\n\t\t\t\t<div class=\"elementor-element elementor-element-b484ca8 elementor-widget elementor-widget-wd_text_block\" data-id=\"b484ca8\" data-element_type=\"widget\" data-e-type=\"widget\" data-widget_type=\"wd_text_block.default\">\n\t\t\t\t<div class=\"elementor-widget-container\">\n\t\t\t\t\t\t\t<div class=\"wd-text-block reset-last-child text-center\">\n\t\t\t\n\t\t\t<p>Je\u015bli chcesz uzyska\u0107 wi\u0119cej informacji na temat kart podarunkowych <a href=\"https:\/\/novavape.de\/pl\/contact-us\/\">Skontaktuj si\u0119 z nami<\/a><\/p>\n\t\t\t\t\t<\/div>\n\t\t\t\t\t\t<\/div>\n\t\t\t\t<\/div>\n\t\t\t\t\t<\/div>\n\t\t\t\t<\/div>\n\t\t\t\t<\/div>","protected":false},"excerpt":{"rendered":"<p>WOODMART e-Gift card Purchase online and the e-Gift Card is sent straight to their inbox! Purchase e-Gift Cards up to<\/p>","protected":false},"author":1,"featured_media":0,"parent":0,"menu_order":0,"comment_status":"closed","ping_status":"closed","template":"","meta":{"footnotes":""},"class_list":["post-27","page","type-page","status-publish","hentry"],"_links":{"self":[{"href":"https:\/\/novavape.de\/pl\/wp-json\/wp\/v2\/pages\/27","targetHints":{"allow":["GET"]}}],"collection":[{"href":"https:\/\/novavape.de\/pl\/wp-json\/wp\/v2\/pages"}],"about":[{"href":"https:\/\/novavape.de\/pl\/wp-json\/wp\/v2\/types\/page"}],"author":[{"embeddable":true,"href":"https:\/\/novavape.de\/pl\/wp-json\/wp\/v2\/users\/1"}],"replies":[{"embeddable":true,"href":"https:\/\/novavape.de\/pl\/wp-json\/wp\/v2\/comments?post=27"}],"version-history":[{"count":0,"href":"https:\/\/novavape.de\/pl\/wp-json\/wp\/v2\/pages\/27\/revisions"}],"wp:attachment":[{"href":"https:\/\/novavape.de\/pl\/wp-json\/wp\/v2\/media?parent=27"}],"curies":[{"name":"wp","href":"https:\/\/api.w.org\/{rel}","templated":true}]}}