{"id":1659,"date":"2025-11-18T05:04:03","date_gmt":"2025-11-18T04:04:03","guid":{"rendered":"https:\/\/novavape.de\/?page_id=1659"},"modified":"2025-11-18T05:04:04","modified_gmt":"2025-11-18T04:04:04","slug":"versand-und-lieferung","status":"publish","type":"page","link":"https:\/\/novavape.de\/pl\/versand-und-lieferung\/","title":{"rendered":"Wysy\u0142ka i dostawa"},"content":{"rendered":"<h1 class=\"wp-block-heading\">Wysy\u0142ka i dostawa<\/h1>\n\n\n\n<h2 class=\"wp-block-heading\">Przetwarzanie i wysy\u0142ka zam\u00f3wie\u0144<\/h2>\n\n\n\n<p>Zam\u00f3wienie zostanie przetworzone i wys\u0142ane w ci\u0105gu 1-5 dni roboczych. Zwykle czas dostawy wynosi 10-15 dni roboczych. Nale\u017cy pami\u0119ta\u0107, \u017ce przesy\u0142ki nie s\u0105 realizowane w weekendy i oficjalne \u015bwi\u0119ta pa\u0144stwowe.<\/p>\n\n\n\n<h2 class=\"wp-block-heading\">\u015aledzenie przesy\u0142ek<\/h2>\n\n\n\n<p>Po wys\u0142aniu zam\u00f3wienia wy\u015blemy wiadomo\u015b\u0107 e-mail z numerem przesy\u0142ki. Aktualny status wysy\u0142ki przesy\u0142ki mo\u017cna sprawdzi\u0107 na nast\u0119puj\u0105cej stronie internetowej:<\/p>\n\n\n\n<p>Nale\u017cy pami\u0119ta\u0107, \u017ce aktualizacja informacji o \u015bledzeniu przesy\u0142ki na stronie internetowej mo\u017ce potrwa\u0107 od 3 do 7 dni po wysy\u0142ce.<\/p>\n\n\n\n<h2 class=\"wp-block-heading\">Zmiany i anulowanie zam\u00f3wienia<\/h2>\n\n\n\n<p>Zam\u00f3wienie mo\u017cna anulowa\u0107 lub zmieni\u0107 adres dostawy w dowolnym momencie przed wysy\u0142k\u0105. Po wys\u0142aniu zam\u00f3wienia niestety nie jest ju\u017c mo\u017cliwe przetwarzanie zwrot\u00f3w ani zmian adresu.<\/p>\n\n\n\n<h2 class=\"wp-block-heading\">Odprawa celna i op\u0142aty celne<\/h2>\n\n\n\n<p>Oferujemy wysy\u0142k\u0119 DDP (Delivered Duty Paid) dla nast\u0119puj\u0105cych kraj\u00f3w i region\u00f3w. W przypadku przesy\u0142ek DDP nie trzeba p\u0142aci\u0107 za odpraw\u0119 celn\u0105 ani c\u0142o. (Przepis ten nie ma zastosowania do wszystkich kraj\u00f3w - prosimy o zapoznanie si\u0119 z aktualnymi warunkami)<\/p>\n\n\n\n<p><strong>Opcje wysy\u0142ki DDP wed\u0142ug regionu:<\/strong><\/p>\n\n\n\n<ul class=\"wp-block-list\">\n<li><strong>USA:<\/strong> Wysy\u0142ka za po\u015brednictwem UPS (z wyj\u0105tkiem Alaski i Hawaj\u00f3w)<\/li>\n\n\n\n<li><strong>Australia:<\/strong> Wysy\u0142ka za po\u015brednictwem Australia Post<\/li>\n\n\n\n<li><strong>Wielka Brytania:<\/strong> Wysy\u0142ka za po\u015brednictwem DPD Express (lokalnie)<\/li>\n\n\n\n<li><strong>Europa:<\/strong> Wysy\u0142ka za po\u015brednictwem DHL Express \/ DPD Express<\/li>\n<\/ul>\n\n\n\n<p><strong>Wa\u017cna uwaga:<\/strong> DDP nie jest dost\u0119pny w niekt\u00f3rych krajach o szczeg\u00f3lnie surowych przepisach celnych, w tym w: Dania, Australia, Norwegia, Szwajcaria<\/p>\n\n\n\n<h2 class=\"wp-block-heading\">Dalsze wa\u017cne uwagi<\/h2>\n\n\n\n<p>W przypadku niekt\u00f3rych odleg\u0142ych region\u00f3w mog\u0105 obowi\u0105zywa\u0107 dodatkowe koszty i d\u0142u\u017cszy czas dostawy. Do\u0142o\u017cymy wszelkich stara\u0144, aby zam\u00f3wienie dotar\u0142o na czas.<\/p>\n\n\n\n<h2 class=\"wp-block-heading\">Obs\u0142uga klienta<\/h2>\n\n\n\n<p>W razie jakichkolwiek pyta\u0144 lub specjalnych \u017cycze\u0144 nasz zesp\u00f3\u0142 jest zawsze dost\u0119pny pod adresem erol.esila.emir@gmail.com. Staramy si\u0119 oferowa\u0107 us\u0142ugi najwy\u017cszej klasy.<\/p>","protected":false},"excerpt":{"rendered":"<p>Realizacja i wysy\u0142ka zam\u00f3wienia Zam\u00f3wienie zostanie zrealizowane i wys\u0142ane w ci\u0105gu 1-5 dni roboczych. Zazwyczaj<\/p>","protected":false},"author":1,"featured_media":0,"parent":0,"menu_order":0,"comment_status":"closed","ping_status":"closed","template":"","meta":{"footnotes":""},"class_list":["post-1659","page","type-page","status-publish","hentry"],"_links":{"self":[{"href":"https:\/\/novavape.de\/pl\/wp-json\/wp\/v2\/pages\/1659","targetHints":{"allow":["GET"]}}],"collection":[{"href":"https:\/\/novavape.de\/pl\/wp-json\/wp\/v2\/pages"}],"about":[{"href":"https:\/\/novavape.de\/pl\/wp-json\/wp\/v2\/types\/page"}],"author":[{"embeddable":true,"href":"https:\/\/novavape.de\/pl\/wp-json\/wp\/v2\/users\/1"}],"replies":[{"embeddable":true,"href":"https:\/\/novavape.de\/pl\/wp-json\/wp\/v2\/comments?post=1659"}],"version-history":[{"count":0,"href":"https:\/\/novavape.de\/pl\/wp-json\/wp\/v2\/pages\/1659\/revisions"}],"wp:attachment":[{"href":"https:\/\/novavape.de\/pl\/wp-json\/wp\/v2\/media?parent=1659"}],"curies":[{"name":"wp","href":"https:\/\/api.w.org\/{rel}","templated":true}]}}