{"id":1652,"date":"2025-11-18T04:47:58","date_gmt":"2025-11-18T03:47:58","guid":{"rendered":"https:\/\/novavape.de\/?page_id=1652"},"modified":"2025-11-18T04:48:00","modified_gmt":"2025-11-18T03:48:00","slug":"nutzungsbedingungen","status":"publish","type":"page","link":"https:\/\/novavape.de\/pl\/nutzungsbedingungen\/","title":{"rendered":"Warunki u\u017cytkowania"},"content":{"rendered":"<h1 class=\"wp-block-heading\">Warunki u\u017cytkowania<\/h1>\n\n\n\n<p>Witamy w novavape! Prosimy o uwa\u017cne przeczytanie poni\u017cszego regulaminu przed rozpocz\u0119ciem korzystania z naszej strony internetowej (novavape.de). Odwiedzaj\u0105c nasz\u0105 platform\u0119 i korzystaj\u0105c z niej, u\u017cytkownik akceptuje niniejszy regulamin i obowi\u0105zuj\u0105ce przepisy prawne. Je\u015bli nie zgadzasz si\u0119 z tymi warunkami, prosimy o powstrzymanie si\u0119 od korzystania z naszej strony internetowej.<\/p>\n\n\n\n<h2 class=\"wp-block-heading\">Rejestracja i zarz\u0105dzanie kontem<\/h2>\n\n\n\n<p>U\u017cytkownicy maj\u0105 mo\u017cliwo\u015b\u0107 utworzenia konta u\u017cytkownika w novavape. U\u017cytkownik ponosi pe\u0142n\u0105 odpowiedzialno\u015b\u0107 za wszystkie transakcje przeprowadzane za po\u015brednictwem jego konta. Obejmuje to bezpieczne przechowywanie danych dost\u0119pu i wszystkie dzia\u0142ania wykonywane za po\u015brednictwem konta.<\/p>\n\n\n\n<h2 class=\"wp-block-heading\">Tworzenie i przesy\u0142anie tre\u015bci<\/h2>\n\n\n\n<p>U\u017cytkownicy mog\u0105 tworzy\u0107 i\/lub publikowa\u0107 w\u0142asne tre\u015bci na naszej platformie (np. teksty lub obrazy). U\u017cytkownik niniejszym gwarantuje, \u017ce wszystkie tre\u015bci przes\u0142ane przez niego nie naruszaj\u0105 \u017cadnych praw os\u00f3b trzecich, w szczeg\u00f3lno\u015bci praw autorskich lub innych praw w\u0142asno\u015bci intelektualnej.<\/p>\n\n\n\n<h2 class=\"wp-block-heading\">Zakup produkt\u00f3w<\/h2>\n\n\n\n<p>U\u017cytkownicy mog\u0105 kupowa\u0107 towary, artyku\u0142y lub us\u0142ugi za po\u015brednictwem naszej strony internetowej (p\u0142atno\u015b\u0107 jednorazowa). Mo\u017cemy r\u00f3wnie\u017c dostarczy\u0107 niewi\u0105\u017c\u0105ce wersje pr\u00f3bne.<\/p>\n\n\n\n<h2 class=\"wp-block-heading\">Prawa w\u0142asno\u015bci i w\u0142asno\u015b\u0107 intelektualna<\/h2>\n\n\n\n<p>Ca\u0142a zawarto\u015b\u0107 naszej strony internetowej (w tym logo, projekt graficzny, nazwy marek itp.) jest w\u0142asno\u015bci\u0105 novavape. Wykorzystywanie, powielanie lub rozpowszechnianie tych tre\u015bci jest zabronione bez wyra\u017anej zgody.<\/p>\n\n\n\n<h2 class=\"wp-block-heading\">Opinie u\u017cytkownik\u00f3w<\/h2>\n\n\n\n<p>Opinie i sugestie u\u017cytkownik\u00f3w mog\u0105 by\u0107 przez nas wykorzystywane bez wynagrodzenia. Zastrzegamy sobie prawo do wdro\u017cenia wszelkich otrzymanych sugestii lub opinii wed\u0142ug w\u0142asnego uznania.<\/p>\n\n\n\n<h2 class=\"wp-block-heading\">Kampanie marketingowe, konkursy i losowania<\/h2>\n\n\n\n<p>Od czasu do czasu oferujemy promocje, konkursy lub losowania nagr\u00f3d. Szczeg\u00f3\u0142owe warunki uczestnictwa s\u0105 okre\u015blone na odpowiednich stronach promocyjnych.<\/p>\n\n\n\n<h2 class=\"wp-block-heading\">Podstawa prawna<\/h2>\n\n\n\n<p>Korzystanie z niniejszej strony internetowej podlega prawu Hongkongu, bez wzgl\u0119du na przepisy kolizyjne. Wszelkie spory prawne zwi\u0105zane z niniejsz\u0105 witryn\u0105 b\u0119d\u0105 rozstrzygane przez w\u0142a\u015bciwe s\u0105dy w Hongkongu. Wszelkie roszczenia zwi\u0105zane z niniejsz\u0105 Platform\u0105 musz\u0105 zosta\u0107 wniesione w ci\u0105gu dwunastu miesi\u0119cy od ich powstania. Nieegzekwowanie przez novavape poszczeg\u00f3lnych postanowie\u0144 nie stanowi zrzeczenia si\u0119 praw. novavape jest upowa\u017cniona do przeniesienia praw i obowi\u0105zk\u00f3w wynikaj\u0105cych z niniejszej umowy bez uprzedniego powiadomienia.<\/p>\n\n\n\n<h2 class=\"wp-block-heading\">Zwolnienie z roszcze\u0144 z tytu\u0142u odpowiedzialno\u015bci<\/h2>\n\n\n\n<p>U\u017cytkownik zgadza si\u0119 zabezpieczy\u0107 novavape i jej us\u0142ugodawc\u00f3w przed wszelkimi stratami, wydatkami, szkodami i kosztami wynikaj\u0105cymi z naruszenia niniejszych warunk\u00f3w lub z jakichkolwiek dzia\u0142a\u0144 zwi\u0105zanych z kontem u\u017cytkownika.<\/p>\n\n\n\n<h2 class=\"wp-block-heading\">Linki do stron zewn\u0119trznych<\/h2>\n\n\n\n<p>novavape mo\u017ce udost\u0119pnia\u0107 \u0142\u0105cza do stron internetowych os\u00f3b trzecich, aby umo\u017cliwi\u0107 u\u017cytkownikom dost\u0119p do dodatkowych informacji. Nie mamy kontroli nad tymi zewn\u0119trznymi platformami i nie ponosimy odpowiedzialno\u015bci za ich zawarto\u015b\u0107 lub zachowanie.<\/p>\n\n\n\n<h2 class=\"wp-block-heading\">Zako\u0144czenie u\u017cytkowania<\/h2>\n\n\n\n<p>Niniejsza umowa obowi\u0105zuje od momentu uzyskania dost\u0119pu do strony internetowej lub zako\u0144czenia procesu rejestracji lub zakupu. novavape zastrzega sobie prawo do anulowania niniejszych warunk\u00f3w lub ich cz\u0119\u015bci w dowolnym momencie i bez podania przyczyny oraz bez wcze\u015bniejszego powiadomienia. Niekt\u00f3re postanowienia (w tym prawa autorskie, prawa do znak\u00f3w towarowych, ograniczenia odpowiedzialno\u015bci, postanowienia dotycz\u0105ce odszkodowa\u0144 i inne klauzule) pozostaj\u0105 w mocy nawet po rozwi\u0105zaniu umowy.<\/p>\n\n\n\n<h2 class=\"wp-block-heading\">Zgodno\u015b\u0107 z przepisami UE i USA<\/h2>\n\n\n\n<p>Prosimy o potwierdzenie, \u017ce u\u017cytkownik nie znajduje si\u0119 w kraju obj\u0119tym embargiem na\u0142o\u017conym przez UE lub rz\u0105d Stan\u00f3w Zjednoczonych oraz \u017ce u\u017cytkownik nie znajduje si\u0119 na li\u015bcie os\u00f3b obj\u0119tych ograniczeniami na\u0142o\u017conymi przez rz\u0105d Stan\u00f3w Zjednoczonych. Nie ponosimy \u017cadnej odpowiedzialno\u015bci za te ograniczenia po wysy\u0142ce.<\/p>\n\n\n\n<h2 class=\"wp-block-heading\">Wy\u0142\u0105czenie odpowiedzialno\u015bci z tytu\u0142u gwarancji<\/h2>\n\n\n\n<p>Nasza witryna internetowa oraz udost\u0119pniane materia\u0142y i produkty s\u0105 dostarczane bez jakiejkolwiek gwarancji, wyra\u017anej lub dorozumianej. novavape nie udziela \u017cadnych gwarancji, w tym mi\u0119dzy innymi gwarancji przydatno\u015bci handlowej, przydatno\u015bci do okre\u015blonego celu lub nienaruszania praw. novavape nie gwarantuje, \u017ce dzia\u0142anie witryny b\u0119dzie nieprzerwane lub wolne od b\u0142\u0119d\u00f3w, \u017ce usterki zostan\u0105 naprawione lub \u017ce platforma jest wolna od szkodliwych element\u00f3w. Nie ponosimy odpowiedzialno\u015bci za dok\u0142adno\u015b\u0107, aktualno\u015b\u0107 ani wiarygodno\u015b\u0107 informacji udost\u0119pnianych na stronie internetowej.<\/p>\n\n\n\n<h2 class=\"wp-block-heading\">T\u0142umaczenia pisemne i ustne<\/h2>\n\n\n\n<p>Niniejsze warunki mog\u0142y zosta\u0107 przet\u0142umaczone na r\u00f3\u017cne j\u0119zyki. W przypadku rozbie\u017cno\u015bci wi\u0105\u017c\u0105ca jest oryginalna wersja angielska.<\/p>\n\n\n\n<h2 class=\"wp-block-heading\">Dostosowanie warunk\u00f3w<\/h2>\n\n\n\n<p>Zastrzegamy sobie prawo do zmiany niniejszych warunk\u00f3w u\u017cytkowania w dowolnym momencie. Aktualizacje b\u0119d\u0105 publikowane na tej stronie i b\u0119d\u0105 obowi\u0105zywa\u0107 od daty publikacji. Zalecamy regularne odwiedzanie tej strony, aby by\u0107 na bie\u017c\u0105co z aktualnymi warunkami u\u017cytkowania.<\/p>\n\n\n\n<h2 class=\"wp-block-heading\">Ograniczenie wiekowe dla zakupu e-papieros\u00f3w<\/h2>\n\n\n\n<p>Zakup lub konsumpcja e-papieros\u00f3w jest surowo zabroniona dla os\u00f3b poni\u017cej 21 roku \u017cycia. Aby chroni\u0107 zdrowie m\u0142odych ludzi, przeprowadzamy \u015bcis\u0142\u0105 weryfikacj\u0119 wieku, aby zapewni\u0107, \u017ce e-papierosy mog\u0105 by\u0107 kupowane wy\u0142\u0105cznie przez osoby pe\u0142noletnie.<\/p>","protected":false},"excerpt":{"rendered":"<p>Warunki u\u017cytkowania Witamy w novavape! Prosimy o uwa\u017cne przeczytanie poni\u017cszych warunk\u00f3w u\u017cytkowania przed rozpocz\u0119ciem korzystania z naszej strony internetowej (novavape.de). Z<\/p>","protected":false},"author":1,"featured_media":0,"parent":0,"menu_order":0,"comment_status":"closed","ping_status":"closed","template":"","meta":{"footnotes":""},"class_list":["post-1652","page","type-page","status-publish","hentry"],"_links":{"self":[{"href":"https:\/\/novavape.de\/pl\/wp-json\/wp\/v2\/pages\/1652","targetHints":{"allow":["GET"]}}],"collection":[{"href":"https:\/\/novavape.de\/pl\/wp-json\/wp\/v2\/pages"}],"about":[{"href":"https:\/\/novavape.de\/pl\/wp-json\/wp\/v2\/types\/page"}],"author":[{"embeddable":true,"href":"https:\/\/novavape.de\/pl\/wp-json\/wp\/v2\/users\/1"}],"replies":[{"embeddable":true,"href":"https:\/\/novavape.de\/pl\/wp-json\/wp\/v2\/comments?post=1652"}],"version-history":[{"count":0,"href":"https:\/\/novavape.de\/pl\/wp-json\/wp\/v2\/pages\/1652\/revisions"}],"wp:attachment":[{"href":"https:\/\/novavape.de\/pl\/wp-json\/wp\/v2\/media?parent=1652"}],"curies":[{"name":"wp","href":"https:\/\/api.w.org\/{rel}","templated":true}]}}