{"id":1639,"date":"2025-11-18T04:37:46","date_gmt":"2025-11-18T03:37:46","guid":{"rendered":"https:\/\/novavape.de\/?page_id=1639"},"modified":"2025-11-18T04:37:50","modified_gmt":"2025-11-18T03:37:50","slug":"ueber-uns","status":"publish","type":"page","link":"https:\/\/novavape.de\/pl\/ueber-uns\/","title":{"rendered":"o nas"},"content":{"rendered":"<h1 class=\"wp-block-heading\">O nas<\/h1>\n\n\n\n<p>Witamy w novavape - zaufanym partnerze w zakresie najwy\u017cszej klasy waporyzator\u00f3w jednorazowych. Jako marka reprezentujemy najwy\u017csz\u0105 jako\u015b\u0107, innowacyjne rozwi\u0105zania i wyj\u0105tkowe wra\u017cenia z waporyzacji. W novavape staramy si\u0119 \u0142\u0105czy\u0107 intensywny smak z najnowocze\u015bniejsz\u0105 technologi\u0105 i wysok\u0105 jako\u015bci\u0105 wykonania.<\/p>\n\n\n\n<h2 class=\"wp-block-heading\">Nasze portfolio produkt\u00f3w<\/h2>\n\n\n\n<p>Nasza oferta obejmuje wiele popularnych marek e-papieros\u00f3w, w tym<\/p>\n\n\n\n<ul class=\"wp-block-list\">\n<li>Fumot Vape<\/li>\n\n\n\n<li>JNR Vape<\/li>\n\n\n\n<li>BANG Vape<\/li>\n\n\n\n<li>Vapme Vape<\/li>\n\n\n\n<li>Elf Box Vape<\/li>\n\n\n\n<li>Uzy Vape<\/li>\n\n\n\n<li>Fizzy Vape<\/li>\n\n\n\n<li>Waspe Vape<\/li>\n\n\n\n<li>Vozol Vape<\/li>\n<\/ul>\n\n\n\n<p>Korzystasz z atrakcyjnych warunk\u00f3w hurtowych, kt\u00f3re z pewno\u015bci\u0105 zrobi\u0105 na Tobie wra\u017cenie. Wszystkie produkty w naszym sklepie s\u0105 oryginalnymi, oryginalnymi produktami, co gwarantuje najwy\u017csze standardy jako\u015bci i beztroskie zakupy. Niezale\u017cnie od tego, czy jeste\u015b sprzedawc\u0105 detalicznym, czy hurtowym - novavape jest w\u0142a\u015bciwym partnerem u Twojego boku.<\/p>\n\n\n\n<h2 class=\"wp-block-heading\">Nasza filozofia<\/h2>\n\n\n\n<p>Kluczem do naszego sukcesu jest kompleksowe zrozumienie potrzeb klient\u00f3w i ci\u0105g\u0142a ch\u0119\u0107 wprowadzania innowacji. Nasze zespo\u0142y rozwojowe s\u0105 zaanga\u017cowane w tworzenie produkt\u00f3w spe\u0142niaj\u0105cych najsurowsze wymogi bezpiecze\u0144stwa i jako\u015bci. Informacje zwrotne od naszych klient\u00f3w s\u0105 dla nas bardzo wa\u017cne - pozwalaj\u0105 nam stale optymalizowa\u0107 nasze produkty i dotrzymywa\u0107 kroku dynamicznym wymaganiom rynku.<\/p>\n\n\n\n<h2 class=\"wp-block-heading\">Wi\u0119cej ni\u017c tylko vape<\/h2>\n\n\n\n<p>novavape to znacznie wi\u0119cej ni\u017c tylko kolejne urz\u0105dzenie do waporyzacji - tworzymy holistyczne do\u015bwiadczenie waporyzacji. Nasza gama jednorazowych e-papieros\u00f3w zosta\u0142a starannie zaprojektowana, aby zapewni\u0107 Ci wyj\u0105tkowe doznania smakowe. Od orze\u017awiaj\u0105cych smak\u00f3w owocowych po klasyczne niuanse tytoniowe i kreatywne kompozycje smakowe - w novavape odkryjesz idealny vape, kt\u00f3ry nie tylko spe\u0142ni Twoje wymagania, ale je przewy\u017cszy.<\/p>\n\n\n\n<h2 class=\"wp-block-heading\">Jako\u015b\u0107 i zr\u00f3wnowa\u017cony rozw\u00f3j<\/h2>\n\n\n\n<p>Nasza obietnica jako\u015bci przejawia si\u0119 w naszym nowoczesnym zak\u0142adzie produkcyjnym, w kt\u00f3rym ka\u017cdy produkt novavape jest wytwarzany z najwy\u017csz\u0105 precyzj\u0105 i uwag\u0105. Zr\u00f3wnowa\u017cony rozw\u00f3j i \u015bwiadomo\u015b\u0107 ekologiczna nie s\u0105 dla nas pustymi s\u0142owami - dlatego tworzymy nasze jednorazowe vape w spos\u00f3b przyjazny dla \u015brodowiska i zgodnie z obowi\u0105zuj\u0105cymi wytycznymi \u015brodowiskowymi.<\/p>\n\n\n\n<h2 class=\"wp-block-heading\">Dzi\u0119kujemy za zaufanie<\/h2>\n\n\n\n<p>Cieszymy si\u0119, \u017ce wybra\u0142e\u015b novavape i nie mo\u017cemy si\u0119 doczeka\u0107, aby towarzyszy\u0107 Ci w podr\u00f3\u017cy przez \u015bwiat waporyzacji. Zanurz si\u0119 we wszech\u015bwiecie novavape - gdzie spotykaj\u0105 si\u0119 najwy\u017csza jako\u015b\u0107, pionierskie innowacje i niezwyk\u0142e doznania smakowe.<\/p>\n\n\n\n<hr class=\"wp-block-separator has-alpha-channel-opacity\"\/>\n\n\n\n<p><strong>Tw\u00f3j zesp\u00f3\u0142 novavape<\/strong><\/p>\n\n\n\n<p><strong>Kontakt:<\/strong> erol.esila.emir@gmail.com<\/p>","protected":false},"excerpt":{"rendered":"<p>O nas Witamy w novavape - zaufanym partnerze w zakresie najwy\u017cszej klasy waporyzator\u00f3w jednorazowych. Jako marka, jeste\u015bmy synonimem najwy\u017cszej jako\u015bci, innowacyjno\u015bci i innowacyjno\u015bci.<\/p>","protected":false},"author":1,"featured_media":0,"parent":0,"menu_order":0,"comment_status":"closed","ping_status":"closed","template":"","meta":{"footnotes":""},"class_list":["post-1639","page","type-page","status-publish","hentry"],"_links":{"self":[{"href":"https:\/\/novavape.de\/pl\/wp-json\/wp\/v2\/pages\/1639","targetHints":{"allow":["GET"]}}],"collection":[{"href":"https:\/\/novavape.de\/pl\/wp-json\/wp\/v2\/pages"}],"about":[{"href":"https:\/\/novavape.de\/pl\/wp-json\/wp\/v2\/types\/page"}],"author":[{"embeddable":true,"href":"https:\/\/novavape.de\/pl\/wp-json\/wp\/v2\/users\/1"}],"replies":[{"embeddable":true,"href":"https:\/\/novavape.de\/pl\/wp-json\/wp\/v2\/comments?post=1639"}],"version-history":[{"count":0,"href":"https:\/\/novavape.de\/pl\/wp-json\/wp\/v2\/pages\/1639\/revisions"}],"wp:attachment":[{"href":"https:\/\/novavape.de\/pl\/wp-json\/wp\/v2\/media?parent=1639"}],"curies":[{"name":"wp","href":"https:\/\/api.w.org\/{rel}","templated":true}]}}