{"id":5615,"date":"2026-01-18T10:47:28","date_gmt":"2026-01-18T09:47:28","guid":{"rendered":"https:\/\/novavape.de\/?post_type=product&#038;p=5615"},"modified":"2026-01-18T10:47:28","modified_gmt":"2026-01-18T09:47:28","slug":"uwin-randm-tornado-beat-35000-strawberry-raspberry-cherry-ice","status":"publish","type":"product","link":"https:\/\/novavape.de\/nl\/product\/uwin-randm-tornado-beat-35000-strawberry-raspberry-cherry-ice\/","title":{"rendered":"Uwin RandM Tornado Beat 35000 Aardbei Framboos Kersenijs"},"content":{"rendered":"<div data-test-render-count=\"2\">\n<div class=\"group\">\n<div class=\"group relative relative pb-3\" data-is-streaming=\"false\">\n<div class=\"font-claude-response relative leading-[1.65rem] [&amp;_pre&gt;div]:bg-bg-000\/50 [&amp;_pre&gt;div]:border-0.5 [&amp;_pre&gt;div]:border-border-400 [&amp;_.ignore-pre-bg&gt;div]:bg-transparent [&amp;_.standard-markdown_:is(p,blockquote,h1,h2,h3,h4,h5,h6)]:pl-2 [&amp;_.standard-markdown_:is(p,blockquote,ul,ol,h1,h2,h3,h4,h5,h6)]:pr-8 [&amp;_.progressive-markdown_:is(p,blockquote,h1,h2,h3,h4,h5,h6)]:pl-2 [&amp;_.progressive-markdown_:is(p,blockquote,ul,ol,h1,h2,h3,h4,h5,h6)]:pr-8\">\n<div>\n<div class=\"standard-markdown grid-cols-1 grid gap-3 [&amp;_&gt;_*]:min-w-0 standard-markdown\">\n<h1 class=\"text-text-100 mt-3 -mb-1 text-[1.375rem] font-bold\">Uwin RandM Tornado Beat 35000 Strawberry Raspberry Cherry Ice Einweg-Vape<\/h1>\n<p class=\"font-claude-response-body break-words whitespace-normal leading-[1.7]\">Der Uwin RandM Tornado Beat 35000 Strawberry Raspberry Cherry Ice pr\u00e4sentiert eine komplexe Beerenmischung aus Erdbeeren, Himbeeren und Kirschen, verfeinert mit erfrischendem K\u00fchleffekt. Mit au\u00dfergew\u00f6hnlichen 35.000 Z\u00fcgen, einem 850-mAh-Akku mit Type-C-Schnellladung und fortschrittlicher 1,0-\u03a9-Mesh-Coil-Technologie bietet dieses Ger\u00e4t Premium-Leistung. Die mehrschichtige Fruchtkomposition wird durch die eisige Note perfekt abgerundet, w\u00e4hrend die musiksynchronen LED-Lichter f\u00fcr Entertainment sorgen. Erh\u00e4ltlich in 0 %, 2 %, 3 % und 5 % Nikotin \u2013 ein Fest f\u00fcr Beerenliebhaber.<\/p>\n<h2 class=\"text-text-100 mt-3 -mb-1 text-[1.125rem] font-bold\">Uwin RandM Tornado Beat 35000 Strawberry Raspberry Cherry Ice \u2013 Dreifacher Beerengenuss:<\/h2>\n<p class=\"font-claude-response-body break-words whitespace-normal leading-[1.7]\">Strawberry Raspberry Cherry Ice vereint drei beliebte Beerenfr\u00fcchte zu einem vielschichtigen Geschmackserlebnis, das durch einen belebenden K\u00fchleffekt komplettiert wird. Die s\u00fc\u00dfen Erdbeeren bilden die Basis, w\u00e4hrend s\u00e4uerliche Himbeeren und intensive Kirschen f\u00fcr Komplexit\u00e4t sorgen. Die eisige Komponente bindet alle Aromen zusammen und verleiht dem Mix eine erfrischende Dimension. Diese anspruchsvolle Kombination spricht Dampfer an, die Abwechslung und Tiefe in ihren Geschmacksprofilen suchen.<\/p>\n<p class=\"font-claude-response-body break-words whitespace-normal leading-[1.7]\">Mit einer beeindruckenden Kapazit\u00e4t von 35.000 Z\u00fcgen setzt der Tornado Beat 35000 Ma\u00dfst\u00e4be in der Kategorie der Einweg-Vapes. Diese au\u00dfergew\u00f6hnliche Reichweite bedeutet, dass Sie das Ger\u00e4t \u00fcber Wochen oder sogar Monate nutzen k\u00f6nnen, bevor ein Austausch n\u00f6tig wird. Der leistungsstarke 850-mAh-Akku mit Type-C-Schnellladetechnologie sorgt daf\u00fcr, dass auch bei intensiver Nutzung keine frustrierenden Pausen entstehen. Einfach aufladen und nahtlos weiterdampfen.<\/p>\n<p class=\"font-claude-response-body break-words whitespace-normal leading-[1.7]\">Die innovative Mesh-Coil-Technologie mit optimal abgestimmtem 1,0-\u03a9-Widerstand extrahiert jede Nuance der komplexen Beerenmischung. Die vergr\u00f6\u00dferte Heizfl\u00e4che erm\u00f6glicht eine gleichm\u00e4\u00dfigere Verdampfung als traditionelle Coils, was sich in reinerem Geschmack und samtweicherem Dampf \u00e4u\u00dfert. Die vier verf\u00fcgbaren Nikotinkonzentrationen (0 %, 2 %, 3 %, 5 %) bieten Flexibilit\u00e4t f\u00fcr unterschiedliche Vorlieben und erm\u00f6glichen sowohl nikotinfreies Dampfen als auch kraftvollere Erlebnisse.<\/p>\n<p class=\"font-claude-response-body break-words whitespace-normal leading-[1.7]\">Das RGB-Beleuchtungssystem mit intelligentem Musik-Beat-Sensor verwandelt dieses Einweg-Vape in ein multisensorisches Unterhaltungsger\u00e4t. Die dynamischen Lichteffekte tanzen synchron zur Musik und schaffen eine einzigartige Atmosph\u00e4re. Das kompakte, stilvolle Design macht den Tornado Beat 35000 zum idealen Begleiter f\u00fcr jeden Anlass \u2013 funktional, unterhaltsam und optisch ansprechend.<\/p>\n<\/div>\n<\/div>\n<\/div>\n<\/div>\n<\/div>\n<\/div>\n<div data-test-render-count=\"1\">\n<div class=\"group\">\n<div class=\"group relative relative pb-3\" data-is-streaming=\"true\">\n<div class=\"font-claude-response relative leading-[1.65rem] [&amp;_pre&gt;div]:bg-bg-000\/50 [&amp;_pre&gt;div]:border-0.5 [&amp;_pre&gt;div]:border-border-400 [&amp;_.ignore-pre-bg&gt;div]:bg-transparent [&amp;_.standard-markdown_:is(p,blockquote,h1,h2,h3,h4,h5,h6)]:pl-2 [&amp;_.standard-markdown_:is(p,blockquote,ul,ol,h1,h2,h3,h4,h5,h6)]:pr-8 [&amp;_.progressive-markdown_:is(p,blockquote,h1,h2,h3,h4,h5,h6)]:pl-2 [&amp;_.progressive-markdown_:is(p,blockquote,ul,ol,h1,h2,h3,h4,h5,h6)]:pr-8\">\n<div class=\"progressive-markdown grid-cols-1 grid [&amp;_&gt;_*]:min-w-0 gap-4 progressive-markdown\">\n<div>\n<div class=\"standard-markdown grid-cols-1 grid gap-3 [&amp;_&gt;_*]:min-w-0\">\n<h2 class=\"text-text-100 mt-3 -mb-1 text-[1.125rem] font-bold\">Technische Spezifikationen:<\/h2>\n<\/div>\n<\/div>\n<div>\n<div class=\"standard-markdown grid-cols-1 grid gap-3 [&amp;_&gt;_*]:min-w-0\">\n<ul class=\"[li_&amp;]:mb-0 [li_&amp;]:mt-1 [li_&amp;]:gap-1 [&amp;:not(:last-child)_ul]:pb-1 [&amp;:not(:last-child)_ol]:pb-1 list-disc flex flex-col gap-1 pl-8 mb-3\">\n<li class=\"whitespace-normal break-words pl-2\"><strong>Geschmack:<\/strong> Strawberry Raspberry Cherry Ice (Erdbeere, Himbeere, Kirsche mit K\u00fchleffekt)<\/li>\n<li class=\"whitespace-normal break-words pl-2\"><strong>Zuganzahl:<\/strong> Circa 35.000<\/li>\n<li class=\"whitespace-normal break-words pl-2\"><strong>Batterie:<\/strong> 850 mAh wiederaufladbarer Kobalt-Akku<\/li>\n<li class=\"whitespace-normal break-words pl-2\"><strong>Ladeanschluss:<\/strong> Type-C<\/li>\n<li class=\"whitespace-normal break-words pl-2\"><strong>Verdampfer:<\/strong> Mesh-Coil (1,0 \u03a9)<\/li>\n<li class=\"whitespace-normal break-words pl-2\"><strong>Nikotingehalt:<\/strong> 0 %, 2 %, 3 %, 5 %<\/li>\n<li class=\"whitespace-normal break-words pl-2\"><strong>Besonderheit:<\/strong> RGB-Beleuchtung mit Musik-Beat-Sensor<\/li>\n<\/ul>\n<\/div>\n<\/div>\n<div>\n<div class=\"standard-markdown grid-cols-1 grid gap-3 [&amp;_&gt;_*]:min-w-0\">\n<h2 class=\"text-text-100 mt-3 -mb-1 text-[1.125rem] font-bold\">Mehr UWIN VAPE bei NovaVape entdecken<\/h2>\n<\/div>\n<\/div>\n<div>\n<div class=\"standard-markdown grid-cols-1 grid gap-3 [&amp;_&gt;_*]:min-w-0\">\n<p class=\"font-claude-response-body break-words whitespace-normal leading-[1.7]\">St\u00f6bern Sie durch unser umfangreiches Angebot bei <strong><a class=\"underline underline underline-offset-2 decoration-1 decoration-current\/40 hover:decoration-current focus:decoration-current\" href=\"https:\/\/novavape.de\">NovaVape<\/a><\/strong> und finden Sie Ihr perfektes Dampfger\u00e4t. Die <strong><a class=\"underline underline underline-offset-2 decoration-1 decoration-current\/40 hover:decoration-current focus:decoration-current\" href=\"https:\/\/novavape.de\/product-category\/uwin-vape\/\">UWIN VAPE Produktreihe<\/a><\/strong> bietet modernste Technologie und Design. Entdecken Sie weitere spannende Aromen in der <strong><a class=\"underline underline underline-offset-2 decoration-1 decoration-current\/40 hover:decoration-current focus:decoration-current\" href=\"https:\/\/novavape.de\/product-category\/uwin-vape\/uwin-randm-tornado-beat-35000\/\">Uwin RandM Tornado Beat 35000 Serie<\/a><\/strong>.<\/p>\n<\/div>\n<\/div>\n<div>\n<div class=\"standard-markdown grid-cols-1 grid gap-3 [&amp;_&gt;_*]:min-w-0\"><\/div>\n<\/div>\n<\/div>\n<\/div>\n<\/div>\n<\/div>\n<\/div>\n","protected":false},"excerpt":{"rendered":"<p class=\"font-claude-response-body break-words whitespace-normal leading-[1.7]\">Der Uwin RandM Tornado Beat 35000 Strawberry Raspberry Cherry Ice vereint Erdbeeren, Himbeeren und Kirschen mit K\u00fchleffekt. Mit 35.000 Z\u00fcgen, 850-mAh-Akku, Type-C-Schnellladung und 1,0-\u03a9-Mesh-Coil f\u00fcr vielschichtigen Geschmack. Musiksynchrone RGB-Lichter. Erh\u00e4ltlich in 0%, 2%, 3%, 5% Nikotin.<\/p>\n","protected":false},"featured_media":5616,"comment_status":"open","ping_status":"closed","template":"","meta":[],"product_brand":[],"product_cat":[101],"product_tag":[],"class_list":{"0":"post-5615","1":"product","2":"type-product","3":"status-publish","4":"has-post-thumbnail","6":"product_cat-uwin-randm-tornado-beat-35000","8":"first","9":"instock","10":"shipping-taxable","11":"purchasable","12":"product-type-variable"},"_links":{"self":[{"href":"https:\/\/novavape.de\/nl\/wp-json\/wp\/v2\/product\/5615","targetHints":{"allow":["GET"]}}],"collection":[{"href":"https:\/\/novavape.de\/nl\/wp-json\/wp\/v2\/product"}],"about":[{"href":"https:\/\/novavape.de\/nl\/wp-json\/wp\/v2\/types\/product"}],"replies":[{"embeddable":true,"href":"https:\/\/novavape.de\/nl\/wp-json\/wp\/v2\/comments?post=5615"}],"version-history":[{"count":0,"href":"https:\/\/novavape.de\/nl\/wp-json\/wp\/v2\/product\/5615\/revisions"}],"wp:featuredmedia":[{"embeddable":true,"href":"https:\/\/novavape.de\/nl\/wp-json\/wp\/v2\/media\/5616"}],"wp:attachment":[{"href":"https:\/\/novavape.de\/nl\/wp-json\/wp\/v2\/media?parent=5615"}],"wp:term":[{"taxonomy":"product_brand","embeddable":true,"href":"https:\/\/novavape.de\/nl\/wp-json\/wp\/v2\/product_brand?post=5615"},{"taxonomy":"product_cat","embeddable":true,"href":"https:\/\/novavape.de\/nl\/wp-json\/wp\/v2\/product_cat?post=5615"},{"taxonomy":"product_tag","embeddable":true,"href":"https:\/\/novavape.de\/nl\/wp-json\/wp\/v2\/product_tag?post=5615"}],"curies":[{"name":"wp","href":"https:\/\/api.w.org\/{rel}","templated":true}]}}