{"id":2480,"date":"2025-12-02T13:48:55","date_gmt":"2025-12-02T12:48:55","guid":{"rendered":"https:\/\/novavape.de\/?post_type=product&#038;p=2480"},"modified":"2026-04-07T09:56:15","modified_gmt":"2026-04-07T07:56:15","slug":"vozol-rave-40000-blueberry-watermelon","status":"publish","type":"product","link":"https:\/\/novavape.de\/it\/product\/vozol-rave-40000-blueberry-watermelon\/","title":{"rendered":"Vozol Rave 40000 Mirtillo e anguria"},"content":{"rendered":"<h1 class=\"font-claude-response-title mt-1 text-text-100\">Vozol Rave 40000 Blueberry Watermelon Vape usa e getta<\/h1>\n<p class=\"font-claude-response-body whitespace-normal break-words\">Goditi la perfetta fusione tra mirtillo e anguria con Vozol Rave 40000 Blueberry Watermelon. Questa innovativa sigaretta elettronica usa e getta unisce la dolcezza fruttata alla freschezza succosa, offrendo ben 40.000 boccate. L'affidabile batteria ricaricabile da 1000 mAh, insieme all'ampio serbatoio da 20 ml di e-liquid, garantisce settimane di puro piacere di svapo. L'eccezionale display Beat-Sensing a 270\u00b0 con tecnologia 3D rende ogni utilizzo uno spettacolo visivo. Due modalit\u00e0 di accensione intelligenti ti consentono di personalizzare la tua esperienza di svapo a tuo piacimento.<\/p>\n<h2 class=\"font-claude-response-heading text-text-100 mt-1 -mb-0.5\">Vantaggi di Vozol Rave 40000 Blueberry Watermelon:<\/h2>\n<p class=\"font-claude-response-body whitespace-normal break-words\">Il Vozol Rave 40000 Blueberry Watermelon supera le aspettative con la sua eccezionale capacit\u00e0. Una generosa riserva di 20 ml di e-liquid si combina con una potente batteria da 1000 mAh con funzione di ricarica USB tipo C e consente circa 40.000 tiri in modalit\u00e0 normale o 25.000 tiri in modalit\u00e0 surge: una delle autonomie pi\u00f9 impressionanti tra le sigarette elettroniche usa e getta. La potente concentrazione di nicotina 5% (50 mg) garantisce un'esperienza di svapo soddisfacente ad ogni tiro.<\/p>\n<p class=\"font-claude-response-body whitespace-normal break-words\">L'innovativa tecnologia S.i.L.C si basa su due chip MCU sincronizzati che, insieme a evaporatori mesh di prima classe, garantiscono un vapore denso e aromatico costante. Il sofisticato sistema a due modalit\u00e0 ti offre il massimo controllo: modalit\u00e0 Regular per inalazioni delicate e bilanciate o modalit\u00e0 Surge per prestazioni potenti e produzione di vapore voluminosa, ideale per diversi momenti e preferenze.<\/p>\n<p class=\"font-claude-response-body whitespace-normal break-words\">Una caratteristica assolutamente straordinaria \u00e8 il display Beat Sensing a 270\u00b0 all'avanguardia, che reagisce alle vostre boccate con effetti luminosi pulsanti, creando cos\u00ec un'affascinante esperienza interattiva. Lo schermo digitale integrato ti tiene sempre aggiornato sullo stato della batteria e sulla quantit\u00e0 di liquido rimanente, cos\u00ec non sarai mai impreparato. Questa visualizzazione intelligente trasforma le semplici informazioni di stato in una funzione accattivante.<\/p>\n<p class=\"font-claude-response-body whitespace-normal break-words\">Il flusso d'aria regolabile ti consente di avere il pieno controllo della tua esperienza di svapo, permettendoti di regolare la resistenza dell'aspirazione con precisione millimetrica, da forte e restrittiva a ampia e ariosa, a seconda dei tuoi gusti. Il moderno sistema di ricarica USB di tipo C garantisce una ricarica rapida, mentre il design ad alta capacit\u00e0 rappresenta la scelta ottimale sia per la vendita al dettaglio che per gli svapatori abituali pi\u00f9 esigenti.<\/p>\n<h2 class=\"font-claude-response-heading text-text-100 mt-1 -mb-0.5\">Specifiche tecniche:<\/h2>\n<p class=\"font-claude-response-body whitespace-normal break-words\"><strong>Contenuto di nicotina:<\/strong> 5%<br \/>\n<strong>Capacit\u00e0 serbatoio:<\/strong> 20 ml<br \/>\n<strong>Tecnica di trazione:<\/strong> MTL (bocca-polmone)<br \/>\n<strong>Batteria:<\/strong> 1000 mAh ricaricabile<br \/>\n<strong>Modalit\u00e0 operative:<\/strong> Sistema dual mode<br \/>\n<strong>Evaporatore:<\/strong> Doppia bobina mesh<br \/>\n<strong>Punto forte:<\/strong> Design Vibrant Glow a 270\u00b0<br \/>\n<strong>Alimentazione aria:<\/strong> Regolabile in continuo<br \/>\n<strong>Annuncio:<\/strong> Monitoraggio intelligente della batteria e del liquido<\/p>\n<h2 class=\"font-claude-response-heading text-text-100 mt-1 -mb-0.5\">Scopri altri prodotti VOZOL VAPE su novavape<\/h2>\n<p class=\"font-claude-response-body whitespace-normal break-words\">Scoprite la nostra vasta gamma di prodotti: visitate il nostro <strong><a class=\"underline\" href=\"https:\/\/novavape.de\/it\/\">Homepage<\/a><\/strong> per l'intero assortimento, esplora la <strong><a class=\"underline\" href=\"https:\/\/novavape.de\/it\/product-category\/vozol-vape\/\">VOZOL VAPE Categoria<\/a><\/strong> per tutti i prodotti Vozol, oppure date un'occhiata alla <strong><a class=\"underline\" href=\"https:\/\/novavape.de\/it\/product-category\/vozol-vape\/vozol-rave-40000\/\">Vozol Rave 40000 Mondo degli aromi<\/a><\/strong> con tutti i gusti.<\/p>","protected":false},"excerpt":{"rendered":"<p class=\"font-claude-response-body whitespace-normal break-words\">Il Vozol Rave 40000 Blueberry Watermelon combina il gusto fruttato del mirtillo con quello succoso dell'anguria e fornisce 20 ml di e-liquid per un massimo di 40.000 tiri. Il display Beat Sensing a 270\u00b0, il sistema dual mode e la tecnologia S.i.L.C con bobine dual mesh garantiscono un piacere intenso. Con batteria da 1000 mAh, ricarica Type-C, nicotina 5%: la fusione di frutta incontra l'innovazione.<\/p>","protected":false},"featured_media":2481,"comment_status":"open","ping_status":"closed","template":"","meta":[],"product_brand":[],"product_cat":[78],"product_tag":[],"class_list":{"0":"post-2480","1":"product","2":"type-product","3":"status-publish","4":"has-post-thumbnail","6":"product_cat-vozol-rave-40000","8":"first","9":"instock","10":"shipping-taxable","11":"purchasable","12":"product-type-variable"},"_links":{"self":[{"href":"https:\/\/novavape.de\/it\/wp-json\/wp\/v2\/product\/2480","targetHints":{"allow":["GET"]}}],"collection":[{"href":"https:\/\/novavape.de\/it\/wp-json\/wp\/v2\/product"}],"about":[{"href":"https:\/\/novavape.de\/it\/wp-json\/wp\/v2\/types\/product"}],"replies":[{"embeddable":true,"href":"https:\/\/novavape.de\/it\/wp-json\/wp\/v2\/comments?post=2480"}],"version-history":[{"count":0,"href":"https:\/\/novavape.de\/it\/wp-json\/wp\/v2\/product\/2480\/revisions"}],"wp:featuredmedia":[{"embeddable":true,"href":"https:\/\/novavape.de\/it\/wp-json\/wp\/v2\/media\/2481"}],"wp:attachment":[{"href":"https:\/\/novavape.de\/it\/wp-json\/wp\/v2\/media?parent=2480"}],"wp:term":[{"taxonomy":"product_brand","embeddable":true,"href":"https:\/\/novavape.de\/it\/wp-json\/wp\/v2\/product_brand?post=2480"},{"taxonomy":"product_cat","embeddable":true,"href":"https:\/\/novavape.de\/it\/wp-json\/wp\/v2\/product_cat?post=2480"},{"taxonomy":"product_tag","embeddable":true,"href":"https:\/\/novavape.de\/it\/wp-json\/wp\/v2\/product_tag?post=2480"}],"curies":[{"name":"wp","href":"https:\/\/api.w.org\/{rel}","templated":true}]}}