{"id":2474,"date":"2025-12-02T13:44:13","date_gmt":"2025-12-02T12:44:13","guid":{"rendered":"https:\/\/novavape.de\/?post_type=product&#038;p=2474"},"modified":"2026-04-07T09:56:45","modified_gmt":"2026-04-07T07:56:45","slug":"vozol-rave-40000-blueberry-ice","status":"publish","type":"product","link":"https:\/\/novavape.de\/it\/product\/vozol-rave-40000-blueberry-ice\/","title":{"rendered":"Vozol Rave 40000 Mirtillo ghiacciato"},"content":{"rendered":"<h1 class=\"font-claude-response-title mt-1 text-text-100\">Vozol Rave 40000 Blueberry Ice Vape usa e getta<\/h1>\n<p class=\"font-claude-response-body whitespace-normal break-words\">Il Vozol Rave 40000 Blueberry Ice combina l'intensa dolcezza dei mirtilli con una freschezza rinvigorente per un'esperienza di svapo rinfrescante. Questo potente dispositivo usa e getta impressiona con una capacit\u00e0 fino a 40.000 tiri, rendendolo uno dei vaporizzatori pi\u00f9 resistenti sul mercato. La batteria ricaricabile da 1000 mAh lavora in sinergia con il serbatoio da 20 ml di e-liquid per garantire la massima durata. Il futuristico display Beat-Sensing a 270\u00b0 con schermo curvo 3D offre un'esperienza d'uso interattiva e visivamente impressionante. Con le due modalit\u00e0 operative disponibili, \u00e8 possibile adattare il dispositivo in modo flessibile alle proprie preferenze.<\/p>\n<h2 class=\"font-claude-response-heading text-text-100 mt-1 -mb-0.5\">Caratteristiche principali della Vozol Rave 40000 Blueberry Ice:<\/h2>\n<p class=\"font-claude-response-body whitespace-normal break-words\">Il Vozol Rave 40000 Blueberry Ice colpisce per le sue straordinarie prestazioni. Il generoso serbatoio da 20 ml, in combinazione con la batteria ricaricabile da 1000 mAh (ricarica rapida USB tipo C), garantisce circa 40.000 tiri in modalit\u00e0 normale o 25.000 tiri in modalit\u00e0 Surge, rendendolo uno dei vaporizzatori usa e getta pi\u00f9 durevoli in assoluto. Con una concentrazione di nicotina di 5% (50 mg), offre agli svapatori esperti un'esperienza soddisfacente e potente.<\/p>\n<p class=\"font-claude-response-body whitespace-normal break-words\">Grazie alla tecnologia avanzata S.i.L.C., i chip MCU duali funzionano in modo ottimale con le bobine mesh di alta qualit\u00e0 per produrre un vapore dal gusto intenso e costante. Il sofisticato sistema dual mode consente di scegliere tra la modalit\u00e0 normale per tiri equilibrati e morbidi e la modalit\u00e0 surge per una maggiore potenza e nuvole di vapore dense, perfettamente adattabili a diverse situazioni e stati d'animo.<\/p>\n<p class=\"font-claude-response-body whitespace-normal break-words\">L'innovativo display Beat Sensing a 270\u00b0 \u00e8 davvero accattivante e reagisce in modo dinamico al tuo utilizzo con vivaci animazioni luminose in tempo reale, trasformando ogni sessione in un'esperienza multisensoriale. Il display digitale integrato ti informa in modo affidabile sulla carica residua della batteria e sulla quantit\u00e0 di liquido, evitando spiacevoli sorprese. Questa visualizzazione intelligente porta l'interazione con l'utente a un nuovo livello.<\/p>\n<p class=\"font-claude-response-body whitespace-normal break-words\">La personalizzazione \u00e8 al centro dell'attenzione grazie al flusso d'aria regolabile, che consente di regolare con precisione l'intensit\u00e0 del tiro, sia che si preferiscano tiri stretti e intensi o nuvole di vapore aperte e ariose. La funzione di ricarica USB tipo C consente una ricarica rapida quando necessario, mentre il formato ad alta capacit\u00e0 \u00e8 ideale per i rivenditori che desiderano offrire prodotti premium e per gli utenti frequenti che apprezzano una lunga durata.<\/p>\n<h2 class=\"font-claude-response-heading text-text-100 mt-1 -mb-0.5\">Specifiche del prodotto:<\/h2>\n<p class=\"font-claude-response-body whitespace-normal break-words\"><strong>Contenuto di nicotina:<\/strong> 5%<br \/>\n<strong>Capacit\u00e0 liquida:<\/strong> 20 ml<br \/>\n<strong>Stile a vapore:<\/strong> MTL (bocca-polmone)<br \/>\n<strong>Batteria:<\/strong> 1000 mAh ricaricabile<br \/>\n<strong>Modalit\u00e0:<\/strong> Doppia modalit\u00e0<br \/>\n<strong>Tipo di bobina:<\/strong> Doppia bobina mesh<br \/>\n<strong>Caratteristica speciale:<\/strong> Design Vibrant Glow a 270\u00b0<br \/>\n<strong>Flusso d'aria:<\/strong> Flusso d'aria regolabile<br \/>\n<strong>Display:<\/strong> Indicatore intelligente della batteria e del liquido elettronico<\/p>\n<h2 class=\"font-claude-response-heading text-text-100 mt-1 -mb-0.5\">Scopri altri prodotti VOZOL VAPE su novavape<\/h2>\n<p class=\"font-claude-response-body whitespace-normal break-words\">Scoprite la nostra offerta completa: visitate il nostro sito <strong><a class=\"underline\" href=\"https:\/\/novavape.de\/it\/\">Homepage<\/a><\/strong> per tutti i prodotti disponibili, sfoglia la <strong><a class=\"underline\" href=\"https:\/\/novavape.de\/it\/product-category\/vozol-vape\/\">VOZOL VAPE Categoria<\/a><\/strong> per tutti i dispositivi Vozol, oppure scoprite la <strong><a class=\"underline\" href=\"https:\/\/novavape.de\/it\/product-category\/vozol-vape\/vozol-rave-40000\/\">Vozol Rave 40000 Selezione di gusti<\/a><\/strong> con tutti gli aromi disponibili.<\/p>","protected":false},"excerpt":{"rendered":"<p class=\"font-claude-response-body whitespace-normal break-words\">Vozol Rave 40000 Blueberry Ice combina l'intensa dolcezza dei mirtilli con una freschezza rinfrescante e offre 20 ml di e-liquid per un massimo di 40.000 tiri. Il display Beat Sensing a 270\u00b0, il sistema dual mode e la tecnologia S.i.L.C con dual mesh coil garantiscono un gusto intenso. Con batteria da 1000 mAh, ricarica Type-C, nicotina 5%: l'aroma dei frutti di bosco incontra l'alta tecnologia.<\/p>","protected":false},"featured_media":2475,"comment_status":"open","ping_status":"closed","template":"","meta":[],"product_brand":[],"product_cat":[78],"product_tag":[],"class_list":{"0":"post-2474","1":"product","2":"type-product","3":"status-publish","4":"has-post-thumbnail","6":"product_cat-vozol-rave-40000","8":"first","9":"instock","10":"shipping-taxable","11":"purchasable","12":"product-type-variable"},"_links":{"self":[{"href":"https:\/\/novavape.de\/it\/wp-json\/wp\/v2\/product\/2474","targetHints":{"allow":["GET"]}}],"collection":[{"href":"https:\/\/novavape.de\/it\/wp-json\/wp\/v2\/product"}],"about":[{"href":"https:\/\/novavape.de\/it\/wp-json\/wp\/v2\/types\/product"}],"replies":[{"embeddable":true,"href":"https:\/\/novavape.de\/it\/wp-json\/wp\/v2\/comments?post=2474"}],"version-history":[{"count":0,"href":"https:\/\/novavape.de\/it\/wp-json\/wp\/v2\/product\/2474\/revisions"}],"wp:featuredmedia":[{"embeddable":true,"href":"https:\/\/novavape.de\/it\/wp-json\/wp\/v2\/media\/2475"}],"wp:attachment":[{"href":"https:\/\/novavape.de\/it\/wp-json\/wp\/v2\/media?parent=2474"}],"wp:term":[{"taxonomy":"product_brand","embeddable":true,"href":"https:\/\/novavape.de\/it\/wp-json\/wp\/v2\/product_brand?post=2474"},{"taxonomy":"product_cat","embeddable":true,"href":"https:\/\/novavape.de\/it\/wp-json\/wp\/v2\/product_cat?post=2474"},{"taxonomy":"product_tag","embeddable":true,"href":"https:\/\/novavape.de\/it\/wp-json\/wp\/v2\/product_tag?post=2474"}],"curies":[{"name":"wp","href":"https:\/\/api.w.org\/{rel}","templated":true}]}}