{"id":1654,"date":"2025-11-18T04:51:11","date_gmt":"2025-11-18T03:51:11","guid":{"rendered":"https:\/\/novavape.de\/?page_id=1654"},"modified":"2025-11-18T04:51:13","modified_gmt":"2025-11-18T03:51:13","slug":"datenschutzerklaerung","status":"publish","type":"page","link":"https:\/\/novavape.de\/it\/datenschutzerklaerung\/","title":{"rendered":"Informativa sulla privacy"},"content":{"rendered":"<h1 class=\"wp-block-heading\">Informativa sulla privacy<\/h1>\n\n\n\n<p>Questa informativa sulla privacy spiega come raccogliamo, trattiamo e proteggiamo i vostri dati quando visitate il nostro sito web (novavape.de). Sarete informati sui vostri diritti in materia di protezione dei dati e sulla protezione legale di cui godete.<\/p>\n\n\n\n<h2 class=\"wp-block-heading\">Raccolta di informazioni personali<\/h2>\n\n\n\n<p>Raccogliamo diverse categorie di informazioni per fornire i nostri servizi di sigaretta elettronica:<\/p>\n\n\n\n<h3 class=\"wp-block-heading\">Dati personali<\/h3>\n\n\n\n<p>Raccogliamo i seguenti dati:<\/p>\n\n\n\n<ul class=\"wp-block-list\">\n<li>Nome e cognome<\/li>\n\n\n\n<li>Indirizzo e-mail<\/li>\n\n\n\n<li>Numero di telefono<\/li>\n\n\n\n<li>Indirizzo di consegna<\/li>\n<\/ul>\n\n\n\n<p>Queste informazioni sono necessarie per elaborare gli ordini, spedire gli articoli per sigarette elettroniche e fornire un'assistenza completa ai clienti.<\/p>\n\n\n\n<h3 class=\"wp-block-heading\">Informazioni tecniche e di utilizzo<\/h3>\n\n\n\n<p>I dati raccolti automaticamente comprendono:<\/p>\n\n\n\n<ul class=\"wp-block-list\">\n<li>Tipo di dispositivo utilizzato<\/li>\n\n\n\n<li>Indirizzo del protocollo Internet (IP)<\/li>\n\n\n\n<li>Browser utilizzato<\/li>\n\n\n\n<li>Ora di accesso<\/li>\n\n\n\n<li>Sottopagine consultate<\/li>\n<\/ul>\n\n\n\n<p>Queste informazioni sono raccolte automaticamente e vengono utilizzate per migliorare l'esperienza dell'utente e per garantire la sicurezza e la conformit\u00e0 ai requisiti normativi del settore delle sigarette elettroniche.<\/p>\n\n\n\n<h2 class=\"wp-block-heading\">Elaborazione dei dati raccolti<\/h2>\n\n\n\n<p>Utilizziamo le informazioni raccolte per i seguenti scopi:<\/p>\n\n\n\n<h3 class=\"wp-block-heading\">Elaborazione ed esecuzione degli ordini<\/h3>\n\n\n\n<p>Utilizziamo i vostri dati personali per elaborare gli ordini, spedire gli articoli e fornire il nostro servizio clienti.<\/p>\n\n\n\n<h3 class=\"wp-block-heading\">Comunicazione con i clienti<\/h3>\n\n\n\n<p>Vi contatteremo in merito ai vostri ordini, ai dettagli dei prodotti e alle campagne di marketing, compresi aggiornamenti significativi e notifiche relative alla sicurezza.<\/p>\n\n\n\n<h3 class=\"wp-block-heading\">Miglioramento dei nostri servizi<\/h3>\n\n\n\n<p>Analizzando le informazioni di utilizzo, ottimizziamo la nostra gamma di prodotti, le funzionalit\u00e0 del sito web e l'esperienza generale dell'utente.<\/p>\n\n\n\n<h2 class=\"wp-block-heading\">Trasmissione di dati a terzi<\/h2>\n\n\n\n<p>In linea di principio, non trasmettiamo i vostri dati personali a terzi senza il vostro consenso, tranne nei seguenti casi:<\/p>\n\n\n\n<h3 class=\"wp-block-heading\">Fornitori di servizi esterni<\/h3>\n\n\n\n<p>Trasmettiamo i vostri dati alle societ\u00e0 di spedizione, ai fornitori di servizi di pagamento e ad altri partner esterni per garantire la consegna e la fatturazione dei nostri prodotti.<\/p>\n\n\n\n<h3 class=\"wp-block-heading\">Obblighi legali<\/h3>\n\n\n\n<p>I vostri dati saranno divulgati se ci\u00f2 \u00e8 richiesto dalla legge o su richiesta delle autorit\u00e0 al fine di rispettare le norme e i regolamenti legali applicabili.<\/p>\n\n\n\n<h3 class=\"wp-block-heading\">Operazioni societarie<\/h3>\n\n\n\n<p>In caso di fusione, acquisizione o vendita di beni aziendali, le informazioni dell'utente potrebbero essere trasferite, ma continueranno a essere protette dalla presente Informativa sulla privacy.<\/p>\n\n\n\n<h2 class=\"wp-block-heading\">Sicurezza dei dati<\/h2>\n\n\n\n<p>Implementiamo una serie di misure di salvaguardia per proteggere i vostri dati personali, tra cui procedure di crittografia e controlli di sicurezza continui. Nonostante queste precauzioni, tuttavia, non possiamo garantire la completa sicurezza dei vostri dati durante la trasmissione via Internet.<\/p>\n\n\n\n<h2 class=\"wp-block-heading\">I vostri diritti in materia di protezione dei dati<\/h2>\n\n\n\n<p>L'utente ha i seguenti diritti:<\/p>\n\n\n\n<ul class=\"wp-block-list\">\n<li><strong>Diritto all'informazione<\/strong>Ispezione dei dati personali memorizzati<\/li>\n\n\n\n<li><strong>Diritto di rettifica<\/strong>Correggere i dati non corretti<\/li>\n\n\n\n<li><strong>Diritto alla cancellazione<\/strong>Richiedere la rimozione dei propri dati<\/li>\n<\/ul>\n\n\n\n<p>Se desiderate che i vostri dati vengano cancellati o non volete pi\u00f9 ricevere informazioni di marketing, potete contattarci in qualsiasi momento.<\/p>\n\n\n\n<h2 class=\"wp-block-heading\">Utilizzo di cookie e metodi di tracciamento<\/h2>\n\n\n\n<p>Utilizziamo cookie e tecnologie simili per ottimizzare la vostra esperienza sulla nostra piattaforma. \u00c8 possibile gestire i cookie tramite le impostazioni del browser. Si noti che la disabilitazione dei cookie pu\u00f2 limitare la funzionalit\u00e0 di alcune aree del sito.<\/p>\n\n\n\n<h2 class=\"wp-block-heading\">Protezione dei minori<\/h2>\n\n\n\n<p>Le nostre offerte e i nostri servizi si rivolgono esclusivamente a persone che hanno compiuto 18 anni. Non raccogliamo consapevolmente dati personali di minori di 18 anni. Nel caso in cui venissimo a conoscenza della trasmissione di tali informazioni, queste verranno immediatamente cancellate.<\/p>\n\n\n\n<h2 class=\"wp-block-heading\">Aggiornamenti alla presente informativa sulla privacy<\/h2>\n\n\n\n<p>La presente informativa sulla privacy pu\u00f2 essere rivista da noi di tanto in tanto. Eventuali modifiche saranno pubblicate su questa pagina e la data dell'ultima revisione sar\u00e0 aggiornata. Si consiglia di consultare questa pagina a intervalli regolari.<\/p>","protected":false},"excerpt":{"rendered":"<p>Informativa sulla privacy Questa informativa sulla privacy spiega come raccogliamo, elaboriamo e proteggiamo i vostri dati quando utilizzate il nostro sito web.<\/p>","protected":false},"author":1,"featured_media":0,"parent":0,"menu_order":0,"comment_status":"closed","ping_status":"closed","template":"","meta":{"footnotes":""},"class_list":["post-1654","page","type-page","status-publish","hentry"],"_links":{"self":[{"href":"https:\/\/novavape.de\/it\/wp-json\/wp\/v2\/pages\/1654","targetHints":{"allow":["GET"]}}],"collection":[{"href":"https:\/\/novavape.de\/it\/wp-json\/wp\/v2\/pages"}],"about":[{"href":"https:\/\/novavape.de\/it\/wp-json\/wp\/v2\/types\/page"}],"author":[{"embeddable":true,"href":"https:\/\/novavape.de\/it\/wp-json\/wp\/v2\/users\/1"}],"replies":[{"embeddable":true,"href":"https:\/\/novavape.de\/it\/wp-json\/wp\/v2\/comments?post=1654"}],"version-history":[{"count":0,"href":"https:\/\/novavape.de\/it\/wp-json\/wp\/v2\/pages\/1654\/revisions"}],"wp:attachment":[{"href":"https:\/\/novavape.de\/it\/wp-json\/wp\/v2\/media?parent=1654"}],"curies":[{"name":"wp","href":"https:\/\/api.w.org\/{rel}","templated":true}]}}