{"id":1639,"date":"2025-11-18T04:37:46","date_gmt":"2025-11-18T03:37:46","guid":{"rendered":"https:\/\/novavape.de\/?page_id=1639"},"modified":"2025-11-18T04:37:50","modified_gmt":"2025-11-18T03:37:50","slug":"ueber-uns","status":"publish","type":"page","link":"https:\/\/novavape.de\/it\/ueber-uns\/","title":{"rendered":"Chi siamo"},"content":{"rendered":"<h1 class=\"wp-block-heading\">Chi siamo<\/h1>\n\n\n\n<p>Benvenuti a novavape - il vostro partner di fiducia per vapers monouso di prima classe. Come marchio, siamo sinonimo di qualit\u00e0 superiore, sviluppi innovativi e un'esperienza di vaping eccezionale. L'obiettivo di novavape \u00e8 quello di combinare un sapore intenso con una tecnologia all'avanguardia e una lavorazione di alta qualit\u00e0.<\/p>\n\n\n\n<h2 class=\"wp-block-heading\">Il nostro portafoglio prodotti<\/h2>\n\n\n\n<p>La nostra gamma comprende una variet\u00e0 di marche di sigarette elettroniche popolari, tra cui<\/p>\n\n\n\n<ul class=\"wp-block-list\">\n<li>Fumot Vape<\/li>\n\n\n\n<li>JNR Vape<\/li>\n\n\n\n<li>BANG Vape<\/li>\n\n\n\n<li>Vapme Vape<\/li>\n\n\n\n<li>Elf Box Vape<\/li>\n\n\n\n<li>Uzy Vape<\/li>\n\n\n\n<li>Vape frizzante<\/li>\n\n\n\n<li>Waspe Vape<\/li>\n\n\n\n<li>Vozol Vape<\/li>\n<\/ul>\n\n\n\n<p>Potete approfittare di interessanti condizioni all'ingrosso che vi faranno sicuramente colpo. Tutti gli articoli del nostro negozio sono prodotti originali autentici, il che vi garantisce i pi\u00f9 alti standard di qualit\u00e0 e un'esperienza di acquisto senza preoccupazioni. Che siate rivenditori o grossisti, novape \u00e8 il partner giusto al vostro fianco.<\/p>\n\n\n\n<h2 class=\"wp-block-heading\">La nostra filosofia<\/h2>\n\n\n\n<p>La chiave del nostro successo risiede nella comprensione completa delle esigenze dei clienti e nella continua volont\u00e0 di innovare. I nostri team di sviluppo si dedicano alla creazione di prodotti che soddisfano i pi\u00f9 severi requisiti di sicurezza e qualit\u00e0. Il feedback dei nostri clienti \u00e8 molto importante per noi: ci permette di ottimizzare costantemente i nostri prodotti e di stare al passo con le esigenze dinamiche del mercato.<\/p>\n\n\n\n<h2 class=\"wp-block-heading\">Pi\u00f9 di una semplice svapata<\/h2>\n\n\n\n<p>novavape rappresenta molto di pi\u00f9 di un semplice dispositivo per lo svapo: creiamo un'esperienza di vaping olistica. La nostra gamma di sigarette elettroniche usa e getta \u00e8 stata accuratamente progettata per offrirvi un'esperienza di gusto distintiva. Dai rinfrescanti sapori di frutta alle classiche sfumature di tabacco e alle composizioni creative di aromi: da novape scoprirete la sigaretta ideale che non solo soddisfa le vostre esigenze, ma le supera.<\/p>\n\n\n\n<h2 class=\"wp-block-heading\">Qualit\u00e0 e sostenibilit\u00e0<\/h2>\n\n\n\n<p>La nostra promessa di qualit\u00e0 si manifesta nel nostro moderno impianto di produzione, dove ogni singolo prodotto novavape viene realizzato con la massima precisione e attenzione. Sostenibilit\u00e0 e consapevolezza ecologica non sono solo parole vuote per noi: ecco perch\u00e9 sviluppiamo i nostri vapes usa e getta nel rispetto dell'ambiente e delle linee guida ambientali vigenti.<\/p>\n\n\n\n<h2 class=\"wp-block-heading\">Grazie per la vostra fiducia<\/h2>\n\n\n\n<p>Siamo lieti che abbiate scelto novavape e non vediamo l'ora di accompagnarvi nel vostro viaggio attraverso il mondo del vaping. Immergetevi nell'universo novavape - dove si incontrano qualit\u00e0 premium, innovazione pionieristica e straordinarie esperienze di gusto.<\/p>\n\n\n\n<hr class=\"wp-block-separator has-alpha-channel-opacity\"\/>\n\n\n\n<p><strong>Il vostro team novavape<\/strong><\/p>\n\n\n\n<p><strong>Contatto:<\/strong> erol.esila.emir@gmail.com<\/p>","protected":false},"excerpt":{"rendered":"<p>Chi siamo Benvenuti a novavape - il vostro partner di fiducia per vapers monouso di prima classe. Come marchio, siamo sinonimo di qualit\u00e0 superiore, innovazione<\/p>","protected":false},"author":1,"featured_media":0,"parent":0,"menu_order":0,"comment_status":"closed","ping_status":"closed","template":"","meta":{"footnotes":""},"class_list":["post-1639","page","type-page","status-publish","hentry"],"_links":{"self":[{"href":"https:\/\/novavape.de\/it\/wp-json\/wp\/v2\/pages\/1639","targetHints":{"allow":["GET"]}}],"collection":[{"href":"https:\/\/novavape.de\/it\/wp-json\/wp\/v2\/pages"}],"about":[{"href":"https:\/\/novavape.de\/it\/wp-json\/wp\/v2\/types\/page"}],"author":[{"embeddable":true,"href":"https:\/\/novavape.de\/it\/wp-json\/wp\/v2\/users\/1"}],"replies":[{"embeddable":true,"href":"https:\/\/novavape.de\/it\/wp-json\/wp\/v2\/comments?post=1639"}],"version-history":[{"count":0,"href":"https:\/\/novavape.de\/it\/wp-json\/wp\/v2\/pages\/1639\/revisions"}],"wp:attachment":[{"href":"https:\/\/novavape.de\/it\/wp-json\/wp\/v2\/media?parent=1639"}],"curies":[{"name":"wp","href":"https:\/\/api.w.org\/{rel}","templated":true}]}}