{"id":4389,"date":"2025-12-30T13:56:38","date_gmt":"2025-12-30T12:56:38","guid":{"rendered":"https:\/\/novavape.de\/?post_type=product&#038;p=4389"},"modified":"2025-12-30T13:57:10","modified_gmt":"2025-12-30T12:57:10","slug":"waspe-4-in-1-100000-strawberry-red-bull-strawberry-watermelon-bubblegum-red-bull-ice-cherry-cola-ice","status":"publish","type":"product","link":"https:\/\/novavape.de\/hu\/product\/waspe-4-in-1-100000-strawberry-red-bull-strawberry-watermelon-bubblegum-red-bull-ice-cherry-cola-ice\/","title":{"rendered":"WASPE 4 az 1-ben 100000 Eper Red Bull\/Eper-g\u00f6r\u00f6gdinnye Bubblegum\/Red Bull Ice\/Csereszny\u00e9s k\u00f3la Ice"},"content":{"rendered":"<div data-test-render-count=\"2\">\n<div class=\"group\">\n<div class=\"group relative pb-3\" data-is-streaming=\"false\">\n<div class=\"font-claude-response relative leading-[1.65rem] [&amp;_pre&gt;div]:bg-bg-000\/50 [&amp;_pre&gt;div]:border-0.5 [&amp;_pre&gt;div]:border-border-400 [&amp;_.ignore-pre-bg&gt;div]:bg-transparent [&amp;_.standard-markdown_:is(p,blockquote,h1,h2,h3,h4,h5,h6)]:pl-2 [&amp;_.standard-markdown_:is(p,blockquote,ul,ol,h1,h2,h3,h4,h5,h6)]:pr-8 [&amp;_.progressive-markdown_:is(p,blockquote,h1,h2,h3,h4,h5,h6)]:pl-2 [&amp;_.progressive-markdown_:is(p,blockquote,ul,ol,h1,h2,h3,h4,h5,h6)]:pr-8\">\n<div>\n<div class=\"standard-markdown grid-cols-1 grid gap-4 [&amp;_&gt;_*]:min-w-0 standard-markdown\">\n<h1 class=\"text-text-100 mt-3 -mb-1 text-[1.375rem] font-bold\">WASPE 4-in-1 100000 Strawberry Red Bull\/Strawberry Watermelon Bubblegum\/Red Bull Ice\/Cherry Cola Ice Einweg-Vape<\/h1>\n<\/div>\n<\/div>\n<\/div>\n<\/div>\n<\/div>\n<\/div>\n<div data-test-render-count=\"1\">\n<div class=\"group\">\n<div class=\"group relative pb-3\" data-is-streaming=\"false\">\n<div class=\"font-claude-response relative leading-[1.65rem] [&amp;_pre&gt;div]:bg-bg-000\/50 [&amp;_pre&gt;div]:border-0.5 [&amp;_pre&gt;div]:border-border-400 [&amp;_.ignore-pre-bg&gt;div]:bg-transparent [&amp;_.standard-markdown_:is(p,blockquote,h1,h2,h3,h4,h5,h6)]:pl-2 [&amp;_.standard-markdown_:is(p,blockquote,ul,ol,h1,h2,h3,h4,h5,h6)]:pr-8 [&amp;_.progressive-markdown_:is(p,blockquote,h1,h2,h3,h4,h5,h6)]:pl-2 [&amp;_.progressive-markdown_:is(p,blockquote,ul,ol,h1,h2,h3,h4,h5,h6)]:pr-8\">\n<div class=\"standard-markdown grid-cols-1 grid gap-4 [&amp;_&gt;_*]:min-w-0 standard-markdown\">\n<p class=\"font-claude-response-body break-words whitespace-normal leading-[1.7]\">Die WASPE 4-in-1 100000 kombiniert Energy-Kicks mit fruchtiger S\u00fc\u00dfe in einem multifunktionalen Ger\u00e4t. W\u00e4hlen Sie zwischen der belebenden Strawberry Red Bull, dem verspielten Strawberry Watermelon Bubblegum, der eiskalten Red Bull Ice oder dem klassischen Cherry Cola Ice. Das clevere Vier-Aromen-System erm\u00f6glicht spontane Geschmackswechsel und macht Ihr Vaping-Erlebnis so vielseitig wie nie zuvor.<\/p>\n<h2 class=\"text-text-100 mt-3 -mb-1 text-[1.125rem] font-bold\">Technische Vorz\u00fcge der WASPE 4-in-1 100000:<\/h2>\n<p class=\"font-claude-response-body break-words whitespace-normal leading-[1.7]\">Die monumentale Zugkapazit\u00e4t von 100.000 Z\u00fcgen hebt dieses Ger\u00e4t deutlich von der Konkurrenz ab und bietet eine Nutzungsdauer, die selbst Intensivdampfer \u00fcber lange Zeitr\u00e4ume begleitet. Der volumin\u00f6se 56ml Liquidbeh\u00e4lter stellt sicher, dass Sie diese Kapazit\u00e4t auch voll aussch\u00f6pfen k\u00f6nnen, ohne Abstriche bei Geschmack oder Dampfqualit\u00e4t machen zu m\u00fcssen.<\/p>\n<p class=\"font-claude-response-body break-words whitespace-normal leading-[1.7]\">Ein robuster 650mAh Akku mit Type-C-Schnellladeport h\u00e4lt Sie mobil und flexibel. Die moderne Ladetechnik bedeutet kurze Unterbrechungen und lange Nutzungsphasen \u2013 ideal f\u00fcr Menschen mit aktivem Lifestyle.<\/p>\n<p class=\"font-claude-response-body break-words whitespace-normal leading-[1.7]\">Die vier individuellen 1,0\u03a9 Mesh-Heizspiralen sind perfekt auf ihre jeweiligen Aromen abgestimmt und garantieren authentischen Geschmack sowie beeindruckende Dampfproduktion. Erh\u00e4ltlich in 0%, 2% und 5% Nikotin, deckt die WASPE 4-in-1 verschiedenste Vorlieben ab.<\/p>\n<h2 class=\"text-text-100 mt-3 -mb-1 text-[1.125rem] font-bold\">Produktspezifikationen:<\/h2>\n<ul class=\"[li_&amp;]:mb-0 [li_&amp;]:mt-1.5 [li_&amp;]:gap-1.5 [&amp;:not(:last-child)_ul]:pb-1 [&amp;:not(:last-child)_ol]:pb-1 list-disc flex flex-col gap-2 pl-8 mb-3\">\n<li class=\"whitespace-normal break-words pl-2\">Liquidkapazit\u00e4t: 56ml<\/li>\n<li class=\"whitespace-normal break-words pl-2\">Akkukapazit\u00e4t: 650mAh<\/li>\n<li class=\"whitespace-normal break-words pl-2\">Verdampfer: 1,0 Ohm \u00d7 4<\/li>\n<li class=\"whitespace-normal break-words pl-2\">Ladeport: Type-C-Anschluss<\/li>\n<li class=\"whitespace-normal break-words pl-2\">Zuganzahl: 100.000 Z\u00fcge<\/li>\n<li class=\"whitespace-normal break-words pl-2\">Ausstattung: LED-Anzeige<\/li>\n<li class=\"whitespace-normal break-words pl-2\">Nikotingehalt: 0% \/ 2% \/ 5%<\/li>\n<\/ul>\n<h2 class=\"text-text-100 mt-3 -mb-1 text-[1.125rem] font-bold\">Mehr WASPE VAPE bei NovaVape entdecken<\/h2>\n<p class=\"font-claude-response-body break-words whitespace-normal leading-[1.7]\">Ihr Partner f\u00fcr erstklassiges Vaping ist <strong><a class=\"underline underline underline-offset-2 decoration-1 decoration-current\/40 hover:decoration-current focus:decoration-current\" href=\"https:\/\/novavape.de\">NovaVape<\/a><\/strong> \u2013 entdecken Sie unser vielf\u00e4ltiges Sortiment in der <strong><a class=\"underline underline underline-offset-2 decoration-1 decoration-current\/40 hover:decoration-current focus:decoration-current\" href=\"https:\/\/novavape.de\/product-category\/waspe-vape\/\">WASPE VAPE Kategorie<\/a><\/strong>. Alle Aromakombinationen der WASPE 4-in-1 finden Sie \u00fcbersichtlich in unserer <strong><a class=\"underline underline underline-offset-2 decoration-1 decoration-current\/40 hover:decoration-current focus:decoration-current\" href=\"https:\/\/novavape.de\/product-category\/waspe-vape\/waspe-4-in-1-100000\/\">WASPE 4-in-1 100000 Kollektion<\/a><\/strong>.<\/p>\n<\/div>\n<\/div>\n<\/div>\n<\/div>\n<\/div>\n","protected":false},"excerpt":{"rendered":"<p class=\"font-claude-response-body break-words whitespace-normal leading-[1.7]\">Die WASPE 4-in-1 100000 Strawberry Red Bull\/Strawberry Watermelon Bubblegum\/Red Bull Ice\/Cherry Cola Ice vereint vier energiegeladene Aromen in einem Ger\u00e4t. Mit 100.000 Z\u00fcgen, 56ml Liquid, 650mAh Akku und Type-C-Schnellladung bietet sie langanhaltenden Genuss. Vier 1,0\u03a9 Mesh-Coils sorgen f\u00fcr intensive Geschmackserlebnisse.<\/p>\n","protected":false},"featured_media":4392,"comment_status":"open","ping_status":"closed","template":"","meta":[],"product_brand":[],"product_cat":[89],"product_tag":[],"class_list":{"0":"post-4389","1":"product","2":"type-product","3":"status-publish","4":"has-post-thumbnail","6":"product_cat-waspe-4-in-1-100000","8":"first","9":"instock","10":"shipping-taxable","11":"purchasable","12":"product-type-variable"},"_links":{"self":[{"href":"https:\/\/novavape.de\/hu\/wp-json\/wp\/v2\/product\/4389","targetHints":{"allow":["GET"]}}],"collection":[{"href":"https:\/\/novavape.de\/hu\/wp-json\/wp\/v2\/product"}],"about":[{"href":"https:\/\/novavape.de\/hu\/wp-json\/wp\/v2\/types\/product"}],"replies":[{"embeddable":true,"href":"https:\/\/novavape.de\/hu\/wp-json\/wp\/v2\/comments?post=4389"}],"version-history":[{"count":0,"href":"https:\/\/novavape.de\/hu\/wp-json\/wp\/v2\/product\/4389\/revisions"}],"wp:featuredmedia":[{"embeddable":true,"href":"https:\/\/novavape.de\/hu\/wp-json\/wp\/v2\/media\/4392"}],"wp:attachment":[{"href":"https:\/\/novavape.de\/hu\/wp-json\/wp\/v2\/media?parent=4389"}],"wp:term":[{"taxonomy":"product_brand","embeddable":true,"href":"https:\/\/novavape.de\/hu\/wp-json\/wp\/v2\/product_brand?post=4389"},{"taxonomy":"product_cat","embeddable":true,"href":"https:\/\/novavape.de\/hu\/wp-json\/wp\/v2\/product_cat?post=4389"},{"taxonomy":"product_tag","embeddable":true,"href":"https:\/\/novavape.de\/hu\/wp-json\/wp\/v2\/product_tag?post=4389"}],"curies":[{"name":"wp","href":"https:\/\/api.w.org\/{rel}","templated":true}]}}