{"id":2486,"date":"2025-12-02T13:53:08","date_gmt":"2025-12-02T12:53:08","guid":{"rendered":"https:\/\/novavape.de\/?post_type=product&#038;p=2486"},"modified":"2025-12-02T13:53:08","modified_gmt":"2025-12-02T12:53:08","slug":"vozol-rave-40000-mango-peach","status":"publish","type":"product","link":"https:\/\/novavape.de\/hu\/product\/vozol-rave-40000-mango-peach\/","title":{"rendered":"Vozol Rave 40000 mang\u00f3-barack"},"content":{"rendered":"<h1 class=\"font-claude-response-title mt-1 text-text-100\">Vozol Rave 40000 Mango Peach eldobhat\u00f3 e-cigaretta<\/h1>\n<p class=\"font-claude-response-body whitespace-normal break-words\">\u00c9lvezze a tr\u00f3pusi egzotikumot a Vozol Rave 40000 Mango Peach-szel. Ez az els\u0151 oszt\u00e1ly\u00fa eldobhat\u00f3 e-cigaretta a l\u00e9d\u00fas mang\u00f3t \u00e9s a b\u00e1rsonyos \u0151szibarackot \u00f6tv\u00f6zi egy harmonikus \u00edz\u00e9lm\u00e9nyben, \u00e9s rendk\u00edv\u00fcli 40 000 sz\u00edv\u00e1s kapacit\u00e1st k\u00edn\u00e1l. A robusztus 1000 mAh-s \u00fajrat\u00f6lthet\u0151 akkumul\u00e1tor \u00e9s a nagym\u00e9ret\u0171 20 ml-es e-liquid tart\u00e1ly hossz\u00fa t\u00e1v\u00fa min\u0151s\u00e9get \u00e9s megb\u00edzhat\u00f3s\u00e1got biztos\u00edt. A leny\u0171g\u00f6z\u0151 270\u00b0-os Beat-Sensing kijelz\u0151 h\u00e1romdimenzi\u00f3s \u00edvelt k\u00e9perny\u0151vel minden sz\u00edv\u00e1st vizu\u00e1lis \u00e9lm\u00e9nny\u00e9 var\u00e1zsol. K\u00e9t k\u00fcl\u00f6nb\u00f6z\u0151 teljes\u00edtm\u00e9nym\u00f3dnak k\u00f6sz\u00f6nhet\u0151en szem\u00e9lyre szabhatja \u00e9s optimaliz\u00e1lhatja a g\u0151z\u00f6l\u00e9si \u00e9lm\u00e9nyt.<\/p>\n<h2 class=\"font-claude-response-heading text-text-100 mt-1 -mb-0.5\">A Vozol Rave 40000 Mango Peach k\u00fcl\u00f6nlegess\u00e9gei:<\/h2>\n<p class=\"font-claude-response-body whitespace-normal break-words\">A Vozol Rave 40000 Mango Peach figyelemre m\u00e9lt\u00f3 felszerelts\u00e9g\u00e9vel \u00faj m\u00e9rc\u00e9t \u00e1ll\u00edt fel. A nagy 20 ml-es folyad\u00e9ktart\u00e1ly \u00e9s az er\u0151teljes 1000 mAh-s \u00fajrat\u00f6lthet\u0151 akkumul\u00e1tor (USB Type-C gyorst\u00f6lt\u00e9ssel) kombin\u00e1ci\u00f3ja k\u00f6r\u00fclbel\u00fcl 40 000 sz\u00edv\u00e1st tesz lehet\u0151v\u00e9 norm\u00e1l m\u00f3dban, vagy 25 000 sz\u00edv\u00e1st teljes\u00edtm\u00e9ny m\u00f3dban \u2013 ezzel az egyik legtart\u00f3sabb eldobhat\u00f3 e-cigaretta a piacon. Az er\u0151s 5% nikotintartalom (50 mg) intenz\u00edv \u00e9s kiel\u00e9g\u00edt\u0151 g\u0151z\u00f6l\u00e9si \u00e9lm\u00e9nyt ny\u00fajt a tapasztalt g\u0151z\u00f6l\u0151knek.<\/p>\n<p class=\"font-claude-response-body whitespace-normal break-words\">A legmodernebb S.i.L.C technol\u00f3gia hajtja a k\u00e9sz\u00fcl\u00e9ket: k\u00e9t MCU chip t\u00f6k\u00e9letesen szinkroniz\u00e1ltan m\u0171k\u00f6dik egy\u00fctt a pr\u00e9mium min\u0151s\u00e9g\u0171 h\u00e1l\u00f3s tekercsekkel, \u00edgy minden sz\u00edv\u00e1sn\u00e1l egyenletes, \u00edzletes g\u0151zt hoz l\u00e9tre. Az intelligens kett\u0151s \u00fczemm\u00f3d\u00fa rendszer maxim\u00e1lis rugalmass\u00e1got k\u00edn\u00e1l: standard \u00fczemm\u00f3d a l\u00e1gy, kiegyens\u00falyozott sz\u00edv\u00e1sokhoz, vagy power \u00fczemm\u00f3d a megn\u00f6velt teljes\u00edtm\u00e9ny \u00e9s a gazdag g\u0151zk\u00e9pz\u0151d\u00e9shez \u2013 minden helyzethez \u00e9s \u00edzl\u00e9shez igaz\u00edthat\u00f3.<\/p>\n<p class=\"font-claude-response-body whitespace-normal break-words\">A l\u00e1tv\u00e1nyos, 270\u00b0-os Beat-Sensing kijelz\u0151 val\u00f3di innov\u00e1ci\u00f3t jelent, \u00e9s \u00e9l\u00e9nk f\u00e9nyanim\u00e1ci\u00f3kkal reag\u00e1l val\u00f3s id\u0151ben a haszn\u00e1latra, ami mag\u00e1val ragad\u00f3 \u00e9s interakt\u00edv g\u0151z\u00f6l\u00e9si \u00e9lm\u00e9nyt teremt. A be\u00e9p\u00edtett intelligens kijelz\u0151 folyamatosan t\u00e1j\u00e9koztatja \u00d6nt az akkumul\u00e1tor t\u00f6lt\u00f6tts\u00e9g\u00e9r\u0151l \u00e9s a folyad\u00e9k szintj\u00e9r\u0151l, \u00edgy mindig naprak\u00e9sz inform\u00e1ci\u00f3kkal rendelkezik. Ez a fejlett kijelz\u0151technol\u00f3gia a funkcionalit\u00e1st \u00e9lm\u00e9nny\u00e9 teszi.<\/p>\n<p class=\"font-claude-response-body whitespace-normal break-words\">A legmagasabb fok\u00fa szem\u00e9lyre szabhat\u00f3s\u00e1got az \u00e1ll\u00edthat\u00f3 leveg\u0151ell\u00e1t\u00e1s biztos\u00edtja, amely lehet\u0151v\u00e9 teszi, hogy a sz\u00edv\u00e1si ellen\u00e1ll\u00e1st pontosan az \u00d6n ig\u00e9nyeihez igaz\u00edtsa \u2013 f\u00fcggetlen\u00fcl att\u00f3l, hogy ink\u00e1bb feszes, koncentr\u00e1lt sz\u00edv\u00e1sokat vagy laza, nagy mennyis\u00e9g\u0171 g\u0151zfelh\u0151ket prefer\u00e1l. A USB Type-C t\u00f6lt\u0151rendszer sz\u00fcks\u00e9g eset\u00e9n gyors \u00fajrat\u00f6lt\u00e9st biztos\u00edt, m\u00edg a nagy teljes\u00edtm\u00e9ny\u0171 form\u00e1tum mind a szakkeresked\u0151k, mind a nagy fogyaszt\u00e1s\u00fa, intenz\u00edv felhaszn\u00e1l\u00f3k sz\u00e1m\u00e1ra t\u00f6k\u00e9letes megold\u00e1st k\u00edn\u00e1l.<\/p>\n<h2 class=\"font-claude-response-heading text-text-100 mt-1 -mb-0.5\">Term\u00e9kadatok:<\/h2>\n<p class=\"font-claude-response-body whitespace-normal break-words\"><strong>Nikotin er\u0151ss\u00e9ge:<\/strong> 5%<br \/>\n<strong>Folyad\u00e9k kapacit\u00e1s:<\/strong> 20 ml<br \/>\n<strong>G\u0151zst\u00edlus:<\/strong> MTL (sz\u00e1j-t\u00fcd\u0151)<br \/>\n<strong>Akkumul\u00e1tor:<\/strong> 1000 mAh \u00fajrat\u00f6lthet\u0151<br \/>\n<strong>M\u00f3d:<\/strong> Kett\u0151s \u00fczemm\u00f3d<br \/>\n<strong>Tekercs t\u00edpus:<\/strong> Kett\u0151s h\u00e1l\u00f3s tekercs<br \/>\n<strong>K\u00fcl\u00f6nleges jellemz\u0151:<\/strong> 270\u00b0 vibr\u00e1l\u00f3 f\u00e9ny\u0171 design<br \/>\n<strong>L\u00e9g\u00e1raml\u00e1s:<\/strong> \u00c1ll\u00edthat\u00f3 l\u00e9g\u00e1raml\u00e1s<br \/>\n<strong>Kijelz\u0151:<\/strong> Intelligens akkumul\u00e1tor- \u00e9s e-liquid-kijelz\u0151<\/p>\n<h2 class=\"font-claude-response-heading text-text-100 mt-1 -mb-0.5\">Fedezze fel a VOZOL VAPE term\u00e9keit a novavape weboldalon!<\/h2>\n<p class=\"font-claude-response-body whitespace-normal break-words\">Fedezze fel tov\u00e1bbi pr\u00e9mium term\u00e9keinket: l\u00e1togasson el weboldalunkra <strong><a class=\"underline\" href=\"https:\/\/novavape.de\/hu\/\">honlap<\/a><\/strong> Teljes k\u00edn\u00e1latunk\u00e9rt b\u00f6ng\u00e9sszen a <strong><a class=\"underline\" href=\"https:\/\/novavape.de\/hu\/product-category\/vozol-vape\/\">VOZOL VAPE kateg\u00f3ria<\/a><\/strong> minden Vozol modellhez, vagy fedezze fel a <strong><a class=\"underline\" href=\"https:\/\/novavape.de\/hu\/product-category\/vozol-vape\/vozol-rave-40000\/\">Vozol Rave 40000 \u00edzv\u00e1laszt\u00e9k<\/a><\/strong> tov\u00e1bbi finom \u00edzek\u00e9rt.<\/p>","protected":false},"excerpt":{"rendered":"<p class=\"font-claude-response-body whitespace-normal break-words\">A Vozol Rave 40000 Mango Peach \u00f6tv\u00f6zi a l\u00e9d\u00fas mang\u00f3t a b\u00e1rsonyos \u0151szibarackkal, \u00e9s 20 ml e-liquidet tartalmaz, ami ak\u00e1r 40 000 slukkra is elegend\u0151. A 270\u00b0-os Beat-Sensing kijelz\u0151, a Dual-Mode rendszer \u00e9s a S.i.L.C technol\u00f3gia kett\u0151s h\u00e1l\u00f3s tekercsekkel intenz\u00edv \u00edzt biztos\u00edtanak. 1000 mAh-s akkumul\u00e1torral, Type-C t\u00f6lt\u00e9ssel, 5% nikotinnal \u2013 tr\u00f3pusi harm\u00f3nia \u00e9s innov\u00e1ci\u00f3 tal\u00e1lkoz\u00e1sa.<\/p>","protected":false},"featured_media":2487,"comment_status":"open","ping_status":"closed","template":"","meta":[],"product_brand":[],"product_cat":[78],"product_tag":[],"class_list":{"0":"post-2486","1":"product","2":"type-product","3":"status-publish","4":"has-post-thumbnail","6":"product_cat-vozol-rave-40000","8":"first","9":"instock","10":"shipping-taxable","11":"purchasable","12":"product-type-variable"},"_links":{"self":[{"href":"https:\/\/novavape.de\/hu\/wp-json\/wp\/v2\/product\/2486","targetHints":{"allow":["GET"]}}],"collection":[{"href":"https:\/\/novavape.de\/hu\/wp-json\/wp\/v2\/product"}],"about":[{"href":"https:\/\/novavape.de\/hu\/wp-json\/wp\/v2\/types\/product"}],"replies":[{"embeddable":true,"href":"https:\/\/novavape.de\/hu\/wp-json\/wp\/v2\/comments?post=2486"}],"version-history":[{"count":0,"href":"https:\/\/novavape.de\/hu\/wp-json\/wp\/v2\/product\/2486\/revisions"}],"wp:featuredmedia":[{"embeddable":true,"href":"https:\/\/novavape.de\/hu\/wp-json\/wp\/v2\/media\/2487"}],"wp:attachment":[{"href":"https:\/\/novavape.de\/hu\/wp-json\/wp\/v2\/media?parent=2486"}],"wp:term":[{"taxonomy":"product_brand","embeddable":true,"href":"https:\/\/novavape.de\/hu\/wp-json\/wp\/v2\/product_brand?post=2486"},{"taxonomy":"product_cat","embeddable":true,"href":"https:\/\/novavape.de\/hu\/wp-json\/wp\/v2\/product_cat?post=2486"},{"taxonomy":"product_tag","embeddable":true,"href":"https:\/\/novavape.de\/hu\/wp-json\/wp\/v2\/product_tag?post=2486"}],"curies":[{"name":"wp","href":"https:\/\/api.w.org\/{rel}","templated":true}]}}