{"id":2474,"date":"2025-12-02T13:44:13","date_gmt":"2025-12-02T12:44:13","guid":{"rendered":"https:\/\/novavape.de\/?post_type=product&#038;p=2474"},"modified":"2026-04-07T09:56:45","modified_gmt":"2026-04-07T07:56:45","slug":"vozol-rave-40000-blueberry-ice","status":"publish","type":"product","link":"https:\/\/novavape.de\/hu\/product\/vozol-rave-40000-blueberry-ice\/","title":{"rendered":"Vozol Rave 40000 \u00c1fonya j\u00e9g"},"content":{"rendered":"<h1 class=\"font-claude-response-title mt-1 text-text-100\">Vozol Rave 40000 Blueberry Ice eldobhat\u00f3 vape<\/h1>\n<p class=\"font-claude-response-body whitespace-normal break-words\">A Vozol Rave 40000 Blueberry Ice intenz\u00edv \u00e1fonya \u00e9dess\u00e9get \u00e9s \u00e9l\u00e9nk\u00edt\u0151 h\u0171v\u00f6ss\u00e9get kombin\u00e1l egy friss\u00edt\u0151 g\u0151z\u00f6lg\u00e9si \u00e9lm\u00e9ny \u00e9rdek\u00e9ben. Ez a nagy teljes\u00edtm\u00e9ny\u0171 eldobhat\u00f3 eszk\u00f6z leny\u0171g\u00f6z\u0151, ak\u00e1r 40 000 sz\u00edv\u00e1s kapacit\u00e1ssal rendelkezik, \u00edgy az egyik legtart\u00f3sabb vape a piacon. Az \u00fajrat\u00f6lthet\u0151 1000 mAh-s akkumul\u00e1tor \u00e9s a 20 ml-es e-liquid tart\u00e1ly egy\u00fcttesen biztos\u00edtj\u00e1k a maxim\u00e1lis haszn\u00e1lati id\u0151t. A futurisztikus, 270\u00b0-os Beat-Sensing kijelz\u0151 3D-s \u00edvelt k\u00e9perny\u0151j\u00e9vel interakt\u00edv \u00e9s vizu\u00e1lisan leny\u0171g\u00f6z\u0151 felhaszn\u00e1l\u00f3i \u00e9lm\u00e9nyt ny\u00fajt. A k\u00e9t rendelkez\u00e9sre \u00e1ll\u00f3 \u00fczemm\u00f3ddal rugalmasan igaz\u00edthatja a k\u00e9sz\u00fcl\u00e9ket az \u00d6n ig\u00e9nyeihez.<\/p>\n<h2 class=\"font-claude-response-heading text-text-100 mt-1 -mb-0.5\">A Vozol Rave 40000 Blueberry Ice legfontosabb jellemz\u0151i:<\/h2>\n<p class=\"font-claude-response-body whitespace-normal break-words\">A Vozol Rave 40000 Blueberry Ice rendk\u00edv\u00fcli teljes\u00edtm\u00e9ny\u00e9vel ny\u0171g\u00f6zi le a felhaszn\u00e1l\u00f3kat. A nagym\u00e9ret\u0171, 20 ml-es folyad\u00e9ktart\u00e1ly \u00e9s az 1000 mAh-s \u00fajrat\u00f6lthet\u0151 akkumul\u00e1tor (USB Type-C gyors t\u00f6lt\u00e9s) kombin\u00e1ci\u00f3ja k\u00f6r\u00fclbel\u00fcl 40 000 sz\u00edv\u00e1st biztos\u00edt norm\u00e1l m\u00f3dban vagy 25 000 sz\u00edv\u00e1st t\u00falfesz\u00fclts\u00e9g m\u00f3dban \u2013 ezzel az egyik legtart\u00f3sabb eldobhat\u00f3 e-cigaretta a piacon. 5% (50 mg) nikotintartalommal kiel\u00e9g\u00edt\u0151 \u00e9s er\u0151teljes \u00e9lm\u00e9nyt ny\u00fajt a tapasztalt g\u0151z\u00f6l\u0151knek.<\/p>\n<p class=\"font-claude-response-body whitespace-normal break-words\">A fejlett S.i.L.C technol\u00f3gia \u00e1ltal hajtott kett\u0151s MCU chipek optim\u00e1lisan m\u0171k\u00f6dnek egy\u00fctt a kiv\u00e1l\u00f3 min\u0151s\u00e9g\u0171 h\u00e1l\u00f3s tekercsekkel, hogy folyamatosan intenz\u00edv \u00edz\u0171 g\u0151zt \u00e1ll\u00edtsanak el\u0151. A kifinomult kett\u0151s \u00fczemm\u00f3d\u00fa rendszer lehet\u0151v\u00e9 teszi, hogy v\u00e1lasszon a norm\u00e1l \u00fczemm\u00f3d k\u00f6z\u00f6tt, amely kiegyens\u00falyozott, l\u00e1gy slukkokat biztos\u00edt, \u00e9s a surge \u00fczemm\u00f3d k\u00f6z\u00f6tt, amely nagyobb teljes\u00edtm\u00e9nyt \u00e9s s\u0171r\u0171 g\u0151zfelh\u0151ket eredm\u00e9nyez \u2013 \u00edgy t\u00f6k\u00e9letesen alkalmazkodik a k\u00fcl\u00f6nb\u00f6z\u0151 helyzetekhez \u00e9s hangulatokhoz.<\/p>\n<p class=\"font-claude-response-body whitespace-normal break-words\">Az innovat\u00edv 270\u00b0-os Beat-Sensing-kijelz\u0151 igazi szemet gy\u00f6ny\u00f6rk\u00f6dtet\u0151, \u00e9s dinamikusan reag\u00e1l a haszn\u00e1latra \u00e9l\u00e9nk f\u00e9nyanim\u00e1ci\u00f3kkal val\u00f3s id\u0151ben, \u00edgy minden haszn\u00e1lat multiszenzoros \u00e9lm\u00e9nny\u00e9 v\u00e1lik. A be\u00e9p\u00edtett digit\u00e1lis kijelz\u0151 megb\u00edzhat\u00f3an t\u00e1j\u00e9koztatja \u00d6nt a fennmarad\u00f3 akkumul\u00e1tor t\u00f6lt\u00f6tts\u00e9g\u00e9r\u0151l \u00e9s a folyad\u00e9k mennyis\u00e9g\u00e9r\u0151l, \u00edgy nem \u00e9rhetik kellemetlen meglepet\u00e9sek. Ez az intelligens vizualiz\u00e1ci\u00f3 \u00faj szintre emeli a felhaszn\u00e1l\u00f3i interakci\u00f3t.<\/p>\n<p class=\"font-claude-response-body whitespace-normal break-words\">Az egy\u00e9ni be\u00e1ll\u00edt\u00e1sok k\u00f6z\u00e9ppontj\u00e1ban az \u00e1ll\u00edthat\u00f3 l\u00e9g\u00e1raml\u00e1s \u00e1ll, amely lehet\u0151v\u00e9 teszi a sz\u00edv\u00e1s er\u0151ss\u00e9g\u00e9nek pontos be\u00e1ll\u00edt\u00e1s\u00e1t \u2013 f\u00fcggetlen\u00fcl att\u00f3l, hogy sz\u0171k, intenz\u00edv sz\u00edv\u00e1sokat vagy nyitott, l\u00e9gies g\u0151zfelh\u0151ket prefer\u00e1l. A USB Type-C t\u00f6lt\u00e9si funkci\u00f3 sz\u00fcks\u00e9g eset\u00e9n gyors \u00fajrat\u00f6lt\u00e9st tesz lehet\u0151v\u00e9, m\u00edg a nagy kapacit\u00e1s\u00fa form\u00e1tum ide\u00e1lis azoknak a keresked\u0151knek, akik pr\u00e9mium term\u00e9keket szeretn\u00e9nek k\u00edn\u00e1lni, valamint azoknak a gyakori felhaszn\u00e1l\u00f3knak, akik nagyra \u00e9rt\u00e9kelik a hossz\u00fa \u00e9lettartamot.<\/p>\n<h2 class=\"font-claude-response-heading text-text-100 mt-1 -mb-0.5\">Term\u00e9kle\u00edr\u00e1s:<\/h2>\n<p class=\"font-claude-response-body whitespace-normal break-words\"><strong>Nikotin er\u0151ss\u00e9ge:<\/strong> 5%<br \/>\n<strong>Folyad\u00e9k kapacit\u00e1s:<\/strong> 20 ml<br \/>\n<strong>G\u0151zst\u00edlus:<\/strong> MTL (sz\u00e1j-t\u00fcd\u0151)<br \/>\n<strong>Akkumul\u00e1tor:<\/strong> 1000 mAh \u00fajrat\u00f6lthet\u0151<br \/>\n<strong>M\u00f3d:<\/strong> Kett\u0151s \u00fczemm\u00f3d<br \/>\n<strong>Tekercs t\u00edpus:<\/strong> Kett\u0151s h\u00e1l\u00f3s tekercs<br \/>\n<strong>K\u00fcl\u00f6nleges jellemz\u0151:<\/strong> 270\u00b0 vibr\u00e1l\u00f3 f\u00e9ny\u0171 design<br \/>\n<strong>L\u00e9g\u00e1raml\u00e1s:<\/strong> \u00c1ll\u00edthat\u00f3 l\u00e9g\u00e1raml\u00e1s<br \/>\n<strong>Kijelz\u0151:<\/strong> Intelligens akkumul\u00e1tor- \u00e9s e-liquid-kijelz\u0151<\/p>\n<h2 class=\"font-claude-response-heading text-text-100 mt-1 -mb-0.5\">Fedezze fel a VOZOL VAPE term\u00e9keit a novavape weboldalon!<\/h2>\n<p class=\"font-claude-response-body whitespace-normal break-words\">Fedezze fel teljes k\u00edn\u00e1latunkat: l\u00e1togasson el weboldalunkra! <strong><a class=\"underline\" href=\"https:\/\/novavape.de\/hu\/\">honlap<\/a><\/strong> az \u00f6sszes el\u00e9rhet\u0151 term\u00e9khez, b\u00f6ng\u00e9sszen a <strong><a class=\"underline\" href=\"https:\/\/novavape.de\/hu\/product-category\/vozol-vape\/\">VOZOL VAPE kateg\u00f3ria<\/a><\/strong> minden Vozol k\u00e9sz\u00fcl\u00e9khez, vagy fedezze fel a <strong><a class=\"underline\" href=\"https:\/\/novavape.de\/hu\/product-category\/vozol-vape\/vozol-rave-40000\/\">Vozol Rave 40000 \u00edzv\u00e1laszt\u00e9k<\/a><\/strong> minden rendelkez\u00e9sre \u00e1ll\u00f3 \u00edzzel.<\/p>","protected":false},"excerpt":{"rendered":"<p class=\"font-claude-response-body whitespace-normal break-words\">A Vozol Rave 40000 Blueberry Ice intenz\u00edv \u00e1fonya\u00e9dess\u00e9get \u00f6tv\u00f6z friss\u00edt\u0151 h\u0171s\u00e9ggel, \u00e9s 20 ml e-liquidet tartalmaz, ami ak\u00e1r 40 000 slukkra is elegend\u0151. A 270\u00b0-os Beat-Sensing kijelz\u0151, a kett\u0151s \u00fczemm\u00f3d\u00fa rendszer \u00e9s a S.i.L.C technol\u00f3gia kett\u0151s h\u00e1l\u00f3s tekercsekkel intenz\u00edv \u00edzt biztos\u00edt. 1000 mAh-s akkumul\u00e1torral, Type-C t\u00f6lt\u00e9ssel, 5% nikotinnal \u2013 a bogy\u00f3s gy\u00fcm\u00f6lcs\u00f6k arom\u00e1ja tal\u00e1lkozik a cs\u00facstechnol\u00f3gi\u00e1val.<\/p>","protected":false},"featured_media":2475,"comment_status":"open","ping_status":"closed","template":"","meta":[],"product_brand":[],"product_cat":[78],"product_tag":[],"class_list":{"0":"post-2474","1":"product","2":"type-product","3":"status-publish","4":"has-post-thumbnail","6":"product_cat-vozol-rave-40000","8":"first","9":"instock","10":"shipping-taxable","11":"purchasable","12":"product-type-variable"},"_links":{"self":[{"href":"https:\/\/novavape.de\/hu\/wp-json\/wp\/v2\/product\/2474","targetHints":{"allow":["GET"]}}],"collection":[{"href":"https:\/\/novavape.de\/hu\/wp-json\/wp\/v2\/product"}],"about":[{"href":"https:\/\/novavape.de\/hu\/wp-json\/wp\/v2\/types\/product"}],"replies":[{"embeddable":true,"href":"https:\/\/novavape.de\/hu\/wp-json\/wp\/v2\/comments?post=2474"}],"version-history":[{"count":0,"href":"https:\/\/novavape.de\/hu\/wp-json\/wp\/v2\/product\/2474\/revisions"}],"wp:featuredmedia":[{"embeddable":true,"href":"https:\/\/novavape.de\/hu\/wp-json\/wp\/v2\/media\/2475"}],"wp:attachment":[{"href":"https:\/\/novavape.de\/hu\/wp-json\/wp\/v2\/media?parent=2474"}],"wp:term":[{"taxonomy":"product_brand","embeddable":true,"href":"https:\/\/novavape.de\/hu\/wp-json\/wp\/v2\/product_brand?post=2474"},{"taxonomy":"product_cat","embeddable":true,"href":"https:\/\/novavape.de\/hu\/wp-json\/wp\/v2\/product_cat?post=2474"},{"taxonomy":"product_tag","embeddable":true,"href":"https:\/\/novavape.de\/hu\/wp-json\/wp\/v2\/product_tag?post=2474"}],"curies":[{"name":"wp","href":"https:\/\/api.w.org\/{rel}","templated":true}]}}