{"id":2467,"date":"2025-12-02T13:36:51","date_gmt":"2025-12-02T12:36:51","guid":{"rendered":"https:\/\/novavape.de\/?post_type=product&#038;p=2467"},"modified":"2025-12-02T13:36:51","modified_gmt":"2025-12-02T12:36:51","slug":"vozol-rave-40000-mango-ice","status":"publish","type":"product","link":"https:\/\/novavape.de\/hu\/product\/vozol-rave-40000-mango-ice\/","title":{"rendered":"Vozol Rave 40000 Mang\u00f3 j\u00e9g"},"content":{"rendered":"<h1 class=\"font-claude-response-title mt-1 text-text-100\">Vozol Rave 40000 Mango Ice eldobhat\u00f3 e-cigaretta<\/h1>\n<p class=\"font-claude-response-body whitespace-normal break-words\">\u00c9lvezze a tr\u00f3pusi frissess\u00e9get a Vozol Rave 40000 Mango Ice-szal. Ez a pr\u00e9mium eldobhat\u00f3 vape \u00f6tv\u00f6zi a l\u00e9d\u00fas mang\u00f3 arom\u00e1kat egy friss\u00edt\u0151 j\u00e9gkellemmel, \u00e9s rendk\u00edv\u00fcli 40 000 sz\u00edv\u00e1s kapacit\u00e1st k\u00edn\u00e1l. A nagy teljes\u00edtm\u00e9ny\u0171, 1000 mAh-s \u00fajrat\u00f6lthet\u0151 akkumul\u00e1tor \u00e9s a b\u0151s\u00e9ges, 20 ml-es e-liquid tart\u00e1ly hetekig tart\u00f3 g\u0151z\u00f6lg\u00e9si \u00e9lm\u00e9nyt biztos\u00edt. Az innovat\u00edv, 270\u00b0-os Beat-Sensing kijelz\u0151 3D-s \u00edvelt k\u00e9perny\u0151vel minden g\u0151z\u00f6lg\u00e9si \u00e9lm\u00e9nyt vizu\u00e1lis \u00e9lm\u00e9nny\u00e9 var\u00e1zsol. A k\u00e9t v\u00e1laszthat\u00f3 \u00fczemm\u00f3dnak k\u00f6sz\u00f6nhet\u0151en a g\u0151z\u00f6lg\u00e9si \u00e9lm\u00e9nyt t\u00f6k\u00e9letesen az \u00d6n ig\u00e9nyeihez igaz\u00edthatja.<\/p>\n<h2 class=\"font-claude-response-heading text-text-100 mt-1 -mb-0.5\">A Vozol Rave 40000 Mango Ice f\u0151bb jellemz\u0151i:<\/h2>\n<p class=\"font-claude-response-body whitespace-normal break-words\">Leny\u0171g\u00f6z\u0151 felszerelts\u00e9g\u00e9vel a Vozol Rave 40000 Mango Ice \u00faj m\u00e9rc\u00e9t \u00e1ll\u00edt fel az eldobhat\u00f3 e-cigaretta szegmensben. A 20 ml-es folyad\u00e9k-tartal\u00e9k \u00e9s a nagy teljes\u00edtm\u00e9ny\u0171 1000 mAh-s akkumul\u00e1tor (USB Type-C t\u00f6lt\u00e9s) kombin\u00e1ci\u00f3ja k\u00f6r\u00fclbel\u00fcl 40 000 sz\u00edv\u00e1st tesz lehet\u0151v\u00e9 norm\u00e1l \u00fczemm\u00f3dban vagy 25 000 sz\u00edv\u00e1st teljes\u00edtm\u00e9ny m\u00f3dban \u2013 ez az egyik leghosszabb \u00e9lettartam az el\u00e9rhet\u0151 eldobhat\u00f3 term\u00e9kek k\u00f6z\u00fcl. Az 5% nikotintartalom (50 mg) intenz\u00edv \u00e9lm\u00e9nyt garant\u00e1l az ig\u00e9nyes vaperoknak.<\/p>\n<p class=\"font-claude-response-body whitespace-normal break-words\">A forradalmi S.i.L.C technol\u00f3gia k\u00e9t MCU chipet haszn\u00e1l, amelyek t\u00f6k\u00e9letesen harmoniz\u00e1lnak a pr\u00e9mium min\u0151s\u00e9g\u0171 h\u00e1l\u00f3s p\u00e1rologtat\u00f3 fejekkel, \u00edgy minden bel\u00e9gz\u00e9skor s\u0171r\u0171, arom\u00e1s k\u00f6d\u00f6t gener\u00e1lnak. Az intelligens k\u00e9t \u00fczemm\u00f3d k\u00f6z\u00fcl v\u00e1laszthat: standard \u00fczemm\u00f3d az egyenletes, l\u00e1gy g\u0151zk\u00e9pz\u0151d\u00e9shez, vagy power \u00fczemm\u00f3d a maxim\u00e1lis intenzit\u00e1shoz \u00e9s felh\u0151termel\u00e9shez \u2013 rugalmasan alkalmazkodik minden pillanathoz.<\/p>\n<p class=\"font-claude-response-body whitespace-normal break-words\">Kiemelked\u0151 jellemz\u0151je a futurisztikus, 270\u00b0-os Beat-Sensing kijelz\u0151, amely dinamikus f\u00e9nyeffektusokkal k\u00eds\u00e9ri haszn\u00e1lat\u00e1t val\u00f3s id\u0151ben, \u00e9s mag\u00e1val ragad\u00f3 g\u0151z\u00f6l\u00e9si \u00e9lm\u00e9nyt teremt. A be\u00e9p\u00edtett intelligens k\u00e9perny\u0151 folyamatosan jelzi az akkumul\u00e1tor \u00e1llapot\u00e1t \u00e9s a folyad\u00e9k szintj\u00e9t, \u00edgy mindig teljes ellen\u0151rz\u00e9st gyakorolhat. Ez az innovat\u00edv kijelz\u0151technol\u00f3gia a egyszer\u0171 \u00e1llapotjelz\u00e9sb\u0151l leny\u0171g\u00f6z\u0151 \u00e9lm\u00e9nyt var\u00e1zsol.<\/p>\n<p class=\"font-claude-response-body whitespace-normal break-words\">A maxim\u00e1lis szem\u00e9lyre szabhat\u00f3s\u00e1got az \u00e1ll\u00edthat\u00f3 l\u00e9g\u00e1raml\u00e1s biztos\u00edtja, amelynek seg\u00edts\u00e9g\u00e9vel a sz\u00edv\u00e1si ellen\u00e1ll\u00e1st pontosan az \u00d6n ig\u00e9nyeihez igaz\u00edthatja \u2013 a szoros \u00e9s koncentr\u00e1ltt\u00f3l a laza \u00e9s l\u00e9giesig. Az USB Type-C t\u00f6lt\u0151rendszer garant\u00e1lja a leggyorsabb \u00fajrat\u00f6lt\u00e9st, m\u00edg a nagy kapacit\u00e1s\u00fa kialak\u00edt\u00e1s mind a keresked\u0151k, mind az intenz\u00edv, nagy ig\u00e9ny\u0171 g\u0151z\u00f6l\u0151k sz\u00e1m\u00e1ra t\u00f6k\u00e9letes megold\u00e1st jelent.<\/p>\n<h2 class=\"font-claude-response-heading text-text-100 mt-1 -mb-0.5\">M\u0171szaki adatok:<\/h2>\n<p class=\"font-claude-response-body whitespace-normal break-words\"><strong>Nikotintartalom:<\/strong> 5%<br \/>\n<strong>Tank \u0171rtartalma:<\/strong> 20 ml<br \/>\n<strong>H\u00faz\u00e1si technika:<\/strong> MTL (sz\u00e1j-t\u00fcd\u0151)<br \/>\n<strong>Akkumul\u00e1tor:<\/strong> 1000 mAh \u00fajrat\u00f6lthet\u0151<br \/>\n<strong>\u00dczemm\u00f3dok:<\/strong> Kett\u0151s \u00fczemm\u00f3d\u00fa rendszer<br \/>\n<strong>Elp\u00e1rologtat\u00f3:<\/strong> Kett\u0151s h\u00e1l\u00f3s tekercs<br \/>\n<strong>F\u00e9nypont:<\/strong> 270\u00b0 vibr\u00e1l\u00f3 f\u00e9ny\u0171 design<br \/>\n<strong>Leveg\u0151ell\u00e1t\u00e1s:<\/strong> Fokozatmentesen \u00e1ll\u00edthat\u00f3<br \/>\n<strong>Hirdet\u00e9s:<\/strong> Intelligens akkumul\u00e1tor- \u00e9s folyad\u00e9kfigyel\u00e9s<\/p>\n<p class=\"font-claude-response-body whitespace-normal break-words\"><strong>Fedezze fel tov\u00e1bbi pr\u00e9mium term\u00e9keket:<\/strong> L\u00e1togasson el honlapunkra <strong><a class=\"underline\" href=\"https:\/\/novavape.de\/hu\/\">honlap<\/a><\/strong> A teljes v\u00e1laszt\u00e9k\u00e9rt b\u00f6ng\u00e9sszen a <strong><a class=\"underline\" href=\"https:\/\/novavape.de\/hu\/product-category\/vozol-vape\/\">VOZOL VAPE kateg\u00f3ria<\/a><\/strong> minden Vozol modellhez, vagy fedezze fel a <strong><a class=\"underline\" href=\"https:\/\/novavape.de\/hu\/product-category\/vozol-vape\/vozol-rave-40000\/\">Vozol Rave 40000 \u00edzv\u00e1laszt\u00e9k<\/a><\/strong> tov\u00e1bbi izgalmas \u00edzek\u00e9rt.<\/p>","protected":false},"excerpt":{"rendered":"<p class=\"font-claude-response-body whitespace-normal break-words\">A Vozol Rave 40000 Mango Ice tr\u00f3pusi mang\u00f3t \u00f6tv\u00f6z friss\u00edt\u0151 h\u0171s\u00e9ggel, \u00e9s 20 ml e-liquidet biztos\u00edt ak\u00e1r 40 000 slukkhoz. A 270\u00b0-os Beat-Sensing kijelz\u0151, a kett\u0151s \u00fczemm\u00f3d\u00fa rendszer \u00e9s a S.i.L.C technol\u00f3gia kett\u0151s h\u00e1l\u00f3s tekercsekkel garant\u00e1lj\u00e1k az intenz\u00edv \u00e9lvezetet. 1000 mAh-s akkumul\u00e1torral, Type-C t\u00f6lt\u00e9ssel, 5% nikotinnal \u2013 a tr\u00f3pusi hangulat tal\u00e1lkozik az innov\u00e1ci\u00f3val.<\/p>","protected":false},"featured_media":2468,"comment_status":"open","ping_status":"closed","template":"","meta":[],"product_brand":[],"product_cat":[78],"product_tag":[],"class_list":{"0":"post-2467","1":"product","2":"type-product","3":"status-publish","4":"has-post-thumbnail","6":"product_cat-vozol-rave-40000","8":"first","9":"instock","10":"shipping-taxable","11":"purchasable","12":"product-type-variable"},"_links":{"self":[{"href":"https:\/\/novavape.de\/hu\/wp-json\/wp\/v2\/product\/2467","targetHints":{"allow":["GET"]}}],"collection":[{"href":"https:\/\/novavape.de\/hu\/wp-json\/wp\/v2\/product"}],"about":[{"href":"https:\/\/novavape.de\/hu\/wp-json\/wp\/v2\/types\/product"}],"replies":[{"embeddable":true,"href":"https:\/\/novavape.de\/hu\/wp-json\/wp\/v2\/comments?post=2467"}],"version-history":[{"count":0,"href":"https:\/\/novavape.de\/hu\/wp-json\/wp\/v2\/product\/2467\/revisions"}],"wp:featuredmedia":[{"embeddable":true,"href":"https:\/\/novavape.de\/hu\/wp-json\/wp\/v2\/media\/2468"}],"wp:attachment":[{"href":"https:\/\/novavape.de\/hu\/wp-json\/wp\/v2\/media?parent=2467"}],"wp:term":[{"taxonomy":"product_brand","embeddable":true,"href":"https:\/\/novavape.de\/hu\/wp-json\/wp\/v2\/product_brand?post=2467"},{"taxonomy":"product_cat","embeddable":true,"href":"https:\/\/novavape.de\/hu\/wp-json\/wp\/v2\/product_cat?post=2467"},{"taxonomy":"product_tag","embeddable":true,"href":"https:\/\/novavape.de\/hu\/wp-json\/wp\/v2\/product_tag?post=2467"}],"curies":[{"name":"wp","href":"https:\/\/api.w.org\/{rel}","templated":true}]}}