{"id":2462,"date":"2025-12-02T11:44:19","date_gmt":"2025-12-02T10:44:19","guid":{"rendered":"https:\/\/novavape.de\/?post_type=product&#038;p=2462"},"modified":"2025-12-02T11:44:19","modified_gmt":"2025-12-02T10:44:19","slug":"vozol-rave-40000-grape-ice","status":"publish","type":"product","link":"https:\/\/novavape.de\/hu\/product\/vozol-rave-40000-grape-ice\/","title":{"rendered":"Vozol Rave 40000 Grape Ice"},"content":{"rendered":"<h2 class=\"font-claude-response-heading text-text-100 mt-1 -mb-0.5\">Vozol Rave 40000 Grape Ice eldobhat\u00f3 e-cigaretta<\/h2>\n<p class=\"font-claude-response-body whitespace-normal break-words\">A Vozol Rave 40000 Grape Ice eldobhat\u00f3 e-cigaretta leny\u0171g\u00f6z\u0151, 40 000 slukk kapacit\u00e1ssal rendelkezik, intenz\u00edv sz\u0151l\u0151 \u00edzzel \u00e9s h\u0171s\u00edt\u0151 ut\u00f3\u00edzzel. Az \u00fajrat\u00f6lthet\u0151 1000 mAh-s akkumul\u00e1tor \u00e9s a 20 ml-es el\u0151re felt\u00f6lt\u00f6tt e-liquid garant\u00e1lja a hossz\u00fa \u00e9lettartamot \u00e9s a megb\u00edzhat\u00f3 m\u0171k\u00f6d\u00e9st. 270\u00b0-os vibr\u00e1ci\u00f3s kijelz\u0151j\u00e9vel \u00e9s 3D-s \u00edvelt k\u00e9perny\u0151j\u00e9vel a k\u00e9sz\u00fcl\u00e9k vizu\u00e1lisan vonz\u00f3 \u00e9s interakt\u00edv \u00e9lm\u00e9nyt ny\u00fajt. A felhaszn\u00e1l\u00f3k k\u00e9t funkcion\u00e1lis m\u00f3d k\u00f6z\u00fcl v\u00e1laszthatnak, hogy szem\u00e9lyre szabhass\u00e1k a g\u0151z\u00f6l\u00e9si \u00e9lm\u00e9ny\u00fcket.<\/p>\n<h3 class=\"font-claude-response-subheading text-text-100 mt-1 -mb-1.5\">Vozol Rave 40000 Grape Ice kiemelt jellemz\u0151k<\/h3>\n<p class=\"font-claude-response-body whitespace-normal break-words\">A Vozol Rave 40000 Grape Ice leny\u0171g\u00f6z\u0151 kapacit\u00e1s\u00e1val, 20 ml-es e-liquid tart\u00e1llyal \u00e9s 1000 mAh-s \u00fajrat\u00f6lthet\u0151 akkumul\u00e1torral rendelkezik, USB Type-C t\u00f6lt\u0151csatlakoz\u00f3val. Ez a nagy teljes\u00edtm\u00e9ny\u0171 eszk\u00f6z norm\u00e1l m\u00f3dban k\u00f6r\u00fclbel\u00fcl 40 000, surge m\u00f3dban pedig 25 000 sz\u00edv\u00e1st biztos\u00edt, ezzel az egyik legtart\u00f3sabb eldobhat\u00f3 e-cigaretta a piacon. Er\u0151s, 5% (50 mg) nikotintartalm\u00e1val tapasztalt felhaszn\u00e1l\u00f3k sz\u00e1m\u00e1ra is kiel\u00e9g\u00edt\u0151 g\u0151z\u00f6l\u00e9si \u00e9lm\u00e9nyt biztos\u00edt.<\/p>\n<p class=\"font-claude-response-body whitespace-normal break-words\">A cs\u00facstechnol\u00f3gi\u00e1s S.i.L.C technol\u00f3gia kett\u0151s MCU chipekkel t\u00f6k\u00e9letesen harmoniz\u00e1l a pr\u00e9mium h\u00e1l\u00f3s tekercsekkel, \u00e9s minden slukk ut\u00e1n egyenletes, arom\u00e1s g\u0151zt termel. Az innovat\u00edv kett\u0151s \u00fczemm\u00f3d\u00fa rendszer lehet\u0151v\u00e9 teszi, hogy a norm\u00e1l \u00fczemm\u00f3d \u00e9s a megn\u00f6velt teljes\u00edtm\u00e9nyt \u00e9s g\u0151ztermel\u00e9st biztos\u00edt\u00f3 surge \u00fczemm\u00f3d k\u00f6z\u00f6tt v\u00e1lthasson \u2013 k\u00fcl\u00f6nb\u00f6z\u0151 preferenci\u00e1khoz \u00e9s alkalmakhoz igazodva.<\/p>\n<p class=\"font-claude-response-body whitespace-normal break-words\">A Vozol Rave egy fejlett, 270\u00b0-os Beat-Sensing kijelz\u0151vel rendelkezik, amely dinamikus, val\u00f3s idej\u0171 visszajelz\u00e9seket ad haszn\u00e1lat k\u00f6zben, \u00e9s interakt\u00edv g\u0151z\u00f6l\u00e9si \u00e9lm\u00e9nyt teremt. A be\u00e9p\u00edtett digit\u00e1lis kijelz\u0151 megb\u00edzhat\u00f3an t\u00e1j\u00e9koztatja \u00d6nt az akkumul\u00e1tor \u00e1llapot\u00e1r\u00f3l \u00e9s az e-liquid szintj\u00e9r\u0151l, \u00edgy mindig k\u00e9pben maradhat. Ez a vizu\u00e1lis technol\u00f3gia kombin\u00e1ci\u00f3ja a praktikus figyelemmel k\u00eds\u00e9r\u00e9st leny\u0171g\u00f6z\u0151 funkci\u00f3v\u00e1 teszi.<\/p>\n<p class=\"font-claude-response-body whitespace-normal break-words\">A szem\u00e9lyre szabhat\u00f3s\u00e1g a k\u00e9sz\u00fcl\u00e9k legfontosabb jellemz\u0151je: az \u00e1ll\u00edthat\u00f3 l\u00e9g\u00e1raml\u00e1s lehet\u0151v\u00e9 teszi, hogy a sz\u00edv\u00e1si ellen\u00e1ll\u00e1st pontosan az \u00d6n ig\u00e9nyeihez igaz\u00edtsa \u2013 f\u00fcggetlen\u00fcl att\u00f3l, hogy sz\u0171k, fojtott sz\u00edv\u00e1st vagy t\u00e1g, nyitott sz\u00edv\u00e1st prefer\u00e1l. Az USB Type-C t\u00f6lt\u0151rendszer gyors energiaell\u00e1t\u00e1st biztos\u00edt, amikor sz\u00fcks\u00e9ges, m\u00edg a nagy kapacit\u00e1s\u00fa eldobhat\u00f3 form\u00e1tum kiv\u00e1l\u00f3 v\u00e1laszt\u00e1s azoknak a keresked\u0151knek, akik nagy kapacit\u00e1s\u00fa eszk\u00f6z\u00f6ket szeretn\u00e9nek forgalmazni, valamint azoknak a gyakori felhaszn\u00e1l\u00f3knak, akik hosszabb g\u0151z\u00f6l\u00e9si munkameneteket szeretn\u00e9nek an\u00e9lk\u00fcl, hogy gyakran kellene cser\u00e9lni\u00fck.<\/p>\n<p class=\"font-claude-response-body whitespace-normal break-words\">A Grape Ice v\u00e1ltozat a sz\u0151l\u0151 finom \u00e9dess\u00e9g\u00e9t \u00f6tv\u00f6zi a friss\u00edt\u0151 h\u0171s\u00e9ggel, \u00edgy kiegyens\u00falyozott \u00e9s \u00e9l\u00e9nk\u00edt\u0151 \u00edz\u00e9lm\u00e9nyt ny\u00fajt.<\/p>\n<h3 class=\"font-claude-response-subheading text-text-100 mt-1 -mb-1.5\">M\u0171szaki adatok<\/h3>\n<p class=\"font-claude-response-body whitespace-normal break-words\"><strong>Nikotin er\u0151ss\u00e9ge:<\/strong> 5% (50 mg)<br \/>\n<strong>Folyad\u00e9k kapacit\u00e1s:<\/strong> 20 ml<br \/>\n<strong>G\u0151zst\u00edlus:<\/strong> MTL (sz\u00e1j-t\u00fcd\u0151)<br \/>\n<strong>Akkumul\u00e1tor:<\/strong> 1000 mAh \u00fajrat\u00f6lthet\u0151<br \/>\n<strong>M\u00f3dok:<\/strong> Kett\u0151s \u00fczemm\u00f3d (norm\u00e1l \u00e9s t\u00falfesz\u00fclts\u00e9g)<br \/>\n<strong>Tekercs t\u00edpus:<\/strong> Kett\u0151s h\u00e1l\u00f3s tekercs<br \/>\n<strong>K\u00fcl\u00f6nlegess\u00e9g:<\/strong> 270\u00b0 vibr\u00e1l\u00f3 f\u00e9ny\u0171 design<br \/>\n<strong>L\u00e9g\u00e1raml\u00e1s:<\/strong> \u00c1ll\u00edthat\u00f3<br \/>\n<strong>Kijelz\u0151:<\/strong> Intelligens akkumul\u00e1tor- \u00e9s e-liquid-kijelz\u0151<\/p>\n<h3 class=\"font-claude-response-subheading text-text-100 mt-1 -mb-1.5\">Fedezze fel a VOZOL VAPE term\u00e9keit a novavape weboldalon!<\/h3>\n<p class=\"font-claude-response-body whitespace-normal break-words\">Fedezze fel tov\u00e1bbi pr\u00e9mium term\u00e9keinket a <strong><a class=\"underline\" href=\"https:\/\/novavape.de\/hu\/\">E-cigaretta online bolt<\/a><\/strong> vagy b\u00f6ng\u00e9sszen teljes k\u00edn\u00e1latunkban <strong><a class=\"underline\" href=\"https:\/\/novavape.de\/hu\/product-category\/vozol-vape\/\">VOZOL VAPE kollekci\u00f3<\/a><\/strong>. Az \u00f6sszes el\u00e9rhet\u0151 \u00edz megtal\u00e1lhat\u00f3 a <strong><a class=\"underline\" href=\"https:\/\/novavape.de\/hu\/product-category\/vozol-vape\/vozol-rave-40000\/\">Vozol Rave 40000 sorozat<\/a><\/strong>.<\/p>","protected":false},"excerpt":{"rendered":"<p class=\"font-claude-response-body whitespace-normal break-words\">A Vozol Rave 40000 Grape Ice 20 ml e-liquidet \u00e9s ak\u00e1r 40 000 slukkot biztos\u00edt. A 270\u00b0-os Beat-Sensing kijelz\u0151, a kett\u0151s \u00fczemm\u00f3d\u00fa rendszer (Normal\/Surge) \u00e9s a S.i.L.C technol\u00f3gia kett\u0151s h\u00e1l\u00f3s tekercsekkel intenz\u00edv \u00edzt biztos\u00edt. 1000 mAh-s akkumul\u00e1torral, Type-C t\u00f6lt\u00e9ssel, 5% nikotinnal \u2013 a nemes sz\u0151l\u0151 tal\u00e1lkozik a friss\u00edt\u0151 h\u0171s\u00e9ggel \u00e9s az innov\u00e1ci\u00f3val.<\/p>","protected":false},"featured_media":2463,"comment_status":"open","ping_status":"closed","template":"","meta":[],"product_brand":[],"product_cat":[78],"product_tag":[],"class_list":{"0":"post-2462","1":"product","2":"type-product","3":"status-publish","4":"has-post-thumbnail","6":"product_cat-vozol-rave-40000","8":"first","9":"instock","10":"shipping-taxable","11":"purchasable","12":"product-type-variable"},"_links":{"self":[{"href":"https:\/\/novavape.de\/hu\/wp-json\/wp\/v2\/product\/2462","targetHints":{"allow":["GET"]}}],"collection":[{"href":"https:\/\/novavape.de\/hu\/wp-json\/wp\/v2\/product"}],"about":[{"href":"https:\/\/novavape.de\/hu\/wp-json\/wp\/v2\/types\/product"}],"replies":[{"embeddable":true,"href":"https:\/\/novavape.de\/hu\/wp-json\/wp\/v2\/comments?post=2462"}],"version-history":[{"count":0,"href":"https:\/\/novavape.de\/hu\/wp-json\/wp\/v2\/product\/2462\/revisions"}],"wp:featuredmedia":[{"embeddable":true,"href":"https:\/\/novavape.de\/hu\/wp-json\/wp\/v2\/media\/2463"}],"wp:attachment":[{"href":"https:\/\/novavape.de\/hu\/wp-json\/wp\/v2\/media?parent=2462"}],"wp:term":[{"taxonomy":"product_brand","embeddable":true,"href":"https:\/\/novavape.de\/hu\/wp-json\/wp\/v2\/product_brand?post=2462"},{"taxonomy":"product_cat","embeddable":true,"href":"https:\/\/novavape.de\/hu\/wp-json\/wp\/v2\/product_cat?post=2462"},{"taxonomy":"product_tag","embeddable":true,"href":"https:\/\/novavape.de\/hu\/wp-json\/wp\/v2\/product_tag?post=2462"}],"curies":[{"name":"wp","href":"https:\/\/api.w.org\/{rel}","templated":true}]}}