{"id":2456,"date":"2025-12-02T11:39:58","date_gmt":"2025-12-02T10:39:58","guid":{"rendered":"https:\/\/novavape.de\/?post_type=product&#038;p=2456"},"modified":"2025-12-02T11:39:58","modified_gmt":"2025-12-02T10:39:58","slug":"vozol-rave-40000-watermelon-ice","status":"publish","type":"product","link":"https:\/\/novavape.de\/hu\/product\/vozol-rave-40000-watermelon-ice\/","title":{"rendered":"Vozol Rave 40000 G\u00f6r\u00f6gdinnye j\u00e9g"},"content":{"rendered":"<h2 class=\"font-claude-response-heading text-text-100 mt-1 -mb-0.5\">Vozol Rave 40000 Watermelon Ice eldobhat\u00f3 e-cigaretta<\/h2>\n<p class=\"font-claude-response-body whitespace-normal break-words\">A Vozol Rave 40000 Watermelon Ice eldobhat\u00f3 e-cigaretta leny\u0171g\u00f6z\u0151, 40 000 sz\u00edv\u00e1sra elegend\u0151 kapacit\u00e1ssal rendelkezik, friss\u00edt\u0151 g\u00f6r\u00f6gdinnye \u00edzzel \u00e9s h\u0171s\u00edt\u0151 hat\u00e1ssal. Az \u00fajrat\u00f6lthet\u0151 1000 mAh-s akkumul\u00e1tor \u00e9s a 20 ml-es el\u0151re felt\u00f6lt\u00f6tt e-liquid garant\u00e1lja a hossz\u00fa \u00e9lettartamot \u00e9s a megb\u00edzhat\u00f3 m\u0171k\u00f6d\u00e9st. 270\u00b0-os vibr\u00e1ci\u00f3s kijelz\u0151j\u00e9vel \u00e9s 3D-s \u00edvelt k\u00e9perny\u0151j\u00e9vel a k\u00e9sz\u00fcl\u00e9k vizu\u00e1lisan vonz\u00f3 \u00e9s interakt\u00edv \u00e9lm\u00e9nyt ny\u00fajt. A felhaszn\u00e1l\u00f3k k\u00e9t funkcion\u00e1lis m\u00f3d k\u00f6z\u00fcl v\u00e1laszthatnak, hogy szem\u00e9lyre szabhass\u00e1k a g\u0151z\u00f6l\u00e9si \u00e9lm\u00e9ny\u00fcket.<\/p>\n<h3 class=\"font-claude-response-subheading text-text-100 mt-1 -mb-1.5\">Vozol Rave 40000 Watermelon Ice F\u00e9nypontok<\/h3>\n<p class=\"font-claude-response-body whitespace-normal break-words\">A Vozol Rave 40000 Watermelon Ice rendk\u00edv\u00fcli teljes\u00edtm\u00e9ny\u00e9vel gy\u0151zi meg a felhaszn\u00e1l\u00f3kat: a nagym\u00e9ret\u0171, 20 ml-es e-liquid tart\u00e1ly \u00e9s az 1000 mAh-s \u00fajrat\u00f6lthet\u0151 akkumul\u00e1tor USB Type-C t\u00f6lt\u0151csatlakoz\u00f3val igazi er\u0151g\u00e9pnek sz\u00e1m\u00edt. Norm\u00e1l m\u00f3dban k\u00f6r\u00fclbel\u00fcl 40 000, Surge m\u00f3dban k\u00f6r\u00fclbel\u00fcl 25 000 sz\u00edv\u00e1st biztos\u00edt, ezzel a piacon el\u00e9rhet\u0151 leghosszabb \u00e9lettartam\u00fa eldobhat\u00f3 e-cigarett\u00e1k k\u00f6z\u00e9 tartozik. 5% (50 mg) nikotintartalommal kiel\u00e9g\u00edt\u0151 torok\u00e9rzetet biztos\u00edt a tapasztalt e-cigaretta-haszn\u00e1l\u00f3knak.<\/p>\n<p class=\"font-claude-response-body whitespace-normal break-words\">A fejlett S.i.L.C technol\u00f3gia kett\u0151s MCU chipekkel m\u0171k\u00f6dik, amelyek kiv\u00e1l\u00f3 min\u0151s\u00e9g\u0171 h\u00e1l\u00f3s tekercsekkel kombin\u00e1lva minden sz\u00edv\u00e1sn\u00e1l egyenletes, \u00edzletes g\u0151zt eredm\u00e9nyeznek. Az innovat\u00edv kett\u0151s \u00fczemm\u00f3d\u00fa rendszer lehet\u0151v\u00e9 teszi a v\u00e1lt\u00e1st a norm\u00e1l \u00fczemm\u00f3d \u00e9s a surge \u00fczemm\u00f3d k\u00f6z\u00f6tt, az el\u0151bbi l\u00e1gy, kiegyens\u00falyozott sz\u00edv\u00e1sok\u00e9rt, az ut\u00f3bbi pedig intenz\u00edvebb teljes\u00edtm\u00e9ny\u00e9rt \u00e9s nagyobb g\u0151ztermel\u00e9s\u00e9rt \u2013 \u00edgy a k\u00fcl\u00f6nb\u00f6z\u0151 preferenci\u00e1khoz \u00e9s helyzetekhez igaz\u00edthat\u00f3.<\/p>\n<p class=\"font-claude-response-body whitespace-normal break-words\">A Vozol Rave innovat\u00edv 270\u00b0-os Beat-Sensing kijelz\u0151vel rendelkezik, amely dinamikus, val\u00f3s idej\u0171 visszajelz\u00e9st ad haszn\u00e1lat k\u00f6zben, \u00e9s interakt\u00edv g\u0151z\u00f6l\u00e9si \u00e9lm\u00e9nyt ny\u00fajt. A be\u00e9p\u00edtett digit\u00e1lis kijelz\u0151 folyamatosan t\u00e1j\u00e9koztatja \u00d6nt az akkumul\u00e1tor \u00e9s az e-liquid t\u00f6lt\u00f6tts\u00e9gi szintj\u00e9r\u0151l, \u00edgy soha nem \u00e9rheti meglepet\u00e9s. Ez a vizu\u00e1lis technol\u00f3gia kombin\u00e1ci\u00f3ja a funkcion\u00e1lis figyel\u00e9st vonz\u00f3 funkci\u00f3v\u00e1 alak\u00edtja.<\/p>\n<p class=\"font-claude-response-body whitespace-normal break-words\">Az egy\u00e9nre szabhat\u00f3s\u00e1g \u00e1ll ennek az eszk\u00f6znek a k\u00f6z\u00e9ppontj\u00e1ban: az \u00e1ll\u00edthat\u00f3 l\u00e9g\u00e1raml\u00e1s lehet\u0151v\u00e9 teszi, hogy a sz\u00edv\u00e1si ellen\u00e1ll\u00e1st pontosan az \u00d6n preferenci\u00e1ihoz igaz\u00edtsa \u2013 f\u00fcggetlen\u00fcl att\u00f3l, hogy szoros, korl\u00e1toz\u00f3 sz\u00edv\u00e1st vagy l\u00e9gies, nyitott sz\u00edv\u00e1st prefer\u00e1l. Az USB Type-C t\u00f6lt\u0151rendszer gyors felt\u00f6lt\u00e9st biztos\u00edt, amikor sz\u00fcks\u00e9ges, m\u00edg a nagy kapacit\u00e1s\u00fa, egyszer haszn\u00e1latos form\u00e1tum ide\u00e1lis mind azoknak a keresked\u0151knek, akik nagy teljes\u00edtm\u00e9ny\u0171 eszk\u00f6z\u00f6ket szeretn\u00e9nek rakt\u00e1ron tartani, mind azoknak az intenz\u00edv felhaszn\u00e1l\u00f3knak, akik hossz\u00fa g\u0151z\u00f6l\u00e9si munkameneteket szeretn\u00e9nek an\u00e9lk\u00fcl, hogy folyamatosan cser\u00e9lni\u00fck kellene az eszk\u00f6zt.<\/p>\n<p class=\"font-claude-response-body whitespace-normal break-words\">A Watermelon Ice \u00edz kombin\u00e1lja a l\u00e9d\u00fas g\u00f6r\u00f6gdinnye \u00e9dess\u00e9g\u00e9t a friss\u00edt\u0151 h\u0171s\u00edt\u0151 hat\u00e1ssal, \u00edgy \u00e9l\u00e9nk\u00edt\u0151 g\u0151z\u00f6lg\u00e9si \u00e9lm\u00e9nyt ny\u00fajt, ami k\u00fcl\u00f6n\u00f6sen meleg napokon meggy\u0151z\u0151.<\/p>\n<h3 class=\"font-claude-response-subheading text-text-100 mt-1 -mb-1.5\">M\u0171szaki adatok<\/h3>\n<p class=\"font-claude-response-body whitespace-normal break-words\"><strong>Nikotin er\u0151ss\u00e9ge:<\/strong> 5% (50 mg)<br \/>\n<strong>Folyad\u00e9k kapacit\u00e1s:<\/strong> 20 ml<br \/>\n<strong>G\u0151zst\u00edlus:<\/strong> MTL (sz\u00e1j-t\u00fcd\u0151)<br \/>\n<strong>Akkumul\u00e1tor:<\/strong> 1000 mAh \u00fajrat\u00f6lthet\u0151<br \/>\n<strong>M\u00f3dok:<\/strong> Kett\u0151s \u00fczemm\u00f3d (norm\u00e1l \u00e9s t\u00falfesz\u00fclts\u00e9g)<br \/>\n<strong>Tekercs t\u00edpus:<\/strong> Kett\u0151s h\u00e1l\u00f3s tekercs<br \/>\n<strong>K\u00fcl\u00f6nlegess\u00e9g:<\/strong> 270\u00b0 vibr\u00e1l\u00f3 f\u00e9ny\u0171 design<br \/>\n<strong>L\u00e9g\u00e1raml\u00e1s:<\/strong> \u00c1ll\u00edthat\u00f3<br \/>\n<strong>Kijelz\u0151:<\/strong> Intelligens akkumul\u00e1tor- \u00e9s e-liquid-kijelz\u0151<\/p>\n<h3 class=\"font-claude-response-subheading text-text-100 mt-1 -mb-1.5\">Fedezze fel a VOZOL VAPE term\u00e9keit a novavape weboldalon!<\/h3>\n<p class=\"font-claude-response-body whitespace-normal break-words\">Bei <strong><a class=\"underline\" href=\"https:\/\/novavape.de\/hu\/\">novavape.de<\/a><\/strong> sz\u00e9les v\u00e1laszt\u00e9kban tal\u00e1lhat kiv\u00e1l\u00f3 min\u0151s\u00e9g\u0171 e-cigarett\u00e1kat \u00e9s vape term\u00e9keket. Fedezze fel a t\u00f6bbi innovat\u00edv term\u00e9ket is a <strong><a class=\"underline\" href=\"https:\/\/novavape.de\/hu\/product-category\/vozol-vape\/\">VOZOL VAPE kateg\u00f3ria<\/a><\/strong> \u00e9s hasonl\u00edtsa \u00f6ssze az \u00f6sszes \u00edzv\u00e1ltozatot a <strong><a class=\"underline\" href=\"https:\/\/novavape.de\/hu\/product-category\/vozol-vape\/vozol-rave-40000\/\">Vozol Rave 40000 kollekci\u00f3<\/a><\/strong>.<\/p>","protected":false},"excerpt":{"rendered":"<p class=\"font-claude-response-body whitespace-normal break-words\">A Vozol Rave 40000 Watermelon Ice 20 ml e-liquiddel \u00e9s ak\u00e1r 40 000 sz\u00edv\u00e1ssal ny\u0171g\u00f6zi le a felhaszn\u00e1l\u00f3kat. A 270\u00b0-os vibr\u00e1ci\u00f3s kijelz\u0151, a kett\u0151s \u00fczemm\u00f3d\u00fa rendszer (Normal\/Surge) \u00e9s a S.i.L.C technol\u00f3gia kett\u0151s h\u00e1l\u00f3s tekercsekkel garant\u00e1lja az intenz\u00edv \u00edzt. 1000 mAh-s akkumul\u00e1torral, Type-C t\u00f6lt\u00e9ssel, 5% nikotinnal \u2013 a pr\u00e9mium innov\u00e1ci\u00f3 tal\u00e1lkozik a friss\u00edt\u0151 g\u00f6r\u00f6gdinny\u00e9vel.<\/p>","protected":false},"featured_media":2457,"comment_status":"open","ping_status":"closed","template":"","meta":[],"product_brand":[],"product_cat":[78],"product_tag":[],"class_list":{"0":"post-2456","1":"product","2":"type-product","3":"status-publish","4":"has-post-thumbnail","6":"product_cat-vozol-rave-40000","8":"first","9":"instock","10":"shipping-taxable","11":"purchasable","12":"product-type-variable"},"_links":{"self":[{"href":"https:\/\/novavape.de\/hu\/wp-json\/wp\/v2\/product\/2456","targetHints":{"allow":["GET"]}}],"collection":[{"href":"https:\/\/novavape.de\/hu\/wp-json\/wp\/v2\/product"}],"about":[{"href":"https:\/\/novavape.de\/hu\/wp-json\/wp\/v2\/types\/product"}],"replies":[{"embeddable":true,"href":"https:\/\/novavape.de\/hu\/wp-json\/wp\/v2\/comments?post=2456"}],"version-history":[{"count":0,"href":"https:\/\/novavape.de\/hu\/wp-json\/wp\/v2\/product\/2456\/revisions"}],"wp:featuredmedia":[{"embeddable":true,"href":"https:\/\/novavape.de\/hu\/wp-json\/wp\/v2\/media\/2457"}],"wp:attachment":[{"href":"https:\/\/novavape.de\/hu\/wp-json\/wp\/v2\/media?parent=2456"}],"wp:term":[{"taxonomy":"product_brand","embeddable":true,"href":"https:\/\/novavape.de\/hu\/wp-json\/wp\/v2\/product_brand?post=2456"},{"taxonomy":"product_cat","embeddable":true,"href":"https:\/\/novavape.de\/hu\/wp-json\/wp\/v2\/product_cat?post=2456"},{"taxonomy":"product_tag","embeddable":true,"href":"https:\/\/novavape.de\/hu\/wp-json\/wp\/v2\/product_tag?post=2456"}],"curies":[{"name":"wp","href":"https:\/\/api.w.org\/{rel}","templated":true}]}}