{"id":2308,"date":"2025-11-27T15:48:08","date_gmt":"2025-11-27T14:48:08","guid":{"rendered":"https:\/\/novavape.de\/?post_type=product&#038;p=2308"},"modified":"2025-11-27T15:48:08","modified_gmt":"2025-11-27T14:48:08","slug":"fumot-digital-box-12000-blueberry-kiwi","status":"publish","type":"product","link":"https:\/\/novavape.de\/hu\/product\/fumot-digital-box-12000-blueberry-kiwi\/","title":{"rendered":"Fumot Digital Box 12000 Blueberry Kiwi"},"content":{"rendered":"<h1 class=\"font-claude-response-title mt-1 text-text-100\">Fumot Digital Box 12000 Blueberry Kiwi eldobhat\u00f3 vape<\/h1>\n<p class=\"font-claude-response-body whitespace-normal break-words\">A Fumot Digital Box 12000 Blueberry Kiwi \u00e9des \u00e1fony\u00e1t \u00e9s a kiwi savanyk\u00e1s frissess\u00e9g\u00e9t \u00f6tv\u00f6zi egy kiegyens\u00falyozott gy\u00fcm\u00f6lcs\u00f6s \u00e9lm\u00e9nyben. Ez a fejlett, \u00fajrat\u00f6lthet\u0151, eldobhat\u00f3 e-cigaretta intelligens LED-kijelz\u0151vel rendelkezik, amely az e-liquid szintj\u00e9t \u00e9s az akkumul\u00e1tor kapacit\u00e1s\u00e1t is megjelen\u00edti. Az energiaell\u00e1t\u00e1s k\u00e9nyelmesen megoldhat\u00f3 a k\u00e9sz\u00fcl\u00e9k alj\u00e1n tal\u00e1lhat\u00f3 Type-C t\u00f6lt\u0151csatlakoz\u00f3n kereszt\u00fcl. 20 ml-es el\u0151t\u00f6ltettel a k\u00e9sz\u00fcl\u00e9k ak\u00e1r 12 000 slukkot is biztos\u00edt, \u00e9s n\u00e9gy nikotintartalomban kaphat\u00f3: 0 %, 2 %, 3 % \u00e9s 5 %.<\/p>\n<h2 class=\"font-claude-response-heading text-text-100 mt-1 -mb-0.5\">Blueberry Kiwi \u2013 \u00e9des-savanyk\u00e1s harm\u00f3nia<\/h2>\n<p class=\"font-claude-response-body whitespace-normal break-words\">A Fumot Digital Box 12000 Blueberry Kiwi arom\u00e1ja kiegyens\u00falyozott \u00edz\u00e9lm\u00e9nyt ny\u00fajt, amelyben az \u00e9rett \u00e1fonya \u00e9dess\u00e9ge t\u00f6k\u00e9letesen kontrasztot k\u00e9pez az egzotikus kiwi \u00e9l\u00e9nk savanyk\u00e1s \u00edz\u00e9vel. A b\u0151s\u00e9ges 20 ml-es t\u00f6ltet garant\u00e1lja a tart\u00f3s gy\u00fcm\u00f6lcs\u00f6s \u00e9lvezetet \u00fajrat\u00f6lt\u00e9s n\u00e9lk\u00fcl \u2013 t\u00f6k\u00e9letes azoknak a g\u0151z\u00f6l\u0151knek, akik szeretik a sokr\u00e9t\u0171 gy\u00fcm\u00f6lcskombin\u00e1ci\u00f3kat.<\/p>\n<p class=\"font-claude-response-body whitespace-normal break-words\">Az intelligens kett\u0151s kijelz\u0151 folyamatosan t\u00e1j\u00e9koztatja \u00d6nt az \u00f6sszes fontos k\u00e9sz\u00fcl\u00e9kparam\u00e9terr\u0151l. A folyad\u00e9k- \u00e9s az akkumul\u00e1tor-szint mindig nyomon k\u00f6vethet\u0151, ami optim\u00e1lis felhaszn\u00e1l\u00e1s-vez\u00e9rl\u00e9st tesz lehet\u0151v\u00e9.<\/p>\n<p class=\"font-claude-response-body whitespace-normal break-words\">A robusztus 550 mAh-s akkumul\u00e1tor stabil g\u0151ztermel\u00e9st biztos\u00edt a teljes haszn\u00e1lati id\u0151 alatt. A Type-C-t\u00edpus\u00fa \u00fajrat\u00f6lthet\u0151s\u00e9gnek k\u00f6sz\u00f6nhet\u0151en jelent\u0151sen meghosszabb\u00edthatja a k\u00e9sz\u00fcl\u00e9k haszn\u00e1lat\u00e1t, \u00e9s egy\u00fattal k\u00f6rnyezetbar\u00e1t m\u00f3don is j\u00e1r el.<\/p>\n<p class=\"font-claude-response-body whitespace-normal break-words\">A Blueberry Kiwi \u00edzvil\u00e1g\u00e1nak kiegyens\u00falyozotts\u00e1g\u00e1t, technikai innov\u00e1ci\u00f3j\u00e1t \u00e9s fenntarthat\u00f3s\u00e1gi szempontjait \u00f6tv\u00f6zi egy kerek csomagban, amely ig\u00e9nyes felhaszn\u00e1l\u00f3knak is megfelel.<\/p>\n<h2 class=\"font-claude-response-heading text-text-100 mt-1 -mb-0.5\">M\u0171szaki adatok:<\/h2>\n<p class=\"font-claude-response-body whitespace-normal break-words\"><strong>M\u00e1rka:<\/strong> Fumot<br \/>\n<strong>T\u00edpus:<\/strong> Digit\u00e1lis doboz<br \/>\n<strong>\u00cdz:<\/strong> \u00c1fonya-kivi<br \/>\n<strong>Vonatok:<\/strong> 12 000 vonat<br \/>\n<strong>Nikotin:<\/strong> 0 %, 2 %, 3 %, 5 %<br \/>\n<strong>Kijelz\u0151:<\/strong> E-liquid \u00e9s akkumul\u00e1tor kijelz\u0151<br \/>\n<strong>E-liquid kapacit\u00e1s:<\/strong> 20 ml<br \/>\n<strong>Akkumul\u00e1tor:<\/strong> 550 mAh (\u00fajrat\u00f6lthet\u0151)<br \/>\n<strong>T\u00f6lt\u0151csatlakoz\u00f3:<\/strong> C t\u00edpus<\/p>\n<h2 class=\"font-claude-response-heading text-text-100 mt-1 -mb-0.5\">Fedezze fel a FUMOT VAPE-t a NovaVape-n\u00e9l<\/h2>\n<p class=\"font-claude-response-body whitespace-normal break-words\">B\u00f6ng\u00e9sszen weboldalunkon <strong><a class=\"underline\" href=\"https:\/\/novavape.de\/hu\/\">F\u0151oldal<\/a><\/strong> teljes k\u00edn\u00e1latunkban, vagy fedezze fel a sokoldal\u00fa <strong><a class=\"underline\" href=\"https:\/\/novavape.de\/hu\/product-category\/fumot-vape\/\">FUMOT VAPE<\/a><\/strong> kollekci\u00f3. A teljes \u00edzv\u00e1laszt\u00e9k a <strong><a class=\"underline\" href=\"https:\/\/novavape.de\/hu\/product-category\/fumot-vape\/fumot-digital-box-12000\/\">Fumot Digital Box 12000<\/a><\/strong> v\u00e1rja \u00d6nt.<\/p>","protected":false},"excerpt":{"rendered":"<p class=\"font-claude-response-body whitespace-normal break-words\">A Fumot Digital Box 12000 Blueberry Kiwi \u00e9des \u00e1fony\u00e1t \u00e9s savanyk\u00e1s kiwi frissess\u00e9get \u00f6tv\u00f6z. 20 ml e-liquiddel ak\u00e1r 12 000 slukkra is elegend\u0151, LED-kijelz\u0151vel az akkumul\u00e1tor \u00e9s a folyad\u00e9k szintj\u00e9nek jelz\u00e9s\u00e9re, valamint \u00fajrat\u00f6lthet\u0151 550 mAh-s akkumul\u00e1torral rendelkezik, \u00e9s n\u00e9gy nikotinszinttel k\u00edn\u00e1l kiegyens\u00falyozott gy\u00fcm\u00f6lcs\u00f6s \u00e9lvezetet.<\/p>","protected":false},"featured_media":2311,"comment_status":"open","ping_status":"closed","template":"","meta":[],"product_brand":[],"product_cat":[77],"product_tag":[],"class_list":{"0":"post-2308","1":"product","2":"type-product","3":"status-publish","4":"has-post-thumbnail","6":"product_cat-fumot-digital-box-12000","8":"first","9":"instock","10":"shipping-taxable","11":"purchasable","12":"product-type-variable"},"_links":{"self":[{"href":"https:\/\/novavape.de\/hu\/wp-json\/wp\/v2\/product\/2308","targetHints":{"allow":["GET"]}}],"collection":[{"href":"https:\/\/novavape.de\/hu\/wp-json\/wp\/v2\/product"}],"about":[{"href":"https:\/\/novavape.de\/hu\/wp-json\/wp\/v2\/types\/product"}],"replies":[{"embeddable":true,"href":"https:\/\/novavape.de\/hu\/wp-json\/wp\/v2\/comments?post=2308"}],"version-history":[{"count":0,"href":"https:\/\/novavape.de\/hu\/wp-json\/wp\/v2\/product\/2308\/revisions"}],"wp:featuredmedia":[{"embeddable":true,"href":"https:\/\/novavape.de\/hu\/wp-json\/wp\/v2\/media\/2311"}],"wp:attachment":[{"href":"https:\/\/novavape.de\/hu\/wp-json\/wp\/v2\/media?parent=2308"}],"wp:term":[{"taxonomy":"product_brand","embeddable":true,"href":"https:\/\/novavape.de\/hu\/wp-json\/wp\/v2\/product_brand?post=2308"},{"taxonomy":"product_cat","embeddable":true,"href":"https:\/\/novavape.de\/hu\/wp-json\/wp\/v2\/product_cat?post=2308"},{"taxonomy":"product_tag","embeddable":true,"href":"https:\/\/novavape.de\/hu\/wp-json\/wp\/v2\/product_tag?post=2308"}],"curies":[{"name":"wp","href":"https:\/\/api.w.org\/{rel}","templated":true}]}}