{"id":2299,"date":"2025-11-27T15:34:48","date_gmt":"2025-11-27T14:34:48","guid":{"rendered":"https:\/\/novavape.de\/?post_type=product&#038;p=2299"},"modified":"2025-11-27T15:35:31","modified_gmt":"2025-11-27T14:35:31","slug":"fumot-digital-box-12000-bingo-crush","status":"publish","type":"product","link":"https:\/\/novavape.de\/hu\/product\/fumot-digital-box-12000-bingo-crush\/","title":{"rendered":"Fumot Digital Box 12000 Bingo Crush"},"content":{"rendered":"<h1 class=\"font-claude-response-title mt-1 text-text-100\">Fumot Digital Box 12000 Bingo Crush eldobhat\u00f3 e-cigaretta<\/h1>\n<p class=\"font-claude-response-body whitespace-normal break-words\">A Fumot Digital Box 12000 Bingo Crush egyed\u00fcl\u00e1ll\u00f3 \u00edz\u00e9lm\u00e9nyt k\u00edn\u00e1l, amelyet n\u00e9pszer\u0171 \u00fcd\u00edt\u0151italok ihlettek. Ez a technikailag kiforrott, \u00fajrat\u00f6lthet\u0151, eldobhat\u00f3 e-cigaretta egy \u00e1ttekinthet\u0151 LED-kijelz\u0151vel van felszerelve, amely egyszerre jelzi az e-liquid szintj\u00e9t \u00e9s az akkumul\u00e1tor t\u00f6lt\u00f6tts\u00e9g\u00e9t. A k\u00e9sz\u00fcl\u00e9k v\u00e9g\u00e9n tal\u00e1lhat\u00f3 Type-C porton kereszt\u00fcl gyorsan felt\u00f6lthet\u0151. A 20 ml el\u0151re telep\u00edtett e-liquiddel a modell ak\u00e1r 12 000 slukkot biztos\u00edt n\u00e9gy nikotinszinttel: 0 %, 2 %, 3 % \u00e9s 5 %.<\/p>\n<h2 class=\"font-claude-response-heading text-text-100 mt-1 -mb-0.5\">Bingo Crush \u2013 pezsg\u0151 sz\u00f3rakoz\u00e1s italrajong\u00f3knak<\/h2>\n<p class=\"font-claude-response-body whitespace-normal break-words\">A Fumot Digital Box 12000 Bingo Crush \u00edzprofilja a n\u00e9pszer\u0171 \u00fcd\u00edt\u0151italok \u00e9l\u00e9nk esszenci\u00e1j\u00e1t fogja meg, \u00e9s izgalmas g\u0151z\u00f6lg\u00e9si \u00e9lm\u00e9nny\u00e9 alak\u00edtja. A leny\u0171g\u00f6z\u0151 20 ml-es kapacit\u00e1s hossz\u00fa \u00e9lvezetet biztos\u00edt an\u00e9lk\u00fcl, hogy folyamatosan ut\u00e1nt\u00f6lteni kellene \u2013 ide\u00e1lis azoknak a g\u0151z\u00f6l\u0151knek, akik a j\u00e1t\u00e9kos, dinamikus \u00edzeket kedvelik.<\/p>\n<p class=\"font-claude-response-body whitespace-normal break-words\">Az intuit\u00edv monitoring rendszer folyamatosan t\u00e1j\u00e9koztatja \u00d6nt mindk\u00e9t kritikus \u00fczemi \u00e9rt\u00e9kr\u0151l. A folyad\u00e9k-tartal\u00e9k \u00e9s az energia\u00e1llapot mindig \u00e1tl\u00e1that\u00f3, ami strat\u00e9giai felhaszn\u00e1l\u00e1st tesz lehet\u0151v\u00e9.<\/p>\n<p class=\"font-claude-response-body whitespace-normal break-words\">A nagy teljes\u00edtm\u00e9ny\u0171 550 mAh-s akkumul\u00e1tor biztos\u00edtja az \u00e1lland\u00f3 teljes\u00edtm\u00e9nyt a teljes haszn\u00e1lati id\u0151 alatt. A Type-C-n kereszt\u00fcli \u00fajrat\u00f6lthet\u0151s\u00e9g meghosszabb\u00edtja a term\u00e9k \u00e9lettartam\u00e1t \u00e9s t\u00e1mogatja a fenntarthat\u00f3 haszn\u00e1latot.<\/p>\n<p class=\"font-claude-response-body whitespace-normal break-words\">A Bingo Crush az \u00e9l\u00e9nk \u00edz, a fejlett technol\u00f3gia \u00e9s a k\u00f6rnyezetbar\u00e1t koncepci\u00f3 ide\u00e1lis kever\u00e9k\u00e9t k\u00e9pviseli a modern vaping \u00e9letm\u00f3dhoz.<\/p>\n<h2 class=\"font-claude-response-heading text-text-100 mt-1 -mb-0.5\">M\u0171szaki adatok:<\/h2>\n<p class=\"font-claude-response-body whitespace-normal break-words\"><strong>M\u00e1rka:<\/strong> Fumot<br \/>\n<strong>T\u00edpus:<\/strong> Digit\u00e1lis doboz<br \/>\n<strong>\u00cdz:<\/strong> Bingo Crush<br \/>\n<strong>Vonatok:<\/strong> 12 000 vonat<br \/>\n<strong>Nikotin:<\/strong> 0 %, 2 %, 3 %, 5 %<br \/>\n<strong>Kijelz\u0151:<\/strong> E-liquid \u00e9s akkumul\u00e1tor kijelz\u0151<br \/>\n<strong>E-liquid kapacit\u00e1s:<\/strong> 20 ml<br \/>\n<strong>Akkumul\u00e1tor:<\/strong> 550 mAh (\u00fajrat\u00f6lthet\u0151)<br \/>\n<strong>T\u00f6lt\u0151csatlakoz\u00f3:<\/strong> C t\u00edpus<\/p>\n<h2 class=\"font-claude-response-heading text-text-100 mt-1 -mb-0.5\">Fedezze fel a FUMOT VAPE-t a NovaVape-n\u00e9l<\/h2>\n<p class=\"font-claude-response-body whitespace-normal break-words\">A mi <strong><a class=\"underline\" href=\"https:\/\/novavape.de\/hu\/\">F\u0151oldal<\/a><\/strong> Fedezze fel tov\u00e1bbi pr\u00e9mium e-cigarett\u00e1kat. A teljes <strong><a class=\"underline\" href=\"https:\/\/novavape.de\/hu\/product-category\/fumot-vape\/\">FUMOT VAPE<\/a><\/strong> Term\u00e9kcsal\u00e1d \u00e1ll rendelkez\u00e9s\u00e9re. Az \u00f6sszes aroma a <strong><a class=\"underline\" href=\"https:\/\/novavape.de\/hu\/product-category\/fumot-vape\/fumot-digital-box-12000\/\">Fumot Digital Box 12000<\/a><\/strong> kaphat\u00f3k a term\u00e9kv\u00e1laszt\u00e9kunkban.<\/p>","protected":false},"excerpt":{"rendered":"<p class=\"font-claude-response-body whitespace-normal break-words\">A Fumot Digital Box 12000 Bingo Crush \u00e9l\u00e9nk \u00edz\u00e9lm\u00e9nyt ny\u00fajt, amelyet n\u00e9pszer\u0171 \u00fcd\u00edt\u0151italok ihlettek. 20 ml e-liquiddel ak\u00e1r 12 000 slukkra is elegend\u0151, LED-kijelz\u0151vel az akkumul\u00e1tor \u00e9s a folyad\u00e9k szintj\u00e9nek jelz\u00e9s\u00e9re, valamint \u00fajrat\u00f6lthet\u0151 550 mAh-s akkumul\u00e1torral garant\u00e1lja a friss\u00edt\u0151 \u00e9lvezetet n\u00e9gy nikotinszintben.<\/p>","protected":false},"featured_media":2302,"comment_status":"open","ping_status":"closed","template":"","meta":[],"product_brand":[],"product_cat":[77],"product_tag":[],"class_list":{"0":"post-2299","1":"product","2":"type-product","3":"status-publish","4":"has-post-thumbnail","6":"product_cat-fumot-digital-box-12000","8":"first","9":"instock","10":"shipping-taxable","11":"purchasable","12":"product-type-variable"},"_links":{"self":[{"href":"https:\/\/novavape.de\/hu\/wp-json\/wp\/v2\/product\/2299","targetHints":{"allow":["GET"]}}],"collection":[{"href":"https:\/\/novavape.de\/hu\/wp-json\/wp\/v2\/product"}],"about":[{"href":"https:\/\/novavape.de\/hu\/wp-json\/wp\/v2\/types\/product"}],"replies":[{"embeddable":true,"href":"https:\/\/novavape.de\/hu\/wp-json\/wp\/v2\/comments?post=2299"}],"version-history":[{"count":0,"href":"https:\/\/novavape.de\/hu\/wp-json\/wp\/v2\/product\/2299\/revisions"}],"wp:featuredmedia":[{"embeddable":true,"href":"https:\/\/novavape.de\/hu\/wp-json\/wp\/v2\/media\/2302"}],"wp:attachment":[{"href":"https:\/\/novavape.de\/hu\/wp-json\/wp\/v2\/media?parent=2299"}],"wp:term":[{"taxonomy":"product_brand","embeddable":true,"href":"https:\/\/novavape.de\/hu\/wp-json\/wp\/v2\/product_brand?post=2299"},{"taxonomy":"product_cat","embeddable":true,"href":"https:\/\/novavape.de\/hu\/wp-json\/wp\/v2\/product_cat?post=2299"},{"taxonomy":"product_tag","embeddable":true,"href":"https:\/\/novavape.de\/hu\/wp-json\/wp\/v2\/product_tag?post=2299"}],"curies":[{"name":"wp","href":"https:\/\/api.w.org\/{rel}","templated":true}]}}