{"id":2260,"date":"2025-11-27T15:19:17","date_gmt":"2025-11-27T14:19:17","guid":{"rendered":"https:\/\/novavape.de\/?post_type=product&#038;p=2260"},"modified":"2025-11-27T15:20:26","modified_gmt":"2025-11-27T14:20:26","slug":"fumot-digital-box-12000-strawberry-pomp","status":"publish","type":"product","link":"https:\/\/novavape.de\/hu\/product\/fumot-digital-box-12000-strawberry-pomp\/","title":{"rendered":"Fumot Digital Box 12000 Eper Pomp"},"content":{"rendered":"<h1 class=\"font-claude-response-title mt-1 text-text-100\">Fumot Digital Box 12000 Strawberry Pomp eldobhat\u00f3 vape<\/h1>\n<p class=\"font-claude-response-body whitespace-normal break-words\">A Fumot Digital Box 12000 Strawberry Pomp \u00f6tv\u00f6zi a nap\u00e9rlelte eper \u00e9dess\u00e9g\u00e9t a gr\u00e1n\u00e1talma egzotikus \u00edz\u00e9vel. Ez a fejlett, \u00fajrat\u00f6lthet\u0151, eldobhat\u00f3 e-cigaretta egy \u00e1ttekinthet\u0151 LED-kijelz\u0151vel rendelkezik, amely egyszerre jelzi az e-liquid szintj\u00e9t \u00e9s az akkumul\u00e1tor t\u00f6lt\u00f6tts\u00e9g\u00e9t. A be\u00e9p\u00edtett Type-C porton kereszt\u00fcl k\u00f6nnyed\u00e9n felt\u00f6ltheti a k\u00e9sz\u00fcl\u00e9ket. A 20 ml-es e-liquid el\u0151t\u00f6lt\u00e9s ak\u00e1r 12 000 slukkot is lehet\u0151v\u00e9 tesz, \u00e9s n\u00e9gy nikotintartalomban kaphat\u00f3: 0 %, 2 %, 3 % \u00e9s 5 %.<\/p>\n<h2 class=\"font-claude-response-heading text-text-100 mt-1 -mb-0.5\">Strawberry Pomp \u2013 gy\u00fcm\u00f6lcs\u00f6s luxus \u00e9s egzotika tal\u00e1lkoz\u00e1sa<\/h2>\n<p class=\"font-claude-response-body whitespace-normal break-words\">A Fumot Digital Box 12000 Strawberry Pomp profilja a klasszikus eper\u00e9dess\u00e9get a gr\u00e1n\u00e1talma kifinomult keserny\u00e9ss\u00e9g\u00e9vel \u00f6tv\u00f6zi, \u00edgy rendk\u00edv\u00fcli \u00edz\u00e9lm\u00e9nyt ny\u00fajt. A b\u0151s\u00e9ges 20 ml-es kapacit\u00e1s hossz\u00fa t\u00e1v\u00fa el\u00e9gedetts\u00e9get garant\u00e1l, \u00fajrat\u00f6lt\u00e9s n\u00e9lk\u00fcl \u2013 t\u00f6k\u00e9letes azoknak a g\u0151z\u00f6l\u0151knek, akik nagyra \u00e9rt\u00e9kelik a pr\u00e9mium \u00edzeket.<\/p>\n<p class=\"font-claude-response-body whitespace-normal break-words\">Az integr\u00e1lt kett\u0151s kijelz\u0151rendszer pontos inform\u00e1ci\u00f3kat ny\u00fajt a k\u00e9sz\u00fcl\u00e9k mindk\u00e9t kritikus param\u00e9ter\u00e9r\u0151l. Ez a \u00e1tl\u00e1that\u00f3s\u00e1g optim\u00e1lis tervez\u00e9st tesz lehet\u0151v\u00e9 \u00e9s megakad\u00e1lyozza a kellemetlen meglepet\u00e9seket a g\u0151z\u00f6l\u00e9s sor\u00e1n.<\/p>\n<p class=\"font-claude-response-body whitespace-normal break-words\">Az energiahat\u00e9kony 550 mAh-s akkumul\u00e1tor az eg\u00e9sz \u00e9lettartam alatt folyamatos teljes\u00edtm\u00e9nyt biztos\u00edt. Az \u00fajrat\u00f6lthet\u0151s\u00e9gnek k\u00f6sz\u00f6nhet\u0151en jelent\u0151sen meghosszabb\u00edthatja a k\u00e9sz\u00fcl\u00e9k \u00e9lettartam\u00e1t, \u00e9s egy\u00fattal cs\u00f6kkentheti \u00f6kol\u00f3giai l\u00e1bnyom\u00e1t.<\/p>\n<p class=\"font-claude-response-body whitespace-normal break-words\">A Strawberry Pomp a modern \u00e9letst\u00edlushoz ill\u0151 \u00edzmin\u0151s\u00e9g, technikai kifinomults\u00e1g \u00e9s k\u00f6rnyezettudatoss\u00e1g t\u00f6k\u00e9letes szimbi\u00f3zis\u00e1t testes\u00edti meg.<\/p>\n<h2 class=\"font-claude-response-heading text-text-100 mt-1 -mb-0.5\">M\u0171szaki adatok:<\/h2>\n<p class=\"font-claude-response-body whitespace-normal break-words\"><strong>M\u00e1rka:<\/strong> Fumot<br \/>\n<strong>T\u00edpus:<\/strong> Digit\u00e1lis doboz<br \/>\n<strong>\u00cdz:<\/strong> Eper Pomp (Gr\u00e1n\u00e1talma)<br \/>\n<strong>Vonatok:<\/strong> 12 000 vonat<br \/>\n<strong>Nikotin:<\/strong> 0 %, 2 %, 3 %, 5 %<br \/>\n<strong>Kijelz\u0151:<\/strong> E-liquid \u00e9s akkumul\u00e1tor kijelz\u0151<br \/>\n<strong>E-liquid kapacit\u00e1s:<\/strong> 20 ml<br \/>\n<strong>Akkumul\u00e1tor:<\/strong> 550 mAh (\u00fajrat\u00f6lthet\u0151)<br \/>\n<strong>T\u00f6lt\u0151csatlakoz\u00f3:<\/strong> C t\u00edpus<\/p>\n<h2 class=\"font-claude-response-heading text-text-100 mt-1 -mb-0.5\">Fedezze fel a FUMOT VAPE-t a NovaVape-n\u00e9l<\/h2>\n<p class=\"font-claude-response-body whitespace-normal break-words\">A mi <strong><a class=\"underline\" href=\"https:\/\/novavape.de\/hu\/\">F\u0151oldal<\/a><\/strong> tov\u00e1bbi pr\u00e9mium term\u00e9keket tal\u00e1l. Fedezze fel a teljes <strong><a class=\"underline\" href=\"https:\/\/novavape.de\/hu\/product-category\/fumot-vape\/\">FUMOT VAPE<\/a><\/strong> V\u00e1laszt\u00e9k. Az \u00f6sszes \u00edz <strong><a class=\"underline\" href=\"https:\/\/novavape.de\/hu\/product-category\/fumot-vape\/fumot-digital-box-12000\/\">Fumot Digital Box 12000<\/a><\/strong> v\u00e1laszthat.<\/p>","protected":false},"excerpt":{"rendered":"<p class=\"font-claude-response-body whitespace-normal break-words\">A Fumot Digital Box 12000 Strawberry Pomp \u00e9des eper \u00e9s egzotikus gr\u00e1n\u00e1talma \u00edz\u00e9t \u00f6tv\u00f6zi. 20 ml e-liquiddel ak\u00e1r 12 000 sz\u00edv\u00e1sra is elegend\u0151, LED-kijelz\u0151vel az akkumul\u00e1tor \u00e9s a folyad\u00e9k szintj\u00e9nek jelz\u00e9s\u00e9re, valamint \u00fajrat\u00f6lthet\u0151 550 mAh-s akkumul\u00e1torral n\u00e9gy nikotinszinttel k\u00edn\u00e1l luxus g\u0151z\u00e9lm\u00e9nyt.<\/p>","protected":false},"featured_media":2263,"comment_status":"open","ping_status":"closed","template":"","meta":[],"product_brand":[],"product_cat":[77],"product_tag":[],"class_list":{"0":"post-2260","1":"product","2":"type-product","3":"status-publish","4":"has-post-thumbnail","6":"product_cat-fumot-digital-box-12000","8":"first","9":"instock","10":"shipping-taxable","11":"purchasable","12":"product-type-variable"},"_links":{"self":[{"href":"https:\/\/novavape.de\/hu\/wp-json\/wp\/v2\/product\/2260","targetHints":{"allow":["GET"]}}],"collection":[{"href":"https:\/\/novavape.de\/hu\/wp-json\/wp\/v2\/product"}],"about":[{"href":"https:\/\/novavape.de\/hu\/wp-json\/wp\/v2\/types\/product"}],"replies":[{"embeddable":true,"href":"https:\/\/novavape.de\/hu\/wp-json\/wp\/v2\/comments?post=2260"}],"version-history":[{"count":0,"href":"https:\/\/novavape.de\/hu\/wp-json\/wp\/v2\/product\/2260\/revisions"}],"wp:featuredmedia":[{"embeddable":true,"href":"https:\/\/novavape.de\/hu\/wp-json\/wp\/v2\/media\/2263"}],"wp:attachment":[{"href":"https:\/\/novavape.de\/hu\/wp-json\/wp\/v2\/media?parent=2260"}],"wp:term":[{"taxonomy":"product_brand","embeddable":true,"href":"https:\/\/novavape.de\/hu\/wp-json\/wp\/v2\/product_brand?post=2260"},{"taxonomy":"product_cat","embeddable":true,"href":"https:\/\/novavape.de\/hu\/wp-json\/wp\/v2\/product_cat?post=2260"},{"taxonomy":"product_tag","embeddable":true,"href":"https:\/\/novavape.de\/hu\/wp-json\/wp\/v2\/product_tag?post=2260"}],"curies":[{"name":"wp","href":"https:\/\/api.w.org\/{rel}","templated":true}]}}