{"id":2240,"date":"2025-11-27T15:11:46","date_gmt":"2025-11-27T14:11:46","guid":{"rendered":"https:\/\/novavape.de\/?post_type=product&#038;p=2240"},"modified":"2025-11-27T15:11:46","modified_gmt":"2025-11-27T14:11:46","slug":"fumot-digital-box-12000-black-ice","status":"publish","type":"product","link":"https:\/\/novavape.de\/hu\/product\/fumot-digital-box-12000-black-ice\/","title":{"rendered":"Fumot Digital Box 12000 Black Ice"},"content":{"rendered":"<h1 class=\"font-claude-response-title mt-1 text-text-100\">Fumot Digital Box 12000 Black Ice eldobhat\u00f3 e-cigaretta<\/h1>\n<p class=\"font-claude-response-body whitespace-normal break-words\">A Fumot Digital Box 12000 Black Ice-szal \u00e9lvezheti a s\u00f6t\u00e9t bogy\u00f3s gy\u00fcm\u00f6lcs\u00f6k \u00e9s a jeges frissess\u00e9g intenz\u00edv kombin\u00e1ci\u00f3j\u00e1t. Ez az innovat\u00edv, \u00fajrat\u00f6lthet\u0151 eldobhat\u00f3 e-cigaretta egy \u00e1ttekinthet\u0151 LED-kijelz\u0151vel van felszerelve, amely megmutatja mind a marad\u00e9k e-liquid mennyis\u00e9get, mind az akkumul\u00e1tor t\u00f6lt\u00f6tts\u00e9gi \u00e1llapot\u00e1t. A t\u00f6lt\u00e9s k\u00e9nyelmesen elv\u00e9gezhet\u0151 a k\u00e9sz\u00fcl\u00e9k alj\u00e1n tal\u00e1lhat\u00f3 Type-C porton kereszt\u00fcl. 20 ml-es t\u00f6ltetmennyis\u00e9ggel \u00e9s ak\u00e1r 12 000 slukk teljes\u00edtm\u00e9nnyel kap egy term\u00e9ket, amely 0 %, 2 %, 3 % \u00e9s 5 % nikotinkoncentr\u00e1ci\u00f3kban kaphat\u00f3.<\/p>\n<h2 class=\"font-claude-response-heading text-text-100 mt-1 -mb-0.5\">Black Ice \u2013 H\u0171v\u00f6s intenzit\u00e1s az \u00ednyenceknek<\/h2>\n<p class=\"font-claude-response-body whitespace-normal break-words\">A Fumot Digital Box 12000 Black Ice v\u00e1ltozata egyed\u00fcl\u00e1ll\u00f3 \u00edz\u00e9lm\u00e9nyt ny\u00fajt, amely s\u00f6t\u00e9t gy\u00fcm\u00f6lcs\u00f6s arom\u00e1kat \u00f6tv\u00f6z friss\u00edt\u0151 mentoljegyekkel. A rendk\u00edv\u00fcli 20 ml-es e-liquid kapacit\u00e1s hossz\u00fa, megszak\u00edt\u00e1s n\u00e9lk\u00fcli g\u0151z\u00f6l\u00e9si \u00e9lm\u00e9nyt biztos\u00edt \u2013 ide\u00e1lis azoknak a felhaszn\u00e1l\u00f3knak, akik az intenz\u00edv, h\u0171v\u00f6s \u00edzeket kedvelik.<\/p>\n<p class=\"font-claude-response-body whitespace-normal break-words\">A be\u00e9p\u00edtett digit\u00e1lis kijelz\u0151nek k\u00f6sz\u00f6nhet\u0151en b\u00e1rmikor \u00e1ttekintheti az akkumul\u00e1tor t\u00f6lt\u00f6tts\u00e9gi \u00e1llapot\u00e1t \u00e9s a folyad\u00e9k szintj\u00e9t. Ez a praktikus funkci\u00f3 kik\u00fcsz\u00f6b\u00f6li a kellemetlen meglepet\u00e9seket \u00e9s el\u0151re tervezhet\u0151 haszn\u00e1latot tesz lehet\u0151v\u00e9.<\/p>\n<p class=\"font-claude-response-body whitespace-normal break-words\">Az er\u0151teljes 550 mAh-s akkumul\u00e1tor megb\u00edzhat\u00f3 g\u0151ztermel\u00e9st biztos\u00edt az els\u0151t\u0151l az utols\u00f3 slukkig. A Type-C-n kereszt\u00fcl t\u00f6rt\u00e9n\u0151 \u00fajrat\u00f6lthet\u0151s\u00e9g k\u00fcl\u00f6n\u00f6sen felhaszn\u00e1l\u00f3bar\u00e1tt\u00e1 teszi a k\u00e9sz\u00fcl\u00e9ket, \u00e9s jelent\u0151sen meghosszabb\u00edtja annak teljes \u00e9lettartam\u00e1t.<\/p>\n<p class=\"font-claude-response-body whitespace-normal break-words\">A h\u0171v\u00f6s \u00edz, a technikai innov\u00e1ci\u00f3 \u00e9s a k\u00f6rnyezetbar\u00e1t kialak\u00edt\u00e1s kombin\u00e1ci\u00f3ja teszi a Black Ice-t t\u00f6k\u00e9letes v\u00e1laszt\u00e1ss\u00e1 az ig\u00e9nyes g\u0151z\u00f6l\u0151k sz\u00e1m\u00e1ra, akik st\u00edlusos friss\u00fcl\u00e9st keresnek.<\/p>\n<h2 class=\"font-claude-response-heading text-text-100 mt-1 -mb-0.5\">M\u0171szaki adatok:<\/h2>\n<p class=\"font-claude-response-body whitespace-normal break-words\"><strong>M\u00e1rka:<\/strong> Fumot<br \/>\n<strong>T\u00edpus:<\/strong> Digit\u00e1lis doboz<br \/>\n<strong>\u00cdz:<\/strong> Fekete j\u00e9g<br \/>\n<strong>Vonatok:<\/strong> 12 000 vonat<br \/>\n<strong>Nikotin:<\/strong> 0 %, 2 %, 3 %, 5 %<br \/>\n<strong>Kijelz\u0151:<\/strong> E-liquid \u00e9s akkumul\u00e1tor kijelz\u0151<br \/>\n<strong>E-liquid kapacit\u00e1s:<\/strong> 20 ml<br \/>\n<strong>Akkumul\u00e1tor:<\/strong> 550 mAh (\u00fajrat\u00f6lthet\u0151)<br \/>\n<strong>T\u00f6lt\u0151csatlakoz\u00f3:<\/strong> C t\u00edpus<\/p>\n<h2 class=\"font-claude-response-heading text-text-100 mt-1 -mb-0.5\">Fedezze fel a FUMOT VAPE-t a NovaVape-n\u00e9l<\/h2>\n<p class=\"font-claude-response-body whitespace-normal break-words\">L\u00e1togasson el honlapunkra <strong><a class=\"underline\" href=\"https:\/\/novavape.de\/hu\/\">F\u0151oldal<\/a><\/strong> tov\u00e1bbi kiv\u00e1l\u00f3 min\u0151s\u00e9g\u0171 e-cigarett\u00e1k\u00e9rt, vagy b\u00f6ng\u00e9sszen a teljes k\u00edn\u00e1latban. <strong><a class=\"underline\" href=\"https:\/\/novavape.de\/hu\/product-category\/fumot-vape\/\">FUMOT VAPE<\/a><\/strong> V\u00e1laszt\u00e9k. A teljes \u00edzvil\u00e1g <strong><a class=\"underline\" href=\"https:\/\/novavape.de\/hu\/product-category\/fumot-vape\/fumot-digital-box-12000\/\">Fumot Digital Box 12000<\/a><\/strong> v\u00e1rja \u00d6nt.<\/p>","protected":false},"excerpt":{"rendered":"<p class=\"font-claude-response-body whitespace-normal break-words\">A Fumot Digital Box 12000 Black Ice s\u00f6t\u00e9t bogy\u00f3s gy\u00fcm\u00f6lcs\u00f6s \u00edzeket \u00f6tv\u00f6z jeges mentol frissess\u00e9ggel. 20 ml e-liquiddel ak\u00e1r 12 000 slukkra is elegend\u0151, praktikus LED-kijelz\u0151vel az akkumul\u00e1tor \u00e9s a folyad\u00e9k szintj\u00e9nek jelz\u00e9s\u00e9re, valamint \u00fajrat\u00f6lthet\u0151 550 mAh-s akkumul\u00e1torral garant\u00e1lja az intenz\u00edv g\u0151z\u00e9lm\u00e9nyt n\u00e9gy nikotinszintben.<\/p>","protected":false},"featured_media":2243,"comment_status":"open","ping_status":"closed","template":"","meta":[],"product_brand":[],"product_cat":[77],"product_tag":[],"class_list":{"0":"post-2240","1":"product","2":"type-product","3":"status-publish","4":"has-post-thumbnail","6":"product_cat-fumot-digital-box-12000","8":"first","9":"instock","10":"shipping-taxable","11":"purchasable","12":"product-type-variable"},"_links":{"self":[{"href":"https:\/\/novavape.de\/hu\/wp-json\/wp\/v2\/product\/2240","targetHints":{"allow":["GET"]}}],"collection":[{"href":"https:\/\/novavape.de\/hu\/wp-json\/wp\/v2\/product"}],"about":[{"href":"https:\/\/novavape.de\/hu\/wp-json\/wp\/v2\/types\/product"}],"replies":[{"embeddable":true,"href":"https:\/\/novavape.de\/hu\/wp-json\/wp\/v2\/comments?post=2240"}],"version-history":[{"count":0,"href":"https:\/\/novavape.de\/hu\/wp-json\/wp\/v2\/product\/2240\/revisions"}],"wp:featuredmedia":[{"embeddable":true,"href":"https:\/\/novavape.de\/hu\/wp-json\/wp\/v2\/media\/2243"}],"wp:attachment":[{"href":"https:\/\/novavape.de\/hu\/wp-json\/wp\/v2\/media?parent=2240"}],"wp:term":[{"taxonomy":"product_brand","embeddable":true,"href":"https:\/\/novavape.de\/hu\/wp-json\/wp\/v2\/product_brand?post=2240"},{"taxonomy":"product_cat","embeddable":true,"href":"https:\/\/novavape.de\/hu\/wp-json\/wp\/v2\/product_cat?post=2240"},{"taxonomy":"product_tag","embeddable":true,"href":"https:\/\/novavape.de\/hu\/wp-json\/wp\/v2\/product_tag?post=2240"}],"curies":[{"name":"wp","href":"https:\/\/api.w.org\/{rel}","templated":true}]}}