{"id":31,"date":"2023-04-20T11:47:35","date_gmt":"2023-04-20T11:47:35","guid":{"rendered":"https:\/\/dummy.xtemos.com\/woodmart2\/furniture2-elementor\/?page_id=31"},"modified":"2023-04-20T11:47:35","modified_gmt":"2023-04-20T11:47:35","slug":"about-us","status":"publish","type":"page","link":"https:\/\/novavape.de\/hu\/about-us\/","title":{"rendered":"R\u00f3lunk"},"content":{"rendered":"<div data-elementor-type=\"wp-page\" data-elementor-id=\"31\" class=\"elementor elementor-31\" data-elementor-post-type=\"page\">\n\t\t\t\t<div class=\"wd-negative-gap elementor-element elementor-element-558899b e-flex e-con-boxed e-con e-parent\" data-id=\"558899b\" data-element_type=\"container\" data-e-type=\"container\">\n\t\t\t\t\t<div class=\"e-con-inner\">\n\t\t<div class=\"elementor-element elementor-element-9aff3ab e-con-full e-flex e-con e-child\" data-id=\"9aff3ab\" data-element_type=\"container\" data-e-type=\"container\">\n\t\t\t\t<div class=\"elementor-element elementor-element-cfd9ca0 wd-width-100 elementor-widget elementor-widget-wd_images_gallery\" data-id=\"cfd9ca0\" data-element_type=\"widget\" data-e-type=\"widget\" data-widget_type=\"wd_images_gallery.default\">\n\t\t\t\t<div class=\"elementor-widget-container\">\n\t\t\t\t\t\t\t<div class=\"wd-images-gallery photoswipe-images\" style=\"--wd-align-items:center; --wd-justify-content:center;\">\n\t\t\t\t\t\t<div class=\"wd-grid-g\" style=\"--wd-col-lg:2;--wd-col-md:2;--wd-col-sm:2;--wd-gap-lg:20px;--wd-gap-sm:10px;\" >\n\t\t\t\t\t\t\t\t\t\t\t\t\t\t\t\t\t\t<div class=\"wd-gallery-item wd-col\">\n\t\t\t\t\t\t\t\t\t\t\t\t\t<a  href=\"https:\/\/novavape.de\/wp-content\/uploads\/2023\/04\/wd-furniture-about-us-img-1-opt.jpg\" data-width=\"460\" data-height=\"520\" data-index=\"1\" data-elementor-open-lightbox=\"no\">\n\t\t\t\t\t\t\n\t\t\t\t\t\t<img decoding=\"async\" width=\"460\" height=\"520\" src=\"https:\/\/spcdn.shortpixel.ai\/spio\/ret_img,q_cdnize,to_webp,s_webp\/novavape.de\/wp-content\/uploads\/2023\/04\/wd-furniture-about-us-img-1-opt.jpg\" class=\"attachment-full size-full\" alt=\"wd-furniture-about-us-img-1-opt\" \/>\n\t\t\t\t\t\t\t\t\t\t\t\t\t<\/a>\n\t\t\t\t\t\t\t\t\t\t\t<\/div>\n\t\t\t\t\t\t\t\t\t\t\t\t\t\t\t<div class=\"wd-gallery-item wd-col\">\n\t\t\t\t\t\t\t\t\t\t\t\t\t<a  href=\"https:\/\/novavape.de\/wp-content\/uploads\/2023\/04\/wd-furniture-about-us-img-2-opt.jpg\" data-width=\"460\" data-height=\"520\" data-index=\"2\" data-elementor-open-lightbox=\"no\">\n\t\t\t\t\t\t\n\t\t\t\t\t\t<img decoding=\"async\" width=\"460\" height=\"520\" src=\"https:\/\/spcdn.shortpixel.ai\/spio\/ret_img,q_cdnize,to_webp,s_webp\/novavape.de\/wp-content\/uploads\/2023\/04\/wd-furniture-about-us-img-2-opt.jpg\" class=\"attachment-full size-full\" alt=\"wd-furniture-about-us-img-2-opt\" \/>\n\t\t\t\t\t\t\t\t\t\t\t\t\t<\/a>\n\t\t\t\t\t\t\t\t\t\t\t<\/div>\n\t\t\t\t\t\t\t\t\t\t\t\t\t<\/div>\n\t\t\t\t\t<\/div>\n\t\t\t\t\t\t<\/div>\n\t\t\t\t<\/div>\n\t\t\t\t<\/div>\n\t\t<div class=\"elementor-element elementor-element-af8043f e-con-full e-flex e-con e-child\" data-id=\"af8043f\" data-element_type=\"container\" data-e-type=\"container\">\n\t\t\t\t<div class=\"elementor-element elementor-element-78a5da3 wd-width-100 elementor-widget elementor-widget-wd_title\" data-id=\"78a5da3\" data-element_type=\"widget\" data-e-type=\"widget\" data-widget_type=\"wd_title.default\">\n\t\t\t\t<div class=\"elementor-widget-container\">\n\t\t\t\t\t\t\t<div class=\"title-wrapper wd-set-mb reset-last-child wd-title-color-default wd-title-style-default wd-title-size-large text-left\">\n\n\t\t\t\n\t\t\t<div class=\"liner-continer\">\n\t\t\t\t<h4 class=\"woodmart-title-container title wd-fontsize-xxl\">Az online \u00e1ruh\u00e1zunkr\u00f3l<\/h4> \n\t\t\t\t\t\t\t<\/div>\n\n\t\t\t\t\t<\/div>\n\t\t\t\t\t\t<\/div>\n\t\t\t\t<\/div>\n\t\t\t\t<div class=\"elementor-element elementor-element-49b9a13 elementor-widget elementor-widget-wd_text_block\" data-id=\"49b9a13\" data-element_type=\"widget\" data-e-type=\"widget\" data-widget_type=\"wd_text_block.default\">\n\t\t\t\t<div class=\"elementor-widget-container\">\n\t\t\t\t\t\t\t<div class=\"wd-text-block reset-last-child text-left\">\n\t\t\t\n\t\t\t<p><em>Risus suspendisse a orci penatibus a felis suscipit consectetur vestibulum sodales dui cum ultricies.<\/em><\/p><p>Egy reggel, amikor Gregor Samsa nyugtalan \u00e1lmokb\u00f3l fel\u00e9bredt, az \u00e1gy\u00e1ban egy sz\u00f6rny\u0171s\u00e9ges f\u00e9rgekk\u00e9 v\u00e1ltozott. P\u00e1nc\u00e9lszer\u0171 h\u00e1t\u00e1n fek\u00fcdt, \u00e9s ha egy kicsit felemelte a fej\u00e9t, l\u00e1thatta barna has\u00e1t, amely enyh\u00e9n dombor\u00fa volt, \u00e9s \u00edvek osztott\u00e1k merevre.<\/p><p>Dictumst per ante cras suscipit nascetur ullamcorper in nullam fermentum condimentum torquent iaculis reden posuere potenti viverra condimentum dictumst id tellus suspendisse convallis condimentum.<\/p>\n\t\t\t\t\t<\/div>\n\t\t\t\t\t\t<\/div>\n\t\t\t\t<\/div>\n\t\t\t\t<\/div>\n\t\t\t\t\t<\/div>\n\t\t\t\t<\/div>\n\t\t<div class=\"wd-negative-gap elementor-element elementor-element-fb645a2 e-flex e-con-boxed e-con e-parent\" data-id=\"fb645a2\" data-element_type=\"container\" data-e-type=\"container\">\n\t\t\t\t\t<div class=\"e-con-inner\">\n\t\t\t\t<div class=\"elementor-element elementor-element-a880382 wd-width-100 elementor-widget elementor-widget-wd_title\" data-id=\"a880382\" data-element_type=\"widget\" data-e-type=\"widget\" data-widget_type=\"wd_title.default\">\n\t\t\t\t<div class=\"elementor-widget-container\">\n\t\t\t\t\t\t\t<div class=\"title-wrapper wd-set-mb reset-last-child wd-title-color-default wd-title-style-default wd-title-size-large text-center\">\n\n\t\t\t\n\t\t\t<div class=\"liner-continer\">\n\t\t\t\t<h4 class=\"woodmart-title-container title wd-fontsize-xxl\">Csapattagok<\/h4> \n\t\t\t\t\t\t\t<\/div>\n\n\t\t\t\t\t\t\t<div class=\"title-after_title reset-last-child wd-fontsize-s\">\n\t\t\t\t\t<p>Fedezze fel besz\u00e1ll\u00edt\u00f3ink term\u00e9kkollekci\u00f3it<\/p>\t\t\t\t<\/div>\n\t\t\t\t\t<\/div>\n\t\t\t\t\t\t<\/div>\n\t\t\t\t<\/div>\n\t\t\t\t\t<\/div>\n\t\t\t\t<\/div>\n\t\t<div class=\"wd-negative-gap elementor-element elementor-element-ee9cd00 e-flex e-con-boxed e-con e-parent\" data-id=\"ee9cd00\" data-element_type=\"container\" data-e-type=\"container\">\n\t\t\t\t\t<div class=\"e-con-inner\">\n\t\t\t\t<div class=\"elementor-element elementor-element-d6f1258 elementor-widget__width-initial elementor-widget elementor-widget-wd_team_member\" data-id=\"d6f1258\" data-element_type=\"widget\" data-e-type=\"widget\" data-widget_type=\"wd_team_member.default\">\n\t\t\t\t<div class=\"elementor-widget-container\">\n\t\t\t\t\t\t\t<div class=\"team-member member-layout-default text-center\">\n\t\t\t\t\t\t\t<div class=\"member-image-wrapper\">\n\t\t\t\t\t<div class=\"member-image\">\n\t\t\t\t\t\t<img decoding=\"async\" width=\"280\" height=\"280\" src=\"https:\/\/spcdn.shortpixel.ai\/spio\/ret_img,q_cdnize,to_webp,s_webp\/novavape.de\/wp-content\/uploads\/2023\/04\/wd-furniture-teammember-1-opt-280x280.png\" class=\"attachment-280x280 size-280x280\" alt=\"\" srcset=\"https:\/\/spcdn.shortpixel.ai\/spio\/ret_img,q_cdnize,to_webp,s_webp\/novavape.de\/wp-content\/uploads\/2023\/04\/wd-furniture-teammember-1-opt-280x280.png 280w, https:\/\/spcdn.shortpixel.ai\/spio\/ret_img,q_cdnize,to_webp,s_webp\/novavape.de\/wp-content\/uploads\/2023\/04\/wd-furniture-teammember-1-opt.png 560w\" sizes=\"(max-width: 280px) 100vw, 280px\" \/>\t\t\t\t\t<\/div>\n\t\t\t\t<\/div>\n\t\t\t\n\t\t\t<div class=\"member-details wd-set-mb reset-last-child\">\n\t\t\t\t\t\t\t\t\t<h4 class=\"member-name\">\n\t\t\t\t\t\tMarvin McKinney\t\t\t\t\t<\/h4>\n\t\t\t\t\n\t\t\t\t\t\t\t\t\t<div class=\"member-position\">\n\t\t\t\t\t\tvez\u00e9rigazgat\u00f3, t\u00e1rsalap\u00edt\u00f3\t\t\t\t\t<\/div>\n\t\t\t\t\n\t\t\t\t\n\t\t\t\t\t\t<div class=\"member-social\">\n\t\t\t<div class=\"wd-social-icons wd-style-colored wd-size-default wd-shape-circle\">\n\t\t\t\t\t\t\t\t\t<a rel=\"noopener noreferrer nofollow\" class=\"wd-social-icon social-facebook\" href=\"#\" aria-label=\"Facebook k\u00f6z\u00f6ss\u00e9gi link\">\n\t\t\t\t\t\t<span class=\"wd-icon\"><\/span>\n\t\t\t\t\t<\/a>\n\t\t\t\t\n\t\t\t\t\n\t\t\t\t\t\t\t\t\t<a rel=\"noopener noreferrer nofollow\" class=\"wd-social-icon social-linkedin\" href=\"#\" aria-label=\"Linkedin k\u00f6z\u00f6ss\u00e9gi link\">\n\t\t\t\t\t\t<span class=\"wd-icon\"><\/span>\n\t\t\t\t\t<\/a>\n\t\t\t\t\n\t\t\t\t\t\t\t\t\t<a rel=\"noopener noreferrer nofollow\" class=\"wd-social-icon social-instagram\" href=\"#\" aria-label=\"Instagram k\u00f6z\u00f6ss\u00e9gi link\">\n\t\t\t\t\t\t<span class=\"wd-icon\"><\/span>\n\t\t\t\t\t<\/a>\n\t\t\t\t\t\t\t<\/div>\n\t\t<\/div>\n\t\t\t\t\t<\/div>\n\t\t<\/div>\n\t\t\t\t\t\t<\/div>\n\t\t\t\t<\/div>\n\t\t\t\t<div class=\"elementor-element elementor-element-a19bcb0 elementor-widget__width-initial elementor-widget elementor-widget-wd_team_member\" data-id=\"a19bcb0\" data-element_type=\"widget\" data-e-type=\"widget\" data-widget_type=\"wd_team_member.default\">\n\t\t\t\t<div class=\"elementor-widget-container\">\n\t\t\t\t\t\t\t<div class=\"team-member member-layout-default text-center\">\n\t\t\t\t\t\t\t<div class=\"member-image-wrapper\">\n\t\t\t\t\t<div class=\"member-image\">\n\t\t\t\t\t\t<img decoding=\"async\" width=\"280\" height=\"280\" src=\"https:\/\/spcdn.shortpixel.ai\/spio\/ret_img,q_cdnize,to_webp,s_webp\/novavape.de\/wp-content\/uploads\/2023\/04\/wd-furniture-teammember-2-opt-280x280.png\" class=\"attachment-280x280 size-280x280\" alt=\"\" srcset=\"https:\/\/spcdn.shortpixel.ai\/spio\/ret_img,q_cdnize,to_webp,s_webp\/novavape.de\/wp-content\/uploads\/2023\/04\/wd-furniture-teammember-2-opt-280x280.png 280w, https:\/\/spcdn.shortpixel.ai\/spio\/ret_img,q_cdnize,to_webp,s_webp\/novavape.de\/wp-content\/uploads\/2023\/04\/wd-furniture-teammember-2-opt.png 560w\" sizes=\"(max-width: 280px) 100vw, 280px\" \/>\t\t\t\t\t<\/div>\n\t\t\t\t<\/div>\n\t\t\t\n\t\t\t<div class=\"member-details wd-set-mb reset-last-child\">\n\t\t\t\t\t\t\t\t\t<h4 class=\"member-name\">\n\t\t\t\t\t\tDianne Russell\t\t\t\t\t<\/h4>\n\t\t\t\t\n\t\t\t\t\t\t\t\t\t<div class=\"member-position\">\n\t\t\t\t\t\tvez\u00e9rigazgat\u00f3, t\u00e1rsalap\u00edt\u00f3\t\t\t\t\t<\/div>\n\t\t\t\t\n\t\t\t\t\n\t\t\t\t\t\t<div class=\"member-social\">\n\t\t\t<div class=\"wd-social-icons wd-style-colored wd-size-default wd-shape-circle\">\n\t\t\t\t\t\t\t\t\t<a rel=\"noopener noreferrer nofollow\" class=\"wd-social-icon social-facebook\" href=\"#\" aria-label=\"Facebook k\u00f6z\u00f6ss\u00e9gi link\">\n\t\t\t\t\t\t<span class=\"wd-icon\"><\/span>\n\t\t\t\t\t<\/a>\n\t\t\t\t\n\t\t\t\t\t\t\t\t\t<a rel=\"noopener noreferrer nofollow\" class=\"wd-social-icon social-twitter\" href=\"#\" aria-label=\"X t\u00e1rsadalmi kapcsolat\">\n\t\t\t\t\t\t<span class=\"wd-icon\"><\/span>\n\t\t\t\t\t<\/a>\n\t\t\t\t\n\t\t\t\t\t\t\t\t\t<a rel=\"noopener noreferrer nofollow\" class=\"wd-social-icon social-linkedin\" href=\"#\" aria-label=\"Linkedin k\u00f6z\u00f6ss\u00e9gi link\">\n\t\t\t\t\t\t<span class=\"wd-icon\"><\/span>\n\t\t\t\t\t<\/a>\n\t\t\t\t\n\t\t\t\t\t\t\t\t\t<a rel=\"noopener noreferrer nofollow\" class=\"wd-social-icon social-instagram\" href=\"#\" aria-label=\"Instagram k\u00f6z\u00f6ss\u00e9gi link\">\n\t\t\t\t\t\t<span class=\"wd-icon\"><\/span>\n\t\t\t\t\t<\/a>\n\t\t\t\t\t\t\t<\/div>\n\t\t<\/div>\n\t\t\t\t\t<\/div>\n\t\t<\/div>\n\t\t\t\t\t\t<\/div>\n\t\t\t\t<\/div>\n\t\t\t\t<div class=\"elementor-element elementor-element-14c4998 elementor-widget__width-initial elementor-widget elementor-widget-wd_team_member\" data-id=\"14c4998\" data-element_type=\"widget\" data-e-type=\"widget\" data-widget_type=\"wd_team_member.default\">\n\t\t\t\t<div class=\"elementor-widget-container\">\n\t\t\t\t\t\t\t<div class=\"team-member member-layout-default text-center\">\n\t\t\t\t\t\t\t<div class=\"member-image-wrapper\">\n\t\t\t\t\t<div class=\"member-image\">\n\t\t\t\t\t\t<img decoding=\"async\" width=\"280\" height=\"280\" src=\"https:\/\/spcdn.shortpixel.ai\/spio\/ret_img,q_cdnize,to_webp,s_webp\/novavape.de\/wp-content\/uploads\/2023\/04\/wd-furniture-teammember-3-opt-280x280.png\" class=\"attachment-280x280 size-280x280\" alt=\"\" srcset=\"https:\/\/spcdn.shortpixel.ai\/spio\/ret_img,q_cdnize,to_webp,s_webp\/novavape.de\/wp-content\/uploads\/2023\/04\/wd-furniture-teammember-3-opt-280x280.png 280w, https:\/\/spcdn.shortpixel.ai\/spio\/ret_img,q_cdnize,to_webp,s_webp\/novavape.de\/wp-content\/uploads\/2023\/04\/wd-furniture-teammember-3-opt.png 560w\" sizes=\"(max-width: 280px) 100vw, 280px\" \/>\t\t\t\t\t<\/div>\n\t\t\t\t<\/div>\n\t\t\t\n\t\t\t<div class=\"member-details wd-set-mb reset-last-child\">\n\t\t\t\t\t\t\t\t\t<h4 class=\"member-name\">\n\t\t\t\t\t\tKristin Watson\t\t\t\t\t<\/h4>\n\t\t\t\t\n\t\t\t\t\t\t\t\t\t<div class=\"member-position\">\n\t\t\t\t\t\tvez\u00e9rigazgat\u00f3, t\u00e1rsalap\u00edt\u00f3\t\t\t\t\t<\/div>\n\t\t\t\t\n\t\t\t\t\n\t\t\t\t\t\t<div class=\"member-social\">\n\t\t\t<div class=\"wd-social-icons wd-style-colored wd-size-default wd-shape-circle\">\n\t\t\t\t\t\t\t\t\t<a rel=\"noopener noreferrer nofollow\" class=\"wd-social-icon social-facebook\" href=\"#\" aria-label=\"Facebook k\u00f6z\u00f6ss\u00e9gi link\">\n\t\t\t\t\t\t<span class=\"wd-icon\"><\/span>\n\t\t\t\t\t<\/a>\n\t\t\t\t\n\t\t\t\t\t\t\t\t\t<a rel=\"noopener noreferrer nofollow\" class=\"wd-social-icon social-twitter\" href=\"#\" aria-label=\"X t\u00e1rsadalmi kapcsolat\">\n\t\t\t\t\t\t<span class=\"wd-icon\"><\/span>\n\t\t\t\t\t<\/a>\n\t\t\t\t\n\t\t\t\t\n\t\t\t\t\t\t\t\t\t<a rel=\"noopener noreferrer nofollow\" class=\"wd-social-icon social-instagram\" href=\"#\" aria-label=\"Instagram k\u00f6z\u00f6ss\u00e9gi link\">\n\t\t\t\t\t\t<span class=\"wd-icon\"><\/span>\n\t\t\t\t\t<\/a>\n\t\t\t\t\t\t\t<\/div>\n\t\t<\/div>\n\t\t\t\t\t<\/div>\n\t\t<\/div>\n\t\t\t\t\t\t<\/div>\n\t\t\t\t<\/div>\n\t\t\t\t\t<\/div>\n\t\t\t\t<\/div>\n\t\t<div class=\"wd-negative-gap elementor-element elementor-element-826d1dc e-flex e-con-boxed e-con e-parent\" data-id=\"826d1dc\" data-element_type=\"container\" data-e-type=\"container\" data-settings=\"{&quot;background_background&quot;:&quot;classic&quot;}\">\n\t\t\t\t\t<div class=\"e-con-inner\">\n\t\t<div class=\"elementor-element elementor-element-527b668 e-con-full e-flex e-con e-child\" data-id=\"527b668\" data-element_type=\"container\" data-e-type=\"container\" data-settings=\"{&quot;background_background&quot;:&quot;classic&quot;}\">\n\t\t\t\t<div class=\"elementor-element elementor-element-4c89eaa wd-width-100 elementor-widget elementor-widget-wd_title\" data-id=\"4c89eaa\" data-element_type=\"widget\" data-e-type=\"widget\" data-widget_type=\"wd_title.default\">\n\t\t\t\t<div class=\"elementor-widget-container\">\n\t\t\t\t\t\t\t<div class=\"title-wrapper wd-set-mb reset-last-child wd-title-color-white wd-title-style-default wd-title-size-large text-center\">\n\n\t\t\t\t\t\t\t\t\t\t\t<div class=\"title-subtitle subtitle-color-white subtitle-style-default wd-fontsize-xs\">\n\t\t\t\t\tB\u00fatorgy\u0171jtem\u00e9nyek\t\t\t\t<\/div>\n\t\t\t\n\t\t\t<div class=\"liner-continer\">\n\t\t\t\t<h4 class=\"woodmart-title-container title wd-fontsize-xxl\">Hogyan ind\u00edtjuk v\u00e1llalkoz\u00e1sunkat<\/h4> \n\t\t\t\t\t\t\t<\/div>\n\n\t\t\t\t\t<\/div>\n\t\t\t\t\t\t<\/div>\n\t\t\t\t<\/div>\n\t\t\t\t<div class=\"elementor-element elementor-element-30d31dc wd-width-100 elementor-widget elementor-widget-wd_video\" data-id=\"30d31dc\" data-element_type=\"widget\" data-e-type=\"widget\" data-widget_type=\"wd_video.default\">\n\t\t\t\t<div class=\"elementor-widget-container\">\n\t\t\t\t\t\n\t\t<div class=\"wd-el-video wd-action-play wd-video-youtube text-center\">\n\t\t\t\n\t\t\t\n\t\t\t\t\t\t\t<a href=\"https:\/\/www.youtube.com\/watch?v=XHOmBV4js_E\" class=\"wd-el-video-btn\" aria-label=\"Vide\u00f3 lej\u00e1tsz\u00e1sa\" target=\"_blank\" rel=\"noopener\">\n\t\t\t\t\t<span class=\"wd-el-video-play-btn\"><\/span>\n\t\t\t\t\t\t\t\t\t<\/a>\n\t\t\t\n\t\t\t\t\t<\/div>\n\t\t\t\t\t\t<\/div>\n\t\t\t\t<\/div>\n\t\t\t\t<\/div>\n\t\t\t\t\t<\/div>\n\t\t\t\t<\/div>\n\t\t\t\t\t<link rel=\"stylesheet\" id=\"wd-collapsible-content-css\" href=\"https:\/\/novavape.de\/wp-content\/themes\/woodmart\/css\/parts\/elem-opt-collapsible-content.min.css?ver=8.4.1\" type=\"text\/css\" media=\"all\" \/> \t\t\t<div class=\"wd-negative-gap elementor-element elementor-element-43bbe8e wd-collapsible-content e-flex e-con-boxed e-con e-parent\" data-id=\"43bbe8e\" data-element_type=\"container\" data-e-type=\"container\">\n\t\t\t\t\t<div class=\"e-con-inner\">\n\t\t\t\t<div class=\"elementor-element elementor-element-20b137d elementor-widget elementor-widget-wd_text_block\" data-id=\"20b137d\" data-element_type=\"widget\" data-e-type=\"widget\" data-widget_type=\"wd_text_block.default\">\n\t\t\t\t<div class=\"elementor-widget-container\">\n\t\t\t\t\t\t\t<div class=\"wd-text-block reset-last-child text-left\">\n\t\t\t\n\t\t\t<h3>Online \u00e1ruh\u00e1z b\u00fatorok \u00e9s dekor\u00e1ci\u00f3 sz\u00e9les v\u00e1laszt\u00e9k\u00e1val<\/h3><p>A b\u00fatorok minden helyis\u00e9g elmaradhatatlan jellemz\u0151i. \u0150k azok, akik megadj\u00e1k a megfelel\u0151 hangulatot, hangulatoss\u00e1 \u00e9s k\u00e9nyelmess\u00e9 teszik a teret, kedvez\u0151 felt\u00e9teleket teremtenek a produkt\u00edv munk\u00e1hoz, vagy seg\u00edtenek pihenni egy neh\u00e9z nap ut\u00e1n. A v\u00e1s\u00e1rl\u00f3k egyre gyakrabban szeretn\u00e9nek rendel\u00e9st leadni egy web\u00e1ruh\u00e1zban, amikor szabadidej\u00e9ben le\u00fclhet a sz\u00e1m\u00edt\u00f3g\u00e9p el\u00e9, elrendezheti a b\u00fatorokat a k\u00e9pen, \u00e9s nyugodtan megv\u00e1s\u00e1rolhatja a neki tetsz\u0151 b\u00fatort. Az online \u00e1ruh\u00e1z nagy b\u00fator-katal\u00f3gussal rendelkezik: otthoni \u00e9s irodai b\u00fatorok egyar\u00e1nt el\u00e9rhet\u0151k.<\/p><h3>A b\u00fatorgy\u00e1rt\u00e1s a m\u0171v\u00e9szet modern form\u00e1ja<\/h3><p>A b\u00fatorgy\u00e1rt\u00f3k, valamint az egy\u00e9b h\u00e1ztart\u00e1si cikkek gy\u00e1rt\u00f3i tele vannak elk\u00e9peszt\u0151 aj\u00e1nlatokkal: gyakran tal\u00e1lkozunk mind a szabv\u00e1nyos t\u00f6megtermel\u00e9s\u0171 term\u00e9kekkel, mind az egyedi alkot\u00e1sokkal - a professzion\u00e1lis k\u00e9zm\u0171vesekt\u0151l sz\u00e1rmaz\u00f3 b\u00fatorokkal, amelyeket a sz\u00e9ps\u00e9g igazi \u00ednyencek \u00e9rt\u00e9kelni fognak. Kiv\u00e1lasztottuk \u00d6nnek a modern k\u00e9zm\u0171vesek legjobb modelljeit, akiknek siker\u00fclt zseni\u00e1lisan \u00f6tv\u00f6zni\u00fck az eleganci\u00e1t, a min\u0151s\u00e9get \u00e9s a praktikumot minden egyes term\u00e9kegys\u00e9gben. V\u00e1laszt\u00e9kunkban bev\u00e1lt c\u00e9gek term\u00e9kei szerepelnek. Akik hossz\u00fa \u00e9vek folyamatos k\u00f6z\u00f6s munk\u00e1ja sor\u00e1n nem adtak okot k\u00e9telkedni megb\u00edzhat\u00f3s\u00e1gukban \u00e9s becs\u00fcletess\u00e9g\u00fckben. Mindannyian garant\u00e1lj\u00e1k term\u00e9keik magas min\u0151s\u00e9g\u00e9t, kiv\u00e1l\u00f3 m\u0171k\u00f6d\u00e9si tulajdons\u00e1gait, a term\u00e9kek vonz\u00f3 megjelen\u00e9s\u00e9t, a b\u00fatorok hossz\u00fa haszn\u00e1lati idej\u00e9t, valamint a biztons\u00e1got.<\/p>\n\t\t\t\t\t<\/div>\n\t\t\t\t\t\t<\/div>\n\t\t\t\t<\/div>\n\t\t\t\t<div class=\"elementor-element elementor-element-cf18f75 elementor-widget elementor-widget-wd_button\" data-id=\"cf18f75\" data-element_type=\"widget\" data-e-type=\"widget\" data-widget_type=\"wd_button.default\">\n\t\t\t\t<div class=\"elementor-widget-container\">\n\t\t\t\t\t\t\t<div class=\"wd-button-wrapper text-left wd-collapsible-button\" >\n\t\t\t<a class=\"btn btn-style-link btn-shape- btn-size-default btn-color-primary btn-icon-pos-right\"  href=\"#\">\n\t\t\t\t<span class=\"wd-btn-text\" data-elementor-setting-key=\"text\">\n\t\t\t\t\tOlvass tov\u00e1bb\t\t\t\t<\/span>\n\n\t\t\t\t\t\t\t<\/a>\n\t\t<\/div>\n\t\t\t\t\t\t<\/div>\n\t\t\t\t<\/div>\n\t\t\t\t\t<\/div>\n\t\t\t\t<\/div>\n\t\t\t\t<\/div>","protected":false},"excerpt":{"rendered":"<p>Az online \u00e1ruh\u00e1zunkr\u00f3l Risus suspendisse a orci penatibus a felis suscipit consectetur vestibulum sodales dui cum ultricies. Egy reggel,<\/p>","protected":false},"author":1,"featured_media":0,"parent":0,"menu_order":0,"comment_status":"closed","ping_status":"closed","template":"","meta":{"footnotes":""},"class_list":["post-31","page","type-page","status-publish","hentry"],"_links":{"self":[{"href":"https:\/\/novavape.de\/hu\/wp-json\/wp\/v2\/pages\/31","targetHints":{"allow":["GET"]}}],"collection":[{"href":"https:\/\/novavape.de\/hu\/wp-json\/wp\/v2\/pages"}],"about":[{"href":"https:\/\/novavape.de\/hu\/wp-json\/wp\/v2\/types\/page"}],"author":[{"embeddable":true,"href":"https:\/\/novavape.de\/hu\/wp-json\/wp\/v2\/users\/1"}],"replies":[{"embeddable":true,"href":"https:\/\/novavape.de\/hu\/wp-json\/wp\/v2\/comments?post=31"}],"version-history":[{"count":0,"href":"https:\/\/novavape.de\/hu\/wp-json\/wp\/v2\/pages\/31\/revisions"}],"wp:attachment":[{"href":"https:\/\/novavape.de\/hu\/wp-json\/wp\/v2\/media?parent=31"}],"curies":[{"name":"wp","href":"https:\/\/api.w.org\/{rel}","templated":true}]}}