{"id":1652,"date":"2025-11-18T04:47:58","date_gmt":"2025-11-18T03:47:58","guid":{"rendered":"https:\/\/novavape.de\/?page_id=1652"},"modified":"2025-11-18T04:48:00","modified_gmt":"2025-11-18T03:48:00","slug":"nutzungsbedingungen","status":"publish","type":"page","link":"https:\/\/novavape.de\/hu\/nutzungsbedingungen\/","title":{"rendered":"Haszn\u00e1lati felt\u00e9telek"},"content":{"rendered":"<h1 class=\"wp-block-heading\">Haszn\u00e1lati felt\u00e9telek<\/h1>\n\n\n\n<p>\u00dcdv\u00f6z\u00f6lj\u00fck a novavape-n\u00e9l! K\u00e9rj\u00fck, hogy weboldalunk (novavape.de) haszn\u00e1lata el\u0151tt figyelmesen olvassa el az al\u00e1bbi felhaszn\u00e1l\u00e1si felt\u00e9teleket. Azzal, hogy megl\u00e1togatja \u00e9s haszn\u00e1lja platformunkat, elfogadja ezeket a szab\u00e1lyokat \u00e9s a vonatkoz\u00f3 jogi rendelkez\u00e9seket. Amennyiben nem \u00e9rt egyet ezekkel a felt\u00e9telekkel, k\u00e9rj\u00fck, tart\u00f3zkodjon weboldalunk haszn\u00e1lat\u00e1t\u00f3l.<\/p>\n\n\n\n<h2 class=\"wp-block-heading\">Regisztr\u00e1ci\u00f3 \u00e9s sz\u00e1mlavezet\u00e9s<\/h2>\n\n\n\n<p>A felhaszn\u00e1l\u00f3knak lehet\u0151s\u00e9g\u00fck van felhaszn\u00e1l\u00f3i fi\u00f3kot l\u00e9trehozni a novavape-n\u00e9l. \u00d6n teljes m\u00e9rt\u00e9kben felel\u0151s a fi\u00f3kj\u00e1n kereszt\u00fcl v\u00e9grehajtott \u00f6sszes tranzakci\u00f3\u00e9rt. Ez mag\u00e1ban foglalja az \u00d6n hozz\u00e1f\u00e9r\u00e9si adatainak biztons\u00e1gos t\u00e1rol\u00e1s\u00e1t \u00e9s a fi\u00f3kj\u00e1n kereszt\u00fcl v\u00e9grehajtott \u00f6sszes m\u0171veletet.<\/p>\n\n\n\n<h2 class=\"wp-block-heading\">Tartalom l\u00e9trehoz\u00e1sa \u00e9s felt\u00f6lt\u00e9se<\/h2>\n\n\n\n<p>A felhaszn\u00e1l\u00f3k l\u00e9trehozhatj\u00e1k \u00e9s\/vagy k\u00f6zz\u00e9tehetik saj\u00e1t tartalmukat a platformunkon (pl. sz\u00f6vegeket vagy k\u00e9peket). \u00d6n ez\u00faton garant\u00e1lja, hogy az \u00d6n \u00e1ltal felt\u00f6lt\u00f6tt tartalom nem s\u00e9rti harmadik felek jogait, k\u00fcl\u00f6n\u00f6sen a szerz\u0151i jogokat vagy m\u00e1s szellemi tulajdonjogokat.<\/p>\n\n\n\n<h2 class=\"wp-block-heading\">Term\u00e9kek beszerz\u00e9se<\/h2>\n\n\n\n<p>A felhaszn\u00e1l\u00f3k a weboldalunkon kereszt\u00fcl v\u00e1s\u00e1rolhatnak \u00e1rukat, cikkeket vagy szolg\u00e1ltat\u00e1sokat (egyszeri fizet\u00e9s). Nem k\u00f6telez\u0151 erej\u0171 pr\u00f3baverzi\u00f3kat is tudunk biztos\u00edtani.<\/p>\n\n\n\n<h2 class=\"wp-block-heading\">Tulajdonjogok \u00e9s szellemi tulajdon<\/h2>\n\n\n\n<p>A weboldalunkon tal\u00e1lhat\u00f3 minden tartalom (bele\u00e9rtve a log\u00f3kat, grafikai terveket, m\u00e1rkaneveket stb.) a novavape tulajdon\u00e1t k\u00e9pezi. A tartalom felhaszn\u00e1l\u00e1sa, sokszoros\u00edt\u00e1sa vagy terjeszt\u00e9se kifejezett enged\u00e9ly n\u00e9lk\u00fcl tilos.<\/p>\n\n\n\n<h2 class=\"wp-block-heading\">Felhaszn\u00e1l\u00f3i visszajelz\u00e9sek<\/h2>\n\n\n\n<p>A felhaszn\u00e1l\u00f3k visszajelz\u00e9seit \u00e9s javaslatait kompenz\u00e1ci\u00f3 n\u00e9lk\u00fcl felhaszn\u00e1lhatjuk. Fenntartjuk a jogot, hogy a kapott javaslatokat vagy visszajelz\u00e9seket saj\u00e1t bel\u00e1t\u00e1sunk szerint val\u00f3s\u00edtsuk meg.<\/p>\n\n\n\n<h2 class=\"wp-block-heading\">Marketingkamp\u00e1nyok, versenyek \u00e9s sorsol\u00e1sok<\/h2>\n\n\n\n<p>Alkalmank\u00e9nt prom\u00f3ci\u00f3kat, versenyeket vagy nyerem\u00e9nyj\u00e1t\u00e9kokat k\u00edn\u00e1lunk. A r\u00e9szv\u00e9tel konkr\u00e9t felt\u00e9telei a vonatkoz\u00f3 prom\u00f3ci\u00f3s oldalakon tal\u00e1lhat\u00f3k.<\/p>\n\n\n\n<h2 class=\"wp-block-heading\">Jogalap<\/h2>\n\n\n\n<p>A jelen weboldal haszn\u00e1lat\u00e1ra a hongkongi t\u00f6rv\u00e9nyek vonatkoznak, tekintet n\u00e9lk\u00fcl a koll\u00edzi\u00f3s jogi rendelkez\u00e9sekre. A jelen weboldallal kapcsolatos minden jogvit\u00e1t a hongkongi illet\u00e9kes b\u00edr\u00f3s\u00e1gok el\u0151tt kell elb\u00edr\u00e1lni. A platformmal kapcsolatos b\u00e1rmely k\u00f6vetel\u00e9st a keletkez\u00e9s\u00e9t\u0151l sz\u00e1m\u00edtott tizenk\u00e9t h\u00f3napon bel\u00fcl kell beny\u00fajtani. Ha a novavape elmulasztja az egyes rendelkez\u00e9sek \u00e9rv\u00e9nyes\u00edt\u00e9s\u00e9t, az nem jelenti a jogokr\u00f3l val\u00f3 lemond\u00e1st. novavape jogosult a jelen szerz\u0151d\u00e9sb\u0151l ered\u0151 jogokat \u00e9s k\u00f6telezetts\u00e9geket el\u0151zetes \u00e9rtes\u00edt\u00e9s n\u00e9lk\u00fcl \u00e1truh\u00e1zni.<\/p>\n\n\n\n<h2 class=\"wp-block-heading\">Mentess\u00e9g a felel\u0151ss\u00e9gre von\u00e1s al\u00f3l<\/h2>\n\n\n\n<p>\u00d6n v\u00e1llalja, hogy k\u00e1rtalan\u00edtja a novavape-t \u00e9s annak szolg\u00e1ltat\u00f3it minden vesztes\u00e9ggel, kiad\u00e1ssal, k\u00e1rral \u00e9s k\u00f6lts\u00e9ggel szemben, amely a jelen felt\u00e9telek megszeg\u00e9s\u00e9b\u0151l vagy az \u00d6n felhaszn\u00e1l\u00f3i fi\u00f3kj\u00e1val kapcsolatos b\u00e1rmely tev\u00e9kenys\u00e9gb\u0151l ered.<\/p>\n\n\n\n<h2 class=\"wp-block-heading\">K\u00fcls\u0151 oldalakra mutat\u00f3 linkek<\/h2>\n\n\n\n<p>A novavape harmadik felek weboldalaira mutat\u00f3 linkeket biztos\u00edthat, hogy a felhaszn\u00e1l\u00f3k tov\u00e1bbi inform\u00e1ci\u00f3khoz juthassanak. Nincs ellen\u0151rz\u00e9s\u00fcnk ezen k\u00fcls\u0151 platformok felett, \u00e9s nem v\u00e1llalunk felel\u0151ss\u00e9get azok tartalm\u00e1\u00e9rt vagy viselked\u00e9s\u00e9\u00e9rt.<\/p>\n\n\n\n<h2 class=\"wp-block-heading\">A haszn\u00e1lat megsz\u00fcntet\u00e9se<\/h2>\n\n\n\n<p>Ez a meg\u00e1llapod\u00e1s att\u00f3l a pillanatt\u00f3l kezdve \u00e9rv\u00e9nyes, amikor \u00d6n bel\u00e9p a weboldalra, vagy befejezi a regisztr\u00e1ci\u00f3s vagy v\u00e1s\u00e1rl\u00e1si folyamatot. novavape fenntartja a jogot, hogy b\u00e1rmikor, indokl\u00e1s n\u00e9lk\u00fcl \u00e9s el\u0151zetes \u00e9rtes\u00edt\u00e9s n\u00e9lk\u00fcl t\u00f6r\u00f6lje ezeket a felt\u00e9teleket vagy azok egy r\u00e9sz\u00e9t. Bizonyos rendelkez\u00e9sek (bele\u00e9rtve a szerz\u0151i jogokat, a v\u00e9djegyjogokat, a felel\u0151ss\u00e9g korl\u00e1toz\u00e1s\u00e1t, a k\u00e1rt\u00e9r\u00edt\u00e9si rendelkez\u00e9seket \u00e9s egy\u00e9b z\u00e1rad\u00e9kokat) a felmond\u00e1s ut\u00e1n is hat\u00e1lyban maradnak.<\/p>\n\n\n\n<h2 class=\"wp-block-heading\">Megfelel\u00e9s az uni\u00f3s \u00e9s az amerikai szab\u00e1lyoz\u00e1soknak<\/h2>\n\n\n\n<p>K\u00e9rj\u00fck, er\u0151s\u00edtse meg, hogy \u00d6n nem tart\u00f3zkodik olyan orsz\u00e1gban, amely ellen az EU vagy az Egyes\u00fclt \u00c1llamok korm\u00e1nya embarg\u00f3t rendelt el, \u00e9s nem szerepel az Egyes\u00fclt \u00c1llamok korm\u00e1ny\u00e1nak korl\u00e1tozott list\u00e1j\u00e1n. A felad\u00e1s ut\u00e1n nem v\u00e1llalunk felel\u0151ss\u00e9get ezek\u00e9rt a korl\u00e1toz\u00e1sok\u00e9rt.<\/p>\n\n\n\n<h2 class=\"wp-block-heading\">J\u00f3t\u00e1ll\u00e1si nyilatkozat<\/h2>\n\n\n\n<p>A weboldalunk, valamint az el\u00e9rhet\u0151v\u00e9 tett anyagok \u00e9s term\u00e9kek mindenf\u00e9le kifejezett vagy hallgat\u00f3lagos garancia n\u00e9lk\u00fcl ker\u00fclnek rendelkez\u00e9sre bocs\u00e1t\u00e1sra. novavape nem v\u00e1llal garanci\u00e1t, bele\u00e9rtve, de nem kiz\u00e1r\u00f3lagosan az eladhat\u00f3s\u00e1gra, a meghat\u00e1rozott c\u00e9lra val\u00f3 alkalmass\u00e1gra vagy a jogs\u00e9rt\u00e9smentess\u00e9gre vonatkoz\u00f3 garanci\u00e1kat. novavape nem garant\u00e1lja, hogy a weboldal m\u0171k\u00f6d\u00e9se zavartalan vagy hibamentes lesz, hogy a hib\u00e1k kijav\u00edt\u00e1sra ker\u00fclnek, vagy hogy a platform mentes a k\u00e1ros \u00f6sszetev\u0151kt\u0151l. Nem v\u00e1llalunk felel\u0151ss\u00e9get a weboldalon tal\u00e1lhat\u00f3 inform\u00e1ci\u00f3k pontoss\u00e1g\u00e1\u00e9rt, id\u0151szer\u0171s\u00e9g\u00e9\u00e9rt vagy megb\u00edzhat\u00f3s\u00e1g\u00e1\u00e9rt.<\/p>\n\n\n\n<h2 class=\"wp-block-heading\">Ford\u00edt\u00e1s \u00e9s jogi tolm\u00e1csol\u00e1s<\/h2>\n\n\n\n<p>Ezek a felt\u00e9telek \u00e9s kik\u00f6t\u00e9sek k\u00fcl\u00f6nb\u00f6z\u0151 nyelvekre is leford\u00edt\u00e1sra ker\u00fclhettek. Elt\u00e9r\u00e9sek eset\u00e9n az eredeti angol nyelv\u0171 v\u00e1ltozat az ir\u00e1nyad\u00f3.<\/p>\n\n\n\n<h2 class=\"wp-block-heading\">A felt\u00e9telek kiigaz\u00edt\u00e1sa<\/h2>\n\n\n\n<p>Fenntartjuk a jogot, hogy b\u00e1rmikor m\u00f3dos\u00edtsuk ezeket a felhaszn\u00e1l\u00e1si felt\u00e9teleket. A friss\u00edt\u00e9seket ezen az oldalon tessz\u00fck k\u00f6zz\u00e9, \u00e9s azok a k\u00f6zz\u00e9t\u00e9tel napj\u00e1t\u00f3l \u00e9rv\u00e9nyesek. Javasoljuk, hogy rendszeresen l\u00e1togassa ezt az oldalt, hogy t\u00e1j\u00e9koz\u00f3djon az aktu\u00e1lis felhaszn\u00e1l\u00e1si felt\u00e9telekr\u0151l.<\/p>\n\n\n\n<h2 class=\"wp-block-heading\">Korhat\u00e1rkorl\u00e1toz\u00e1s az e-cigarett\u00e1k v\u00e1s\u00e1rl\u00e1s\u00e1n\u00e1l<\/h2>\n\n\n\n<p>Az e-cigaretta v\u00e1s\u00e1rl\u00e1sa vagy fogyaszt\u00e1sa 21 \u00e9v alatti szem\u00e9lyek sz\u00e1m\u00e1ra szigor\u00faan tilos. A fiatalok eg\u00e9szs\u00e9g\u00e9nek v\u00e9delme \u00e9rdek\u00e9ben szigor\u00fa \u00e9letkor-ellen\u0151rz\u00e9st v\u00e9gz\u00fcnk annak \u00e9rdek\u00e9ben, hogy az e-cigarett\u00e1kat csak nagykor\u00fa szem\u00e9lyek v\u00e1s\u00e1rolhass\u00e1k meg.<\/p>","protected":false},"excerpt":{"rendered":"<p>Felhaszn\u00e1l\u00e1si felt\u00e9telek \u00dcdv\u00f6z\u00f6lj\u00fck a novavape-n\u00e1l! K\u00e9rj\u00fck, hogy weboldalunk (novavape.de) haszn\u00e1lata el\u0151tt figyelmesen olvassa el az al\u00e1bbi felhaszn\u00e1l\u00e1si felt\u00e9teleket. A  c\u00edmen.<\/p>","protected":false},"author":1,"featured_media":0,"parent":0,"menu_order":0,"comment_status":"closed","ping_status":"closed","template":"","meta":{"footnotes":""},"class_list":["post-1652","page","type-page","status-publish","hentry"],"_links":{"self":[{"href":"https:\/\/novavape.de\/hu\/wp-json\/wp\/v2\/pages\/1652","targetHints":{"allow":["GET"]}}],"collection":[{"href":"https:\/\/novavape.de\/hu\/wp-json\/wp\/v2\/pages"}],"about":[{"href":"https:\/\/novavape.de\/hu\/wp-json\/wp\/v2\/types\/page"}],"author":[{"embeddable":true,"href":"https:\/\/novavape.de\/hu\/wp-json\/wp\/v2\/users\/1"}],"replies":[{"embeddable":true,"href":"https:\/\/novavape.de\/hu\/wp-json\/wp\/v2\/comments?post=1652"}],"version-history":[{"count":0,"href":"https:\/\/novavape.de\/hu\/wp-json\/wp\/v2\/pages\/1652\/revisions"}],"wp:attachment":[{"href":"https:\/\/novavape.de\/hu\/wp-json\/wp\/v2\/media?parent=1652"}],"curies":[{"name":"wp","href":"https:\/\/api.w.org\/{rel}","templated":true}]}}