{"id":1639,"date":"2025-11-18T04:37:46","date_gmt":"2025-11-18T03:37:46","guid":{"rendered":"https:\/\/novavape.de\/?page_id=1639"},"modified":"2025-11-18T04:37:50","modified_gmt":"2025-11-18T03:37:50","slug":"ueber-uns","status":"publish","type":"page","link":"https:\/\/novavape.de\/hu\/ueber-uns\/","title":{"rendered":"r\u00f3lunk"},"content":{"rendered":"<h1 class=\"wp-block-heading\">R\u00f3lunk<\/h1>\n\n\n\n<p>\u00dcdv\u00f6z\u00f6lj\u00fck a novavape-n\u00e9l - az \u00d6n megb\u00edzhat\u00f3 partnere az els\u0151 oszt\u00e1ly\u00fa eldobhat\u00f3 p\u00e1rologtat\u00f3k ter\u00e9n. M\u00e1rkak\u00e9nt a pr\u00e9mium min\u0151s\u00e9get, az innovat\u00edv fejleszt\u00e9seket \u00e9s a kiv\u00e9teles p\u00e1rol\u00e1si \u00e9lm\u00e9nyt k\u00e9pviselj\u00fck. A novavape c\u00e9lja, hogy az intenz\u00edv \u00edzeket a legmodernebb technol\u00f3gi\u00e1val \u00e9s a kiv\u00e1l\u00f3 min\u0151s\u00e9g\u0171 kivitelez\u00e9ssel \u00f6tv\u00f6zz\u00fck.<\/p>\n\n\n\n<h2 class=\"wp-block-heading\">Term\u00e9kportf\u00f3li\u00f3nk<\/h2>\n\n\n\n<p>K\u00edn\u00e1latunkban sz\u00e1mos n\u00e9pszer\u0171 e-cigaretta m\u00e1rka szerepel, t\u00f6bbek k\u00f6z\u00f6tt a k\u00f6vetkez\u0151k<\/p>\n\n\n\n<ul class=\"wp-block-list\">\n<li>Fumot Vape<\/li>\n\n\n\n<li>JNR Vape<\/li>\n\n\n\n<li>BANG Vape<\/li>\n\n\n\n<li>Vapme Vape<\/li>\n\n\n\n<li>Elf Box Vape<\/li>\n\n\n\n<li>Uzy Vape<\/li>\n\n\n\n<li>Fizzy Vape<\/li>\n\n\n\n<li>Waspe Vape<\/li>\n\n\n\n<li>Vozol Vape<\/li>\n<\/ul>\n\n\n\n<p>\u00d6n olyan vonz\u00f3 nagykereskedelmi felt\u00e9teleket \u00e9lvezhet, amelyek biztosan leny\u0171g\u00f6zik. \u00dczlet\u00fcnkben minden term\u00e9k hiteles, eredeti term\u00e9k, ami garant\u00e1lja \u00d6nnek a legmagasabb min\u0151s\u00e9gi sz\u00ednvonalat \u00e9s a gondtalan v\u00e1s\u00e1rl\u00e1si \u00e9lm\u00e9nyt. Ak\u00e1r kiskeresked\u0151, ak\u00e1r nagykeresked\u0151 - a novavape a megfelel\u0151 partner az \u00d6n oldal\u00e1n.<\/p>\n\n\n\n<h2 class=\"wp-block-heading\">Filoz\u00f3fi\u00e1nk<\/h2>\n\n\n\n<p>Siker\u00fcnk kulcsa az \u00fcgyfelek ig\u00e9nyeinek \u00e1tfog\u00f3 meg\u00e9rt\u00e9s\u00e9ben \u00e9s az innov\u00e1ci\u00f3ra val\u00f3 folyamatos hajland\u00f3s\u00e1gunkban rejlik. Fejleszt\u0151csapataink elk\u00f6telezettek a legszigor\u00fabb biztons\u00e1gi \u00e9s min\u0151s\u00e9gi k\u00f6vetelm\u00e9nyeknek megfelel\u0151 term\u00e9kek l\u00e9trehoz\u00e1sa ir\u00e1nt. Az \u00fcgyfeleinkt\u0151l \u00e9rkez\u0151 visszajelz\u00e9sek nagyon fontosak sz\u00e1munkra - ez lehet\u0151v\u00e9 teszi sz\u00e1munkra, hogy folyamatosan optimaliz\u00e1ljuk term\u00e9keinket \u00e9s l\u00e9p\u00e9st tartsunk a dinamikus piaci k\u00f6vetelm\u00e9nyekkel.<\/p>\n\n\n\n<h2 class=\"wp-block-heading\">T\u00f6bb mint egy vape<\/h2>\n\n\n\n<p>A novavape sokkal t\u00f6bbet testes\u00edt meg, mint egy \u00fajabb p\u00e1rologtat\u00f3 k\u00e9sz\u00fcl\u00e9k - holisztikus p\u00e1rologtat\u00e1si \u00e9lm\u00e9nyt teremt\u00fcnk. Eldobhat\u00f3 e-cigarett\u00e1k v\u00e1laszt\u00e9k\u00e1t gondosan \u00fagy tervezt\u00fck meg, hogy k\u00fcl\u00f6nleges \u00edz\u00e9lm\u00e9nyt ny\u00fajtson \u00d6nnek. A friss\u00edt\u0151 gy\u00fcm\u00f6lcs\u00edzekt\u0151l a klasszikus doh\u00e1nyos \u00e1rnyalatokon \u00e1t a kreat\u00edv \u00edzkompoz\u00edci\u00f3kig - a novavape-n\u00e9l felfedezheti az ide\u00e1lis vape-t, amely nemcsak megfelel az \u00d6n ig\u00e9nyeinek, hanem t\u00fal is sz\u00e1rnyalja azokat.<\/p>\n\n\n\n<h2 class=\"wp-block-heading\">Min\u0151s\u00e9g \u00e9s fenntarthat\u00f3s\u00e1g<\/h2>\n\n\n\n<p>Min\u0151s\u00e9gi \u00edg\u00e9ret\u00fcnk a modern gy\u00e1rt\u00f3\u00fczem\u00fcnkben nyilv\u00e1nul meg, ahol minden egyes novavape term\u00e9ket a legnagyobb precizit\u00e1ssal \u00e9s odafigyel\u00e9ssel gy\u00e1rtunk. A fenntarthat\u00f3s\u00e1g \u00e9s az \u00f6kol\u00f3giai tudatoss\u00e1g sz\u00e1munkra nem csak \u00fcres szavak - ez\u00e9rt fejlesztj\u00fck eldobhat\u00f3 vap\u00e1inkat k\u00f6rnyezetbar\u00e1t m\u00f3don \u00e9s az \u00e9rv\u00e9nyes k\u00f6rnyezetv\u00e9delmi ir\u00e1nyelveknek megfelel\u0151en.<\/p>\n\n\n\n<h2 class=\"wp-block-heading\">K\u00f6sz\u00f6nj\u00fck a bizalmat<\/h2>\n\n\n\n<p>\u00d6r\u00fcl\u00fcnk, hogy a novavape-t v\u00e1lasztotta, \u00e9s v\u00e1rjuk, hogy elk\u00eds\u00e9rhess\u00fck \u00d6nt a p\u00e1rolg\u00e1s vil\u00e1g\u00e1ban tett utaz\u00e1s\u00e1n. Mer\u00fclj\u00f6n el a novavape univerzum\u00e1ban - ahol pr\u00e9mium min\u0151s\u00e9g, \u00fatt\u00f6r\u0151 innov\u00e1ci\u00f3 \u00e9s rendk\u00edv\u00fcli \u00edz\u00e9lm\u00e9nyek tal\u00e1lkoznak.<\/p>\n\n\n\n<hr class=\"wp-block-separator has-alpha-channel-opacity\"\/>\n\n\n\n<p><strong>Az \u00d6n novavape csapata<\/strong><\/p>\n\n\n\n<p><strong>Kapcsolat:<\/strong> erol.esila.emir@gmail.com<\/p>","protected":false},"excerpt":{"rendered":"<p>R\u00f3lunk \u00dcdv\u00f6z\u00f6lj\u00fck a novavape-n\u00e9l - az \u00d6n megb\u00edzhat\u00f3 partnere az els\u0151 oszt\u00e1ly\u00fa eldobhat\u00f3 p\u00e1rologtat\u00f3k ter\u00e9n. M\u00e1rkak\u00e9nt a pr\u00e9mium min\u0151s\u00e9get, az innovat\u00edv<\/p>","protected":false},"author":1,"featured_media":0,"parent":0,"menu_order":0,"comment_status":"closed","ping_status":"closed","template":"","meta":{"footnotes":""},"class_list":["post-1639","page","type-page","status-publish","hentry"],"_links":{"self":[{"href":"https:\/\/novavape.de\/hu\/wp-json\/wp\/v2\/pages\/1639","targetHints":{"allow":["GET"]}}],"collection":[{"href":"https:\/\/novavape.de\/hu\/wp-json\/wp\/v2\/pages"}],"about":[{"href":"https:\/\/novavape.de\/hu\/wp-json\/wp\/v2\/types\/page"}],"author":[{"embeddable":true,"href":"https:\/\/novavape.de\/hu\/wp-json\/wp\/v2\/users\/1"}],"replies":[{"embeddable":true,"href":"https:\/\/novavape.de\/hu\/wp-json\/wp\/v2\/comments?post=1639"}],"version-history":[{"count":0,"href":"https:\/\/novavape.de\/hu\/wp-json\/wp\/v2\/pages\/1639\/revisions"}],"wp:attachment":[{"href":"https:\/\/novavape.de\/hu\/wp-json\/wp\/v2\/media?parent=1639"}],"curies":[{"name":"wp","href":"https:\/\/api.w.org\/{rel}","templated":true}]}}