{"id":1634,"date":"2025-11-18T04:23:36","date_gmt":"2025-11-18T03:23:36","guid":{"rendered":"https:\/\/novavape.de\/?page_id=1634"},"modified":"2025-11-18T04:23:38","modified_gmt":"2025-11-18T03:23:38","slug":"faqs","status":"publish","type":"page","link":"https:\/\/novavape.de\/hu\/faqs\/","title":{"rendered":"GYIK"},"content":{"rendered":"<h1 class=\"wp-block-heading\">Gyakran ism\u00e9telt k\u00e9rd\u00e9sek (GYIK)<\/h1>\n\n\n\n<h2 class=\"wp-block-heading\">Fizet\u00e9s<\/h2>\n\n\n\n<h3 class=\"wp-block-heading\">Milyen fizet\u00e9si lehet\u0151s\u00e9geket k\u00edn\u00e1lnak?<\/h3>\n\n\n\n<p>T\u00f6bbf\u00e9le fizet\u00e9si m\u00f3ddal is fizethet, t\u00f6bbek k\u00f6z\u00f6tt hitelk\u00e1rty\u00e1val, PayPal, iDEAL \u00e9s SEPA beszed\u00e9si megb\u00edz\u00e1ssal. Az \u00f6sszes el\u00e9rhet\u0151 fizet\u00e9si m\u00f3d megjelenik a p\u00e9nzt\u00e1ri folyamat sor\u00e1n.<\/p>\n\n\n\n<h3 class=\"wp-block-heading\">Mi\u00e9rt utas\u00edtott\u00e1k el a fizet\u00e9semet?<\/h3>\n\n\n\n<p>A fizet\u00e9s visszautas\u00edt\u00e1s\u00e1nak t\u00f6bb oka is lehet: helytelen k\u00e1rtyaadatok, el\u00e9gtelen fedezet a sz\u00e1ml\u00e1j\u00e1n vagy technikai probl\u00e9m\u00e1k a fizet\u00e9si szolg\u00e1ltat\u00f3val. Javasoljuk, hogy ellen\u0151rizze a bejegyz\u00e9seiket, vagy forduljon k\u00f6zvetlen\u00fcl a bankj\u00e1hoz vagy a fizet\u00e9si szolg\u00e1ltat\u00f3j\u00e1hoz.<\/p>\n\n\n\n<h3 class=\"wp-block-heading\">Hogyan kapok sz\u00e1ml\u00e1t?<\/h3>\n\n\n\n<p>Sz\u00e1ml\u00e1t a fizet\u00e9s sor\u00e1n k\u00e9rhet. Ezt a sz\u00e1ml\u00e1t e-mailben k\u00fcldj\u00fck el \u00d6nnek.<\/p>\n\n\n\n<h3 class=\"wp-block-heading\">Fizet\u00e9si m\u00f3dk\u00e9nt el\u00e9rhet\u0151 az ut\u00e1nv\u00e9teles fizet\u00e9s?<\/h3>\n\n\n\n<p>Az ut\u00e1nv\u00e9tes fizet\u00e9s n\u00e1lunk nem lehets\u00e9ges. \u00d6nnek a rendelkez\u00e9sre \u00e1ll\u00f3 online fizet\u00e9si lehet\u0151s\u00e9gek egyik\u00e9t kell v\u00e1lasztania.<\/p>\n\n\n\n<h3 class=\"wp-block-heading\">Bev\u00e1lthatok kedvezm\u00e9nyk\u00f3dokat vagy utalv\u00e1nyokat?<\/h3>\n\n\n\n<p>Igen, a p\u00e9nzt\u00e1rn\u00e1l megadhatja az utalv\u00e1nyk\u00f3dokat vagy aj\u00e1nd\u00e9kk\u00e1rty\u00e1kat, hogy kedvezm\u00e9nyeket kapjon.<\/p>\n\n\n\n<h3 class=\"wp-block-heading\">A fizet\u00e9si adataim v\u00e9dettek?<\/h3>\n\n\n\n<p>Az \u00d6n fizet\u00e9si biztons\u00e1ga a legfontosabb sz\u00e1munkra. Modern titkos\u00edt\u00e1si technol\u00f3gi\u00e1kat haszn\u00e1lunk, \u00e9s PCI tan\u00fas\u00edtv\u00e1nnyal rendelkez\u0151 fizet\u00e9si szolg\u00e1ltat\u00f3kkal dolgozunk egy\u00fctt.<\/p>\n\n\n\n<h3 class=\"wp-block-heading\">Mikor kapok visszaigazol\u00e1st a megrendel\u00e9semr\u0151l?<\/h3>\n\n\n\n<p>A sikeres fizet\u00e9s ut\u00e1n azonnal k\u00fcld\u00fcnk \u00d6nnek egy e-mailt a megrendel\u00e9s visszaigazol\u00e1s\u00e1val \u00e9s a v\u00e1s\u00e1rl\u00e1ssal kapcsolatos \u00f6sszes fontos inform\u00e1ci\u00f3val.<\/p>\n\n\n\n<h3 class=\"wp-block-heading\">Hogyan m\u0171k\u00f6dik a visszat\u00e9r\u00edt\u00e9si folyamat?<\/h3>\n\n\n\n<p>Visszat\u00e9r\u00edt\u00e9s\u00e9rt k\u00e9rj\u00fck, l\u00e9pjen kapcsolatba \u00fcgyf\u00e9lszolg\u00e1latunkkal, \u00e9s adja meg a rendel\u00e9s sz\u00e1m\u00e1t. Mi gondoskodunk a feldolgoz\u00e1sr\u00f3l a visszat\u00e9r\u00edt\u00e9si ir\u00e1nyelveinknek megfelel\u0151en.<\/p>\n\n\n\n<h3 class=\"wp-block-heading\">Hol tal\u00e1lom a kor\u00e1bbi megrendel\u00e9seimet?<\/h3>\n\n\n\n<p>Jelentkezzen be \u00fcgyf\u00e9lfi\u00f3kj\u00e1ba, \u00e9s navig\u00e1ljon a \u201eSaj\u00e1t fi\u00f3k\u201c r\u00e9szhez. Ott a \u201eRendel\u00e9si el\u0151zm\u00e9nyek\u201c alatt \u00e1ttekint\u00e9st tal\u00e1l az \u00f6sszes v\u00e1s\u00e1rl\u00e1st, bele\u00e9rtve a fizet\u00e9si inform\u00e1ci\u00f3kat \u00e9s az \u00e1llapotot is.<\/p>\n\n\n\n<h2 class=\"wp-block-heading\">Sz\u00e1ll\u00edt\u00e1s<\/h2>\n\n\n\n<h3 class=\"wp-block-heading\">Hogyan m\u0171k\u00f6dik a sz\u00e1ll\u00edt\u00e1s?<\/h3>\n\n\n\n<p>A k\u00f6vetkez\u0151 orsz\u00e1gokba sz\u00e1ll\u00edtunk DDP szolg\u00e1ltat\u00e1ssal (Delivered Duty Paid). Ez azt jelenti: nincs v\u00e1mkezel\u00e9s \u00e9s nincsenek tov\u00e1bbi v\u00e1mk\u00f6lts\u00e9gek az \u00d6n sz\u00e1m\u00e1ra.<\/p>\n\n\n\n<p><strong>Sz\u00e1ll\u00edt\u00e1si lehet\u0151s\u00e9gek r\u00e9gi\u00f3nk\u00e9nt:<\/strong><\/p>\n\n\n\n<ul class=\"wp-block-list\">\n<li><strong>USA<\/strong> - UPS Express (kiv\u00e9ve Alaszka \u00e9s Hawaii)<\/li>\n\n\n\n<li><strong>Nagy-Britannia<\/strong> - DPD Express (helyi)<\/li>\n\n\n\n<li><strong>Eur\u00f3pa<\/strong> - UPS Express\/DPD Express\/DHL Express<\/li>\n<\/ul>\n\n\n\n<p><strong>Eur\u00f3pai orsz\u00e1gok DDP szolg\u00e1ltat\u00e1ssal:<\/strong> N\u00e9metorsz\u00e1g, Belgium, Luxemburg, Hollandia, Csehorsz\u00e1g, Lengyelorsz\u00e1g, Horv\u00e1torsz\u00e1g, Szlov\u00e1kia, Szlov\u00e9nia, Finnorsz\u00e1g, D\u00e1nia, Sv\u00e9dorsz\u00e1g, Ausztria, Franciaorsz\u00e1g, Olaszorsz\u00e1g, Magyarorsz\u00e1g, Bulg\u00e1ria, Litv\u00e1nia, \u00c9sztorsz\u00e1g, Lettorsz\u00e1g, G\u00f6r\u00f6gorsz\u00e1g, \u00cdrorsz\u00e1g, Portug\u00e1lia, Spanyolorsz\u00e1g.<\/p>\n\n\n\n<p><em>Megjegyz\u00e9s: Az Eur\u00f3p\u00e1ba ir\u00e1nyul\u00f3 k\u00fcldem\u00e9nyek (kiv\u00e9ve az Egyes\u00fclt Kir\u00e1lys\u00e1got) N\u00e9metorsz\u00e1gon kereszt\u00fcl ker\u00fclnek feldolgoz\u00e1sra \u00e9s onnan tov\u00e1bb\u00edt\u00e1sra.<\/em><\/p>\n\n\n\n<p><strong>Tov\u00e1bbi sz\u00e1ll\u00edt\u00e1si c\u00e9l\u00e1llom\u00e1sok:<\/strong><\/p>\n\n\n\n<ul class=\"wp-block-list\">\n<li>Egyes\u00fclt Arab Em\u00edrs\u00e9gek (kiv\u00e9ve Dubai)<\/li>\n\n\n\n<li>D\u00e9l-Afrika<\/li>\n\n\n\n<li>Vietnam<\/li>\n\n\n\n<li>Nyugat-Malajzia (Kalimantan-sziget n\u00e9lk\u00fcl)<\/li>\n<\/ul>\n\n\n\n<p><strong>Sz\u00e1ll\u00edt\u00e1si id\u0151k orsz\u00e1gonk\u00e9nt:<\/strong><\/p>\n\n\n\n<figure class=\"wp-block-table\"><table class=\"has-fixed-layout\"><thead><tr><th>Orsz\u00e1g<\/th><th>Sz\u00e1ll\u00edt\u00e1si m\u00f3d<\/th><th>Sz\u00e1ll\u00edt\u00e1si id\u0151<\/th><\/tr><\/thead><tbody><tr><td>USA<\/td><td>Helyi UPS f\u00f6ldi sz\u00e1ll\u00edt\u00e1s<\/td><td>10-15 nap<\/td><\/tr><tr><td>Egyes\u00fclt Kir\u00e1lys\u00e1g<\/td><td>Helyi DPD Express<\/td><td>7-12 nap<\/td><\/tr><tr><td>N\u00e9metorsz\u00e1g<\/td><td>UPS\/DPD\/DHL N\u00e9metorsz\u00e1g<\/td><td>8-13 nap<\/td><\/tr><tr><td>Franciaorsz\u00e1g<\/td><td>UPS\/DPD\/DHL N\u00e9metorsz\u00e1g<\/td><td>8-13 nap<\/td><\/tr><tr><td>Belgium<\/td><td>UPS\/DPD\/DHL N\u00e9metorsz\u00e1g<\/td><td>8-13 nap<\/td><\/tr><tr><td>Luxemburg<\/td><td>UPS\/DPD\/DHL N\u00e9metorsz\u00e1g<\/td><td>8-13 nap<\/td><\/tr><tr><td>Hollandia<\/td><td>UPS\/DPD\/DHL N\u00e9metorsz\u00e1g<\/td><td>8-13 nap<\/td><\/tr><tr><td>Cseh K\u00f6zt\u00e1rsas\u00e1g<\/td><td>UPS\/DPD\/DHL N\u00e9metorsz\u00e1g<\/td><td>8-13 nap<\/td><\/tr><tr><td>Lengyelorsz\u00e1g<\/td><td>UPS\/DPD\/DHL N\u00e9metorsz\u00e1g<\/td><td>8-13 nap<\/td><\/tr><tr><td>Horv\u00e1torsz\u00e1g<\/td><td>UPS\/DPD\/DHL N\u00e9metorsz\u00e1g<\/td><td>8-13 nap<\/td><\/tr><tr><td>Szlov\u00e1kia<\/td><td>UPS\/DPD\/DHL N\u00e9metorsz\u00e1g<\/td><td>8-13 nap<\/td><\/tr><tr><td>Szlov\u00e9nia<\/td><td>UPS\/DPD\/DHL N\u00e9metorsz\u00e1g<\/td><td>8-13 nap<\/td><\/tr><tr><td>Finnorsz\u00e1g<\/td><td>UPS\/DPD\/DHL N\u00e9metorsz\u00e1g<\/td><td>8-13 nap<\/td><\/tr><tr><td>D\u00e1nia<\/td><td>UPS\/DPD\/DHL N\u00e9metorsz\u00e1g<\/td><td>8-13 nap<\/td><\/tr><tr><td>Sv\u00e9dorsz\u00e1g<\/td><td>UPS\/DPD\/DHL N\u00e9metorsz\u00e1g<\/td><td>8-13 nap<\/td><\/tr><tr><td>Ausztria<\/td><td>UPS\/DPD\/DHL N\u00e9metorsz\u00e1g<\/td><td>8-13 nap<\/td><\/tr><tr><td>Olaszorsz\u00e1g<\/td><td>UPS\/DPD\/DHL N\u00e9metorsz\u00e1g<\/td><td>8-13 nap<\/td><\/tr><tr><td>Magyarorsz\u00e1g<\/td><td>UPS\/DPD\/DHL N\u00e9metorsz\u00e1g<\/td><td>8-13 nap<\/td><\/tr><tr><td>Litv\u00e1nia<\/td><td>UPS\/DPD\/DHL N\u00e9metorsz\u00e1g<\/td><td>8-13 nap<\/td><\/tr><tr><td>\u00c9sztorsz\u00e1g<\/td><td>UPS\/DPD\/DHL N\u00e9metorsz\u00e1g<\/td><td>8-13 nap<\/td><\/tr><tr><td>Lettorsz\u00e1g<\/td><td>UPS\/DPD\/DHL N\u00e9metorsz\u00e1g<\/td><td>8-13 nap<\/td><\/tr><tr><td>G\u00f6r\u00f6gorsz\u00e1g<\/td><td>UPS\/DPD\/DHL N\u00e9metorsz\u00e1g<\/td><td>8-13 nap<\/td><\/tr><tr><td>\u00cdrorsz\u00e1g<\/td><td>UPS\/DPD\/DHL N\u00e9metorsz\u00e1g<\/td><td>8-13 nap<\/td><\/tr><tr><td>Portug\u00e1lia<\/td><td>UPS\/DPD\/DHL N\u00e9metorsz\u00e1g<\/td><td>8-13 nap<\/td><\/tr><tr><td>Spanyolorsz\u00e1g<\/td><td>UPS\/DPD\/DHL N\u00e9metorsz\u00e1g<\/td><td>8-13 nap<\/td><\/tr><tr><td>Egyes\u00fclt Arab Em\u00edrs\u00e9gek (Dubai)<\/td><td>Dubai k\u00f6zvetlen vonal<\/td><td>12-18 nap<\/td><\/tr><tr><td>D\u00e9l-Afrika<\/td><td>D\u00e9l-Afrika k\u00f6zvetlen vonal<\/td><td>15-25 nap<\/td><\/tr><tr><td>Vietnam<\/td><td>Vietnam k\u00f6zvetlen vonal<\/td><td>3-5 nap<\/td><\/tr><tr><td>Nyugat-Malajzia<\/td><td>Malajzia k\u00f6zvetlen vonal<\/td><td>4-8 nap<\/td><\/tr><\/tbody><\/table><\/figure>\n\n\n\n<p><strong>Minden m\u00e1s orsz\u00e1g:<\/strong> A list\u00e1n nem szerepl\u0151 orsz\u00e1gok eset\u00e9ben a v\u00e1mkezel\u00e9s \u00e9s a felmer\u00fcl\u0151 v\u00e1mok megfizet\u00e9se az \u00d6n feladata. A helyi v\u00e1mhivatal t\u00e1j\u00e9koztatja \u00d6nt a v\u00e1mok \u00f6sszeg\u00e9r\u0151l. El\u0151fordulhat, hogy \u00fczleti enged\u00e9lyre van sz\u00fcks\u00e9g.<\/p>\n\n\n\n<h3 class=\"wp-block-heading\">Hogyan sz\u00e1m\u00edtj\u00e1k ki a sz\u00e1ll\u00edt\u00e1si k\u00f6lts\u00e9geket?<\/h3>\n\n\n\n<p>A sz\u00e1ll\u00edt\u00e1si k\u00f6lts\u00e9gek a csomag s\u00faly\u00e1t\u00f3l, a c\u00e9l\u00e1llom\u00e1st\u00f3l \u00e9s a kiv\u00e1lasztott sz\u00e1ll\u00edt\u00e1si m\u00f3dt\u00f3l f\u00fcggnek. A pontos k\u00f6lts\u00e9geket a megrendel\u00e9s v\u00e9gleges\u00edt\u00e9sekor jelen\u00edtj\u00fck meg.<\/p>\n\n\n\n<h3 class=\"wp-block-heading\">Mit tegyek, ha a k\u00fcldem\u00e9nyem k\u00e9sik vagy elveszik?<\/h3>\n\n\n\n<p>Ha csomagja k\u00e9sik vagy nem \u00e9rkezik meg, k\u00e9rj\u00fck, l\u00e9pjen kapcsolatba \u00fcgyf\u00e9lszolg\u00e1latunkkal. Megvizsg\u00e1ljuk az esetet \u00e9s seg\u00edt\u00fcnk megold\u00e1st tal\u00e1lni.<\/p>\n\n\n\n<h3 class=\"wp-block-heading\">Hogyan k\u00f6vethetem nyomon a programomat?<\/h3>\n\n\n\n<p>Jelentkezzen be fi\u00f3kj\u00e1ba, \u00e9s l\u00e9pjen a \u201eRendel\u00e9si el\u0151zm\u00e9nyek\u201c r\u00e9szhez. A nyomon k\u00f6vet\u00e9si inform\u00e1ci\u00f3kat e-mailben is megkapja.<\/p>\n\n\n\n<h3 class=\"wp-block-heading\">Kell-e v\u00e1mot fizetnem?<\/h3>\n\n\n\n<p>Kanada \u00e9s D\u00e1nia kiv\u00e9tel\u00e9vel \u00e1ltal\u00e1ban nem.<\/p>\n\n\n\n<h3 class=\"wp-block-heading\">Mennyi ideig tart a sz\u00e1ll\u00edt\u00e1s?<\/h3>\n\n\n\n<p>A megrendel\u00e9s be\u00e9rkez\u00e9se ut\u00e1n a term\u00e9kek a term\u00e9kt\u0151l f\u00fcgg\u0151en 1-5 napig maradnak a rakt\u00e1rban. Az ezt k\u00f6vet\u0151 kisz\u00e1ll\u00edt\u00e1s 7-15 napot vesz ig\u00e9nybe.<\/p>\n\n\n\n<h2 class=\"wp-block-heading\">Biztons\u00e1g<\/h2>\n\n\n\n<h3 class=\"wp-block-heading\">Hogyan biztos\u00edtja weboldal\u00e1t?<\/h3>\n\n\n\n<p>\u00c1tfog\u00f3 biztons\u00e1gi int\u00e9zked\u00e9seket alkalmazunk, bele\u00e9rtve az adattitkos\u00edt\u00e1st, t\u0171zfalrendszereket \u00e9s rendszeres biztons\u00e1gi ellen\u0151rz\u00e9seket, hogy megv\u00e9dj\u00fck az \u00d6n adatait \u00e9s tranzakci\u00f3it.<\/p>\n\n\n\n<h3 class=\"wp-block-heading\">Hogyan v\u00e9dik a szem\u00e9lyes adataimat?<\/h3>\n\n\n\n<p>Szigor\u00faan betartjuk az adatv\u00e9delmi szab\u00e1lyokat. Az \u00d6n adatait soha nem adjuk el vagy adjuk \u00e1t harmadik f\u00e9lnek. Kiz\u00e1r\u00f3lag a megrendel\u00e9sek feldolgoz\u00e1s\u00e1hoz \u00e9s az \u00fcgyf\u00e9lszolg\u00e1lathoz haszn\u00e1ljuk fel.<\/p>\n\n\n\n<h3 class=\"wp-block-heading\">Biztons\u00e1gosak a fizet\u00e9si adataim?<\/h3>\n\n\n\n<p>Abszol\u00fat. PCI-DSS-kompatibilis fizet\u00e9si rendszert haszn\u00e1lunk, amely megfelel a legmagasabb biztons\u00e1gi el\u0151\u00edr\u00e1soknak.<\/p>\n\n\n\n<h3 class=\"wp-block-heading\">Hogyan hozhatok l\u00e9tre er\u0151s jelsz\u00f3t?<\/h3>\n\n\n\n<p>Haszn\u00e1ljon kis- \u00e9s nagybet\u0171ket, sz\u00e1mokat \u00e9s speci\u00e1lis karaktereket. Ker\u00fclje a szem\u00e9lyes adatokat, p\u00e9ld\u00e1ul a sz\u00fclet\u00e9si d\u00e1tumot. Az optim\u00e1lis biztons\u00e1g \u00e9rdek\u00e9ben rendszeresen v\u00e1ltoztassa jelszav\u00e1t.<\/p>\n\n\n\n<h3 class=\"wp-block-heading\">Hogyan tudom ellen\u0151rizni a weboldal hiteless\u00e9g\u00e9t?<\/h3>\n\n\n\n<p>Hasonl\u00edtsa \u00f6ssze az URL-t a hivatalos webc\u00edm\u00fcnkkel, \u00e9s figyeljen az SSL tan\u00fas\u00edtv\u00e1nyra (z\u00e1r szimb\u00f3lum a b\u00f6ng\u00e9sz\u0151s\u00e1vban), amely meger\u0151s\u00edti a kapcsolat biztons\u00e1g\u00e1t.<\/p>\n\n\n\n<h3 class=\"wp-block-heading\">Hogyan jelenthetek gyan\u00fas tev\u00e9kenys\u00e9get?<\/h3>\n\n\n\n<p>Ha b\u00e1rmilyen biztons\u00e1gi agg\u00e1lya vagy szokatlan esem\u00e9ny mer\u00fcl fel, k\u00e9rj\u00fck, azonnal l\u00e9pjen kapcsolatba \u00fcgyf\u00e9lszolg\u00e1latunkkal. Minden bejelent\u00e9st komolyan vesz\u00fcnk \u00e9s alaposan kivizsg\u00e1lunk.<\/p>\n\n\n\n<h3 class=\"wp-block-heading\">Milyen int\u00e9zked\u00e9seket tesz az adathal\u00e1szat ellen?<\/h3>\n\n\n\n<p>Adathal\u00e1szat elleni rendszereket vezett\u00fcnk be, hogy megv\u00e9dj\u00fck \u00d6nt a csal\u00e1rd weboldalakkal \u00e9s e-mailekkel szemben.<\/p>\n\n\n\n<h2 class=\"wp-block-heading\">Visszat\u00e9r\u00edt\u00e9s<\/h2>\n\n\n\n<h3 class=\"wp-block-heading\">Megv\u00e1ltoztathatom m\u00e9g a rendel\u00e9semet?<\/h3>\n\n\n\n<p>Igen, a m\u00f3dos\u00edt\u00e1sok a megrendel\u00e9s napj\u00e1n 23:00 \u00f3r\u00e1ig (PDT -7 GMT) lehets\u00e9gesek. K\u00e9rj\u00fck, vegye fel vel\u00fcnk a kapcsolatot a erol.esila.emir@gmail.com c\u00edmen.<\/p>\n\n\n\n<h3 class=\"wp-block-heading\">Hogyan m\u0171k\u00f6dik a visszat\u00e9r\u00edt\u00e9s?<\/h3>\n\n\n\n<p>A visszak\u00fcld\u00e9si jogunk az \u00e1ru \u00e1tv\u00e9tel\u00e9t\u0151l sz\u00e1m\u00edtott 15 napig \u00e9rv\u00e9nyes.<\/p>\n\n\n\n<p><strong>A visszat\u00e9r\u00e9s k\u00f6vetelm\u00e9nyei:<\/strong><\/p>\n\n\n\n<ul class=\"wp-block-list\">\n<li>Eredeti \u00e1llapotban l\u00e9v\u0151 term\u00e9k (nem haszn\u00e1lt, nem hordott)<\/li>\n\n\n\n<li>Minden c\u00edmke m\u00e9g mindig jelen van<\/li>\n\n\n\n<li>Eredeti csomagol\u00e1s s\u00e9rtetlen<\/li>\n\n\n\n<li>V\u00e1s\u00e1rl\u00e1si igazol\u00e1s vagy sz\u00e1mla<\/li>\n<\/ul>\n\n\n\n<p><strong>Visszat\u00e9r\u00e9si folyamat:<\/strong><\/p>\n\n\n\n<ol class=\"wp-block-list\">\n<li>Vegye fel vel\u00fcnk a kapcsolatot a erol.esila.emir@gmail.com c\u00edmen.<\/li>\n\n\n\n<li>A j\u00f3v\u00e1hagy\u00e1s ut\u00e1n kap egy visszak\u00fcld\u00e9si c\u00edmk\u00e9t<\/li>\n\n\n\n<li>K\u00f6vesse sz\u00e1ll\u00edt\u00e1si utas\u00edt\u00e1sainkat<\/li>\n<\/ol>\n\n\n\n<p><em>Fontos: El\u0151zetes enged\u00e9ly n\u00e9lk\u00fcli, el\u0151re be nem jelentett visszak\u00fcld\u00e9sek nem fogadhat\u00f3k el.<\/em><\/p>\n\n\n\n<p>Ha b\u00e1rmilyen k\u00e9rd\u00e9se van a visszak\u00fcld\u00e9si elj\u00e1r\u00e1ssal kapcsolatban, b\u00e1rmikor el\u00e9rhet minket a erol.esila.emir@gmail.com c\u00edmen.<\/p>","protected":false},"excerpt":{"rendered":"<p>Gyakran ism\u00e9telt k\u00e9rd\u00e9sek (GYIK) Fizet\u00e9s Milyen fizet\u00e9si lehet\u0151s\u00e9geket k\u00edn\u00e1l? T\u00f6bbf\u00e9le fizet\u00e9si m\u00f3ddal is fizethet, t\u00f6bbek k\u00f6z\u00f6tt<\/p>","protected":false},"author":1,"featured_media":0,"parent":0,"menu_order":0,"comment_status":"closed","ping_status":"closed","template":"","meta":{"footnotes":""},"class_list":["post-1634","page","type-page","status-publish","hentry"],"_links":{"self":[{"href":"https:\/\/novavape.de\/hu\/wp-json\/wp\/v2\/pages\/1634","targetHints":{"allow":["GET"]}}],"collection":[{"href":"https:\/\/novavape.de\/hu\/wp-json\/wp\/v2\/pages"}],"about":[{"href":"https:\/\/novavape.de\/hu\/wp-json\/wp\/v2\/types\/page"}],"author":[{"embeddable":true,"href":"https:\/\/novavape.de\/hu\/wp-json\/wp\/v2\/users\/1"}],"replies":[{"embeddable":true,"href":"https:\/\/novavape.de\/hu\/wp-json\/wp\/v2\/comments?post=1634"}],"version-history":[{"count":0,"href":"https:\/\/novavape.de\/hu\/wp-json\/wp\/v2\/pages\/1634\/revisions"}],"wp:attachment":[{"href":"https:\/\/novavape.de\/hu\/wp-json\/wp\/v2\/media?parent=1634"}],"curies":[{"name":"wp","href":"https:\/\/api.w.org\/{rel}","templated":true}]}}