{"id":2462,"date":"2025-12-02T11:44:19","date_gmt":"2025-12-02T10:44:19","guid":{"rendered":"https:\/\/novavape.de\/?post_type=product&#038;p=2462"},"modified":"2025-12-02T11:44:19","modified_gmt":"2025-12-02T10:44:19","slug":"vozol-rave-40000-grape-ice","status":"publish","type":"product","link":"https:\/\/novavape.de\/fr\/product\/vozol-rave-40000-grape-ice\/","title":{"rendered":"Vozol Rave 40000 Raisin glac\u00e9"},"content":{"rendered":"<h2 class=\"font-claude-response-heading text-text-100 mt-1 -mb-0.5\">Vozol Rave 40000 Grape Ice Cigarette \u00e9lectronique jetable<\/h2>\n<p class=\"font-claude-response-body whitespace-normal break-words\">La cigarette \u00e9lectronique jetable Vozol Rave 40000 Grape Ice offre une capacit\u00e9 impressionnante de 40 000 bouff\u00e9es avec un go\u00fbt intense de raisin et une finale rafra\u00eechissante. La batterie rechargeable de 1000 mAh et le e-liquide pr\u00e9rempli de 20 ml garantissent une longue dur\u00e9e de vie et un fonctionnement fiable. Avec son \u00e9cran vibrant \u00e0 270\u00b0 et son \u00e9cran incurv\u00e9 en 3D, l'appareil offre une exp\u00e9rience visuellement attrayante et interactive. Les utilisateurs peuvent choisir entre deux modes fonctionnels pour personnaliser leur exp\u00e9rience de vapotage.<\/p>\n<h3 class=\"font-claude-response-subheading text-text-100 mt-1 -mb-1.5\">Vozol Rave 40000 Grape Ice Points forts<\/h3>\n<p class=\"font-claude-response-body whitespace-normal break-words\">La Vozol Rave 40000 Grape Ice impressionne par sa capacit\u00e9 exceptionnelle avec un r\u00e9servoir d'e-liquide g\u00e9n\u00e9reux de 20 ml et une batterie rechargeable de 1000 mAh avec port de chargement USB Type-C. Cet appareil puissant offre environ 40 000 bouff\u00e9es en mode normal ou 25 000 bouff\u00e9es en mode Surge, ce qui en fait l'une des cigarettes \u00e9lectroniques jetables les plus endurantes du march\u00e9. Avec une forte teneur en nicotine de 5% (50 mg), elle garantit une exp\u00e9rience de vapotage satisfaisante aux utilisateurs exp\u00e9riment\u00e9s.<\/p>\n<p class=\"font-claude-response-body whitespace-normal break-words\">La technologie S.i.L.C ultramoderne avec deux puces MCU s'harmonise parfaitement avec les r\u00e9sistances Premium Mesh et produit une vapeur aromatique constante \u00e0 chaque bouff\u00e9e. Le syst\u00e8me innovant \u00e0 deux modes vous permet de passer du mode normal pour des bouff\u00e9es douces et harmonieuses au mode Surge pour une puissance et un d\u00e9veloppement de vapeur accrus, en fonction de vos pr\u00e9f\u00e9rences et des occasions.<\/p>\n<p class=\"font-claude-response-body whitespace-normal break-words\">Le Vozol Rave dispose d'un \u00e9cran avanc\u00e9 \u00e0 d\u00e9tection de rythme \u00e0 270\u00b0 qui fournit des informations dynamiques en temps r\u00e9el pendant l'utilisation et cr\u00e9e une exp\u00e9rience de vapotage interactive. L'affichage num\u00e9rique int\u00e9gr\u00e9 vous informe de mani\u00e8re fiable sur l'\u00e9tat de la batterie et le niveau de e-liquide, afin que vous restiez toujours inform\u00e9. Cette combinaison de technologies visuelles transforme la surveillance pratique en une fonctionnalit\u00e9 fascinante.<\/p>\n<p class=\"font-claude-response-body whitespace-normal break-words\">La personnalisation est au c\u0153ur de cet appareil : le d\u00e9bit d'air r\u00e9glable vous permet d'ajuster la r\u00e9sistance \u00e0 l'aspiration exactement selon vos pr\u00e9f\u00e9rences, que vous pr\u00e9f\u00e9riez des bouff\u00e9es serr\u00e9es et restreintes ou des bouff\u00e9es g\u00e9n\u00e9reuses et ouvertes. Le syst\u00e8me de recharge USB Type-C garantit une alimentation rapide en \u00e9nergie lorsque cela est n\u00e9cessaire, tandis que le format jetable \u00e0 haute capacit\u00e9 constitue un excellent choix pour les revendeurs qui souhaitent proposer des appareils \u00e0 haute capacit\u00e9, ainsi que pour les utilisateurs fr\u00e9quents qui souhaitent profiter de longues sessions de vapotage sans avoir \u00e0 changer souvent d'appareil.<\/p>\n<p class=\"font-claude-response-body whitespace-normal break-words\">La variante Grape Ice allie la douceur raffin\u00e9e du raisin \u00e0 une fra\u00eecheur rafra\u00eechissante pour une exp\u00e9rience gustative \u00e9quilibr\u00e9e et vivifiante.<\/p>\n<h3 class=\"font-claude-response-subheading text-text-100 mt-1 -mb-1.5\">Donn\u00e9es techniques<\/h3>\n<p class=\"font-claude-response-body whitespace-normal break-words\"><strong>Teneur en nicotine :<\/strong> 5% (50 mg)<br \/>\n<strong>Capacit\u00e9 de liquide :<\/strong> 20 ml<br \/>\n<strong>Style vapeur :<\/strong> MTL (bouche \u00e0 poumon)<br \/>\n<strong>Batterie :<\/strong> 1000 mAh rechargeable<br \/>\n<strong>Modes :<\/strong> Mode double (normal et surtension)<br \/>\n<strong>Type de bobine :<\/strong> Double bobine maill\u00e9e<br \/>\n<strong>Particularit\u00e9 :<\/strong> Conception Vibrant Glow \u00e0 270\u00b0<br \/>\n<strong>D\u00e9bit d'air :<\/strong> R\u00e9glable<br \/>\n<strong>\u00c9cran :<\/strong> Indicateur intelligent de batterie et de e-liquide<\/p>\n<h3 class=\"font-claude-response-subheading text-text-100 mt-1 -mb-1.5\">D\u00e9couvrez plus de VOZOL VAPE chez novavape<\/h3>\n<p class=\"font-claude-response-body whitespace-normal break-words\">D\u00e9couvrez d'autres produits haut de gamme dans notre <strong><a class=\"underline\" href=\"https:\/\/novavape.de\/fr\/\">Boutique en ligne de cigarettes \u00e9lectroniques<\/a><\/strong> ou parcourez notre gamme compl\u00e8te <strong><a class=\"underline\" href=\"https:\/\/novavape.de\/fr\/product-category\/vozol-vape\/\">Collection VOZOL VAPE<\/a><\/strong>. Vous trouverez tous les parfums disponibles dans la <strong><a class=\"underline\" href=\"https:\/\/novavape.de\/fr\/product-category\/vozol-vape\/vozol-rave-40000\/\">S\u00e9rie Vozol Rave 40000<\/a><\/strong>.<\/p>","protected":false},"excerpt":{"rendered":"<p class=\"font-claude-response-body whitespace-normal break-words\">Le Vozol Rave 40000 Grape Ice fournit 20 ml d'e-liquide et jusqu'\u00e0 40 000 bouff\u00e9es. L'\u00e9cran Beat Sensing \u00e0 270\u00b0, le syst\u00e8me double mode (Normal\/Surge) et la technologie S.i.L.C avec double r\u00e9sistance mesh offrent un go\u00fbt intense. Avec une batterie de 1000 mAh, un chargement de type C, 5% de nicotine, le raisin raffin\u00e9 rencontre la fra\u00eecheur rafra\u00eechissante et l'innovation.<\/p>","protected":false},"featured_media":2463,"comment_status":"open","ping_status":"closed","template":"","meta":[],"product_brand":[],"product_cat":[78],"product_tag":[],"class_list":{"0":"post-2462","1":"product","2":"type-product","3":"status-publish","4":"has-post-thumbnail","6":"product_cat-vozol-rave-40000","8":"first","9":"instock","10":"shipping-taxable","11":"purchasable","12":"product-type-variable"},"_links":{"self":[{"href":"https:\/\/novavape.de\/fr\/wp-json\/wp\/v2\/product\/2462","targetHints":{"allow":["GET"]}}],"collection":[{"href":"https:\/\/novavape.de\/fr\/wp-json\/wp\/v2\/product"}],"about":[{"href":"https:\/\/novavape.de\/fr\/wp-json\/wp\/v2\/types\/product"}],"replies":[{"embeddable":true,"href":"https:\/\/novavape.de\/fr\/wp-json\/wp\/v2\/comments?post=2462"}],"version-history":[{"count":0,"href":"https:\/\/novavape.de\/fr\/wp-json\/wp\/v2\/product\/2462\/revisions"}],"wp:featuredmedia":[{"embeddable":true,"href":"https:\/\/novavape.de\/fr\/wp-json\/wp\/v2\/media\/2463"}],"wp:attachment":[{"href":"https:\/\/novavape.de\/fr\/wp-json\/wp\/v2\/media?parent=2462"}],"wp:term":[{"taxonomy":"product_brand","embeddable":true,"href":"https:\/\/novavape.de\/fr\/wp-json\/wp\/v2\/product_brand?post=2462"},{"taxonomy":"product_cat","embeddable":true,"href":"https:\/\/novavape.de\/fr\/wp-json\/wp\/v2\/product_cat?post=2462"},{"taxonomy":"product_tag","embeddable":true,"href":"https:\/\/novavape.de\/fr\/wp-json\/wp\/v2\/product_tag?post=2462"}],"curies":[{"name":"wp","href":"https:\/\/api.w.org\/{rel}","templated":true}]}}