{"id":1652,"date":"2025-11-18T04:47:58","date_gmt":"2025-11-18T03:47:58","guid":{"rendered":"https:\/\/novavape.de\/?page_id=1652"},"modified":"2025-11-18T04:48:00","modified_gmt":"2025-11-18T03:48:00","slug":"nutzungsbedingungen","status":"publish","type":"page","link":"https:\/\/novavape.de\/fr\/nutzungsbedingungen\/","title":{"rendered":"Conditions d'utilisation"},"content":{"rendered":"<h1 class=\"wp-block-heading\">Conditions d'utilisation<\/h1>\n\n\n\n<p>Bienvenue sur novavape ! Nous vous prions de lire attentivement les conditions d'utilisation ci-dessous avant d'utiliser notre site web (novavape.fr). En visitant et en utilisant notre plate-forme, vous acceptez ces r\u00e8gles ainsi que les dispositions l\u00e9gales en vigueur. Si vous n'\u00eates pas d'accord avec ces conditions, nous vous prions de vous abstenir d'utiliser notre site web.<\/p>\n\n\n\n<h2 class=\"wp-block-heading\">Inscription et gestion de compte<\/h2>\n\n\n\n<p>Les utilisateurs ont la possibilit\u00e9 de cr\u00e9er un compte d'utilisateur sur novavape. Vous \u00eates enti\u00e8rement responsable de toutes les op\u00e9rations effectu\u00e9es sur votre compte. Cela inclut la conservation en toute s\u00e9curit\u00e9 de vos donn\u00e9es d'acc\u00e8s ainsi que toutes les actions effectu\u00e9es via votre compte.<\/p>\n\n\n\n<h2 class=\"wp-block-heading\">Cr\u00e9ation et t\u00e9l\u00e9chargement de contenus<\/h2>\n\n\n\n<p>Les utilisateurs peuvent cr\u00e9er et\/ou publier leurs propres contenus sur notre plateforme (par exemple des textes ou des images). Vous garantissez par la pr\u00e9sente que tous les contenus que vous t\u00e9l\u00e9chargez ne portent pas atteinte aux droits de tiers, en particulier aux droits d'auteur ou autres droits de protection de la propri\u00e9t\u00e9 intellectuelle.<\/p>\n\n\n\n<h2 class=\"wp-block-heading\">Acquisition de produits<\/h2>\n\n\n\n<p>Les utilisateurs peuvent acheter des marchandises, des articles ou des services via notre site web (paiement unique). En outre, nous pouvons mettre \u00e0 disposition des versions d'essai sans engagement.<\/p>\n\n\n\n<h2 class=\"wp-block-heading\">Droits de propri\u00e9t\u00e9 et propri\u00e9t\u00e9 intellectuelle<\/h2>\n\n\n\n<p>Tous les contenus pr\u00e9sents sur notre site (y compris les logos, le design graphique, les noms de marque, etc.) sont la propri\u00e9t\u00e9 de novavape. L'utilisation, la reproduction ou la transmission de ces contenus est interdite sans autorisation expresse.<\/p>\n\n\n\n<h2 class=\"wp-block-heading\">R\u00e9actions des utilisateurs<\/h2>\n\n\n\n<p>Les r\u00e9actions et les suggestions des utilisateurs peuvent \u00eatre utilis\u00e9es par nous sans compensation. Nous nous r\u00e9servons le droit de mettre en \u0153uvre les suggestions ou r\u00e9actions re\u00e7ues \u00e0 notre enti\u00e8re discr\u00e9tion.<\/p>\n\n\n\n<h2 class=\"wp-block-heading\">Actions de marketing, jeux-concours et tirages au sort<\/h2>\n\n\n\n<p>Il nous arrive de proposer des promotions, des jeux ou des tirages au sort. Les conditions de participation sp\u00e9cifiques sont toujours pr\u00e9sent\u00e9es sur les pages des promotions correspondantes.<\/p>\n\n\n\n<h2 class=\"wp-block-heading\">Bases l\u00e9gales<\/h2>\n\n\n\n<p>L'utilisation de ce site web est r\u00e9gie par les lois de Hong Kong, sans tenir compte des conflits de lois. Tout litige concernant ce site web doit \u00eatre port\u00e9 devant les tribunaux comp\u00e9tents de Hong Kong. Toute r\u00e9clamation relative \u00e0 la pr\u00e9sente plate-forme doit \u00eatre d\u00e9pos\u00e9e dans les douze mois suivant sa survenance. Le fait que novavape ne fasse pas appliquer certaines dispositions ne constitue pas une renonciation \u00e0 ses droits. novavape est en droit de c\u00e9der les droits et obligations d\u00e9coulant du pr\u00e9sent accord sans pr\u00e9avis.<\/p>\n\n\n\n<h2 class=\"wp-block-heading\">Exon\u00e9ration de responsabilit\u00e9<\/h2>\n\n\n\n<p>Vous vous engagez \u00e0 indemniser novavape et ses prestataires de services de toutes les pertes, d\u00e9penses, dommages et charges r\u00e9sultant de la violation de ces conditions ou d'activit\u00e9s li\u00e9es \u00e0 votre compte d'utilisateur.<\/p>\n\n\n\n<h2 class=\"wp-block-heading\">Liens vers des sites externes<\/h2>\n\n\n\n<p>novavape peut fournir des liens vers des sites tiers afin de permettre aux utilisateurs d'acc\u00e9der \u00e0 des informations suppl\u00e9mentaires. Nous n'avons aucun contr\u00f4le sur ces plates-formes externes et n'assumons aucune responsabilit\u00e9 quant \u00e0 leur contenu ou leur comportement.<\/p>\n\n\n\n<h2 class=\"wp-block-heading\">Fin de l'utilisation<\/h2>\n\n\n\n<p>Le pr\u00e9sent accord s'applique \u00e0 partir du moment o\u00f9 vous acc\u00e9dez au site Internet ou que vous terminez l'enregistrement ou le processus d'achat. novavape se r\u00e9serve le droit de r\u00e9silier ces conditions ou une partie d'entre elles \u00e0 tout moment, pour quelque raison que ce soit et sans pr\u00e9avis. Certaines dispositions (y compris les droits d'auteur, les droits de marque, les limitations de responsabilit\u00e9, les dispositions relatives aux dommages et int\u00e9r\u00eats et autres clauses) restent valables m\u00eame apr\u00e8s la r\u00e9siliation.<\/p>\n\n\n\n<h2 class=\"wp-block-heading\">Conformit\u00e9 aux r\u00e9glementations europ\u00e9ennes et am\u00e9ricaines<\/h2>\n\n\n\n<p>Veuillez confirmer que vous ne vous trouvez pas dans un pays soumis \u00e0 un embargo de l'UE ou du gouvernement am\u00e9ricain et que vous ne figurez pas sur une liste de restriction des autorit\u00e9s am\u00e9ricaines. Une fois l'envoi effectu\u00e9, nous n'assumons aucune responsabilit\u00e9 pour ces restrictions.<\/p>\n\n\n\n<h2 class=\"wp-block-heading\">Exclusion de garantie<\/h2>\n\n\n\n<p>Notre site Internet ainsi que les documents et produits mis \u00e0 disposition sont fournis sans aucune garantie, qu'elle soit expresse ou implicite. novavape ne donne aucune garantie, notamment en ce qui concerne l'aptitude \u00e0 la commercialisation, l'ad\u00e9quation \u00e0 un usage particulier ou l'absence de vices juridiques. novavape ne garantit pas que le site Internet fonctionnera sans interruption ou sans erreur, que les d\u00e9fauts seront corrig\u00e9s ou que la plate-forme sera exempte d'\u00e9l\u00e9ments nuisibles. Nous ne garantissons pas l'exactitude, l'actualit\u00e9 ou la fiabilit\u00e9 des informations fournies sur le site.<\/p>\n\n\n\n<h2 class=\"wp-block-heading\">Traduction et interpr\u00e9tation juridique<\/h2>\n\n\n\n<p>Ces conditions peuvent avoir \u00e9t\u00e9 traduites dans diff\u00e9rentes langues. En cas de divergence, la version originale en anglais fait foi.<\/p>\n\n\n\n<h2 class=\"wp-block-heading\">Adaptation des conditions<\/h2>\n\n\n\n<p>Nous nous r\u00e9servons le droit de modifier \u00e0 tout moment les pr\u00e9sentes conditions d'utilisation. Les mises \u00e0 jour seront publi\u00e9es sur cette page et seront applicables d\u00e8s leur publication. Nous vous recommandons de consulter r\u00e9guli\u00e8rement cette page afin de rester inform\u00e9 des conditions d'utilisation en vigueur.<\/p>\n\n\n\n<h2 class=\"wp-block-heading\">Limite d'\u00e2ge pour l'achat d'e-cigarettes<\/h2>\n\n\n\n<p>L'achat ou la consommation d'e-cigarettes est strictement interdit aux personnes de moins de 21 ans. Pour prot\u00e9ger la sant\u00e9 des jeunes, nous effectuons une v\u00e9rification stricte de l'\u00e2ge afin de garantir que les e-cigarettes ne peuvent \u00eatre achet\u00e9es que par des personnes majeures.<\/p>","protected":false},"excerpt":{"rendered":"<p>Conditions d'utilisation Bienvenue sur novavape ! Nous vous invitons \u00e0 lire attentivement les conditions d'utilisation ci-dessous avant d'utiliser notre site web (novavape.fr). Avec<\/p>","protected":false},"author":1,"featured_media":0,"parent":0,"menu_order":0,"comment_status":"closed","ping_status":"closed","template":"","meta":{"footnotes":""},"class_list":["post-1652","page","type-page","status-publish","hentry"],"_links":{"self":[{"href":"https:\/\/novavape.de\/fr\/wp-json\/wp\/v2\/pages\/1652","targetHints":{"allow":["GET"]}}],"collection":[{"href":"https:\/\/novavape.de\/fr\/wp-json\/wp\/v2\/pages"}],"about":[{"href":"https:\/\/novavape.de\/fr\/wp-json\/wp\/v2\/types\/page"}],"author":[{"embeddable":true,"href":"https:\/\/novavape.de\/fr\/wp-json\/wp\/v2\/users\/1"}],"replies":[{"embeddable":true,"href":"https:\/\/novavape.de\/fr\/wp-json\/wp\/v2\/comments?post=1652"}],"version-history":[{"count":0,"href":"https:\/\/novavape.de\/fr\/wp-json\/wp\/v2\/pages\/1652\/revisions"}],"wp:attachment":[{"href":"https:\/\/novavape.de\/fr\/wp-json\/wp\/v2\/media?parent=1652"}],"curies":[{"name":"wp","href":"https:\/\/api.w.org\/{rel}","templated":true}]}}