{"id":1639,"date":"2025-11-18T04:37:46","date_gmt":"2025-11-18T03:37:46","guid":{"rendered":"https:\/\/novavape.de\/?page_id=1639"},"modified":"2025-11-18T04:37:50","modified_gmt":"2025-11-18T03:37:50","slug":"ueber-uns","status":"publish","type":"page","link":"https:\/\/novavape.de\/fr\/ueber-uns\/","title":{"rendered":"\u00e0 propos de nous"},"content":{"rendered":"<h1 class=\"wp-block-heading\">\u00c0 propos de nous<\/h1>\n\n\n\n<p>Bienvenue chez novavape - votre interlocuteur de confiance pour des vapes jetables de premi\u00e8re qualit\u00e9. En tant que marque, nous sommes synonymes de qualit\u00e9 sup\u00e9rieure, de d\u00e9veloppements innovants et d'une exp\u00e9rience de vapotage exceptionnelle. Chez novavape, nous poursuivons l'objectif d'associer un go\u00fbt intense \u00e0 une technologie de pointe et \u00e0 un traitement de haute qualit\u00e9.<\/p>\n\n\n\n<h2 class=\"wp-block-heading\">Notre portefeuille de produits<\/h2>\n\n\n\n<p>Dans notre assortiment, nous proposons une multitude de marques de cigarettes \u00e9lectroniques tr\u00e8s demand\u00e9es, dont :<\/p>\n\n\n\n<ul class=\"wp-block-list\">\n<li>Fumot Vape<\/li>\n\n\n\n<li>JNR Vape<\/li>\n\n\n\n<li>BANG Vape<\/li>\n\n\n\n<li>Vapme Vape<\/li>\n\n\n\n<li>Onze Box Vape<\/li>\n\n\n\n<li>Uzy Vape<\/li>\n\n\n\n<li>Fizzy Vape<\/li>\n\n\n\n<li>Waspe Vape<\/li>\n\n\n\n<li>Vozol Vape<\/li>\n<\/ul>\n\n\n\n<p>Vous profitez ainsi de conditions de vente en gros attrayantes et convaincantes. Tous les articles de notre boutique sont d'authentiques produits originaux, ce qui vous garantit des standards de qualit\u00e9 \u00e9lev\u00e9s et une exp\u00e9rience d'achat sans souci. Que vous soyez un d\u00e9taillant ou un grossiste, novavape est le partenaire qu'il vous faut.<\/p>\n\n\n\n<h2 class=\"wp-block-heading\">Notre philosophie<\/h2>\n\n\n\n<p>La cl\u00e9 de notre succ\u00e8s r\u00e9side dans notre compr\u00e9hension approfondie des besoins des clients et dans notre volont\u00e9 d'innover en permanence. Nos \u00e9quipes de d\u00e9veloppement se consacrent enti\u00e8rement \u00e0 la cr\u00e9ation de produits qui r\u00e9pondent aux exigences les plus strictes en mati\u00e8re de s\u00e9curit\u00e9 et de qualit\u00e9. Nous accordons une grande importance au feed-back de nos clients, qui nous permet d'optimiser en permanence nos produits et de suivre les exigences dynamiques du march\u00e9.<\/p>\n\n\n\n<h2 class=\"wp-block-heading\">Plus qu'une simple vape<\/h2>\n\n\n\n<p>novavape est bien plus qu'un simple dispositif de vapotage - nous cr\u00e9ons une exp\u00e9rience de vapotage compl\u00e8te. Notre gamme d'e-cigarettes jetables a \u00e9t\u00e9 con\u00e7ue avec le plus grand soin afin de vous offrir une exp\u00e9rience gustative unique. Des ar\u00f4mes de fruits rafra\u00eechissants aux nuances de tabac classiques en passant par des compositions gustatives cr\u00e9atives - chez novavape, vous d\u00e9couvrirez la vape id\u00e9ale qui ne se contente pas de satisfaire vos exigences, mais les d\u00e9passe.<\/p>\n\n\n\n<h2 class=\"wp-block-heading\">Qualit\u00e9 et durabilit\u00e9<\/h2>\n\n\n\n<p>Notre promesse de qualit\u00e9 se manifeste dans notre usine de production moderne, o\u00f9 chaque produit novavape est fabriqu\u00e9 avec la plus grande pr\u00e9cision et la plus grande attention. La durabilit\u00e9 et la conscience \u00e9cologique ne sont pas de vains mots pour nous - c'est pourquoi nous d\u00e9veloppons nos vapes jetables dans le respect de l'environnement et conform\u00e9ment aux directives environnementales en vigueur.<\/p>\n\n\n\n<h2 class=\"wp-block-heading\">Merci de votre confiance<\/h2>\n\n\n\n<p>Nous appr\u00e9cions le fait que vous ayez choisi novavape et sommes impatients de vous accompagner dans votre parcours \u00e0 travers le monde de la vape. Plongez dans l'univers novavape - l\u00e0 o\u00f9 se rencontrent qualit\u00e9 premium, innovation avant-gardiste et exp\u00e9riences gustatives exceptionnelles.<\/p>\n\n\n\n<hr class=\"wp-block-separator has-alpha-channel-opacity\"\/>\n\n\n\n<p><strong>Votre \u00e9quipe novavape<\/strong><\/p>\n\n\n\n<p><strong>Contact :<\/strong> erol.esila.emir@gmail.com<\/p>","protected":false},"excerpt":{"rendered":"<p>\u00c0 propos de nous Bienvenue chez novavape - votre interlocuteur de confiance pour des vapes jetables de premi\u00e8re qualit\u00e9. En tant que marque, nous sommes synonymes de qualit\u00e9 premium, d'innovation et d'excellence.<\/p>","protected":false},"author":1,"featured_media":0,"parent":0,"menu_order":0,"comment_status":"closed","ping_status":"closed","template":"","meta":{"footnotes":""},"class_list":["post-1639","page","type-page","status-publish","hentry"],"_links":{"self":[{"href":"https:\/\/novavape.de\/fr\/wp-json\/wp\/v2\/pages\/1639","targetHints":{"allow":["GET"]}}],"collection":[{"href":"https:\/\/novavape.de\/fr\/wp-json\/wp\/v2\/pages"}],"about":[{"href":"https:\/\/novavape.de\/fr\/wp-json\/wp\/v2\/types\/page"}],"author":[{"embeddable":true,"href":"https:\/\/novavape.de\/fr\/wp-json\/wp\/v2\/users\/1"}],"replies":[{"embeddable":true,"href":"https:\/\/novavape.de\/fr\/wp-json\/wp\/v2\/comments?post=1639"}],"version-history":[{"count":0,"href":"https:\/\/novavape.de\/fr\/wp-json\/wp\/v2\/pages\/1639\/revisions"}],"wp:attachment":[{"href":"https:\/\/novavape.de\/fr\/wp-json\/wp\/v2\/media?parent=1639"}],"curies":[{"name":"wp","href":"https:\/\/api.w.org\/{rel}","templated":true}]}}