{"id":2480,"date":"2025-12-02T13:48:55","date_gmt":"2025-12-02T12:48:55","guid":{"rendered":"https:\/\/novavape.de\/?post_type=product&#038;p=2480"},"modified":"2026-04-07T09:56:15","modified_gmt":"2026-04-07T07:56:15","slug":"vozol-rave-40000-blueberry-watermelon","status":"publish","type":"product","link":"https:\/\/novavape.de\/es\/product\/vozol-rave-40000-blueberry-watermelon\/","title":{"rendered":"Vozol Rave 40000 Ar\u00e1ndano y sand\u00eda"},"content":{"rendered":"<h1 class=\"font-claude-response-title mt-1 text-text-100\">Vozol Rave 40000 Blueberry Watermelon Vape desechable<\/h1>\n<p class=\"font-claude-response-body whitespace-normal break-words\">Disfruta de la fusi\u00f3n perfecta entre ar\u00e1ndanos y sand\u00eda con el Vozol Rave 40000 Blueberry Watermelon. Este innovador vaporizador desechable combina el dulzor afrutado con la refrescante jugosidad y ofrece la impresionante cantidad de 40 000 caladas. La fiable bater\u00eda recargable de 1000 mAh, junto con el amplio dep\u00f3sito de e-l\u00edquido de 20 ml, garantiza semanas de disfrute sin interrupciones. La extraordinaria pantalla Beat Sensing de 270\u00b0 con tecnolog\u00eda 3D convierte cada uso en un espect\u00e1culo visual. Dos modos de encendido inteligentes le permiten personalizar su experiencia de vapeo a su gusto.<\/p>\n<h2 class=\"font-claude-response-heading text-text-100 mt-1 -mb-0.5\">Ventajas del Vozol Rave 40000 Blueberry Watermelon:<\/h2>\n<p class=\"font-claude-response-body whitespace-normal break-words\">El Vozol Rave 40000 Blueberry Watermelon supera las expectativas con su extraordinaria capacidad. Una generosa reserva de 20 ml de e-l\u00edquido se combina con una potente bater\u00eda de 1000 mAh con funci\u00f3n de carga USB tipo C, lo que permite alrededor de 40 000 caladas en modo normal o 25 000 caladas en modo Surge, una de las autonom\u00edas m\u00e1s impresionantes entre los vapeadores desechables. La potente concentraci\u00f3n de nicotina 5% (50 mg) garantiza una experiencia de vapeo satisfactoria en cada calada.<\/p>\n<p class=\"font-claude-response-body whitespace-normal break-words\">La innovadora tecnolog\u00eda S.i.L.C se basa en dos chips MCU sincronizados que, junto con vaporizadores de malla de primera clase, garantizan un vapor arom\u00e1tico y denso constante. El sofisticado sistema de dos modos te da el control: el modo regular para inhalaciones suaves y equilibradas o el modo surge para un rendimiento potente y una producci\u00f3n de vapor voluminosa, ideal para diferentes momentos y preferencias.<\/p>\n<p class=\"font-claude-response-body whitespace-normal break-words\">Una caracter\u00edstica destacada es la innovadora pantalla Beat Sensing de 270\u00b0, que reacciona a tus inhalaciones con efectos de luz pulsantes, creando una experiencia de vapeo fascinante e interactiva. La pantalla digital integrada le mantiene siempre informado sobre el estado de la bater\u00eda y la cantidad de l\u00edquido restante, para que nunca le pille desprevenido. Esta visualizaci\u00f3n inteligente convierte la simple informaci\u00f3n de estado en una caracter\u00edstica atractiva.<\/p>\n<p class=\"font-claude-response-body whitespace-normal break-words\">El flujo de aire ajustable le permite controlar totalmente su experiencia de vapeo, ya que le permite ajustar la resistencia al tiro con precisi\u00f3n milim\u00e9trica, desde firme y restrictiva hasta amplia y aireada, seg\u00fan sus preferencias. El moderno sistema de carga USB tipo C garantiza una recarga r\u00e1pida, mientras que el dise\u00f1o de alta capacidad es la opci\u00f3n \u00f3ptima tanto para el comercio minorista como para los vapeadores habituales m\u00e1s exigentes.<\/p>\n<h2 class=\"font-claude-response-heading text-text-100 mt-1 -mb-0.5\">Especificaciones t\u00e9cnicas:<\/h2>\n<p class=\"font-claude-response-body whitespace-normal break-words\"><strong>Contenido de nicotina:<\/strong> 5%<br \/>\n<strong>Capacidad del dep\u00f3sito:<\/strong> 20 ml<br \/>\n<strong>T\u00e9cnica de tracci\u00f3n:<\/strong> MTL (boca a pulm\u00f3n)<br \/>\n<strong>Bater\u00eda:<\/strong> 1000 mAh recargable<br \/>\n<strong>Modos de funcionamiento:<\/strong> Sistema de modo dual<br \/>\n<strong>Evaporador:<\/strong> Bobina de malla doble<br \/>\n<strong>Lo m\u00e1s destacado:<\/strong> Dise\u00f1o Vibrant Glow de 270\u00b0<br \/>\n<strong>Suministro de aire:<\/strong> Ajustable sin escalonamientos<br \/>\n<strong>Anuncio:<\/strong> Monitorizaci\u00f3n inteligente de la bater\u00eda y el l\u00edquido<\/p>\n<h2 class=\"font-claude-response-heading text-text-100 mt-1 -mb-0.5\">Descubre m\u00e1s sobre VOZOL VAPE en novavape<\/h2>\n<p class=\"font-claude-response-body whitespace-normal break-words\">Descubra nuestra amplia gama de productos: visite nuestra <strong><a class=\"underline\" href=\"https:\/\/novavape.de\/es\/\">p\u00e1gina web<\/a><\/strong> para toda la gama, explore la <strong><a class=\"underline\" href=\"https:\/\/novavape.de\/es\/product-category\/vozol-vape\/\">Categor\u00eda VOZOL VAPE<\/a><\/strong> para todos los productos Vozol, o eche un vistazo a la <strong><a class=\"underline\" href=\"https:\/\/novavape.de\/es\/product-category\/vozol-vape\/vozol-rave-40000\/\">Vozol Rave 40000 Mundo arom\u00e1tico<\/a><\/strong> con todos los sabores.<\/p>","protected":false},"excerpt":{"rendered":"<p class=\"font-claude-response-body whitespace-normal break-words\">El Vozol Rave 40000 Blueberry Watermelon combina el sabor afrutado de los ar\u00e1ndanos con la jugosidad de la sand\u00eda y ofrece 20 ml de e-l\u00edquido para hasta 40 000 caladas. La pantalla con sensor de latidos de 270\u00b0, el sistema de modo dual y la tecnolog\u00eda S.i.L.C con bobinas de malla dual garantizan un disfrute intenso. Con bater\u00eda de 1000 mAh, carga tipo C, nicotina 5%: la fusi\u00f3n de frutas se une a la innovaci\u00f3n.<\/p>","protected":false},"featured_media":2481,"comment_status":"open","ping_status":"closed","template":"","meta":[],"product_brand":[],"product_cat":[78],"product_tag":[],"class_list":{"0":"post-2480","1":"product","2":"type-product","3":"status-publish","4":"has-post-thumbnail","6":"product_cat-vozol-rave-40000","8":"first","9":"instock","10":"shipping-taxable","11":"purchasable","12":"product-type-variable"},"_links":{"self":[{"href":"https:\/\/novavape.de\/es\/wp-json\/wp\/v2\/product\/2480","targetHints":{"allow":["GET"]}}],"collection":[{"href":"https:\/\/novavape.de\/es\/wp-json\/wp\/v2\/product"}],"about":[{"href":"https:\/\/novavape.de\/es\/wp-json\/wp\/v2\/types\/product"}],"replies":[{"embeddable":true,"href":"https:\/\/novavape.de\/es\/wp-json\/wp\/v2\/comments?post=2480"}],"version-history":[{"count":0,"href":"https:\/\/novavape.de\/es\/wp-json\/wp\/v2\/product\/2480\/revisions"}],"wp:featuredmedia":[{"embeddable":true,"href":"https:\/\/novavape.de\/es\/wp-json\/wp\/v2\/media\/2481"}],"wp:attachment":[{"href":"https:\/\/novavape.de\/es\/wp-json\/wp\/v2\/media?parent=2480"}],"wp:term":[{"taxonomy":"product_brand","embeddable":true,"href":"https:\/\/novavape.de\/es\/wp-json\/wp\/v2\/product_brand?post=2480"},{"taxonomy":"product_cat","embeddable":true,"href":"https:\/\/novavape.de\/es\/wp-json\/wp\/v2\/product_cat?post=2480"},{"taxonomy":"product_tag","embeddable":true,"href":"https:\/\/novavape.de\/es\/wp-json\/wp\/v2\/product_tag?post=2480"}],"curies":[{"name":"wp","href":"https:\/\/api.w.org\/{rel}","templated":true}]}}