{"id":2474,"date":"2025-12-02T13:44:13","date_gmt":"2025-12-02T12:44:13","guid":{"rendered":"https:\/\/novavape.de\/?post_type=product&#038;p=2474"},"modified":"2026-04-07T09:56:45","modified_gmt":"2026-04-07T07:56:45","slug":"vozol-rave-40000-blueberry-ice","status":"publish","type":"product","link":"https:\/\/novavape.de\/es\/product\/vozol-rave-40000-blueberry-ice\/","title":{"rendered":"Vozol Rave 40000 Blueberry Ice"},"content":{"rendered":"<h1 class=\"font-claude-response-title mt-1 text-text-100\">Vozol Rave 40000 Blueberry Ice Vape desechable<\/h1>\n<p class=\"font-claude-response-body whitespace-normal break-words\">El Vozol Rave 40000 Blueberry Ice combina la intensa dulzura de los ar\u00e1ndanos con un refrescante toque de frescor para ofrecer una experiencia de vapeo revitalizante. Este potente dispositivo desechable impresiona con una capacidad de hasta 40 000 caladas, lo que lo convierte en uno de los vapeadores m\u00e1s duraderos del mercado. La bater\u00eda recargable de 1000 mAh funciona en combinaci\u00f3n con el dep\u00f3sito de e-l\u00edquido de 20 ml para ofrecer la m\u00e1xima duraci\u00f3n. La futurista pantalla Beat-Sensing de 270\u00b0 con curvatura 3D garantiza una experiencia de uso interactiva y visualmente impresionante. Con los dos modos de funcionamiento disponibles, puede adaptar el dispositivo de forma flexible a sus preferencias.<\/p>\n<h2 class=\"font-claude-response-heading text-text-100 mt-1 -mb-0.5\">Caracter\u00edsticas destacadas del Vozol Rave 40000 Blueberry Ice:<\/h2>\n<p class=\"font-claude-response-body whitespace-normal break-words\">El Vozol Rave 40000 Blueberry Ice destaca por su extraordinario rendimiento. El generoso dep\u00f3sito de l\u00edquido de 20 ml, en combinaci\u00f3n con la bater\u00eda recargable de 1000 mAh (carga r\u00e1pida USB tipo C), proporciona unas 40 000 caladas en modo normal o 25 000 caladas en modo Surge, lo que lo convierte en uno de los vaporizadores desechables m\u00e1s duraderos del mercado. Con una concentraci\u00f3n de nicotina de 5% (50 mg), ofrece a los vapeadores experimentados una experiencia satisfactoria y potente.<\/p>\n<p class=\"font-claude-response-body whitespace-normal break-words\">Impulsados por la avanzada tecnolog\u00eda S.i.L.C, los chips MCU duales funcionan de manera \u00f3ptima con bobinas de malla de alta calidad para producir un vapor intenso y constante. El sofisticado sistema de modo dual le permite elegir entre el modo normal, para caladas equilibradas y suaves, y el modo Surge, para una mayor potencia y densas nubes de vapor, lo que lo hace perfectamente adaptable a diferentes situaciones y estados de \u00e1nimo.<\/p>\n<p class=\"font-claude-response-body whitespace-normal break-words\">La innovadora pantalla con detecci\u00f3n de latidos de 270\u00b0 es realmente llamativa y reacciona de forma din\u00e1mica a su uso con animaciones luminosas en tiempo real, lo que convierte cada sesi\u00f3n en una experiencia multisensorial. La pantalla digital integrada le informa de forma fiable sobre la carga restante de la bater\u00eda y la cantidad de l\u00edquido, para que no haya sorpresas desagradables. Esta visualizaci\u00f3n inteligente eleva la interacci\u00f3n del usuario a un nuevo nivel.<\/p>\n<p class=\"font-claude-response-body whitespace-normal break-words\">La personalizaci\u00f3n es el objetivo principal gracias al flujo de aire regulable, que le permite ajustar con precisi\u00f3n la intensidad de la calada, tanto si prefiere caladas intensas y cerradas como nubes de vapor abiertas y aireadas. La funci\u00f3n de carga USB tipo C permite una recarga r\u00e1pida cuando es necesario, mientras que el formato de alta capacidad es ideal para los distribuidores que desean ofrecer productos de primera calidad, as\u00ed como para los usuarios frecuentes que valoran una larga duraci\u00f3n.<\/p>\n<h2 class=\"font-claude-response-heading text-text-100 mt-1 -mb-0.5\">Especificaciones del producto:<\/h2>\n<p class=\"font-claude-response-body whitespace-normal break-words\"><strong>Concentraci\u00f3n de nicotina:<\/strong> 5%<br \/>\n<strong>Capacidad de l\u00edquido:<\/strong> 20 ml<br \/>\n<strong>Estilo vapor:<\/strong> MTL (boca a pulm\u00f3n)<br \/>\n<strong>Bater\u00eda:<\/strong> 1000 mAh recargable<br \/>\n<strong>Modo:<\/strong> Modo dual<br \/>\n<strong>Tipo de bobina:<\/strong> Bobina de malla doble<br \/>\n<strong>Caracter\u00edstica especial:<\/strong> Dise\u00f1o Vibrant Glow de 270\u00b0<br \/>\n<strong>Flujo de aire:<\/strong> Flujo de aire ajustable<br \/>\n<strong>Pantalla:<\/strong> Indicador inteligente de bater\u00eda y e-l\u00edquido<\/p>\n<h2 class=\"font-claude-response-heading text-text-100 mt-1 -mb-0.5\">Descubre m\u00e1s sobre VOZOL VAPE en novavape<\/h2>\n<p class=\"font-claude-response-body whitespace-normal break-words\">Explore nuestra oferta completa: visite nuestra <strong><a class=\"underline\" href=\"https:\/\/novavape.de\/es\/\">p\u00e1gina web<\/a><\/strong> para todos los productos disponibles, explore la <strong><a class=\"underline\" href=\"https:\/\/novavape.de\/es\/product-category\/vozol-vape\/\">Categor\u00eda VOZOL VAPE<\/a><\/strong> para todos los dispositivos Vozol, o descubra la <strong><a class=\"underline\" href=\"https:\/\/novavape.de\/es\/product-category\/vozol-vape\/vozol-rave-40000\/\">Vozol Rave 40000 Selecci\u00f3n de sabores<\/a><\/strong> con todos los aromas disponibles.<\/p>","protected":false},"excerpt":{"rendered":"<p class=\"font-claude-response-body whitespace-normal break-words\">El Vozol Rave 40000 Blueberry Ice combina la intensa dulzura de los ar\u00e1ndanos con un refrescante toque fr\u00edo y ofrece 20 ml de e-l\u00edquido para hasta 40 000 caladas. La pantalla con detecci\u00f3n de latidos de 270\u00b0, el sistema de modo dual y la tecnolog\u00eda S.i.L.C con bobinas de malla dual proporcionan un sabor intenso. Con bater\u00eda de 1000 mAh, carga tipo C, nicotina 5%: el aroma de las bayas se une a la alta tecnolog\u00eda.<\/p>","protected":false},"featured_media":2475,"comment_status":"open","ping_status":"closed","template":"","meta":[],"product_brand":[],"product_cat":[78],"product_tag":[],"class_list":{"0":"post-2474","1":"product","2":"type-product","3":"status-publish","4":"has-post-thumbnail","6":"product_cat-vozol-rave-40000","8":"first","9":"instock","10":"shipping-taxable","11":"purchasable","12":"product-type-variable"},"_links":{"self":[{"href":"https:\/\/novavape.de\/es\/wp-json\/wp\/v2\/product\/2474","targetHints":{"allow":["GET"]}}],"collection":[{"href":"https:\/\/novavape.de\/es\/wp-json\/wp\/v2\/product"}],"about":[{"href":"https:\/\/novavape.de\/es\/wp-json\/wp\/v2\/types\/product"}],"replies":[{"embeddable":true,"href":"https:\/\/novavape.de\/es\/wp-json\/wp\/v2\/comments?post=2474"}],"version-history":[{"count":0,"href":"https:\/\/novavape.de\/es\/wp-json\/wp\/v2\/product\/2474\/revisions"}],"wp:featuredmedia":[{"embeddable":true,"href":"https:\/\/novavape.de\/es\/wp-json\/wp\/v2\/media\/2475"}],"wp:attachment":[{"href":"https:\/\/novavape.de\/es\/wp-json\/wp\/v2\/media?parent=2474"}],"wp:term":[{"taxonomy":"product_brand","embeddable":true,"href":"https:\/\/novavape.de\/es\/wp-json\/wp\/v2\/product_brand?post=2474"},{"taxonomy":"product_cat","embeddable":true,"href":"https:\/\/novavape.de\/es\/wp-json\/wp\/v2\/product_cat?post=2474"},{"taxonomy":"product_tag","embeddable":true,"href":"https:\/\/novavape.de\/es\/wp-json\/wp\/v2\/product_tag?post=2474"}],"curies":[{"name":"wp","href":"https:\/\/api.w.org\/{rel}","templated":true}]}}