{"id":2462,"date":"2025-12-02T11:44:19","date_gmt":"2025-12-02T10:44:19","guid":{"rendered":"https:\/\/novavape.de\/?post_type=product&#038;p=2462"},"modified":"2025-12-02T11:44:19","modified_gmt":"2025-12-02T10:44:19","slug":"vozol-rave-40000-grape-ice","status":"publish","type":"product","link":"https:\/\/novavape.de\/es\/product\/vozol-rave-40000-grape-ice\/","title":{"rendered":"Vozol Rave 40000 Uva helada"},"content":{"rendered":"<h2 class=\"font-claude-response-heading text-text-100 mt-1 -mb-0.5\">Vozol Rave 40000 Grape Ice Cigarrillo electr\u00f3nico desechable<\/h2>\n<p class=\"font-claude-response-body whitespace-normal break-words\">El cigarrillo electr\u00f3nico desechable Vozol Rave 40000 Grape Ice ofrece una impresionante capacidad de 40 000 caladas con un intenso sabor a uva y un final refrescante. La bater\u00eda recargable de 1000 mAh y los 20 ml de e-l\u00edquido precargado garantizan una larga duraci\u00f3n y un funcionamiento fiable. Con su pantalla vibratoria de 270\u00b0 y su pantalla curva 3D, el dispositivo ofrece una experiencia visualmente atractiva e interactiva. Los usuarios pueden elegir entre dos modos funcionales para personalizar su experiencia de vapeo.<\/p>\n<h3 class=\"font-claude-response-subheading text-text-100 mt-1 -mb-1.5\">Vozol Rave 40000 Grape Ice Caracter\u00edsticas destacadas<\/h3>\n<p class=\"font-claude-response-body whitespace-normal break-words\">El Vozol Rave 40000 Grape Ice impresiona por su extraordinaria capacidad, con un generoso dep\u00f3sito de e-l\u00edquido de 20 ml y una bater\u00eda recargable de 1000 mAh con puerto de carga USB tipo C. Este potente dispositivo ofrece aproximadamente 40 000 caladas en modo normal o 25 000 caladas en modo Surge, lo que lo convierte en uno de los cigarrillos electr\u00f3nicos desechables m\u00e1s duraderos del mercado. Con una potente concentraci\u00f3n de nicotina de 5% (50 mg), garantiza una experiencia de vapeo satisfactoria para los usuarios experimentados.<\/p>\n<p class=\"font-claude-response-body whitespace-normal break-words\">La tecnolog\u00eda S.i.L.C de \u00faltima generaci\u00f3n con chips MCU duales armoniza a la perfecci\u00f3n con las resistencias de malla premium y produce un vapor arom\u00e1tico y constante en cada calada. El innovador sistema de doble modo le permite cambiar entre el modo normal, para caladas suaves y armoniosas, y el modo Surge, para una mayor potencia y producci\u00f3n de vapor, adapt\u00e1ndose a diferentes preferencias y ocasiones.<\/p>\n<p class=\"font-claude-response-body whitespace-normal break-words\">El Vozol Rave cuenta con una avanzada pantalla con detecci\u00f3n de latidos de 270\u00b0 que proporciona informaci\u00f3n din\u00e1mica en tiempo real durante su uso y crea una experiencia de vapeo interactiva. La pantalla digital integrada le informa de forma fiable sobre el estado de la bater\u00eda y el nivel de e-l\u00edquido, para que siempre est\u00e9 al tanto. Esta combinaci\u00f3n de tecnolog\u00eda visual convierte la supervisi\u00f3n pr\u00e1ctica en una caracter\u00edstica fascinante.<\/p>\n<p class=\"font-claude-response-body whitespace-normal break-words\">La personalizaci\u00f3n es la esencia de este dispositivo: el flujo de aire ajustable le permite configurar la resistencia al tiro exactamente seg\u00fan sus preferencias, tanto si prefiere tirones cortos y restringidos como tirones generosos y abiertos. El sistema de carga USB tipo C garantiza un suministro r\u00e1pido de energ\u00eda cuando es necesario, mientras que el formato desechable de alta capacidad es una excelente opci\u00f3n para los distribuidores que desean ofrecer dispositivos de alta capacidad, as\u00ed como para los usuarios habituales que desean sesiones de vapeo prolongadas sin cambios frecuentes.<\/p>\n<p class=\"font-claude-response-body whitespace-normal break-words\">La variante Grape Ice combina la delicada dulzura de la uva con un refrescante toque fr\u00edo para ofrecer una experiencia gustativa equilibrada y estimulante.<\/p>\n<h3 class=\"font-claude-response-subheading text-text-100 mt-1 -mb-1.5\">Datos t\u00e9cnicos<\/h3>\n<p class=\"font-claude-response-body whitespace-normal break-words\"><strong>Concentraci\u00f3n de nicotina:<\/strong> 5% (50 mg)<br \/>\n<strong>Capacidad de l\u00edquido:<\/strong> 20 ml<br \/>\n<strong>Estilo vapor:<\/strong> MTL (boca a pulm\u00f3n)<br \/>\n<strong>Bater\u00eda:<\/strong> 1000 mAh recargable<br \/>\n<strong>Modos:<\/strong> Modo dual (normal y pico)<br \/>\n<strong>Tipo de bobina:<\/strong> Bobina de malla doble<br \/>\n<strong>Particularidad:<\/strong> Dise\u00f1o Vibrant Glow de 270\u00b0<br \/>\n<strong>Flujo de aire:<\/strong> Ajustable<br \/>\n<strong>Pantalla:<\/strong> Indicador inteligente de bater\u00eda y l\u00edquido electr\u00f3nico<\/p>\n<h3 class=\"font-claude-response-subheading text-text-100 mt-1 -mb-1.5\">Descubre m\u00e1s sobre VOZOL VAPE en novavape<\/h3>\n<p class=\"font-claude-response-body whitespace-normal break-words\">Descubra m\u00e1s productos premium en nuestra <strong><a class=\"underline\" href=\"https:\/\/novavape.de\/es\/\">Tienda online de cigarrillos electr\u00f3nicos<\/a><\/strong> o explore nuestra completa <strong><a class=\"underline\" href=\"https:\/\/novavape.de\/es\/product-category\/vozol-vape\/\">Colecci\u00f3n VOZOL VAPE<\/a><\/strong>. Encontrar\u00e1 todos los sabores disponibles en la <strong><a class=\"underline\" href=\"https:\/\/novavape.de\/es\/product-category\/vozol-vape\/vozol-rave-40000\/\">Serie Vozol Rave 40000<\/a><\/strong>.<\/p>","protected":false},"excerpt":{"rendered":"<p class=\"font-claude-response-body whitespace-normal break-words\">El Vozol Rave 40000 Grape Ice proporciona 20 ml de e-l\u00edquido y hasta 40 000 caladas. La pantalla con detecci\u00f3n de latidos de 270\u00b0, el sistema de modo dual (normal\/surge) y la tecnolog\u00eda S.i.L.C con bobinas de malla dual ofrecen un sabor intenso. Con bater\u00eda de 1000 mAh, carga tipo C, nicotina 5%: la uva noble se combina con un frescor refrescante y la innovaci\u00f3n.<\/p>","protected":false},"featured_media":2463,"comment_status":"open","ping_status":"closed","template":"","meta":[],"product_brand":[],"product_cat":[78],"product_tag":[],"class_list":{"0":"post-2462","1":"product","2":"type-product","3":"status-publish","4":"has-post-thumbnail","6":"product_cat-vozol-rave-40000","8":"first","9":"instock","10":"shipping-taxable","11":"purchasable","12":"product-type-variable"},"_links":{"self":[{"href":"https:\/\/novavape.de\/es\/wp-json\/wp\/v2\/product\/2462","targetHints":{"allow":["GET"]}}],"collection":[{"href":"https:\/\/novavape.de\/es\/wp-json\/wp\/v2\/product"}],"about":[{"href":"https:\/\/novavape.de\/es\/wp-json\/wp\/v2\/types\/product"}],"replies":[{"embeddable":true,"href":"https:\/\/novavape.de\/es\/wp-json\/wp\/v2\/comments?post=2462"}],"version-history":[{"count":0,"href":"https:\/\/novavape.de\/es\/wp-json\/wp\/v2\/product\/2462\/revisions"}],"wp:featuredmedia":[{"embeddable":true,"href":"https:\/\/novavape.de\/es\/wp-json\/wp\/v2\/media\/2463"}],"wp:attachment":[{"href":"https:\/\/novavape.de\/es\/wp-json\/wp\/v2\/media?parent=2462"}],"wp:term":[{"taxonomy":"product_brand","embeddable":true,"href":"https:\/\/novavape.de\/es\/wp-json\/wp\/v2\/product_brand?post=2462"},{"taxonomy":"product_cat","embeddable":true,"href":"https:\/\/novavape.de\/es\/wp-json\/wp\/v2\/product_cat?post=2462"},{"taxonomy":"product_tag","embeddable":true,"href":"https:\/\/novavape.de\/es\/wp-json\/wp\/v2\/product_tag?post=2462"}],"curies":[{"name":"wp","href":"https:\/\/api.w.org\/{rel}","templated":true}]}}