{"id":1659,"date":"2025-11-18T05:04:03","date_gmt":"2025-11-18T04:04:03","guid":{"rendered":"https:\/\/novavape.de\/?page_id=1659"},"modified":"2025-11-18T05:04:04","modified_gmt":"2025-11-18T04:04:04","slug":"versand-und-lieferung","status":"publish","type":"page","link":"https:\/\/novavape.de\/es\/versand-und-lieferung\/","title":{"rendered":"Env\u00edo y entrega"},"content":{"rendered":"<h1 class=\"wp-block-heading\">Env\u00edo y entrega<\/h1>\n\n\n\n<h2 class=\"wp-block-heading\">Tramitaci\u00f3n y env\u00edo de pedidos<\/h2>\n\n\n\n<p>Su pedido se tramitar\u00e1 y enviar\u00e1 en un plazo de 1 a 5 d\u00edas laborables. El plazo de entrega habitual es de 10-15 d\u00edas laborables. Tenga en cuenta que no se realizan env\u00edos los fines de semana ni los d\u00edas festivos oficiales.<\/p>\n\n\n\n<h2 class=\"wp-block-heading\">Seguimiento de paquetes<\/h2>\n\n\n\n<p>Una vez enviado su pedido, le enviaremos un correo electr\u00f3nico con el n\u00famero de seguimiento. Puede consultar el estado actual del env\u00edo de su paquete en el siguiente sitio web:<\/p>\n\n\n\n<p>Tenga en cuenta que la actualizaci\u00f3n de la informaci\u00f3n de seguimiento en el sitio web puede tardar entre 3 y 7 d\u00edas despu\u00e9s del env\u00edo.<\/p>\n\n\n\n<h2 class=\"wp-block-heading\">Cambios y anulaciones de pedidos<\/h2>\n\n\n\n<p>Puede anular su pedido o cambiar la direcci\u00f3n de entrega en cualquier momento antes del env\u00edo. Una vez enviado el pedido, lamentablemente ya no es posible tramitar devoluciones ni cambios de direcci\u00f3n.<\/p>\n\n\n\n<h2 class=\"wp-block-heading\">Despacho de aduanas y derechos de aduana<\/h2>\n\n\n\n<p>Ofrecemos env\u00edos DDP (Delivered Duty Paid) para los siguientes pa\u00edses y regiones. Con los env\u00edos DDP, no tiene que pagar despacho de aduanas ni derechos de aduana. (Esta normativa no se aplica a todos los pa\u00edses - por favor, tenga en cuenta las condiciones reales)<\/p>\n\n\n\n<p><strong>Opciones de env\u00edo DDP por regi\u00f3n:<\/strong><\/p>\n\n\n\n<ul class=\"wp-block-list\">\n<li><strong>ESTADOS UNIDOS:<\/strong> Env\u00edo a trav\u00e9s de UPS (excepto Alaska y Hawai)<\/li>\n\n\n\n<li><strong>Australia:<\/strong> Env\u00edo a trav\u00e9s de Australia Post<\/li>\n\n\n\n<li><strong>Reino Unido:<\/strong> Env\u00edo a trav\u00e9s de DPD Express (local)<\/li>\n\n\n\n<li><strong>Europa:<\/strong> Env\u00edo a trav\u00e9s de DHL Express \/ DPD Express<\/li>\n<\/ul>\n\n\n\n<p><strong>Nota importante:<\/strong> El DDP no est\u00e1 disponible en algunos pa\u00edses con normativas aduaneras especialmente estrictas, entre ellos: Dinamarca, Australia, Noruega, Suiza<\/p>\n\n\n\n<h2 class=\"wp-block-heading\">Otras notas importantes<\/h2>\n\n\n\n<p>En algunas regiones remotas pueden aplicarse costes adicionales y plazos de entrega m\u00e1s largos. Haremos todo lo posible para que su pedido llegue a tiempo.<\/p>\n\n\n\n<h2 class=\"wp-block-heading\">Atenci\u00f3n al cliente<\/h2>\n\n\n\n<p>Si tiene alguna pregunta o petici\u00f3n especial, nuestro equipo est\u00e1 siempre a su disposici\u00f3n en erol.esila.emir@gmail.com. Nos esforzamos por ofrecerle un servicio de primera clase.<\/p>","protected":false},"excerpt":{"rendered":"<p>Env\u00edo y entrega Tramitaci\u00f3n y env\u00edo del pedido Su pedido se tramitar\u00e1 y enviar\u00e1 en un plazo de 1 a 5 d\u00edas laborables. Lo habitual<\/p>","protected":false},"author":1,"featured_media":0,"parent":0,"menu_order":0,"comment_status":"closed","ping_status":"closed","template":"","meta":{"footnotes":""},"class_list":["post-1659","page","type-page","status-publish","hentry"],"_links":{"self":[{"href":"https:\/\/novavape.de\/es\/wp-json\/wp\/v2\/pages\/1659","targetHints":{"allow":["GET"]}}],"collection":[{"href":"https:\/\/novavape.de\/es\/wp-json\/wp\/v2\/pages"}],"about":[{"href":"https:\/\/novavape.de\/es\/wp-json\/wp\/v2\/types\/page"}],"author":[{"embeddable":true,"href":"https:\/\/novavape.de\/es\/wp-json\/wp\/v2\/users\/1"}],"replies":[{"embeddable":true,"href":"https:\/\/novavape.de\/es\/wp-json\/wp\/v2\/comments?post=1659"}],"version-history":[{"count":0,"href":"https:\/\/novavape.de\/es\/wp-json\/wp\/v2\/pages\/1659\/revisions"}],"wp:attachment":[{"href":"https:\/\/novavape.de\/es\/wp-json\/wp\/v2\/media?parent=1659"}],"curies":[{"name":"wp","href":"https:\/\/api.w.org\/{rel}","templated":true}]}}