{"id":1654,"date":"2025-11-18T04:51:11","date_gmt":"2025-11-18T03:51:11","guid":{"rendered":"https:\/\/novavape.de\/?page_id=1654"},"modified":"2025-11-18T04:51:13","modified_gmt":"2025-11-18T03:51:13","slug":"datenschutzerklaerung","status":"publish","type":"page","link":"https:\/\/novavape.de\/es\/datenschutzerklaerung\/","title":{"rendered":"Pol\u00edtica de privacidad"},"content":{"rendered":"<h1 class=\"wp-block-heading\">Pol\u00edtica de privacidad<\/h1>\n\n\n\n<p>Esta pol\u00edtica de privacidad explica c\u00f3mo recogemos, procesamos y protegemos sus datos cuando visita nuestro sitio web (novavape.de). Se le informar\u00e1 sobre sus derechos de protecci\u00f3n de datos y de qu\u00e9 protecci\u00f3n legal disfruta.<\/p>\n\n\n\n<h2 class=\"wp-block-heading\">Recogida de datos personales<\/h2>\n\n\n\n<p>Recopilamos diferentes categor\u00edas de informaci\u00f3n para prestar nuestros servicios de cigarrillos electr\u00f3nicos:<\/p>\n\n\n\n<h3 class=\"wp-block-heading\">Datos personales<\/h3>\n\n\n\n<p>Recogemos los siguientes datos:<\/p>\n\n\n\n<ul class=\"wp-block-list\">\n<li>Nombre y apellidos<\/li>\n\n\n\n<li>Correo electr\u00f3nico<\/li>\n\n\n\n<li>N\u00famero de tel\u00e9fono<\/li>\n\n\n\n<li>Direcci\u00f3n de entrega<\/li>\n<\/ul>\n\n\n\n<p>Esta informaci\u00f3n es necesaria para procesar sus pedidos, enviar los cigarrillos electr\u00f3nicos y ofrecerle un servicio completo de atenci\u00f3n al cliente.<\/p>\n\n\n\n<h3 class=\"wp-block-heading\">Informaci\u00f3n t\u00e9cnica y de uso<\/h3>\n\n\n\n<p>Los datos recogidos autom\u00e1ticamente incluyen:<\/p>\n\n\n\n<ul class=\"wp-block-list\">\n<li>Tipo de dispositivo utilizado<\/li>\n\n\n\n<li>Direcci\u00f3n del Protocolo de Internet (IP)<\/li>\n\n\n\n<li>Navegador utilizado<\/li>\n\n\n\n<li>Hora de acceso<\/li>\n\n\n\n<li>Subp\u00e1ginas consultadas<\/li>\n<\/ul>\n\n\n\n<p>Esta informaci\u00f3n se recopila autom\u00e1ticamente y se utiliza para mejorar la experiencia del usuario y garantizar la seguridad y el cumplimiento de los requisitos normativos en el sector de los cigarrillos electr\u00f3nicos.<\/p>\n\n\n\n<h2 class=\"wp-block-heading\">Tratamiento de los datos recogidos<\/h2>\n\n\n\n<p>Utilizamos la informaci\u00f3n que recopilamos para los siguientes fines:<\/p>\n\n\n\n<h3 class=\"wp-block-heading\">Tramitaci\u00f3n y cumplimiento de pedidos<\/h3>\n\n\n\n<p>Utilizamos sus datos personales para tramitar pedidos, enviar art\u00edculos y prestar nuestro servicio de atenci\u00f3n al cliente.<\/p>\n\n\n\n<h3 class=\"wp-block-heading\">Comunicaci\u00f3n con los clientes<\/h3>\n\n\n\n<p>Nos pondremos en contacto con usted en relaci\u00f3n con sus pedidos, detalles de productos y campa\u00f1as de marketing, incluidas actualizaciones importantes y notificaciones relacionadas con la seguridad.<\/p>\n\n\n\n<h3 class=\"wp-block-heading\">Mejora de nuestros servicios<\/h3>\n\n\n\n<p>Al analizar la informaci\u00f3n de uso, optimizamos nuestra gama de productos, las funciones del sitio web y la experiencia general del usuario.<\/p>\n\n\n\n<h2 class=\"wp-block-heading\">Transmisi\u00f3n de datos a terceros<\/h2>\n\n\n\n<p>Por principio, no transmitimos sus datos personales a terceros sin su consentimiento, salvo en los siguientes casos:<\/p>\n\n\n\n<h3 class=\"wp-block-heading\">Proveedores de servicios externos<\/h3>\n\n\n\n<p>Transmitimos sus datos a empresas de transporte, proveedores de servicios de pago y otros socios externos para garantizar una entrega y facturaci\u00f3n sin problemas de nuestros productos.<\/p>\n\n\n\n<h3 class=\"wp-block-heading\">Obligaciones legales<\/h3>\n\n\n\n<p>Sus datos se revelar\u00e1n si as\u00ed lo exige la ley o a petici\u00f3n de las autoridades para cumplir las normas y reglamentos legales aplicables.<\/p>\n\n\n\n<h3 class=\"wp-block-heading\">Operaciones societarias<\/h3>\n\n\n\n<p>En caso de fusi\u00f3n, adquisici\u00f3n o venta de activos de la empresa, su informaci\u00f3n puede ser transferida, pero seguir\u00e1 estando protegida por la presente Pol\u00edtica de Privacidad.<\/p>\n\n\n\n<h2 class=\"wp-block-heading\">Seguridad de sus datos<\/h2>\n\n\n\n<p>Ponemos en pr\u00e1ctica una serie de salvaguardias para proteger su informaci\u00f3n personal, incluidos procedimientos de encriptaci\u00f3n y controles de seguridad continuos. Sin embargo, a pesar de estas precauciones, no podemos garantizar la total seguridad de sus datos durante la transmisi\u00f3n por Internet.<\/p>\n\n\n\n<h2 class=\"wp-block-heading\">Sus derechos en materia de protecci\u00f3n de datos<\/h2>\n\n\n\n<p>Usted tiene los siguientes derechos:<\/p>\n\n\n\n<ul class=\"wp-block-list\">\n<li><strong>Derecho a la informaci\u00f3n<\/strong>Inspeccionar sus datos personales almacenados<\/li>\n\n\n\n<li><strong>Derecho de rectificaci\u00f3n<\/strong>Correcci\u00f3n de datos incorrectos<\/li>\n\n\n\n<li><strong>Derecho de anulaci\u00f3n<\/strong>Solicitar la supresi\u00f3n de sus datos<\/li>\n<\/ul>\n\n\n\n<p>Si desea que se borren sus datos o no desea seguir recibiendo informaci\u00f3n comercial, puede ponerse en contacto con nosotros en cualquier momento.<\/p>\n\n\n\n<h2 class=\"wp-block-heading\">Uso de cookies y m\u00e9todos de seguimiento<\/h2>\n\n\n\n<p>Utilizamos cookies y tecnolog\u00edas similares para optimizar su experiencia en nuestra plataforma. Puede gestionar las cookies a trav\u00e9s de la configuraci\u00f3n de su navegador. Tenga en cuenta que desactivar las cookies puede limitar la funcionalidad de determinadas \u00e1reas del sitio web.<\/p>\n\n\n\n<h2 class=\"wp-block-heading\">Protecci\u00f3n de menores<\/h2>\n\n\n\n<p>Nuestras ofertas y servicios se dirigen exclusivamente a personas mayores de 18 a\u00f1os. No recopilamos conscientemente datos personales de menores de 18 a\u00f1os. Si tuvi\u00e9ramos conocimiento de que se nos han transmitido datos de este tipo, se eliminar\u00e1n inmediatamente.<\/p>\n\n\n\n<h2 class=\"wp-block-heading\">Actualizaciones de esta pol\u00edtica de privacidad<\/h2>\n\n\n\n<p>Esta pol\u00edtica de privacidad puede ser revisada por nosotros de vez en cuando. Cualquier modificaci\u00f3n se publicar\u00e1 en esta p\u00e1gina y se actualizar\u00e1 la fecha de la \u00faltima revisi\u00f3n. Le aconsejamos que consulte esta p\u00e1gina a intervalos regulares.<\/p>","protected":false},"excerpt":{"rendered":"<p>Pol\u00edtica de privacidad Esta pol\u00edtica de privacidad explica c\u00f3mo recogemos, procesamos y protegemos sus datos cuando utiliza nuestro sitio web.<\/p>","protected":false},"author":1,"featured_media":0,"parent":0,"menu_order":0,"comment_status":"closed","ping_status":"closed","template":"","meta":{"footnotes":""},"class_list":["post-1654","page","type-page","status-publish","hentry"],"_links":{"self":[{"href":"https:\/\/novavape.de\/es\/wp-json\/wp\/v2\/pages\/1654","targetHints":{"allow":["GET"]}}],"collection":[{"href":"https:\/\/novavape.de\/es\/wp-json\/wp\/v2\/pages"}],"about":[{"href":"https:\/\/novavape.de\/es\/wp-json\/wp\/v2\/types\/page"}],"author":[{"embeddable":true,"href":"https:\/\/novavape.de\/es\/wp-json\/wp\/v2\/users\/1"}],"replies":[{"embeddable":true,"href":"https:\/\/novavape.de\/es\/wp-json\/wp\/v2\/comments?post=1654"}],"version-history":[{"count":0,"href":"https:\/\/novavape.de\/es\/wp-json\/wp\/v2\/pages\/1654\/revisions"}],"wp:attachment":[{"href":"https:\/\/novavape.de\/es\/wp-json\/wp\/v2\/media?parent=1654"}],"curies":[{"name":"wp","href":"https:\/\/api.w.org\/{rel}","templated":true}]}}