{"id":1652,"date":"2025-11-18T04:47:58","date_gmt":"2025-11-18T03:47:58","guid":{"rendered":"https:\/\/novavape.de\/?page_id=1652"},"modified":"2025-11-18T04:48:00","modified_gmt":"2025-11-18T03:48:00","slug":"nutzungsbedingungen","status":"publish","type":"page","link":"https:\/\/novavape.de\/es\/nutzungsbedingungen\/","title":{"rendered":"Condiciones de uso"},"content":{"rendered":"<h1 class=\"wp-block-heading\">Condiciones de uso<\/h1>\n\n\n\n<p>\u00a1Bienvenido a novavape! Lea atentamente las siguientes condiciones de uso antes de utilizar nuestro sitio web (novavape.de). Al visitar y utilizar nuestra plataforma, usted acepta estas normas y las disposiciones legales aplicables. Si no est\u00e1 de acuerdo con estas condiciones, le rogamos que se abstenga de utilizar nuestro sitio web.<\/p>\n\n\n\n<h2 class=\"wp-block-heading\">Registro y gesti\u00f3n de cuentas<\/h2>\n\n\n\n<p>Los usuarios tienen la opci\u00f3n de crear una cuenta de usuario con novavape. El usuario es plenamente responsable de todas las transacciones realizadas a trav\u00e9s de su cuenta. Esto incluye el almacenamiento seguro de sus datos de acceso y todas las acciones realizadas a trav\u00e9s de su cuenta.<\/p>\n\n\n\n<h2 class=\"wp-block-heading\">Creaci\u00f3n y carga de contenidos<\/h2>\n\n\n\n<p>Los usuarios pueden crear y\/o publicar sus propios contenidos en nuestra plataforma (por ejemplo, textos o im\u00e1genes). Por la presente, el usuario garantiza que todo el contenido cargado por \u00e9l no infringe ning\u00fan derecho de terceros, en particular derechos de autor u otros derechos de propiedad intelectual.<\/p>\n\n\n\n<h2 class=\"wp-block-heading\">Compra de productos<\/h2>\n\n\n\n<p>Los usuarios pueden adquirir productos, art\u00edculos o servicios a trav\u00e9s de nuestro sitio web (pago \u00fanico). Tambi\u00e9n podemos ofrecer versiones de prueba no vinculantes.<\/p>\n\n\n\n<h2 class=\"wp-block-heading\">Derechos de propiedad y propiedad intelectual<\/h2>\n\n\n\n<p>Todo el contenido de nuestro sitio web (incluidos logotipos, dise\u00f1o gr\u00e1fico, nombres de marcas, etc.) es propiedad de novavape. Queda prohibida la utilizaci\u00f3n, reproducci\u00f3n o distribuci\u00f3n de estos contenidos sin autorizaci\u00f3n expresa.<\/p>\n\n\n\n<h2 class=\"wp-block-heading\">Comentarios de los usuarios<\/h2>\n\n\n\n<p>Los comentarios y sugerencias de los usuarios pueden ser utilizados por nosotros sin compensaci\u00f3n. Nos reservamos el derecho a poner en pr\u00e1ctica cualquier sugerencia o comentario recibido seg\u00fan nuestro propio criterio.<\/p>\n\n\n\n<h2 class=\"wp-block-heading\">Campa\u00f1as de marketing, concursos y sorteos<\/h2>\n\n\n\n<p>Ocasionalmente ofrecemos promociones, concursos o sorteos. Las condiciones espec\u00edficas de participaci\u00f3n figuran en las p\u00e1ginas de las promociones correspondientes.<\/p>\n\n\n\n<h2 class=\"wp-block-heading\">Base jur\u00eddica<\/h2>\n\n\n\n<p>El uso de este sitio web se regir\u00e1 por la legislaci\u00f3n de Hong Kong, sin tener en cuenta sus disposiciones sobre conflicto de leyes. Todos los litigios relacionados con este sitio web se someter\u00e1n a los tribunales competentes de Hong Kong. Cualquier reclamaci\u00f3n relacionada con esta Plataforma deber\u00e1 presentarse en el plazo de doce meses desde que se produzca. El hecho de que novavape no haga cumplir determinadas disposiciones no constituir\u00e1 una renuncia de derechos. novavape est\u00e1 autorizada a transferir los derechos y obligaciones derivados del presente acuerdo sin notificaci\u00f3n previa.<\/p>\n\n\n\n<h2 class=\"wp-block-heading\">Exenci\u00f3n de responsabilidad<\/h2>\n\n\n\n<p>Usted acepta indemnizar a novavape y a sus proveedores de servicios por todas las p\u00e9rdidas, gastos, da\u00f1os y costes derivados de cualquier incumplimiento de estos t\u00e9rminos y condiciones o de cualquier actividad relacionada con su cuenta de usuario.<\/p>\n\n\n\n<h2 class=\"wp-block-heading\">Enlaces a p\u00e1ginas externas<\/h2>\n\n\n\n<p>novavape puede proporcionar enlaces a sitios web de terceros para que los usuarios puedan acceder a informaci\u00f3n adicional. No tenemos ning\u00fan control sobre estas plataformas externas y no aceptamos ninguna responsabilidad por su contenido o comportamiento.<\/p>\n\n\n\n<h2 class=\"wp-block-heading\">Cese de uso<\/h2>\n\n\n\n<p>Este acuerdo es v\u00e1lido desde el momento en que usted accede al sitio web o completa el proceso de registro o compra. novavape se reserva el derecho a cancelar estos t\u00e9rminos y condiciones o partes de los mismos en cualquier momento y sin indicar los motivos y sin previo aviso. Algunas disposiciones (incluidos los derechos de autor, los derechos de marca, las limitaciones de responsabilidad, las disposiciones sobre indemnizaciones y otras cl\u00e1usulas) seguir\u00e1n en vigor incluso despu\u00e9s de la rescisi\u00f3n.<\/p>\n\n\n\n<h2 class=\"wp-block-heading\">Cumplimiento de la normativa de la UE y EE.UU.<\/h2>\n\n\n\n<p>Por favor, confirme que no se encuentra en un pa\u00eds sujeto a embargo por parte de la UE o del gobierno de EE.UU. y que no est\u00e1 en una lista restringida del gobierno estadounidense. No aceptamos ninguna responsabilidad por estas restricciones despu\u00e9s del env\u00edo.<\/p>\n\n\n\n<h2 class=\"wp-block-heading\">Renuncia de garant\u00eda<\/h2>\n\n\n\n<p>Nuestro sitio web y los materiales y productos puestos a disposici\u00f3n se proporcionan sin garant\u00eda de ning\u00fan tipo, ya sea expresa o impl\u00edcita. novavape no ofrece ninguna garant\u00eda, incluidas, entre otras, las garant\u00edas de comerciabilidad, idoneidad para un fin determinado o no infracci\u00f3n. novavape no garantiza que el funcionamiento del sitio web sea ininterrumpido o est\u00e9 libre de errores, que se corrijan los defectos o que la plataforma est\u00e9 libre de componentes da\u00f1inos. No asumimos ninguna responsabilidad por la exactitud, actualidad o fiabilidad de la informaci\u00f3n proporcionada en el sitio web.<\/p>\n\n\n\n<h2 class=\"wp-block-heading\">Traducci\u00f3n e interpretaci\u00f3n jur\u00eddica<\/h2>\n\n\n\n<p>Estas condiciones pueden haber sido traducidas a diferentes idiomas. En caso de discrepancia, ser\u00e1 vinculante la versi\u00f3n original en ingl\u00e9s.<\/p>\n\n\n\n<h2 class=\"wp-block-heading\">Ajuste de las condiciones<\/h2>\n\n\n\n<p>Nos reservamos el derecho a modificar estas condiciones de uso en cualquier momento. Las actualizaciones se publicar\u00e1n en esta p\u00e1gina y se aplicar\u00e1n a partir de la fecha de publicaci\u00f3n. Le recomendamos que visite esta p\u00e1gina con regularidad para mantenerse informado sobre las condiciones de uso vigentes.<\/p>\n\n\n\n<h2 class=\"wp-block-heading\">Restricci\u00f3n de edad para la compra de cigarrillos electr\u00f3nicos<\/h2>\n\n\n\n<p>La compra o el consumo de cigarrillos electr\u00f3nicos est\u00e1 estrictamente prohibida a los menores de 21 a\u00f1os. Para proteger la salud de los j\u00f3venes, llevamos a cabo una estricta verificaci\u00f3n de la edad para garantizar que los cigarrillos electr\u00f3nicos solo puedan ser adquiridos por personas mayores de edad.<\/p>","protected":false},"excerpt":{"rendered":"<p>Condiciones de uso \u00a1Bienvenido a novavape! Lea atentamente las siguientes condiciones de uso antes de utilizar nuestro sitio web (novavape.de). En<\/p>","protected":false},"author":1,"featured_media":0,"parent":0,"menu_order":0,"comment_status":"closed","ping_status":"closed","template":"","meta":{"footnotes":""},"class_list":["post-1652","page","type-page","status-publish","hentry"],"_links":{"self":[{"href":"https:\/\/novavape.de\/es\/wp-json\/wp\/v2\/pages\/1652","targetHints":{"allow":["GET"]}}],"collection":[{"href":"https:\/\/novavape.de\/es\/wp-json\/wp\/v2\/pages"}],"about":[{"href":"https:\/\/novavape.de\/es\/wp-json\/wp\/v2\/types\/page"}],"author":[{"embeddable":true,"href":"https:\/\/novavape.de\/es\/wp-json\/wp\/v2\/users\/1"}],"replies":[{"embeddable":true,"href":"https:\/\/novavape.de\/es\/wp-json\/wp\/v2\/comments?post=1652"}],"version-history":[{"count":0,"href":"https:\/\/novavape.de\/es\/wp-json\/wp\/v2\/pages\/1652\/revisions"}],"wp:attachment":[{"href":"https:\/\/novavape.de\/es\/wp-json\/wp\/v2\/media?parent=1652"}],"curies":[{"name":"wp","href":"https:\/\/api.w.org\/{rel}","templated":true}]}}