{"id":1639,"date":"2025-11-18T04:37:46","date_gmt":"2025-11-18T03:37:46","guid":{"rendered":"https:\/\/novavape.de\/?page_id=1639"},"modified":"2025-11-18T04:37:50","modified_gmt":"2025-11-18T03:37:50","slug":"ueber-uns","status":"publish","type":"page","link":"https:\/\/novavape.de\/es\/ueber-uns\/","title":{"rendered":"acerca de nosotros"},"content":{"rendered":"<h1 class=\"wp-block-heading\">Qui\u00e9nes somos<\/h1>\n\n\n\n<p>Bienvenido a novavape, su socio de confianza para vapeadores desechables de primera clase. Como marca, somos sin\u00f3nimo de calidad superior, desarrollos innovadores y una experiencia de vapeo excepcional. En novavape, nuestro objetivo es combinar un sabor intenso con la tecnolog\u00eda m\u00e1s avanzada y un acabado de alta calidad.<\/p>\n\n\n\n<h2 class=\"wp-block-heading\">Nuestra cartera de productos<\/h2>\n\n\n\n<p>Nuestra gama incluye una variedad de marcas populares de cigarrillos electr\u00f3nicos, incluyendo<\/p>\n\n\n\n<ul class=\"wp-block-list\">\n<li>Fumot Vape<\/li>\n\n\n\n<li>JNR Vape<\/li>\n\n\n\n<li>BANG Vape<\/li>\n\n\n\n<li>Vapme Vape<\/li>\n\n\n\n<li>Elf Box Vape<\/li>\n\n\n\n<li>Uzy Vape<\/li>\n\n\n\n<li>Fizzy Vape<\/li>\n\n\n\n<li>Waspe Vape<\/li>\n\n\n\n<li>Vozol Vape<\/li>\n<\/ul>\n\n\n\n<p>Se beneficiar\u00e1 de unas atractivas condiciones de venta al por mayor que seguro que le impresionar\u00e1n. Todos los art\u00edculos de nuestra tienda son aut\u00e9nticos productos originales, lo que le garantiza los m\u00e1s altos est\u00e1ndares de calidad y una experiencia de compra sin preocupaciones. Tanto si es minorista como mayorista, novavape es el socio perfecto para usted.<\/p>\n\n\n\n<h2 class=\"wp-block-heading\">Nuestra filosof\u00eda<\/h2>\n\n\n\n<p>La clave de nuestro \u00e9xito radica en nuestro profundo conocimiento de las necesidades de los clientes y nuestra continua voluntad de innovaci\u00f3n. Nuestros equipos de desarrollo se dedican a crear productos que cumplan los requisitos de seguridad y calidad m\u00e1s estrictos. La opini\u00f3n de nuestros clientes es muy importante para nosotros, ya que nos permite optimizar constantemente nuestros productos y seguir el ritmo de las din\u00e1micas exigencias del mercado.<\/p>\n\n\n\n<h2 class=\"wp-block-heading\">M\u00e1s que un vapeador<\/h2>\n\n\n\n<p>novavape es mucho m\u00e1s que otro dispositivo de vapor: creamos una experiencia de vapeo hol\u00edstica. Nuestra gama de cigarrillos electr\u00f3nicos desechables ha sido cuidadosamente dise\u00f1ada para ofrecerle una experiencia de sabor distintiva. Desde refrescantes sabores frutales hasta matices cl\u00e1sicos de tabaco y composiciones creativas de sabores: en novavape descubrir\u00e1 el vapeador ideal que no s\u00f3lo satisface sus necesidades, sino que las supera.<\/p>\n\n\n\n<h2 class=\"wp-block-heading\">Calidad y sostenibilidad<\/h2>\n\n\n\n<p>Nuestra promesa de calidad se manifiesta en nuestras modernas instalaciones de producci\u00f3n, donde cada uno de los productos novavape se fabrica con la m\u00e1xima precisi\u00f3n y atenci\u00f3n. La sostenibilidad y la conciencia ecol\u00f3gica no son s\u00f3lo palabras vac\u00edas para nosotros, por eso desarrollamos nuestros vapes desechables de forma respetuosa con el medio ambiente y de acuerdo con las directrices medioambientales aplicables.<\/p>\n\n\n\n<h2 class=\"wp-block-heading\">Gracias por su confianza<\/h2>\n\n\n\n<p>Estamos encantados de que haya elegido novavape y esperamos acompa\u00f1arle en su viaje por el mundo del vapeo. Sum\u00e9rjase en el universo novavape, donde confluyen calidad premium, innovaci\u00f3n pionera y experiencias de sabor extraordinarias.<\/p>\n\n\n\n<hr class=\"wp-block-separator has-alpha-channel-opacity\"\/>\n\n\n\n<p><strong>Su equipo novavape<\/strong><\/p>\n\n\n\n<p><strong>Contacto:<\/strong> erol.esila.emir@gmail.com<\/p>","protected":false},"excerpt":{"rendered":"<p>Acerca de nosotros Bienvenido a novavape - su socio de confianza para vapes desechables de primera clase. Como marca, somos sin\u00f3nimo de calidad superior, innovaci\u00f3n<\/p>","protected":false},"author":1,"featured_media":0,"parent":0,"menu_order":0,"comment_status":"closed","ping_status":"closed","template":"","meta":{"footnotes":""},"class_list":["post-1639","page","type-page","status-publish","hentry"],"_links":{"self":[{"href":"https:\/\/novavape.de\/es\/wp-json\/wp\/v2\/pages\/1639","targetHints":{"allow":["GET"]}}],"collection":[{"href":"https:\/\/novavape.de\/es\/wp-json\/wp\/v2\/pages"}],"about":[{"href":"https:\/\/novavape.de\/es\/wp-json\/wp\/v2\/types\/page"}],"author":[{"embeddable":true,"href":"https:\/\/novavape.de\/es\/wp-json\/wp\/v2\/users\/1"}],"replies":[{"embeddable":true,"href":"https:\/\/novavape.de\/es\/wp-json\/wp\/v2\/comments?post=1639"}],"version-history":[{"count":0,"href":"https:\/\/novavape.de\/es\/wp-json\/wp\/v2\/pages\/1639\/revisions"}],"wp:attachment":[{"href":"https:\/\/novavape.de\/es\/wp-json\/wp\/v2\/media?parent=1639"}],"curies":[{"name":"wp","href":"https:\/\/api.w.org\/{rel}","templated":true}]}}