{"id":31,"date":"2023-04-20T11:47:35","date_gmt":"2023-04-20T11:47:35","guid":{"rendered":"https:\/\/dummy.xtemos.com\/woodmart2\/furniture2-elementor\/?page_id=31"},"modified":"2023-04-20T11:47:35","modified_gmt":"2023-04-20T11:47:35","slug":"about-us","status":"publish","type":"page","link":"https:\/\/novavape.de\/da\/about-us\/","title":{"rendered":"Om os"},"content":{"rendered":"<div data-elementor-type=\"wp-page\" data-elementor-id=\"31\" class=\"elementor elementor-31\" data-elementor-post-type=\"page\">\n\t\t\t\t<div class=\"wd-negative-gap elementor-element elementor-element-558899b e-flex e-con-boxed e-con e-parent\" data-id=\"558899b\" data-element_type=\"container\" data-e-type=\"container\">\n\t\t\t\t\t<div class=\"e-con-inner\">\n\t\t<div class=\"elementor-element elementor-element-9aff3ab e-con-full e-flex e-con e-child\" data-id=\"9aff3ab\" data-element_type=\"container\" data-e-type=\"container\">\n\t\t\t\t<div class=\"elementor-element elementor-element-cfd9ca0 wd-width-100 elementor-widget elementor-widget-wd_images_gallery\" data-id=\"cfd9ca0\" data-element_type=\"widget\" data-e-type=\"widget\" data-widget_type=\"wd_images_gallery.default\">\n\t\t\t\t<div class=\"elementor-widget-container\">\n\t\t\t\t\t\t\t<div class=\"wd-images-gallery photoswipe-images\" style=\"--wd-align-items:center; --wd-justify-content:center;\">\n\t\t\t\t\t\t<div class=\"wd-grid-g\" style=\"--wd-col-lg:2;--wd-col-md:2;--wd-col-sm:2;--wd-gap-lg:20px;--wd-gap-sm:10px;\" >\n\t\t\t\t\t\t\t\t\t\t\t\t\t\t\t\t\t\t<div class=\"wd-gallery-item wd-col\">\n\t\t\t\t\t\t\t\t\t\t\t\t\t<a  href=\"https:\/\/novavape.de\/wp-content\/uploads\/2023\/04\/wd-furniture-about-us-img-1-opt.jpg\" data-width=\"460\" data-height=\"520\" data-index=\"1\" data-elementor-open-lightbox=\"no\">\n\t\t\t\t\t\t\n\t\t\t\t\t\t<img decoding=\"async\" width=\"460\" height=\"520\" src=\"https:\/\/spcdn.shortpixel.ai\/spio\/ret_img,q_cdnize,to_webp,s_webp\/novavape.de\/wp-content\/uploads\/2023\/04\/wd-furniture-about-us-img-1-opt.jpg\" class=\"attachment-full size-full\" alt=\"wd-furniture-about-us-img-1-opt\" \/>\n\t\t\t\t\t\t\t\t\t\t\t\t\t<\/a>\n\t\t\t\t\t\t\t\t\t\t\t<\/div>\n\t\t\t\t\t\t\t\t\t\t\t\t\t\t\t<div class=\"wd-gallery-item wd-col\">\n\t\t\t\t\t\t\t\t\t\t\t\t\t<a  href=\"https:\/\/novavape.de\/wp-content\/uploads\/2023\/04\/wd-furniture-about-us-img-2-opt.jpg\" data-width=\"460\" data-height=\"520\" data-index=\"2\" data-elementor-open-lightbox=\"no\">\n\t\t\t\t\t\t\n\t\t\t\t\t\t<img decoding=\"async\" width=\"460\" height=\"520\" src=\"https:\/\/spcdn.shortpixel.ai\/spio\/ret_img,q_cdnize,to_webp,s_webp\/novavape.de\/wp-content\/uploads\/2023\/04\/wd-furniture-about-us-img-2-opt.jpg\" class=\"attachment-full size-full\" alt=\"wd-furniture-about-us-img-2-opt\" \/>\n\t\t\t\t\t\t\t\t\t\t\t\t\t<\/a>\n\t\t\t\t\t\t\t\t\t\t\t<\/div>\n\t\t\t\t\t\t\t\t\t\t\t\t\t<\/div>\n\t\t\t\t\t<\/div>\n\t\t\t\t\t\t<\/div>\n\t\t\t\t<\/div>\n\t\t\t\t<\/div>\n\t\t<div class=\"elementor-element elementor-element-af8043f e-con-full e-flex e-con e-child\" data-id=\"af8043f\" data-element_type=\"container\" data-e-type=\"container\">\n\t\t\t\t<div class=\"elementor-element elementor-element-78a5da3 wd-width-100 elementor-widget elementor-widget-wd_title\" data-id=\"78a5da3\" data-element_type=\"widget\" data-e-type=\"widget\" data-widget_type=\"wd_title.default\">\n\t\t\t\t<div class=\"elementor-widget-container\">\n\t\t\t\t\t\t\t<div class=\"title-wrapper wd-set-mb reset-last-child wd-title-color-default wd-title-style-default wd-title-size-large text-left\">\n\n\t\t\t\n\t\t\t<div class=\"liner-continer\">\n\t\t\t\t<h4 class=\"woodmart-title-container title wd-fontsize-xxl\">Om vores onlinebutik<\/h4> \n\t\t\t\t\t\t\t<\/div>\n\n\t\t\t\t\t<\/div>\n\t\t\t\t\t\t<\/div>\n\t\t\t\t<\/div>\n\t\t\t\t<div class=\"elementor-element elementor-element-49b9a13 elementor-widget elementor-widget-wd_text_block\" data-id=\"49b9a13\" data-element_type=\"widget\" data-e-type=\"widget\" data-widget_type=\"wd_text_block.default\">\n\t\t\t\t<div class=\"elementor-widget-container\">\n\t\t\t\t\t\t\t<div class=\"wd-text-block reset-last-child text-left\">\n\t\t\t\n\t\t\t<p><em>Risus suspendisse a orci penatibus a felis suscipit consectetur vestibulum sodales dui cum ultricies.<\/em><\/p><p>En morgen, da Gregor Samsa v\u00e5gnede af urolige dr\u00f8mme, fandt han sig selv i sin seng forvandlet til et forf\u00e6rdeligt skadedyr. Han l\u00e5 p\u00e5 sin panserlignende ryg, og hvis han l\u00f8ftede hovedet lidt, kunne han se sin brune mave, der var let hv\u00e6lvet og delt af buer i stive.<\/p><p>Dictumst per ante cras suscipit nascetur ullamcorper in nullam fermentum condimentum torquent iaculis reden posuere potenti viverra condimentum dictumst id tellus suspendisse convallis condimentum.<\/p>\n\t\t\t\t\t<\/div>\n\t\t\t\t\t\t<\/div>\n\t\t\t\t<\/div>\n\t\t\t\t<\/div>\n\t\t\t\t\t<\/div>\n\t\t\t\t<\/div>\n\t\t<div class=\"wd-negative-gap elementor-element elementor-element-fb645a2 e-flex e-con-boxed e-con e-parent\" data-id=\"fb645a2\" data-element_type=\"container\" data-e-type=\"container\">\n\t\t\t\t\t<div class=\"e-con-inner\">\n\t\t\t\t<div class=\"elementor-element elementor-element-a880382 wd-width-100 elementor-widget elementor-widget-wd_title\" data-id=\"a880382\" data-element_type=\"widget\" data-e-type=\"widget\" data-widget_type=\"wd_title.default\">\n\t\t\t\t<div class=\"elementor-widget-container\">\n\t\t\t\t\t\t\t<div class=\"title-wrapper wd-set-mb reset-last-child wd-title-color-default wd-title-style-default wd-title-size-large text-center\">\n\n\t\t\t\n\t\t\t<div class=\"liner-continer\">\n\t\t\t\t<h4 class=\"woodmart-title-container title wd-fontsize-xxl\">Medlemmer af teamet<\/h4> \n\t\t\t\t\t\t\t<\/div>\n\n\t\t\t\t\t\t\t<div class=\"title-after_title reset-last-child wd-fontsize-s\">\n\t\t\t\t\t<p>Udforsk produktkollektioner fra vores leverand\u00f8rer<\/p>\t\t\t\t<\/div>\n\t\t\t\t\t<\/div>\n\t\t\t\t\t\t<\/div>\n\t\t\t\t<\/div>\n\t\t\t\t\t<\/div>\n\t\t\t\t<\/div>\n\t\t<div class=\"wd-negative-gap elementor-element elementor-element-ee9cd00 e-flex e-con-boxed e-con e-parent\" data-id=\"ee9cd00\" data-element_type=\"container\" data-e-type=\"container\">\n\t\t\t\t\t<div class=\"e-con-inner\">\n\t\t\t\t<div class=\"elementor-element elementor-element-d6f1258 elementor-widget__width-initial elementor-widget elementor-widget-wd_team_member\" data-id=\"d6f1258\" data-element_type=\"widget\" data-e-type=\"widget\" data-widget_type=\"wd_team_member.default\">\n\t\t\t\t<div class=\"elementor-widget-container\">\n\t\t\t\t\t\t\t<div class=\"team-member member-layout-default text-center\">\n\t\t\t\t\t\t\t<div class=\"member-image-wrapper\">\n\t\t\t\t\t<div class=\"member-image\">\n\t\t\t\t\t\t<img decoding=\"async\" width=\"280\" height=\"280\" src=\"https:\/\/spcdn.shortpixel.ai\/spio\/ret_img,q_cdnize,to_webp,s_webp\/novavape.de\/wp-content\/uploads\/2023\/04\/wd-furniture-teammember-1-opt-280x280.png\" class=\"attachment-280x280 size-280x280\" alt=\"\" srcset=\"https:\/\/spcdn.shortpixel.ai\/spio\/ret_img,q_cdnize,to_webp,s_webp\/novavape.de\/wp-content\/uploads\/2023\/04\/wd-furniture-teammember-1-opt-280x280.png 280w, https:\/\/spcdn.shortpixel.ai\/spio\/ret_img,q_cdnize,to_webp,s_webp\/novavape.de\/wp-content\/uploads\/2023\/04\/wd-furniture-teammember-1-opt.png 560w\" sizes=\"(max-width: 280px) 100vw, 280px\" \/>\t\t\t\t\t<\/div>\n\t\t\t\t<\/div>\n\t\t\t\n\t\t\t<div class=\"member-details wd-set-mb reset-last-child\">\n\t\t\t\t\t\t\t\t\t<h4 class=\"member-name\">\n\t\t\t\t\t\tMarvin McKinney\t\t\t\t\t<\/h4>\n\t\t\t\t\n\t\t\t\t\t\t\t\t\t<div class=\"member-position\">\n\t\t\t\t\t\tCEO, medstifter\t\t\t\t\t<\/div>\n\t\t\t\t\n\t\t\t\t\n\t\t\t\t\t\t<div class=\"member-social\">\n\t\t\t<div class=\"wd-social-icons wd-style-colored wd-size-default wd-shape-circle\">\n\t\t\t\t\t\t\t\t\t<a rel=\"noopener noreferrer nofollow\" class=\"wd-social-icon social-facebook\" href=\"#\" aria-label=\"Socialt link til Facebook\">\n\t\t\t\t\t\t<span class=\"wd-icon\"><\/span>\n\t\t\t\t\t<\/a>\n\t\t\t\t\n\t\t\t\t\n\t\t\t\t\t\t\t\t\t<a rel=\"noopener noreferrer nofollow\" class=\"wd-social-icon social-linkedin\" href=\"#\" aria-label=\"Socialt link til Linkedin\">\n\t\t\t\t\t\t<span class=\"wd-icon\"><\/span>\n\t\t\t\t\t<\/a>\n\t\t\t\t\n\t\t\t\t\t\t\t\t\t<a rel=\"noopener noreferrer nofollow\" class=\"wd-social-icon social-instagram\" href=\"#\" aria-label=\"Socialt link til Instagram\">\n\t\t\t\t\t\t<span class=\"wd-icon\"><\/span>\n\t\t\t\t\t<\/a>\n\t\t\t\t\t\t\t<\/div>\n\t\t<\/div>\n\t\t\t\t\t<\/div>\n\t\t<\/div>\n\t\t\t\t\t\t<\/div>\n\t\t\t\t<\/div>\n\t\t\t\t<div class=\"elementor-element elementor-element-a19bcb0 elementor-widget__width-initial elementor-widget elementor-widget-wd_team_member\" data-id=\"a19bcb0\" data-element_type=\"widget\" data-e-type=\"widget\" data-widget_type=\"wd_team_member.default\">\n\t\t\t\t<div class=\"elementor-widget-container\">\n\t\t\t\t\t\t\t<div class=\"team-member member-layout-default text-center\">\n\t\t\t\t\t\t\t<div class=\"member-image-wrapper\">\n\t\t\t\t\t<div class=\"member-image\">\n\t\t\t\t\t\t<img decoding=\"async\" width=\"280\" height=\"280\" src=\"https:\/\/spcdn.shortpixel.ai\/spio\/ret_img,q_cdnize,to_webp,s_webp\/novavape.de\/wp-content\/uploads\/2023\/04\/wd-furniture-teammember-2-opt-280x280.png\" class=\"attachment-280x280 size-280x280\" alt=\"\" srcset=\"https:\/\/spcdn.shortpixel.ai\/spio\/ret_img,q_cdnize,to_webp,s_webp\/novavape.de\/wp-content\/uploads\/2023\/04\/wd-furniture-teammember-2-opt-280x280.png 280w, https:\/\/spcdn.shortpixel.ai\/spio\/ret_img,q_cdnize,to_webp,s_webp\/novavape.de\/wp-content\/uploads\/2023\/04\/wd-furniture-teammember-2-opt.png 560w\" sizes=\"(max-width: 280px) 100vw, 280px\" \/>\t\t\t\t\t<\/div>\n\t\t\t\t<\/div>\n\t\t\t\n\t\t\t<div class=\"member-details wd-set-mb reset-last-child\">\n\t\t\t\t\t\t\t\t\t<h4 class=\"member-name\">\n\t\t\t\t\t\tDianne Russell\t\t\t\t\t<\/h4>\n\t\t\t\t\n\t\t\t\t\t\t\t\t\t<div class=\"member-position\">\n\t\t\t\t\t\tCEO, medstifter\t\t\t\t\t<\/div>\n\t\t\t\t\n\t\t\t\t\n\t\t\t\t\t\t<div class=\"member-social\">\n\t\t\t<div class=\"wd-social-icons wd-style-colored wd-size-default wd-shape-circle\">\n\t\t\t\t\t\t\t\t\t<a rel=\"noopener noreferrer nofollow\" class=\"wd-social-icon social-facebook\" href=\"#\" aria-label=\"Socialt link til Facebook\">\n\t\t\t\t\t\t<span class=\"wd-icon\"><\/span>\n\t\t\t\t\t<\/a>\n\t\t\t\t\n\t\t\t\t\t\t\t\t\t<a rel=\"noopener noreferrer nofollow\" class=\"wd-social-icon social-twitter\" href=\"#\" aria-label=\"X socialt link\">\n\t\t\t\t\t\t<span class=\"wd-icon\"><\/span>\n\t\t\t\t\t<\/a>\n\t\t\t\t\n\t\t\t\t\t\t\t\t\t<a rel=\"noopener noreferrer nofollow\" class=\"wd-social-icon social-linkedin\" href=\"#\" aria-label=\"Socialt link til Linkedin\">\n\t\t\t\t\t\t<span class=\"wd-icon\"><\/span>\n\t\t\t\t\t<\/a>\n\t\t\t\t\n\t\t\t\t\t\t\t\t\t<a rel=\"noopener noreferrer nofollow\" class=\"wd-social-icon social-instagram\" href=\"#\" aria-label=\"Socialt link til Instagram\">\n\t\t\t\t\t\t<span class=\"wd-icon\"><\/span>\n\t\t\t\t\t<\/a>\n\t\t\t\t\t\t\t<\/div>\n\t\t<\/div>\n\t\t\t\t\t<\/div>\n\t\t<\/div>\n\t\t\t\t\t\t<\/div>\n\t\t\t\t<\/div>\n\t\t\t\t<div class=\"elementor-element elementor-element-14c4998 elementor-widget__width-initial elementor-widget elementor-widget-wd_team_member\" data-id=\"14c4998\" data-element_type=\"widget\" data-e-type=\"widget\" data-widget_type=\"wd_team_member.default\">\n\t\t\t\t<div class=\"elementor-widget-container\">\n\t\t\t\t\t\t\t<div class=\"team-member member-layout-default text-center\">\n\t\t\t\t\t\t\t<div class=\"member-image-wrapper\">\n\t\t\t\t\t<div class=\"member-image\">\n\t\t\t\t\t\t<img decoding=\"async\" width=\"280\" height=\"280\" src=\"https:\/\/spcdn.shortpixel.ai\/spio\/ret_img,q_cdnize,to_webp,s_webp\/novavape.de\/wp-content\/uploads\/2023\/04\/wd-furniture-teammember-3-opt-280x280.png\" class=\"attachment-280x280 size-280x280\" alt=\"\" srcset=\"https:\/\/spcdn.shortpixel.ai\/spio\/ret_img,q_cdnize,to_webp,s_webp\/novavape.de\/wp-content\/uploads\/2023\/04\/wd-furniture-teammember-3-opt-280x280.png 280w, https:\/\/spcdn.shortpixel.ai\/spio\/ret_img,q_cdnize,to_webp,s_webp\/novavape.de\/wp-content\/uploads\/2023\/04\/wd-furniture-teammember-3-opt.png 560w\" sizes=\"(max-width: 280px) 100vw, 280px\" \/>\t\t\t\t\t<\/div>\n\t\t\t\t<\/div>\n\t\t\t\n\t\t\t<div class=\"member-details wd-set-mb reset-last-child\">\n\t\t\t\t\t\t\t\t\t<h4 class=\"member-name\">\n\t\t\t\t\t\tKristin Watson\t\t\t\t\t<\/h4>\n\t\t\t\t\n\t\t\t\t\t\t\t\t\t<div class=\"member-position\">\n\t\t\t\t\t\tCEO, medstifter\t\t\t\t\t<\/div>\n\t\t\t\t\n\t\t\t\t\n\t\t\t\t\t\t<div class=\"member-social\">\n\t\t\t<div class=\"wd-social-icons wd-style-colored wd-size-default wd-shape-circle\">\n\t\t\t\t\t\t\t\t\t<a rel=\"noopener noreferrer nofollow\" class=\"wd-social-icon social-facebook\" href=\"#\" aria-label=\"Socialt link til Facebook\">\n\t\t\t\t\t\t<span class=\"wd-icon\"><\/span>\n\t\t\t\t\t<\/a>\n\t\t\t\t\n\t\t\t\t\t\t\t\t\t<a rel=\"noopener noreferrer nofollow\" class=\"wd-social-icon social-twitter\" href=\"#\" aria-label=\"X socialt link\">\n\t\t\t\t\t\t<span class=\"wd-icon\"><\/span>\n\t\t\t\t\t<\/a>\n\t\t\t\t\n\t\t\t\t\n\t\t\t\t\t\t\t\t\t<a rel=\"noopener noreferrer nofollow\" class=\"wd-social-icon social-instagram\" href=\"#\" aria-label=\"Socialt link til Instagram\">\n\t\t\t\t\t\t<span class=\"wd-icon\"><\/span>\n\t\t\t\t\t<\/a>\n\t\t\t\t\t\t\t<\/div>\n\t\t<\/div>\n\t\t\t\t\t<\/div>\n\t\t<\/div>\n\t\t\t\t\t\t<\/div>\n\t\t\t\t<\/div>\n\t\t\t\t\t<\/div>\n\t\t\t\t<\/div>\n\t\t<div class=\"wd-negative-gap elementor-element elementor-element-826d1dc e-flex e-con-boxed e-con e-parent\" data-id=\"826d1dc\" data-element_type=\"container\" data-e-type=\"container\" data-settings=\"{&quot;background_background&quot;:&quot;classic&quot;}\">\n\t\t\t\t\t<div class=\"e-con-inner\">\n\t\t<div class=\"elementor-element elementor-element-527b668 e-con-full e-flex e-con e-child\" data-id=\"527b668\" data-element_type=\"container\" data-e-type=\"container\" data-settings=\"{&quot;background_background&quot;:&quot;classic&quot;}\">\n\t\t\t\t<div class=\"elementor-element elementor-element-4c89eaa wd-width-100 elementor-widget elementor-widget-wd_title\" data-id=\"4c89eaa\" data-element_type=\"widget\" data-e-type=\"widget\" data-widget_type=\"wd_title.default\">\n\t\t\t\t<div class=\"elementor-widget-container\">\n\t\t\t\t\t\t\t<div class=\"title-wrapper wd-set-mb reset-last-child wd-title-color-white wd-title-style-default wd-title-size-large text-center\">\n\n\t\t\t\t\t\t\t\t\t\t\t<div class=\"title-subtitle subtitle-color-white subtitle-style-default wd-fontsize-xs\">\n\t\t\t\t\tKollektioner af m\u00f8bler\t\t\t\t<\/div>\n\t\t\t\n\t\t\t<div class=\"liner-continer\">\n\t\t\t\t<h4 class=\"woodmart-title-container title wd-fontsize-xxl\">S\u00e5dan starter vi vores virksomhed<\/h4> \n\t\t\t\t\t\t\t<\/div>\n\n\t\t\t\t\t<\/div>\n\t\t\t\t\t\t<\/div>\n\t\t\t\t<\/div>\n\t\t\t\t<div class=\"elementor-element elementor-element-30d31dc wd-width-100 elementor-widget elementor-widget-wd_video\" data-id=\"30d31dc\" data-element_type=\"widget\" data-e-type=\"widget\" data-widget_type=\"wd_video.default\">\n\t\t\t\t<div class=\"elementor-widget-container\">\n\t\t\t\t\t\n\t\t<div class=\"wd-el-video wd-action-play wd-video-youtube text-center\">\n\t\t\t\n\t\t\t\n\t\t\t\t\t\t\t<a href=\"https:\/\/www.youtube.com\/watch?v=XHOmBV4js_E\" class=\"wd-el-video-btn\" aria-label=\"Afspil video\" target=\"_blank\" rel=\"noopener\">\n\t\t\t\t\t<span class=\"wd-el-video-play-btn\"><\/span>\n\t\t\t\t\t\t\t\t\t<\/a>\n\t\t\t\n\t\t\t\t\t<\/div>\n\t\t\t\t\t\t<\/div>\n\t\t\t\t<\/div>\n\t\t\t\t<\/div>\n\t\t\t\t\t<\/div>\n\t\t\t\t<\/div>\n\t\t<div class=\"wd-negative-gap elementor-element elementor-element-43bbe8e wd-collapsible-content e-flex e-con-boxed e-con e-parent\" data-id=\"43bbe8e\" data-element_type=\"container\" data-e-type=\"container\">\n\t\t\t\t\t<div class=\"e-con-inner\">\n\t\t\t\t<div class=\"elementor-element elementor-element-20b137d elementor-widget elementor-widget-wd_text_block\" data-id=\"20b137d\" data-element_type=\"widget\" data-e-type=\"widget\" data-widget_type=\"wd_text_block.default\">\n\t\t\t\t<div class=\"elementor-widget-container\">\n\t\t\t\t\t\t\t<div class=\"wd-text-block reset-last-child text-left\">\n\t\t\t\n\t\t\t<h3>Onlinebutik med et bredt udvalg af m\u00f8bler og indretning<\/h3><p>M\u00f8bler er en uundv\u00e6rlig del af ethvert rum. Det er dem, der giver det den rette atmosf\u00e6re, g\u00f8r rummet hyggeligt og behageligt, skaber gunstige betingelser for produktivt arbejde eller hj\u00e6lper med at slappe af efter en h\u00e5rd dag. Flere og flere kunder \u00f8nsker at afgive en ordre i en onlinebutik, n\u00e5r man kan s\u00e6tte sig ved computeren i sin fritid, arrangere m\u00f8blerne p\u00e5 billedet og roligt k\u00f8be de m\u00f8bler, man kan lide. Onlinebutikken har et stort m\u00f8belkatalog: b\u00e5de m\u00f8bler til hjemmet og til kontoret er tilg\u00e6ngelige.<\/p><h3>M\u00f8belproduktion er en moderne form for kunst<\/h3><p>M\u00f8belproducenter, s\u00e5vel som producenter af andre varer til hjemmet, er fulde af fantastiske tilbud: Vi st\u00f8der ofte p\u00e5 b\u00e5de standard masseproducerede produkter og unikke kreationer - m\u00f8bler fra professionelle h\u00e5ndv\u00e6rkere, som vil blive v\u00e6rdsat af \u00e6gte kendere af sk\u00f8nhed. Vi har udvalgt de bedste modeller fra moderne h\u00e5ndv\u00e6rkere, som p\u00e5 genial vis har form\u00e5et at kombinere elegance, kvalitet og praktisk anvendelighed i hver produktenhed. Vores sortiment omfatter produkter fra gennempr\u00f8vede virksomheder. Som i mange \u00e5r med kontinuerligt f\u00e6lles arbejde ikke gav grund til at tvivle p\u00e5 deres p\u00e5lidelighed og \u00e6rlighed. Alle garanterer den h\u00f8je kvalitet af deres produkter, fremragende driftsegenskaber, attraktivt udseende af produkterne, en lang periode med brug af m\u00f8blerne samt sikkerhed.<\/p>\n\t\t\t\t\t<\/div>\n\t\t\t\t\t\t<\/div>\n\t\t\t\t<\/div>\n\t\t\t\t<div class=\"elementor-element elementor-element-cf18f75 elementor-widget elementor-widget-wd_button\" data-id=\"cf18f75\" data-element_type=\"widget\" data-e-type=\"widget\" data-widget_type=\"wd_button.default\">\n\t\t\t\t<div class=\"elementor-widget-container\">\n\t\t\t\t\t\t\t<div class=\"wd-button-wrapper text-left wd-collapsible-button\" >\n\t\t\t<a class=\"btn btn-style-link btn-shape- btn-size-default btn-color-primary btn-icon-pos-right\"  href=\"#\">\n\t\t\t\t<span class=\"wd-btn-text\" data-elementor-setting-key=\"text\">\n\t\t\t\t\tL\u00e6s mere\t\t\t\t<\/span>\n\n\t\t\t\t\t\t\t<\/a>\n\t\t<\/div>\n\t\t\t\t\t\t<\/div>\n\t\t\t\t<\/div>\n\t\t\t\t\t<\/div>\n\t\t\t\t<\/div>\n\t\t\t\t<\/div>","protected":false},"excerpt":{"rendered":"<p>Om vores onlinebutik Risus suspendisse a orci penatibus a felis suscipit consectetur vestibulum sodales dui cum ultricies. En morgen,<\/p>","protected":false},"author":1,"featured_media":0,"parent":0,"menu_order":0,"comment_status":"closed","ping_status":"closed","template":"","meta":{"footnotes":""},"class_list":["post-31","page","type-page","status-publish","hentry"],"_links":{"self":[{"href":"https:\/\/novavape.de\/da\/wp-json\/wp\/v2\/pages\/31","targetHints":{"allow":["GET"]}}],"collection":[{"href":"https:\/\/novavape.de\/da\/wp-json\/wp\/v2\/pages"}],"about":[{"href":"https:\/\/novavape.de\/da\/wp-json\/wp\/v2\/types\/page"}],"author":[{"embeddable":true,"href":"https:\/\/novavape.de\/da\/wp-json\/wp\/v2\/users\/1"}],"replies":[{"embeddable":true,"href":"https:\/\/novavape.de\/da\/wp-json\/wp\/v2\/comments?post=31"}],"version-history":[{"count":0,"href":"https:\/\/novavape.de\/da\/wp-json\/wp\/v2\/pages\/31\/revisions"}],"wp:attachment":[{"href":"https:\/\/novavape.de\/da\/wp-json\/wp\/v2\/media?parent=31"}],"curies":[{"name":"wp","href":"https:\/\/api.w.org\/{rel}","templated":true}]}}