{"id":1659,"date":"2025-11-18T05:04:03","date_gmt":"2025-11-18T04:04:03","guid":{"rendered":"https:\/\/novavape.de\/?page_id=1659"},"modified":"2025-11-18T05:04:04","modified_gmt":"2025-11-18T04:04:04","slug":"versand-und-lieferung","status":"publish","type":"page","link":"https:\/\/novavape.de\/da\/versand-und-lieferung\/","title":{"rendered":"Forsendelse og levering"},"content":{"rendered":"<h1 class=\"wp-block-heading\">Forsendelse og levering<\/h1>\n\n\n\n<h2 class=\"wp-block-heading\">Ordrebehandling og afsendelse<\/h2>\n\n\n\n<p>Din ordre vil blive behandlet og afsendt inden for 1-5 arbejdsdage. Den s\u00e6dvanlige leveringstid er 10-15 arbejdsdage. Bem\u00e6rk venligst, at der ikke sendes i weekender og p\u00e5 officielle helligdage.<\/p>\n\n\n\n<h2 class=\"wp-block-heading\">Sporing af pakker<\/h2>\n\n\n\n<p>N\u00e5r din ordre er afsendt, sender vi dig en e-mail med sporingsnummeret. Du kan se den aktuelle forsendelsesstatus for din pakke p\u00e5 f\u00f8lgende websted:<\/p>\n\n\n\n<p>Bem\u00e6rk, at det kan tage 3-7 dage efter afsendelse, f\u00f8r sporingsoplysningerne p\u00e5 hjemmesiden er opdateret.<\/p>\n\n\n\n<h2 class=\"wp-block-heading\">\u00c6ndringer og annulleringer af ordrer<\/h2>\n\n\n\n<p>Du kan annullere din ordre eller \u00e6ndre leveringsadressen p\u00e5 et hvilket som helst tidspunkt inden afsendelse. N\u00e5r din ordre er afsendt, er det desv\u00e6rre ikke l\u00e6ngere muligt at behandle tilbagebetalinger eller adresse\u00e6ndringer.<\/p>\n\n\n\n<h2 class=\"wp-block-heading\">Toldklarering og toldafgifter<\/h2>\n\n\n\n<p>Vi tilbyder DDP-forsendelser (Delivered Duty Paid) til f\u00f8lgende lande og regioner. Med DDP-forsendelser skal du ikke betale fortoldning eller told. (Denne bestemmelse g\u00e6lder ikke for alle lande - v\u00e6r opm\u00e6rksom p\u00e5 de faktiske omst\u00e6ndigheder)<\/p>\n\n\n\n<p><strong>DDP-forsendelsesmuligheder efter region:<\/strong><\/p>\n\n\n\n<ul class=\"wp-block-list\">\n<li><strong>USA:<\/strong> Forsendelse via UPS (undtagen Alaska og Hawaii)<\/li>\n\n\n\n<li><strong>Australien:<\/strong> Forsendelse via Australia Post<\/li>\n\n\n\n<li><strong>Storbritannien:<\/strong> Forsendelse via DPD Express (lokalt)<\/li>\n\n\n\n<li><strong>Europa:<\/strong> Forsendelse via DHL Express \/ DPD Express<\/li>\n<\/ul>\n\n\n\n<p><strong>Vigtig bem\u00e6rkning:<\/strong> DDP er ikke tilg\u00e6ngelig i nogle lande med s\u00e6rligt strenge toldregler, herunder: Danmark, Australien, Norge, Schweiz<\/p>\n\n\n\n<h2 class=\"wp-block-heading\">Yderligere vigtige bem\u00e6rkninger<\/h2>\n\n\n\n<p>Ekstra omkostninger og l\u00e6ngere leveringstider kan forekomme i visse fjerntliggende omr\u00e5der. Vi vil g\u00f8re vores yderste for at sikre, at din ordre kommer frem til tiden.<\/p>\n\n\n\n<h2 class=\"wp-block-heading\">Kundeservice<\/h2>\n\n\n\n<p>Hvis du har sp\u00f8rgsm\u00e5l eller s\u00e6rlige \u00f8nsker, st\u00e5r vores team altid til r\u00e5dighed p\u00e5 erol.esila.emir@gmail.com. Vi bestr\u00e6ber os p\u00e5 at tilbyde dig en f\u00f8rsteklasses service.<\/p>","protected":false},"excerpt":{"rendered":"<p>Afsendelse og levering Ordrebehandling og afsendelse Din ordre vil blive behandlet og afsendt inden for 1-5 arbejdsdage. Den s\u00e6dvanlige<\/p>","protected":false},"author":1,"featured_media":0,"parent":0,"menu_order":0,"comment_status":"closed","ping_status":"closed","template":"","meta":{"footnotes":""},"class_list":["post-1659","page","type-page","status-publish","hentry"],"_links":{"self":[{"href":"https:\/\/novavape.de\/da\/wp-json\/wp\/v2\/pages\/1659","targetHints":{"allow":["GET"]}}],"collection":[{"href":"https:\/\/novavape.de\/da\/wp-json\/wp\/v2\/pages"}],"about":[{"href":"https:\/\/novavape.de\/da\/wp-json\/wp\/v2\/types\/page"}],"author":[{"embeddable":true,"href":"https:\/\/novavape.de\/da\/wp-json\/wp\/v2\/users\/1"}],"replies":[{"embeddable":true,"href":"https:\/\/novavape.de\/da\/wp-json\/wp\/v2\/comments?post=1659"}],"version-history":[{"count":0,"href":"https:\/\/novavape.de\/da\/wp-json\/wp\/v2\/pages\/1659\/revisions"}],"wp:attachment":[{"href":"https:\/\/novavape.de\/da\/wp-json\/wp\/v2\/media?parent=1659"}],"curies":[{"name":"wp","href":"https:\/\/api.w.org\/{rel}","templated":true}]}}