{"id":1654,"date":"2025-11-18T04:51:11","date_gmt":"2025-11-18T03:51:11","guid":{"rendered":"https:\/\/novavape.de\/?page_id=1654"},"modified":"2025-11-18T04:51:13","modified_gmt":"2025-11-18T03:51:13","slug":"datenschutzerklaerung","status":"publish","type":"page","link":"https:\/\/novavape.de\/da\/datenschutzerklaerung\/","title":{"rendered":"Fortrolighedspolitik"},"content":{"rendered":"<h1 class=\"wp-block-heading\">Fortrolighedspolitik<\/h1>\n\n\n\n<p>Denne privatlivspolitik forklarer, hvordan vi indsamler, behandler og sikrer dine data, n\u00e5r du bes\u00f8ger vores hjemmeside (novavape.de). Du vil blive informeret om dine databeskyttelsesrettigheder, og hvilken juridisk beskyttelse du nyder.<\/p>\n\n\n\n<h2 class=\"wp-block-heading\">Indsamling af personlige oplysninger<\/h2>\n\n\n\n<p>Vi indsamler forskellige kategorier af oplysninger for at kunne levere vores e-cigarettjenester:<\/p>\n\n\n\n<h3 class=\"wp-block-heading\">Personlige oplysninger<\/h3>\n\n\n\n<p>Vi indsamler f\u00f8lgende data:<\/p>\n\n\n\n<ul class=\"wp-block-list\">\n<li>Fuldt navn<\/li>\n\n\n\n<li>E-mail-adresse<\/li>\n\n\n\n<li>Telefonnummer<\/li>\n\n\n\n<li>Leveringsadresse<\/li>\n<\/ul>\n\n\n\n<p>Disse oplysninger er n\u00f8dvendige for at behandle dine ordrer, sende e-cigaretartikler og give dig omfattende kundesupport.<\/p>\n\n\n\n<h3 class=\"wp-block-heading\">Oplysninger om teknik og brug<\/h3>\n\n\n\n<p>Automatisk indsamlede data omfatter:<\/p>\n\n\n\n<ul class=\"wp-block-list\">\n<li>Type af anvendt enhed<\/li>\n\n\n\n<li>Internetprotokol (IP)-adresse<\/li>\n\n\n\n<li>Anvendt browser<\/li>\n\n\n\n<li>Tidspunkt for adgang<\/li>\n\n\n\n<li>Bes\u00f8gte undersider<\/li>\n<\/ul>\n\n\n\n<p>Disse oplysninger indsamles automatisk og bruges til at forbedre brugeroplevelsen og til at sikre sikkerhed og overholdelse af lovkrav i e-cigaretsektoren.<\/p>\n\n\n\n<h2 class=\"wp-block-heading\">Behandling af indsamlede data<\/h2>\n\n\n\n<p>Vi bruger de oplysninger, vi indsamler, til f\u00f8lgende form\u00e5l:<\/p>\n\n\n\n<h3 class=\"wp-block-heading\">Ordrebehandling og opfyldelse<\/h3>\n\n\n\n<p>Vi bruger dine personlige data til at behandle ordrer, til at sende varer og til at yde vores kundeservice.<\/p>\n\n\n\n<h3 class=\"wp-block-heading\">Kommunikation med kunder<\/h3>\n\n\n\n<p>Vi vil kontakte dig vedr\u00f8rende dine ordrer, produktoplysninger og markedsf\u00f8ringskampagner, herunder vigtige opdateringer og sikkerhedsrelaterede meddelelser.<\/p>\n\n\n\n<h3 class=\"wp-block-heading\">Forbedring af vores tjenester<\/h3>\n\n\n\n<p>Ved at analysere brugsoplysninger optimerer vi vores produktsortiment, webstedsfunktioner og den generelle brugeroplevelse.<\/p>\n\n\n\n<h2 class=\"wp-block-heading\">Overf\u00f8rsel af data til tredjeparter<\/h2>\n\n\n\n<p>Som udgangspunkt videregiver vi ikke dine personlige oplysninger til eksterne parter uden dit samtykke, undtagen i f\u00f8lgende tilf\u00e6lde:<\/p>\n\n\n\n<h3 class=\"wp-block-heading\">Eksterne tjenesteudbydere<\/h3>\n\n\n\n<p>Vi overf\u00f8rer dine data til fragtfirmaer, betalingstjenesteudbydere og andre eksterne partnere for at sikre problemfri levering og fakturering af vores produkter.<\/p>\n\n\n\n<h3 class=\"wp-block-heading\">Juridiske forpligtelser<\/h3>\n\n\n\n<p>Dine data vil blive videregivet, hvis dette er p\u00e5kr\u00e6vet ved lov eller efter anmodning fra myndighederne for at overholde g\u00e6ldende juridiske standarder og bestemmelser.<\/p>\n\n\n\n<h3 class=\"wp-block-heading\">Virksomhedstransaktioner<\/h3>\n\n\n\n<p>I tilf\u00e6lde af en fusion, overtagelse eller salg af virksomhedens aktiver kan dine oplysninger blive overf\u00f8rt, men de vil fortsat v\u00e6re beskyttet af denne privatlivspolitik.<\/p>\n\n\n\n<h2 class=\"wp-block-heading\">Sikkerhed for dine data<\/h2>\n\n\n\n<p>Vi implementerer en r\u00e6kke sikkerhedsforanstaltninger for at beskytte dine personlige oplysninger, herunder krypteringsprocedurer og l\u00f8bende sikkerhedstjek. P\u00e5 trods af disse forholdsregler kan vi dog ikke garantere fuldst\u00e6ndig sikkerhed for dine data under internetoverf\u00f8rsel.<\/p>\n\n\n\n<h2 class=\"wp-block-heading\">Dine rettigheder til databeskyttelse<\/h2>\n\n\n\n<p>Du er berettiget til f\u00f8lgende rettigheder:<\/p>\n\n\n\n<ul class=\"wp-block-list\">\n<li><strong>Ret til information<\/strong>: Inspic\u00e9r dine gemte personlige data<\/li>\n\n\n\n<li><strong>Ret til berigtigelse<\/strong>: F\u00e5 forkerte data rettet<\/li>\n\n\n\n<li><strong>Ret til annullering<\/strong>Anmod om fjernelse af dine data<\/li>\n<\/ul>\n\n\n\n<p>Hvis du \u00f8nsker at f\u00e5 dine data slettet eller ikke l\u00e6ngere \u00f8nsker at modtage markedsf\u00f8ringsinformation, kan du til enhver tid kontakte os.<\/p>\n\n\n\n<h2 class=\"wp-block-heading\">Brug af cookies og sporingsmetoder<\/h2>\n\n\n\n<p>Vi bruger cookies og lignende teknologier til at optimere din oplevelse p\u00e5 vores platform. Du kan administrere cookies via dine browserindstillinger. Bem\u00e6rk, at deaktivering af cookies kan begr\u00e6nse funktionaliteten p\u00e5 visse omr\u00e5der af hjemmesiden.<\/p>\n\n\n\n<h2 class=\"wp-block-heading\">Beskyttelse af mindre\u00e5rige<\/h2>\n\n\n\n<p>Vores tilbud og tjenester henvender sig udelukkende til personer, der er fyldt 18 \u00e5r. Vi indsamler ikke bevidst personlige data fra mindre\u00e5rige under 18 \u00e5r. Hvis vi bliver opm\u00e6rksomme p\u00e5, at s\u00e5danne oplysninger er blevet sendt til os, vil de blive slettet med det samme.<\/p>\n\n\n\n<h2 class=\"wp-block-heading\">Opdateringer til denne privatlivspolitik<\/h2>\n\n\n\n<p>Denne privatlivspolitik kan blive revideret af os fra tid til anden. Eventuelle \u00e6ndringer vil blive offentliggjort p\u00e5 denne side, og datoen for den seneste revision vil blive opdateret. Vi r\u00e5der dig til at konsultere denne side med j\u00e6vne mellemrum.<\/p>","protected":false},"excerpt":{"rendered":"<p>Privatlivspolitik Denne privatlivspolitik forklarer, hvordan vi indsamler, behandler og sikrer dine data, n\u00e5r du bruger vores hjemmeside.<\/p>","protected":false},"author":1,"featured_media":0,"parent":0,"menu_order":0,"comment_status":"closed","ping_status":"closed","template":"","meta":{"footnotes":""},"class_list":["post-1654","page","type-page","status-publish","hentry"],"_links":{"self":[{"href":"https:\/\/novavape.de\/da\/wp-json\/wp\/v2\/pages\/1654","targetHints":{"allow":["GET"]}}],"collection":[{"href":"https:\/\/novavape.de\/da\/wp-json\/wp\/v2\/pages"}],"about":[{"href":"https:\/\/novavape.de\/da\/wp-json\/wp\/v2\/types\/page"}],"author":[{"embeddable":true,"href":"https:\/\/novavape.de\/da\/wp-json\/wp\/v2\/users\/1"}],"replies":[{"embeddable":true,"href":"https:\/\/novavape.de\/da\/wp-json\/wp\/v2\/comments?post=1654"}],"version-history":[{"count":0,"href":"https:\/\/novavape.de\/da\/wp-json\/wp\/v2\/pages\/1654\/revisions"}],"wp:attachment":[{"href":"https:\/\/novavape.de\/da\/wp-json\/wp\/v2\/media?parent=1654"}],"curies":[{"name":"wp","href":"https:\/\/api.w.org\/{rel}","templated":true}]}}