{"id":1652,"date":"2025-11-18T04:47:58","date_gmt":"2025-11-18T03:47:58","guid":{"rendered":"https:\/\/novavape.de\/?page_id=1652"},"modified":"2025-11-18T04:48:00","modified_gmt":"2025-11-18T03:48:00","slug":"nutzungsbedingungen","status":"publish","type":"page","link":"https:\/\/novavape.de\/da\/nutzungsbedingungen\/","title":{"rendered":"Vilk\u00e5r for brug"},"content":{"rendered":"<h1 class=\"wp-block-heading\">Vilk\u00e5r for brug<\/h1>\n\n\n\n<p>Velkommen til novavape! L\u00e6s venligst f\u00f8lgende brugsbetingelser omhyggeligt, f\u00f8r du bruger vores hjemmeside (novavape.de). Ved at bes\u00f8ge og bruge vores platform accepterer du disse regler og de g\u00e6ldende lovbestemmelser. Hvis du ikke er enig i disse betingelser, bedes du afst\u00e5 fra at bruge vores hjemmeside.<\/p>\n\n\n\n<h2 class=\"wp-block-heading\">Registrering og kontoadministration<\/h2>\n\n\n\n<p>Brugere har mulighed for at oprette en brugerkonto hos novavape. Du er fuldt ud ansvarlig for alle transaktioner, der udf\u00f8res via din konto. Dette omfatter sikker opbevaring af dine adgangsdata og alle handlinger, der udf\u00f8res via din konto.<\/p>\n\n\n\n<h2 class=\"wp-block-heading\">Oprettelse og upload af indhold<\/h2>\n\n\n\n<p>Brugere kan oprette og\/eller offentligg\u00f8re deres eget indhold p\u00e5 vores platform (f.eks. tekster eller billeder). Du garanterer hermed, at alt indhold uploadet af dig ikke kr\u00e6nker tredjeparts rettigheder, is\u00e6r ophavsret eller andre intellektuelle ejendomsrettigheder.<\/p>\n\n\n\n<h2 class=\"wp-block-heading\">K\u00f8b af produkter<\/h2>\n\n\n\n<p>Brugere kan k\u00f8be varer, artikler eller tjenester via vores hjemmeside (engangsbetaling). Vi kan ogs\u00e5 tilbyde uforpligtende pr\u00f8veversioner.<\/p>\n\n\n\n<h2 class=\"wp-block-heading\">Ejendomsret og intellektuel ejendomsret<\/h2>\n\n\n\n<p>Alt indhold p\u00e5 vores hjemmeside (herunder logoer, grafisk design, m\u00e6rkenavne osv.) tilh\u00f8rer novavape. Brug, reproduktion eller distribution af dette indhold er forbudt uden udtrykkelig tilladelse.<\/p>\n\n\n\n<h2 class=\"wp-block-heading\">Feedback fra brugerne<\/h2>\n\n\n\n<p>Feedback og forslag fra brugere kan bruges af os uden kompensation. Vi forbeholder os ret til at implementere eventuelle forslag eller feedback efter eget sk\u00f8n.<\/p>\n\n\n\n<h2 class=\"wp-block-heading\">Marketingkampagner, konkurrencer og lodtr\u00e6kninger<\/h2>\n\n\n\n<p>Vi tilbyder lejlighedsvis kampagner, konkurrencer eller lodtr\u00e6kninger. De specifikke betingelser for deltagelse er beskrevet p\u00e5 de relevante kampagnesider.<\/p>\n\n\n\n<h2 class=\"wp-block-heading\">Juridisk grundlag<\/h2>\n\n\n\n<p>Brugen af dette websted er underlagt lovgivningen i Hongkong uden hensyntagen til dens lovkonfliktbestemmelser. Alle juridiske tvister i forbindelse med dette websted skal indbringes for de kompetente domstole i Hongkong. Ethvert krav vedr\u00f8rende denne platform skal indbringes inden for tolv m\u00e5neder efter, at det er opst\u00e5et. Hvis novavape undlader at h\u00e5ndh\u00e6ve enkelte bestemmelser, udg\u00f8r det ikke et afkald p\u00e5 rettigheder. novavape er bemyndiget til at overf\u00f8re rettigheder og forpligtelser i henhold til denne aftale uden forudg\u00e5ende varsel.<\/p>\n\n\n\n<h2 class=\"wp-block-heading\">Fritagelse for ansvarskrav<\/h2>\n\n\n\n<p>Du accepterer at holde novavape og dets tjenesteudbydere skadesl\u00f8se for alle tab, udgifter, skader og omkostninger, der opst\u00e5r som f\u00f8lge af brud p\u00e5 disse vilk\u00e5r og betingelser eller som f\u00f8lge af aktiviteter i forbindelse med din brugerkonto.<\/p>\n\n\n\n<h2 class=\"wp-block-heading\">Links til eksterne sider<\/h2>\n\n\n\n<p>novavape kan levere links til tredjepartswebsteder for at give brugerne adgang til yderligere oplysninger. Vi har ingen kontrol over disse eksterne platforme og p\u00e5tager os intet ansvar for deres indhold eller adf\u00e6rd.<\/p>\n\n\n\n<h2 class=\"wp-block-heading\">Opsigelse af brug<\/h2>\n\n\n\n<p>Denne aftale er gyldig fra det tidspunkt, hvor du f\u00e5r adgang til webstedet eller gennemf\u00f8rer registrerings- eller k\u00f8bsprocessen. novavape forbeholder sig ret til at annullere disse vilk\u00e5r og betingelser eller dele heraf til enhver tid og uden at angive \u00e5rsager og uden forudg\u00e5ende varsel. Visse bestemmelser (herunder ophavsret, varem\u00e6rkerettigheder, ansvarsbegr\u00e6nsninger, erstatningsbestemmelser og andre klausuler) forbliver i kraft, selv efter opsigelse.<\/p>\n\n\n\n<h2 class=\"wp-block-heading\">Overholdelse af EU's og USA's regler<\/h2>\n\n\n\n<p>Bekr\u00e6ft venligst, at du ikke befinder dig i et land, der er underlagt en EU- eller amerikansk regeringsembargo, og at du ikke er p\u00e5 en amerikansk regeringsliste over begr\u00e6nsede varer. Vi p\u00e5tager os ikke noget ansvar for disse restriktioner efter afsendelse.<\/p>\n\n\n\n<h2 class=\"wp-block-heading\">Ansvarsfraskrivelse for garanti<\/h2>\n\n\n\n<p>Vores hjemmeside og de materialer og produkter, der stilles til r\u00e5dighed, leveres uden nogen form for garanti, hverken udtrykkelig eller underforst\u00e5et. novavape giver ingen garantier, herunder, men ikke begr\u00e6nset til, garantier for salgbarhed, egnethed til et bestemt form\u00e5l eller ikke-kr\u00e6nkelse. novavape garanterer ikke, at driften af hjemmesiden vil v\u00e6re uafbrudt eller fejlfri, at fejl vil blive rettet, eller at platformen er fri for skadelige komponenter. Vi p\u00e5tager os intet ansvar for n\u00f8jagtigheden, aktualiteten eller p\u00e5lideligheden af de oplysninger, der gives p\u00e5 hjemmesiden.<\/p>\n\n\n\n<h2 class=\"wp-block-heading\">Overs\u00e6ttelse og juridisk tolkning<\/h2>\n\n\n\n<p>Disse vilk\u00e5r og betingelser kan v\u00e6re oversat til forskellige sprog. I tilf\u00e6lde af uoverensstemmelser er den originale engelske version bindende.<\/p>\n\n\n\n<h2 class=\"wp-block-heading\">Justering af betingelserne<\/h2>\n\n\n\n<p>Vi forbeholder os ret til at \u00e6ndre disse vilk\u00e5r for brug til enhver tid. Opdateringer vil blive offentliggjort p\u00e5 denne side og vil g\u00e6lde fra datoen for offentligg\u00f8relsen. Vi anbefaler, at du bes\u00f8ger denne side regelm\u00e6ssigt for at holde dig orienteret om de aktuelle vilk\u00e5r for brug.<\/p>\n\n\n\n<h2 class=\"wp-block-heading\">Aldersgr\u00e6nse for k\u00f8b af e-cigaretter<\/h2>\n\n\n\n<p>K\u00f8b eller forbrug af e-cigaretter er strengt forbudt for personer under 21 \u00e5r. For at beskytte de unges sundhed foretager vi en streng aldersverifikation for at sikre, at e-cigaretter kun kan k\u00f8bes af myndige personer.<\/p>","protected":false},"excerpt":{"rendered":"<p>Vilk\u00e5r for brug Velkommen til novavape! L\u00e6s venligst f\u00f8lgende brugsbetingelser omhyggeligt, f\u00f8r du bruger vores hjemmeside (novavape.de). Med<\/p>","protected":false},"author":1,"featured_media":0,"parent":0,"menu_order":0,"comment_status":"closed","ping_status":"closed","template":"","meta":{"footnotes":""},"class_list":["post-1652","page","type-page","status-publish","hentry"],"_links":{"self":[{"href":"https:\/\/novavape.de\/da\/wp-json\/wp\/v2\/pages\/1652","targetHints":{"allow":["GET"]}}],"collection":[{"href":"https:\/\/novavape.de\/da\/wp-json\/wp\/v2\/pages"}],"about":[{"href":"https:\/\/novavape.de\/da\/wp-json\/wp\/v2\/types\/page"}],"author":[{"embeddable":true,"href":"https:\/\/novavape.de\/da\/wp-json\/wp\/v2\/users\/1"}],"replies":[{"embeddable":true,"href":"https:\/\/novavape.de\/da\/wp-json\/wp\/v2\/comments?post=1652"}],"version-history":[{"count":0,"href":"https:\/\/novavape.de\/da\/wp-json\/wp\/v2\/pages\/1652\/revisions"}],"wp:attachment":[{"href":"https:\/\/novavape.de\/da\/wp-json\/wp\/v2\/media?parent=1652"}],"curies":[{"name":"wp","href":"https:\/\/api.w.org\/{rel}","templated":true}]}}