{"id":1639,"date":"2025-11-18T04:37:46","date_gmt":"2025-11-18T03:37:46","guid":{"rendered":"https:\/\/novavape.de\/?page_id=1639"},"modified":"2025-11-18T04:37:50","modified_gmt":"2025-11-18T03:37:50","slug":"ueber-uns","status":"publish","type":"page","link":"https:\/\/novavape.de\/da\/ueber-uns\/","title":{"rendered":"om os"},"content":{"rendered":"<h1 class=\"wp-block-heading\">Om os<\/h1>\n\n\n\n<p>Velkommen til novavape - din p\u00e5lidelige partner for f\u00f8rsteklasses engangs-dampere. Som brand st\u00e5r vi for f\u00f8rsteklasses kvalitet, innovativ udvikling og en enest\u00e5ende dampoplevelse. Hos novavape str\u00e6ber vi efter at kombinere intens smag med avanceret teknologi og h\u00e5ndv\u00e6rk af h\u00f8j kvalitet.<\/p>\n\n\n\n<h2 class=\"wp-block-heading\">Vores produktportef\u00f8lje<\/h2>\n\n\n\n<p>Vores sortiment omfatter en r\u00e6kke popul\u00e6re e-cigaretm\u00e6rker, herunder<\/p>\n\n\n\n<ul class=\"wp-block-list\">\n<li>Fumot Vape<\/li>\n\n\n\n<li>JNR Vape<\/li>\n\n\n\n<li>BANG Vape<\/li>\n\n\n\n<li>Vapme Vape<\/li>\n\n\n\n<li>Elf Box Vape<\/li>\n\n\n\n<li>Uzy Vape<\/li>\n\n\n\n<li>Fizzy Vape<\/li>\n\n\n\n<li>Waspe Vape<\/li>\n\n\n\n<li>Vozol Vape<\/li>\n<\/ul>\n\n\n\n<p>Du f\u00e5r fordel af attraktive engrosbetingelser, der helt sikkert vil imponere. Alle varer i vores butik er autentiske originalprodukter, hvilket garanterer dig de h\u00f8jeste kvalitetsstandarder og en ubekymret shoppingoplevelse. Uanset om du er detailhandler eller grossist - novavape er den rigtige partner ved din side.<\/p>\n\n\n\n<h2 class=\"wp-block-heading\">Vores filosofi<\/h2>\n\n\n\n<p>N\u00f8glen til vores succes ligger i vores omfattende forst\u00e5else af kundernes behov og vores kontinuerlige vilje til at innovere. Vores udviklingsteams er dedikeret til at skabe produkter, der opfylder de strengeste sikkerheds- og kvalitetskrav. Feedback fra vores kunder er meget vigtig for os - det g\u00f8r det muligt for os konstant at optimere vores produkter og holde trit med de dynamiske markedskrav.<\/p>\n\n\n\n<h2 class=\"wp-block-heading\">Mere end bare en vape<\/h2>\n\n\n\n<p>novavape er meget mere end bare endnu et dampapparat - vi skaber en holistisk dampoplevelse. Vores udvalg af engangs e-cigaretter er omhyggeligt designet til at give dig en karakteristisk smagsoplevelse. Fra forfriskende frugtsmag til klassiske tobaksnuancer og kreative smagssammens\u00e6tninger - hos novavape finder du den ideelle damp, der ikke bare opfylder dine krav, men overg\u00e5r dem.<\/p>\n\n\n\n<h2 class=\"wp-block-heading\">Kvalitet og b\u00e6redygtighed<\/h2>\n\n\n\n<p>Vores kvalitetsl\u00f8fte manifesterer sig i vores moderne produktionsanl\u00e6g, hvor hvert eneste novavape-produkt fremstilles med den st\u00f8rste pr\u00e6cision og opm\u00e6rksomhed. B\u00e6redygtighed og \u00f8kologisk bevidsthed er ikke bare tomme ord for os - det er derfor, vi udvikler vores engangsdampe p\u00e5 en milj\u00f8venlig m\u00e5de og i overensstemmelse med g\u00e6ldende milj\u00f8m\u00e6ssige retningslinjer.<\/p>\n\n\n\n<h2 class=\"wp-block-heading\">Tak for din tillid<\/h2>\n\n\n\n<p>Vi er glade for, at du har valgt novavape, og vi ser frem til at f\u00f8lge dig p\u00e5 din rejse gennem vapingens verden. Fordyb dig i novavape-universet - hvor f\u00f8rsteklasses kvalitet, banebrydende innovation og ekstraordin\u00e6re smagsoplevelser m\u00f8des.<\/p>\n\n\n\n<hr class=\"wp-block-separator has-alpha-channel-opacity\"\/>\n\n\n\n<p><strong>Dit novavape-team<\/strong><\/p>\n\n\n\n<p><strong>Kontakt:<\/strong> erol.esila.emir@gmail.com<\/p>","protected":false},"excerpt":{"rendered":"<p>Om os Velkommen til novavape - din p\u00e5lidelige partner for f\u00f8rsteklasses engangs-dampere. Som brand st\u00e5r vi for f\u00f8rsteklasses kvalitet, innovative<\/p>","protected":false},"author":1,"featured_media":0,"parent":0,"menu_order":0,"comment_status":"closed","ping_status":"closed","template":"","meta":{"footnotes":""},"class_list":["post-1639","page","type-page","status-publish","hentry"],"_links":{"self":[{"href":"https:\/\/novavape.de\/da\/wp-json\/wp\/v2\/pages\/1639","targetHints":{"allow":["GET"]}}],"collection":[{"href":"https:\/\/novavape.de\/da\/wp-json\/wp\/v2\/pages"}],"about":[{"href":"https:\/\/novavape.de\/da\/wp-json\/wp\/v2\/types\/page"}],"author":[{"embeddable":true,"href":"https:\/\/novavape.de\/da\/wp-json\/wp\/v2\/users\/1"}],"replies":[{"embeddable":true,"href":"https:\/\/novavape.de\/da\/wp-json\/wp\/v2\/comments?post=1639"}],"version-history":[{"count":0,"href":"https:\/\/novavape.de\/da\/wp-json\/wp\/v2\/pages\/1639\/revisions"}],"wp:attachment":[{"href":"https:\/\/novavape.de\/da\/wp-json\/wp\/v2\/media?parent=1639"}],"curies":[{"name":"wp","href":"https:\/\/api.w.org\/{rel}","templated":true}]}}